{"id":1005,"date":"2015-05-27T06:43:12","date_gmt":"2015-05-27T04:43:12","guid":{"rendered":"http:\/\/www.emslandkicker.de\/?page_id=1005"},"modified":"2015-05-27T06:43:12","modified_gmt":"2015-05-27T04:43:12","slug":"kreisliga-relegation","status":"publish","type":"page","link":"http:\/\/www.emslandkicker.de\/?page_id=1005","title":{"rendered":"Kreisliga Relegation"},"content":{"rendered":"<div class=\"pdfprnt-buttons pdfprnt-buttons-page pdfprnt-top-right\"><a href=\"http:\/\/www.emslandkicker.de\/index.php?rest_route=%2Fwp%2Fv2%2Fpages%2F1005&print=pdf\" class=\"pdfprnt-button pdfprnt-button-pdf\" target=\"_blank\"><img decoding=\"async\" src=\"https:\/\/i0.wp.com\/www.emslandkicker.de\/wp-content\/plugins\/pdf-print\/images\/pdf.png?w=610\" alt=\"image_pdf\" title=\"View PDF\" data-recalc-dims=\"1\" \/><\/a><a href=\"http:\/\/www.emslandkicker.de\/index.php?rest_route=%2Fwp%2Fv2%2Fpages%2F1005&print=print\" class=\"pdfprnt-button pdfprnt-button-print\" target=\"_blank\"><img decoding=\"async\" src=\"https:\/\/i0.wp.com\/www.emslandkicker.de\/wp-content\/plugins\/pdf-print\/images\/print.png?w=610\" alt=\"image_print\" title=\"Print Content\" data-recalc-dims=\"1\" \/><\/a><\/div><div class=\"wpcmsdev-tabs\">\n<div class=\"tab\">\n<h3 class=\"tab-title\" data-tab-id=\"kl-relegation\">KL-Relegation<\/h3>\n<div id=\"tab-kl-relegation\" class=\"tab-content\">\n<p>\n<strong>Stand der Relegation 28. Spieltag<\/strong><br \/>\nNur im S\u00fcden steht mit dem SC Baccum der erste Teilnehmer der Relegation fest.<\/p>\n<p><iframe loading=\"lazy\" src=\"http:\/\/www.emslandkicker.de\/lmo4\/lmo.php?file=kl-relegation2015.l98\" width=\"100%\" height=\"500\" frameborder=\"0\" marginwidth=\"0\" marginheight=\"0\" scrolling=\"no\"><\/iframe><\/p>\n<\/div>\n<\/div>\n<div class=\"tab\">\n<h3 class=\"tab-title\" data-tab-id=\"vorschau-rel\">Vorschau-Rel.<\/h3>\n<div id=\"tab-vorschau-rel\" class=\"tab-content\">\n<p><iframe loading=\"lazy\" src=\"http:\/\/www.emslandkicker.de\/lmo4\/addon\/viewer\/viewer.php?multi=kl-rel15&amp;template=standard2.tpl.php\" width=\"100%\" height=\"680\" frameborder=\"0\" marginwidth=\"0\" marginheight=\"0\" scrolling=\"no\"><\/iframe><\/p>\n<\/div>\n<\/div>\n<div class=\"tab\">\n<h3 class=\"tab-title\" data-tab-id=\"rel-karte\">Rel.-Karte<\/h3>\n<div id=\"tab-rel-karte\" class=\"tab-content\">\n<p>[mapsmarker layer=&#8221;7&#8243;]<\/p>\n<\/div>\n<\/div>\n<\/div>\n<div class=\"sharedaddy sd-sharing-enabled\"><div class=\"robots-nocontent sd-block sd-social sd-social-official sd-sharing\"><h3 class=\"sd-title\">Teilen mit:<\/h3><div class=\"sd-content\"><ul><li class=\"share-facebook\"><div class=\"fb-share-button\" data-href=\"http:\/\/www.emslandkicker.de\/?page_id=1005\" data-layout=\"button_count\"><\/div><\/li><li class=\"share-twitter\"><a href=\"https:\/\/twitter.com\/share\" class=\"twitter-share-button\" data-url=\"http:\/\/www.emslandkicker.de\/?page_id=1005\" data-text=\"Kreisliga Relegation\" data-via=\"Emslandkicker\" >Tweet<\/a><\/li><li class=\"share-email\"><a rel=\"nofollow noopener noreferrer\" data-shared=\"\" class=\"share-email sd-button\" href=\"mailto:?subject=%5BGeteilter%20Beitrag%5D%20Kreisliga%20Relegation&body=http%3A%2F%2Fwww.emslandkicker.de%2F%3Fpage_id%3D1005&share=email\" target=\"_blank\" title=\"Click to email a link to a friend\" data-email-share-error-title=\"Do you have email set up?\" data-email-share-error-text=\"If you&#039;re having problems sharing via email, you might not have email set up for your browser. You may need to create a new email yourself.\" data-email-share-nonce=\"77dee704d1\" data-email-share-track-url=\"http:\/\/www.emslandkicker.de\/?page_id=1005&amp;share=email\"><span>E-Mail<\/span><\/a><\/li><li class=\"share-print\"><a rel=\"nofollow noopener noreferrer\" data-shared=\"\" class=\"share-print sd-button\" href=\"http:\/\/www.emslandkicker.de\/?page_id=1005\" target=\"_blank\" title=\"Klicken zum Ausdrucken\" ><span>Drucken<\/span><\/a><\/li><li class=\"share-end\"><\/li><\/ul><\/div><\/div><\/div>","protected":false},"excerpt":{"rendered":"<div class=\"sharedaddy sd-sharing-enabled\"><div class=\"robots-nocontent sd-block sd-social sd-social-official sd-sharing\"><h3 class=\"sd-title\">Teilen mit:<\/h3><div class=\"sd-content\"><ul><li class=\"share-facebook\"><div class=\"fb-share-button\" data-href=\"http:\/\/www.emslandkicker.de\/?page_id=1005\" data-layout=\"button_count\"><\/div><\/li><li class=\"share-twitter\"><a href=\"https:\/\/twitter.com\/share\" class=\"twitter-share-button\" data-url=\"http:\/\/www.emslandkicker.de\/?page_id=1005\" data-text=\"Kreisliga Relegation\" data-via=\"Emslandkicker\" >Tweet<\/a><\/li><li class=\"share-email\"><a rel=\"nofollow noopener noreferrer\" data-shared=\"\" class=\"share-email sd-button\" href=\"mailto:?subject=%5BGeteilter%20Beitrag%5D%20Kreisliga%20Relegation&body=http%3A%2F%2Fwww.emslandkicker.de%2F%3Fpage_id%3D1005&share=email\" target=\"_blank\" title=\"Click to email a link to a friend\" data-email-share-error-title=\"Do you have email set up?\" data-email-share-error-text=\"If you&#039;re having problems sharing via email, you might not have email set up for your browser. You may need to create a new email yourself.\" data-email-share-nonce=\"77dee704d1\" data-email-share-track-url=\"http:\/\/www.emslandkicker.de\/?page_id=1005&amp;share=email\"><span>E-Mail<\/span><\/a><\/li><li class=\"share-print\"><a rel=\"nofollow noopener noreferrer\" data-shared=\"\" class=\"share-print sd-button\" href=\"http:\/\/www.emslandkicker.de\/?page_id=1005\" target=\"_blank\" title=\"Klicken zum Ausdrucken\" ><span>Drucken<\/span><\/a><\/li><li class=\"share-end\"><\/li><\/ul><\/div><\/div><\/div>","protected":false},"author":1,"featured_media":328,"parent":170,"menu_order":4,"comment_status":"open","ping_status":"open","template":"","meta":{"footnotes":""},"class_list":["post-1005","page","type-page","status-publish","has-post-thumbnail","hentry"],"jetpack_sharing_enabled":true,"jetpack_shortlink":"https:\/\/wp.me\/P5etIj-gd","jetpack-related-posts":[{"id":1624,"url":"http:\/\/www.emslandkicker.de\/?page_id=1624","url_meta":{"origin":1005,"position":0},"title":"Relegation 2017","date":"18. Januar 2017","format":false,"excerpt":"","rel":"","context":"Similar post","img":{"alt_text":"","src":"","width":0,"height":0},"classes":[]},{"id":1014,"url":"http:\/\/www.emslandkicker.de\/?page_id=1014","url_meta":{"origin":1005,"position":1},"title":"Relegation 2015","date":"28. Mai 2015","format":false,"excerpt":"","rel":"","context":"Similar post","img":{"alt_text":"","src":"","width":0,"height":0},"classes":[]},{"id":1491,"url":"http:\/\/www.emslandkicker.de\/?page_id=1491","url_meta":{"origin":1005,"position":2},"title":"Relegation 2016","date":"16. Mai 2016","format":false,"excerpt":"","rel":"","context":"Similar post","img":{"alt_text":"","src":"","width":0,"height":0},"classes":[]},{"id":1505,"url":"http:\/\/www.emslandkicker.de\/?page_id=1505","url_meta":{"origin":1005,"position":3},"title":"Vorschau Ligen 2017-18","date":"22. Mai 2016","format":false,"excerpt":"Stand: 01.06.2017","rel":"","context":"Similar post","img":{"alt_text":"","src":"","width":0,"height":0},"classes":[]},{"id":1023,"url":"http:\/\/www.emslandkicker.de\/?page_id=1023","url_meta":{"origin":1005,"position":4},"title":"Vorschau Ligen 2015-16","date":"1. Juni 2015","format":false,"excerpt":"Stand: 13.06.2015","rel":"","context":"Similar post","img":{"alt_text":"","src":"","width":0,"height":0},"classes":[]},{"id":614,"url":"http:\/\/www.emslandkicker.de\/?page_id=614","url_meta":{"origin":1005,"position":5},"title":"Meister Bezirksklasse seit 1949-50","date":"13. November 2014","format":false,"excerpt":"Saison Bezirksklasse EL Tab. 1949-50 Hasel\u00fcnner SV 1950-51 TuS Lingen 1951-52 SV Dalum 1952-53 Hasel\u00fcnner SV 1953-54 TuS Lingen 1954-55 Union Meppen 1955-56 1956-57 SV Meppen 1957-58 1958-59 1959-60 Conc. Emsb\u00fcrren 1960-61 1961-62 Alem. Salzbergen 1962-63 Eintr. Nordhorn 2 1963-64 Amisia Papenburg 1964-65 SF Schwefingen 1965-66 Union Meppen 1966-67 Sparta\u2026","rel":"","context":"Similar post","img":{"alt_text":"","src":"","width":0,"height":0},"classes":[]}],"jetpack_likes_enabled":true,"_links":{"self":[{"href":"http:\/\/www.emslandkicker.de\/index.php?rest_route=\/wp\/v2\/pages\/1005","targetHints":{"allow":["GET"]}}],"collection":[{"href":"http:\/\/www.emslandkicker.de\/index.php?rest_route=\/wp\/v2\/pages"}],"about":[{"href":"http:\/\/www.emslandkicker.de\/index.php?rest_route=\/wp\/v2\/types\/page"}],"author":[{"embeddable":true,"href":"http:\/\/www.emslandkicker.de\/index.php?rest_route=\/wp\/v2\/users\/1"}],"replies":[{"embeddable":true,"href":"http:\/\/www.emslandkicker.de\/index.php?rest_route=%2Fwp%2Fv2%2Fcomments&post=1005"}],"version-history":[{"count":0,"href":"http:\/\/www.emslandkicker.de\/index.php?rest_route=\/wp\/v2\/pages\/1005\/revisions"}],"up":[{"embeddable":true,"href":"http:\/\/www.emslandkicker.de\/index.php?rest_route=\/wp\/v2\/pages\/170"}],"wp:featuredmedia":[{"embeddable":true,"href":"http:\/\/www.emslandkicker.de\/index.php?rest_route=\/wp\/v2\/media\/328"}],"wp:attachment":[{"href":"http:\/\/www.emslandkicker.de\/index.php?rest_route=%2Fwp%2Fv2%2Fmedia&parent=1005"}],"curies":[{"name":"wp","href":"https:\/\/api.w.org\/{rel}","templated":true}]}}