{"id":1165,"date":"2015-08-11T14:06:33","date_gmt":"2015-08-11T12:06:33","guid":{"rendered":"http:\/\/www.emslandkicker.de\/?page_id=1165"},"modified":"2015-09-12T11:41:19","modified_gmt":"2015-09-12T09:41:19","slug":"sv-holthausen-biene","status":"publish","type":"page","link":"http:\/\/www.emslandkicker.de\/?page_id=1165","title":{"rendered":"SV Holthausen-Biene"},"content":{"rendered":"<div class=\"pdfprnt-buttons pdfprnt-buttons-page pdfprnt-top-right\"><a href=\"http:\/\/www.emslandkicker.de\/index.php?rest_route=%2Fwp%2Fv2%2Fpages%2F1165&print=pdf\" class=\"pdfprnt-button pdfprnt-button-pdf\" target=\"_blank\"><img decoding=\"async\" src=\"https:\/\/i0.wp.com\/www.emslandkicker.de\/wp-content\/plugins\/pdf-print\/images\/pdf.png?w=610\" alt=\"image_pdf\" title=\"View PDF\" data-recalc-dims=\"1\" \/><\/a><a href=\"http:\/\/www.emslandkicker.de\/index.php?rest_route=%2Fwp%2Fv2%2Fpages%2F1165&print=print\" class=\"pdfprnt-button pdfprnt-button-print\" target=\"_blank\"><img decoding=\"async\" src=\"https:\/\/i0.wp.com\/www.emslandkicker.de\/wp-content\/plugins\/pdf-print\/images\/print.png?w=610\" alt=\"image_print\" title=\"Print Content\" data-recalc-dims=\"1\" \/><\/a><\/div><div class=\"wpcmsdev-tabs\">\n<div class=\"tab\">\n<h3 class=\"tab-title\" data-tab-id=\"biene\">Biene<\/h3>\n<div id=\"tab-biene\" class=\"tab-content\">\n<h4>Auf der Suche nach Kontinuit\u00e4t<\/h4>\n<p>Wieder viele neue Gesichter bei Landesligisten SV Holthausen-Biene<\/p>\n<p>BIENE. Lange zittern musste der SV Holthausen-Biene in der vergangen Saison, in der der Klassenerhalt erst dank eines starken Endspurts perfekt gemacht wurde. Weniger nervenaufreibend soll es am Biener Busch nun in dieser Spielzeit. zugehen. Wieder einmal hat sich bei den Bienern einiges getan.<\/p>\n<p>Uli Manemann hat Andreas Helmer als Trainer abgel\u00f6st und ist damit der vierte Coach in vier Jahren am Biener Busch.<\/p>\n<p>Auch der Kader hat ein anderes Gesicht bekommen. Dabei setzen die Biener auf eine Mischung aus routinierten Spielern mit zum Teil h\u00f6herklassiger Erfahrung und jungen Spielern, die in der Kreis- und Bezirksliga auf sich aufmerksam gemacht haben und nun ihre Feuertaufe in der Landesliga bestehen wollen. Zu den &#8220;jungen Wilden&#8221; geh\u00f6ren die Sturmtalente Felix Schulten und Simon Sch\u00e4fer, Verteidiger Rene Hillebrand und Mittelfeldspieler Amin Rahmani. Im Gegensatz zum vergangenen Jahr stehen nun mit Keeper Florian Hillebrand und den R\u00fcckkehrern Frank Gerdelmann, Sven Foppe und Robin Loepke einige Routiniers im Kader, die die junge Mannschaft f\u00fchren sollen.<\/p>\n<p>Allerdings haben auch einige starke Spieler den Verein verlassen. Am schwersten wiegen wohl die Abg\u00e4nge von Mittelfeldspieler Philipp Elfert und Torj\u00e4ger Jan-Hubert Elpermann. Auch Kersten Kuhl, Bernd Kr\u00fcssel, Tim Natusch und Alexander Quaing geh\u00f6rten in der abgelaufenen Saison zum Stammpersonal. Bereits im Fr\u00fchjahr hatten die Biener zudem den Vertrag mit dem Langzeitverletzten Simon T\u00f6bben aufgel\u00f6st.<\/p>\n<p>In der Saisonvorbereitung pr\u00e4sentierte sich das Team mit Licht und Schatten. So zeigten die Biener beispielsweise beim 8:0 gegen die SG Freren eine gute Leistung. Weniger zufrieden war Manemann mit dem Auftritt gegen den FC Leschede (2:3) und dem m\u00fchsamen 2:0-Sieg \u00fcber den FC Wesuwe aus der 1. Kreisklasse Mitte im Bezirkspokal. &#8220;Wir haben noch zwei Gesichter&#8221;, sagt Manemann, der noch nicht genau wei\u00df, wo seine Mannschaft leistungsm\u00e4\u00dfig steht. &#8220;Wir sind besser als die Bezirksliga. Aber ich wei\u00df nicht, wie stark die Landesliga ist.&#8221;<\/p>\n<p>Quelle: Verlagsbeilage der NOZ &#8211; Vor dem Anpfiff im Emsland<\/p>\n<\/div>\n<\/div>\n<div class=\"tab\">\n<h3 class=\"tab-title\" data-tab-id=\"kader\">Kader<\/h3>\n<div id=\"tab-kader\" class=\"tab-content\">\n<p><strong>SV Holthausen-Biene<\/strong><\/p>\n<p><strong>Abg\u00e4nge:<\/strong><br \/>\nBernd Kr\u00fcsseI, Kersten Kuhl (beide SV Meppen II), Tim Natusch (FC Schapen), Jan-Hubert Elpermann (Preu\u00dfen M\u00fcnster II), Philipp Elfert (SC Spelle-Venhaus), Sascha Bruns (Eintracht Emmeln), Lukas Forsting (FC<br \/>\nSch\u00fcttorf), Simon T\u00f6bben (Oly. Laxten), Alexander Quaing (FC Leschede).<\/p>\n<p><strong>Zug\u00e4nge:<\/strong><br \/>\nRene Hillebrand, Florian Hillebrnd Robin Loepke (alle Hasel\u00fcnner SV) Dennis Kotte, Jannis Bolk (beide eigene Jugend), Sven Foppe (Union Lohne) Felix Schulten (SV Bawinkel), Simon Sch\u00e4fer(SV Lengerich-Handrup), Armin Rahmani (SF Schwefingen), Frank Gerdelmann (TuS Lingen), Lars Wentker (SC Spelle-Venhaus U19)<\/p>\n<p><strong>Tor: <\/strong><br \/>\nFlorian Hillebrand (27), Dennis Kotte (18), Lars Wentker (19).<\/p>\n<p><strong>Abwehr:<\/strong><br \/>\nDaniel Thole (25), Thomas Kildau (21), Hendrik Eling (24), Patrick Goertz<br \/>\n(22), Rene Hillebrand (18). Frank Gerdelmann (29).<\/p>\n<p><strong>Mittelfeld:<\/strong><br \/>\nSven Foppe (28), Amin Rahmani (19), Hussein El-Khalil (25), Abudi EI-Khalil (23), Marcel Molendyk (19), Andr\u00e9 Hilling (26), Jannis Bolk (19), Mike Hinken (24). Robin Loepke (25).<\/p>\n<p><strong>Angriff: <\/strong><br \/>\nDeniz K\u00fcc\u00fcktas (22), Felix Schulten (20), Simon Sch\u00e4fer (23).<\/p>\n<p><strong>Trainer: <\/strong><br \/>\nUIi Manemann (32) seit 2015, B-Lizenz<\/p>\n<p><strong>Torwart-Trainer:<\/strong><br \/>\nLudger Schliem.<\/p>\n<p><strong>Sportlicher Leiter:<\/strong><br \/>\nChristian Bruns.<\/p>\n<p><strong>Betreuer:<\/strong><br \/>\nElfriede Boomhoff, Bernd Boomhoff, Thomas Reichel.<\/p>\n<p><strong>Fu\u00dfball-Obmann:<\/strong><br \/>\nFlorian Niemeyer<\/p>\n<\/div>\n<\/div>\n<div class=\"tab\">\n<h3 class=\"tab-title\" data-tab-id=\"anfahrt\">Anfahrt<\/h3>\n<div id=\"tab-anfahrt\" class=\"tab-content\">\n<p>[mapsmarker marker=&#8221;41&#8243;]<\/p>\n<\/div>\n<\/div>\n<div class=\"tab\">\n<h3 class=\"tab-title\" data-tab-id=\"tabelle\">Tabelle<\/h3>\n<div id=\"tab-tabelle\" class=\"tab-content\">\n<style type=\"text\/css\">\r\n       .errordiv { padding:10px; margin:10px; border: 1px solid #555555;color: #000000;background-color: #f8f8f8; width:500px; }#advanced_iframe {visibility:visible;opacity:1;vertical-align:top;}.ai-info-bottom-iframe { position: fixed; z-index: 10000; bottom:0; left: 0; margin: 0px; text-align: center; width: 100%; background-color: #ff9999; padding-left: 5px;padding-bottom: 5px; border-top: 1px solid #aaa } a.ai-bold {font-weight: bold;}#ai-layer-div-advanced_iframe p {height:100%;margin:0;padding:0}\r\n  .ai-fullscreen {\r\n    position:fixed;\r\n\tz-index:9000 !important;\r\n\ttop:0px !important;\r\n\tleft:0px !important;\r\n\tmargin:0px !important;\r\n\twidth:100% !important;\r\n\theight:100% !important;\r\n  }<\/style><script type=\"text\/javascript\">var ai_iframe_width_advanced_iframe = 0;var ai_iframe_height_advanced_iframe = 0;var aiIsIe8=false;var aiOnloadScrollTop=\"true\";var aiShowDebug=false;\r\n\t\tif (typeof aiReadyCallbacks === 'undefined') {\r\n\t\t\tvar aiReadyCallbacks = [];  \r\n\t\t} else if (!(aiReadyCallbacks instanceof Array)) {\r\n\t\t\tvar aiReadyCallbacks = [];\r\n\t\t}    function aiShowIframeId(id_iframe) { jQuery(\"#\"+id_iframe).css(\"visibility\", \"visible\");    }    function aiResizeIframeHeight(height) { aiResizeIframeHeight(height,advanced_iframe); }    function aiResizeIframeHeightId(height,width,id) {aiResizeIframeHeightById(id,height);}<\/script><iframe id=\"advanced_iframe\"  name=\"advanced_iframe\"  src=\"http:\/\/www.emslandkicker.de\/lmo4\/lmo.php?file=ll15-16.l98\"  width=\"100%\"  height=\"600\"  scrolling=\"auto\"  frameborder=\"0\"  allowtransparency=\"true\"  loading=\"lazy\"  style=\";width:100%;height:600px;\"  allowfullscreen  onload=';aiResizeIframe(this, &quot;false&quot;,&quot;1&quot;);' ><\/iframe><script type=\"text\/javascript\">var ifrm_advanced_iframe = document.getElementById(\"advanced_iframe\");var hiddenTabsDoneadvanced_iframe = false;\r\nfunction resizeCallbackadvanced_iframe() {}<\/script><script type=\"text\/javascript\"><\/script>\n<\/div>\n<\/div>\n<div class=\"tab\">\n<h3 class=\"tab-title\" data-tab-id=\"spielplan\">Spielplan<\/h3>\n<div id=\"tab-spielplan\" class=\"tab-content\">\n<style type=\"text\/css\">\r\n       .errordiv { padding:10px; margin:10px; border: 1px solid #555555;color: #000000;background-color: #f8f8f8; width:500px; }#advanced_iframe_2 {visibility:visible;opacity:1;vertical-align:top;}.ai-info-bottom-iframe { position: fixed; z-index: 10000; bottom:0; left: 0; margin: 0px; text-align: center; width: 100%; background-color: #ff9999; padding-left: 5px;padding-bottom: 5px; border-top: 1px solid #aaa } a.ai-bold {font-weight: bold;}#ai-layer-div-advanced_iframe_2 p {height:100%;margin:0;padding:0}\r\n  .ai-fullscreen {\r\n    position:fixed;\r\n\tz-index:9000 !important;\r\n\ttop:0px !important;\r\n\tleft:0px !important;\r\n\tmargin:0px !important;\r\n\twidth:100% !important;\r\n\theight:100% !important;\r\n  }<\/style><script type=\"text\/javascript\">var ai_iframe_width_advanced_iframe_2 = 0;var ai_iframe_height_advanced_iframe_2 = 0;var aiIsIe8=false;var aiOnloadScrollTop=\"true\";var aiShowDebug=false;\r\n\t\tif (typeof aiReadyCallbacks === 'undefined') {\r\n\t\t\tvar aiReadyCallbacks = [];  \r\n\t\t} else if (!(aiReadyCallbacks instanceof Array)) {\r\n\t\t\tvar aiReadyCallbacks = [];\r\n\t\t}    function aiShowIframeId(id_iframe) { jQuery(\"#\"+id_iframe).css(\"visibility\", \"visible\");    }    function aiResizeIframeHeight(height) { aiResizeIframeHeight(height,advanced_iframe_2); }    function aiResizeIframeHeightId(height,width,id) {aiResizeIframeHeightById(id,height);}<\/script><iframe id=\"advanced_iframe_2\"  name=\"advanced_iframe_2\"  src=\"http:\/\/www.emslandkicker.de\/lmo4\/lmo.php?action=program&#038;file=ll15-16.l98&#038;selteam=11\"  width=\"100%\"  height=\"600\"  scrolling=\"auto\"  frameborder=\"0\"  allowtransparency=\"true\"  loading=\"lazy\"  style=\";width:100%;height:600px;\"  allowfullscreen  onload=';aiResizeIframe(this, &quot;false&quot;,&quot;1&quot;);' ><\/iframe><script type=\"text\/javascript\">var ifrm_advanced_iframe_2 = document.getElementById(\"advanced_iframe_2\");var hiddenTabsDoneadvanced_iframe_2 = false;\r\nfunction resizeCallbackadvanced_iframe_2() {}<\/script><script type=\"text\/javascript\"><\/script>\n<\/div>\n<\/div>\n<div class=\"tab\">\n<h3 class=\"tab-title\" data-tab-id=\"statistik\">Statistik<\/h3>\n<div id=\"tab-statistik\" class=\"tab-content\">\n<style type=\"text\/css\">\r\n       .errordiv { padding:10px; margin:10px; border: 1px solid #555555;color: #000000;background-color: #f8f8f8; width:500px; }#advanced_iframe_3 {visibility:visible;opacity:1;vertical-align:top;}.ai-info-bottom-iframe { position: fixed; z-index: 10000; bottom:0; left: 0; margin: 0px; text-align: center; width: 100%; background-color: #ff9999; padding-left: 5px;padding-bottom: 5px; border-top: 1px solid #aaa } a.ai-bold {font-weight: bold;}#ai-layer-div-advanced_iframe_3 p {height:100%;margin:0;padding:0}\r\n  .ai-fullscreen {\r\n    position:fixed;\r\n\tz-index:9000 !important;\r\n\ttop:0px !important;\r\n\tleft:0px !important;\r\n\tmargin:0px !important;\r\n\twidth:100% !important;\r\n\theight:100% !important;\r\n  }<\/style><script type=\"text\/javascript\">var ai_iframe_width_advanced_iframe_3 = 0;var ai_iframe_height_advanced_iframe_3 = 0;var aiIsIe8=false;var aiOnloadScrollTop=\"true\";var aiShowDebug=false;\r\n\t\tif (typeof aiReadyCallbacks === 'undefined') {\r\n\t\t\tvar aiReadyCallbacks = [];  \r\n\t\t} else if (!(aiReadyCallbacks instanceof Array)) {\r\n\t\t\tvar aiReadyCallbacks = [];\r\n\t\t}    function aiShowIframeId(id_iframe) { jQuery(\"#\"+id_iframe).css(\"visibility\", \"visible\");    }    function aiResizeIframeHeight(height) { aiResizeIframeHeight(height,advanced_iframe_3); }    function aiResizeIframeHeightId(height,width,id) {aiResizeIframeHeightById(id,height);}<\/script><iframe id=\"advanced_iframe_3\"  name=\"advanced_iframe_3\"  src=\"http:\/\/www.emslandkicker.de\/lmo4\/lmo.php?action=stats&#038;file=ll15-16.l98&#038;stat1=11\"  width=\"100%\"  height=\"600\"  scrolling=\"auto\"  frameborder=\"0\"  allowtransparency=\"true\"  loading=\"lazy\"  style=\";width:100%;height:600px;\"  allowfullscreen  onload=';aiResizeIframe(this, &quot;false&quot;,&quot;1&quot;);' ><\/iframe><script type=\"text\/javascript\">var ifrm_advanced_iframe_3 = document.getElementById(\"advanced_iframe_3\");var hiddenTabsDoneadvanced_iframe_3 = false;\r\nfunction resizeCallbackadvanced_iframe_3() {}<\/script><script type=\"text\/javascript\"><\/script>\n<\/div>\n<\/div>\n<div class=\"tab\">\n<h3 class=\"tab-title\" data-tab-id=\"fieberkurve\">Fieberkurve<\/h3>\n<div id=\"tab-fieberkurve\" class=\"tab-content\">\n<style type=\"text\/css\">\r\n       .errordiv { padding:10px; margin:10px; border: 1px solid #555555;color: #000000;background-color: #f8f8f8; width:500px; }#advanced_iframe_4 {visibility:visible;opacity:1;vertical-align:top;}.ai-info-bottom-iframe { position: fixed; z-index: 10000; bottom:0; left: 0; margin: 0px; text-align: center; width: 100%; background-color: #ff9999; padding-left: 5px;padding-bottom: 5px; border-top: 1px solid #aaa } a.ai-bold {font-weight: bold;}#ai-layer-div-advanced_iframe_4 p {height:100%;margin:0;padding:0}\r\n  .ai-fullscreen {\r\n    position:fixed;\r\n\tz-index:9000 !important;\r\n\ttop:0px !important;\r\n\tleft:0px !important;\r\n\tmargin:0px !important;\r\n\twidth:100% !important;\r\n\theight:100% !important;\r\n  }<\/style><script type=\"text\/javascript\">var ai_iframe_width_advanced_iframe_4 = 0;var ai_iframe_height_advanced_iframe_4 = 0;var aiIsIe8=false;var aiOnloadScrollTop=\"true\";var aiShowDebug=false;\r\n\t\tif (typeof aiReadyCallbacks === 'undefined') {\r\n\t\t\tvar aiReadyCallbacks = [];  \r\n\t\t} else if (!(aiReadyCallbacks instanceof Array)) {\r\n\t\t\tvar aiReadyCallbacks = [];\r\n\t\t}    function aiShowIframeId(id_iframe) { jQuery(\"#\"+id_iframe).css(\"visibility\", \"visible\");    }    function aiResizeIframeHeight(height) { aiResizeIframeHeight(height,advanced_iframe_4); }    function aiResizeIframeHeightId(height,width,id) {aiResizeIframeHeightById(id,height);}<\/script><iframe id=\"advanced_iframe_4\"  name=\"advanced_iframe_4\"  src=\"http:\/\/www.emslandkicker.de\/lmo4\/lmo.php?file=ll15-16.l98&#038;action=graph&#038;stat1=11\"  width=\"100%\"  height=\"600\"  scrolling=\"auto\"  frameborder=\"0\"  allowtransparency=\"true\"  loading=\"lazy\"  style=\";width:100%;height:600px;\"  allowfullscreen  onload=';aiResizeIframe(this, &quot;false&quot;,&quot;1&quot;);' ><\/iframe><script type=\"text\/javascript\">var ifrm_advanced_iframe_4 = document.getElementById(\"advanced_iframe_4\");var hiddenTabsDoneadvanced_iframe_4 = false;\r\nfunction resizeCallbackadvanced_iframe_4() {}<\/script><script type=\"text\/javascript\"><\/script>\n<\/div>\n<\/div>\n<\/div>\n<div class=\"sharedaddy sd-sharing-enabled\"><div class=\"robots-nocontent sd-block sd-social sd-social-official sd-sharing\"><h3 class=\"sd-title\">Teilen mit:<\/h3><div class=\"sd-content\"><ul><li class=\"share-facebook\"><div class=\"fb-share-button\" data-href=\"http:\/\/www.emslandkicker.de\/?page_id=1165\" data-layout=\"button_count\"><\/div><\/li><li class=\"share-twitter\"><a href=\"https:\/\/twitter.com\/share\" class=\"twitter-share-button\" data-url=\"http:\/\/www.emslandkicker.de\/?page_id=1165\" data-text=\"SV Holthausen-Biene\" data-via=\"Emslandkicker\" >Tweet<\/a><\/li><li class=\"share-email\"><a rel=\"nofollow noopener noreferrer\" data-shared=\"\" class=\"share-email sd-button\" href=\"mailto:?subject=%5BGeteilter%20Beitrag%5D%20SV%20Holthausen-Biene&body=http%3A%2F%2Fwww.emslandkicker.de%2F%3Fpage_id%3D1165&share=email\" target=\"_blank\" title=\"Click to email a link to a friend\" data-email-share-error-title=\"Do you have email set up?\" data-email-share-error-text=\"If you&#039;re having problems sharing via email, you might not have email set up for your browser. You may need to create a new email yourself.\" data-email-share-nonce=\"569f8aa49f\" data-email-share-track-url=\"http:\/\/www.emslandkicker.de\/?page_id=1165&amp;share=email\"><span>E-Mail<\/span><\/a><\/li><li class=\"share-print\"><a rel=\"nofollow noopener noreferrer\" data-shared=\"\" class=\"share-print sd-button\" href=\"http:\/\/www.emslandkicker.de\/?page_id=1165\" target=\"_blank\" title=\"Klicken zum Ausdrucken\" ><span>Drucken<\/span><\/a><\/li><li class=\"share-end\"><\/li><\/ul><\/div><\/div><\/div>","protected":false},"excerpt":{"rendered":"<div class=\"sharedaddy sd-sharing-enabled\"><div class=\"robots-nocontent sd-block sd-social sd-social-official sd-sharing\"><h3 class=\"sd-title\">Teilen mit:<\/h3><div class=\"sd-content\"><ul><li class=\"share-facebook\"><div class=\"fb-share-button\" data-href=\"http:\/\/www.emslandkicker.de\/?page_id=1165\" data-layout=\"button_count\"><\/div><\/li><li class=\"share-twitter\"><a href=\"https:\/\/twitter.com\/share\" class=\"twitter-share-button\" data-url=\"http:\/\/www.emslandkicker.de\/?page_id=1165\" data-text=\"SV Holthausen-Biene\" data-via=\"Emslandkicker\" >Tweet<\/a><\/li><li class=\"share-email\"><a rel=\"nofollow noopener noreferrer\" data-shared=\"\" class=\"share-email sd-button\" href=\"mailto:?subject=%5BGeteilter%20Beitrag%5D%20SV%20Holthausen-Biene&body=http%3A%2F%2Fwww.emslandkicker.de%2F%3Fpage_id%3D1165&share=email\" target=\"_blank\" title=\"Click to email a link to a friend\" data-email-share-error-title=\"Do you have email set up?\" data-email-share-error-text=\"If you&#039;re having problems sharing via email, you might not have email set up for your browser. You may need to create a new email yourself.\" data-email-share-nonce=\"569f8aa49f\" data-email-share-track-url=\"http:\/\/www.emslandkicker.de\/?page_id=1165&amp;share=email\"><span>E-Mail<\/span><\/a><\/li><li class=\"share-print\"><a rel=\"nofollow noopener noreferrer\" data-shared=\"\" class=\"share-print sd-button\" href=\"http:\/\/www.emslandkicker.de\/?page_id=1165\" target=\"_blank\" title=\"Klicken zum Ausdrucken\" ><span>Drucken<\/span><\/a><\/li><li class=\"share-end\"><\/li><\/ul><\/div><\/div><\/div>","protected":false},"author":1,"featured_media":328,"parent":90,"menu_order":0,"comment_status":"open","ping_status":"open","template":"","meta":{"footnotes":""},"class_list":["post-1165","page","type-page","status-publish","has-post-thumbnail","hentry"],"jetpack_sharing_enabled":true,"jetpack_shortlink":"https:\/\/wp.me\/P5etIj-iN","jetpack-related-posts":[{"id":1157,"url":"http:\/\/www.emslandkicker.de\/?page_id=1157","url_meta":{"origin":1165,"position":0},"title":"SCSV","date":"11. August 2015","format":false,"excerpt":"","rel":"","context":"Similar post","img":{"alt_text":"","src":"","width":0,"height":0},"classes":[]},{"id":1170,"url":"http:\/\/www.emslandkicker.de\/?page_id=1170","url_meta":{"origin":1165,"position":1},"title":"TuS","date":"14. August 2015","format":false,"excerpt":"","rel":"","context":"Similar post","img":{"alt_text":"","src":"","width":0,"height":0},"classes":[]},{"id":197,"url":"http:\/\/www.emslandkicker.de\/?page_id=197","url_meta":{"origin":1165,"position":2},"title":"Emsland-Rangliste","date":"20. Oktober 2014","format":false,"excerpt":"TOP 10 des Emslandes Gesamt\u00fcbersicht von der Regionalliga bis zur Kreisliga PL PL-Liga Liga Team Quote SP S U N Tore Diff Pkt 1 4 RL SV Meppen\u00a0 6,90 10 7 2 1 \u00a0\u00a0 17 :\u00a0 6 11 23 2 5 OL SC Spelle-Venhaus\u00a0 4,25 10 5 2 3 \u00a0\u00a0\u2026","rel":"","context":"Similar post","img":{"alt_text":"","src":"","width":0,"height":0},"classes":[]},{"id":607,"url":"http:\/\/www.emslandkicker.de\/?page_id=607","url_meta":{"origin":1165,"position":3},"title":"Meister Bezirksliga seit 1984-85","date":"13. November 2014","format":false,"excerpt":"Saison Bezirksliga West Tab. 1976-77 VfL R\u00fctenbrock 1977-78 1978-79 VfL Osnabr\u00fcck A. Saison Bezirksliga Mitte Tab. Bezirksliga S\u00fcd Tab. 1979-80 SV Molbergen SV Bad Bentheim 1980-81 Hasel\u00fcnner SV FC Sch\u00fcttorf 1981-82 Frisa Goldenstedt Eintr. Osnabr\u00fcck 1982-83 1983-84 STV Bar\u00dfel Union Lohne Saison Bezirksliga West Tab. 1984-85 Oly. Laxten 1985-86 Hasel\u00fcnner\u2026","rel":"","context":"Similar post","img":{"alt_text":"","src":"","width":0,"height":0},"classes":[]},{"id":453,"url":"http:\/\/www.emslandkicker.de\/?page_id=453","url_meta":{"origin":1165,"position":4},"title":"Kreisligameister bis 1995","date":"8. November 2014","format":false,"excerpt":"Kreisliga 1976-77 [Einf\u00fchrung der Kreisligen] Tab. Nord Mitte VfL Emslage S\u00fcd Kreisliga 1977-78 Nord Mitte SV Dalum S\u00fcd Kreisliga 1978-79 Nord Sigiltra S\u00f6gel Mitte DJK Fehndorf S\u00fcd Kreisliga 1979-80 Nord Germ. 08 Papenburg * Mitte SV Erika-A. S\u00fcd Germ. Thuine Kreisliga 1980-81 Nord FC Bockholte Mitte TuS Haren S\u00fcd SG\u2026","rel":"","context":"Similar post","img":{"alt_text":"","src":"","width":0,"height":0},"classes":[]},{"id":612,"url":"http:\/\/www.emslandkicker.de\/?page_id=612","url_meta":{"origin":1165,"position":5},"title":"Meister Bezirksoberliga seit 1979-80","date":"13. November 2014","format":false,"excerpt":"Saison Verein Liga Tab. 1979-80 VfL Ockenhausen BOL 1980-81 SV Wilhelmshaven BOL 1981-82 Blau-Wei\u00df Schinkel BOL 1982-83 Wei\u00dfe Elf Nordhorn BOL 1983-84 VfL Oldenburg BOL 1984-85 SpVg Aurich BOL 1985-86 SV Bad Bentheim BOL 1986-87 TuS Heidkrug BOL 1987-88 SC Spelle-V. BOL 1988-89 Sportfreunde Oesede BOL 1989-90 Oly. Laxten BOL\u2026","rel":"","context":"Similar post","img":{"alt_text":"","src":"","width":0,"height":0},"classes":[]}],"jetpack_likes_enabled":true,"_links":{"self":[{"href":"http:\/\/www.emslandkicker.de\/index.php?rest_route=\/wp\/v2\/pages\/1165","targetHints":{"allow":["GET"]}}],"collection":[{"href":"http:\/\/www.emslandkicker.de\/index.php?rest_route=\/wp\/v2\/pages"}],"about":[{"href":"http:\/\/www.emslandkicker.de\/index.php?rest_route=\/wp\/v2\/types\/page"}],"author":[{"embeddable":true,"href":"http:\/\/www.emslandkicker.de\/index.php?rest_route=\/wp\/v2\/users\/1"}],"replies":[{"embeddable":true,"href":"http:\/\/www.emslandkicker.de\/index.php?rest_route=%2Fwp%2Fv2%2Fcomments&post=1165"}],"version-history":[{"count":0,"href":"http:\/\/www.emslandkicker.de\/index.php?rest_route=\/wp\/v2\/pages\/1165\/revisions"}],"up":[{"embeddable":true,"href":"http:\/\/www.emslandkicker.de\/index.php?rest_route=\/wp\/v2\/pages\/90"}],"wp:featuredmedia":[{"embeddable":true,"href":"http:\/\/www.emslandkicker.de\/index.php?rest_route=\/wp\/v2\/media\/328"}],"wp:attachment":[{"href":"http:\/\/www.emslandkicker.de\/index.php?rest_route=%2Fwp%2Fv2%2Fmedia&parent=1165"}],"curies":[{"name":"wp","href":"https:\/\/api.w.org\/{rel}","templated":true}]}}