{"id":1349,"date":"2015-08-20T20:22:16","date_gmt":"2015-08-20T18:22:16","guid":{"rendered":"http:\/\/www.emslandkicker.de\/?page_id=1349"},"modified":"2015-08-22T18:49:30","modified_gmt":"2015-08-22T16:49:30","slug":"traineruebersicht","status":"publish","type":"page","link":"http:\/\/www.emslandkicker.de\/?page_id=1349","title":{"rendered":"Trainer\u00fcbersicht"},"content":{"rendered":"<div class=\"pdfprnt-buttons pdfprnt-buttons-page pdfprnt-top-right\"><a href=\"http:\/\/www.emslandkicker.de\/index.php?rest_route=%2Fwp%2Fv2%2Fpages%2F1349&print=pdf\" class=\"pdfprnt-button pdfprnt-button-pdf\" target=\"_blank\"><img decoding=\"async\" src=\"https:\/\/i0.wp.com\/www.emslandkicker.de\/wp-content\/plugins\/pdf-print\/images\/pdf.png?w=610\" alt=\"image_pdf\" title=\"View PDF\" data-recalc-dims=\"1\" \/><\/a><a href=\"http:\/\/www.emslandkicker.de\/index.php?rest_route=%2Fwp%2Fv2%2Fpages%2F1349&print=print\" class=\"pdfprnt-button pdfprnt-button-print\" target=\"_blank\"><img decoding=\"async\" src=\"https:\/\/i0.wp.com\/www.emslandkicker.de\/wp-content\/plugins\/pdf-print\/images\/print.png?w=610\" alt=\"image_print\" title=\"Print Content\" data-recalc-dims=\"1\" \/><\/a><\/div><div class=\"wpcmsdev-tabs\">\n<div class=\"tab\">\n<h3 class=\"tab-title\" data-tab-id=\"info\">Info<\/h3>\n<div id=\"tab-info\" class=\"tab-content\">\n<p><img decoding=\"async\" src=\"https:\/\/i0.wp.com\/www.emslandkicker.de\/wp-content\/uploads\/evolve\/liga-img\/ek-coach.jpg?w=610\" alt=\"Emslandkicker-Spielvorschau\" data-recalc-dims=\"1\" \/><br \/>\n<span style=\"color: #fc7b00;\"><strong>Trainer &#8220;ohne Verein&#8221; k\u00f6nnen sich hier kostenlos listen lassen &#8211; bitte das nachfolgende Formular ausf\u00fcllen&#8230;<\/strong><\/span><\/p>\n<div role=\"form\" class=\"wpcf7\" id=\"wpcf7-f1338-o1\" lang=\"de-DE\" dir=\"ltr\">\n<div class=\"screen-reader-response\"><p role=\"status\" aria-live=\"polite\" aria-atomic=\"true\"><\/p> <ul><\/ul><\/div>\n<form action=\"\/index.php?rest_route=%2Fwp%2Fv2%2Fpages%2F1349#wpcf7-f1338-o1\" method=\"post\" class=\"wpcf7-form init\" novalidate=\"novalidate\" data-status=\"init\">\n<div style=\"display: none;\">\n<input type=\"hidden\" name=\"_wpcf7\" value=\"1338\" \/>\n<input type=\"hidden\" name=\"_wpcf7_version\" value=\"5.6.1\" \/>\n<input type=\"hidden\" name=\"_wpcf7_locale\" value=\"de_DE\" \/>\n<input type=\"hidden\" name=\"_wpcf7_unit_tag\" value=\"wpcf7-f1338-o1\" \/>\n<input type=\"hidden\" name=\"_wpcf7_container_post\" value=\"0\" \/>\n<input type=\"hidden\" name=\"_wpcf7_posted_data_hash\" value=\"\" \/>\n<\/div>\n<p><b>Trainer Name<\/b> (Pflichtfeld)<br \/>\n    <span class=\"wpcf7-form-control-wrap\" data-name=\"your-name\"><input type=\"text\" name=\"your-name\" value=\"\" size=\"40\" class=\"wpcf7-form-control wpcf7-text wpcf7-validates-as-required\" aria-required=\"true\" aria-invalid=\"false\" \/><\/span> <\/p>\n<p><b>Letzter Verein<\/b> (Pflichtfeld)<br><span class=\"wpcf7-form-control-wrap\" data-name=\"text-63\"><input type=\"text\" name=\"text-63\" value=\"\" size=\"40\" class=\"wpcf7-form-control wpcf7-text wpcf7-validates-as-required\" aria-required=\"true\" aria-invalid=\"false\" \/><\/span><\/p>\n<p><b>Telefon<\/b> (Pflichtfeld)<br> (Mobil oder Festnetz)<br><span class=\"wpcf7-form-control-wrap\" data-name=\"tel-4\"><input type=\"tel\" name=\"tel-4\" value=\"\" size=\"40\" class=\"wpcf7-form-control wpcf7-text wpcf7-tel wpcf7-validates-as-required wpcf7-validates-as-tel\" aria-required=\"true\" aria-invalid=\"false\" \/><\/span><\/p>\n<p><b>Ihre E-Mail-Adresse<\/b> (Pflichtfeld)<br \/>\n    <span class=\"wpcf7-form-control-wrap\" data-name=\"your-email\"><input type=\"email\" name=\"your-email\" value=\"\" size=\"40\" class=\"wpcf7-form-control wpcf7-text wpcf7-email wpcf7-validates-as-required wpcf7-validates-as-email\" aria-required=\"true\" aria-invalid=\"false\" \/><\/span> <\/p>\n<p><b>Ohne Verein seit (YYYY-MM-DD)<\/b> (Pflichtfeld)<br><span class=\"wpcf7-form-control-wrap\" data-name=\"date-499\"><input type=\"date\" name=\"date-499\" value=\"\" class=\"wpcf7-form-control wpcf7-date wpcf7-validates-as-required wpcf7-validates-as-date\" aria-required=\"true\" aria-invalid=\"false\" \/><\/span><\/p>\n<p><input type=\"submit\" value=\"Senden\" class=\"wpcf7-form-control has-spinner wpcf7-submit\" \/><\/p>\n<div class=\"wpcf7-response-output\" aria-hidden=\"true\"><\/div><\/form><\/div>\n<\/div>\n<\/div>\n<div class=\"tab\">\n<h3 class=\"tab-title\" data-tab-id=\"ol\">OL<\/h3>\n<div id=\"tab-ol\" class=\"tab-content\">\n<p>[mstw-cs-table staff=oberliga show_photos=1 photo_label=Foto show_experience=1 experience_label=Lizenz show_alma_mater=1 alma_mater_label=Verein show_degree=0 degree_label=Major show_birth_date=1 birth_date_label=seit show_family=0 family_label=&#8221;Other Info&#8221;]<\/p>\n<\/div>\n<\/div>\n<div class=\"tab\">\n<h3 class=\"tab-title\" data-tab-id=\"ll\">LL<\/h3>\n<div id=\"tab-ll\" class=\"tab-content\">\n<p>[mstw-cs-table staff=landesliga show_photos=1 photo_label=Foto show_experience=1 experience_label=Lizenz show_alma_mater=1 alma_mater_label=Verein show_degree=0 degree_label=Major show_birth_date=1 birth_date_label=seit show_family=0 family_label=&#8221;Other Info&#8221;]<\/p>\n<\/div>\n<\/div>\n<div class=\"tab\">\n<h3 class=\"tab-title\" data-tab-id=\"bl3\">BL3<\/h3>\n<div id=\"tab-bl3\" class=\"tab-content\">\n<p>[mstw-cs-table staff=bezirksliga show_photos=1 photo_label=Foto show_experience=1 experience_label=Lizenz show_alma_mater=1 alma_mater_label=Verein show_degree=0 degree_label=Major show_birth_date=1 birth_date_label=seit show_family=0 family_label=&#8221;Other Info&#8221;]<\/p>\n<\/div>\n<\/div>\n<div class=\"tab\">\n<h3 class=\"tab-title\" data-tab-id=\"kl\">KL<\/h3>\n<div id=\"tab-kl\" class=\"tab-content\">\n<p>[mstw-cs-table staff=kreisliga show_photos=1 photo_label=Foto show_experience=1 experience_label=Lizenz show_alma_mater=1 alma_mater_label=Verein show_degree=0 degree_label=Major show_birth_date=1 birth_date_label=seit show_family=0 family_label=&#8221;Other Info&#8221;]<\/p>\n<\/div>\n<\/div>\n<div class=\"tab\">\n<h3 class=\"tab-title\" data-tab-id=\"ohne-verein\">Ohne Verein<\/h3>\n<div id=\"tab-ohne-verein\" class=\"tab-content\">\n<p><span style=\"color: #fc7b00;\"><strong>Trainer &#8220;ohne Verein&#8221; k\u00f6nnen sich hier kostenlos listen lassen &#8211; bitte das nachfolgende Formular ausf\u00fcllen&#8230;<\/strong><\/span><\/p>\n<div role=\"form\" class=\"wpcf7\" id=\"wpcf7-f1338-o2\" lang=\"de-DE\" dir=\"ltr\">\n<div class=\"screen-reader-response\"><p role=\"status\" aria-live=\"polite\" aria-atomic=\"true\"><\/p> <ul><\/ul><\/div>\n<form action=\"\/index.php?rest_route=%2Fwp%2Fv2%2Fpages%2F1349#wpcf7-f1338-o2\" method=\"post\" class=\"wpcf7-form init\" novalidate=\"novalidate\" data-status=\"init\">\n<div style=\"display: none;\">\n<input type=\"hidden\" name=\"_wpcf7\" value=\"1338\" \/>\n<input type=\"hidden\" name=\"_wpcf7_version\" value=\"5.6.1\" \/>\n<input type=\"hidden\" name=\"_wpcf7_locale\" value=\"de_DE\" \/>\n<input type=\"hidden\" name=\"_wpcf7_unit_tag\" value=\"wpcf7-f1338-o2\" \/>\n<input type=\"hidden\" name=\"_wpcf7_container_post\" value=\"0\" \/>\n<input type=\"hidden\" name=\"_wpcf7_posted_data_hash\" value=\"\" \/>\n<\/div>\n<p><b>Trainer Name<\/b> (Pflichtfeld)<br \/>\n    <span class=\"wpcf7-form-control-wrap\" data-name=\"your-name\"><input type=\"text\" name=\"your-name\" value=\"\" size=\"40\" class=\"wpcf7-form-control wpcf7-text wpcf7-validates-as-required\" aria-required=\"true\" aria-invalid=\"false\" \/><\/span> <\/p>\n<p><b>Letzter Verein<\/b> (Pflichtfeld)<br><span class=\"wpcf7-form-control-wrap\" data-name=\"text-63\"><input type=\"text\" name=\"text-63\" value=\"\" size=\"40\" class=\"wpcf7-form-control wpcf7-text wpcf7-validates-as-required\" aria-required=\"true\" aria-invalid=\"false\" \/><\/span><\/p>\n<p><b>Telefon<\/b> (Pflichtfeld)<br> (Mobil oder Festnetz)<br><span class=\"wpcf7-form-control-wrap\" data-name=\"tel-4\"><input type=\"tel\" name=\"tel-4\" value=\"\" size=\"40\" class=\"wpcf7-form-control wpcf7-text wpcf7-tel wpcf7-validates-as-required wpcf7-validates-as-tel\" aria-required=\"true\" aria-invalid=\"false\" \/><\/span><\/p>\n<p><b>Ihre E-Mail-Adresse<\/b> (Pflichtfeld)<br \/>\n    <span class=\"wpcf7-form-control-wrap\" data-name=\"your-email\"><input type=\"email\" name=\"your-email\" value=\"\" size=\"40\" class=\"wpcf7-form-control wpcf7-text wpcf7-email wpcf7-validates-as-required wpcf7-validates-as-email\" aria-required=\"true\" aria-invalid=\"false\" \/><\/span> <\/p>\n<p><b>Ohne Verein seit (YYYY-MM-DD)<\/b> (Pflichtfeld)<br><span class=\"wpcf7-form-control-wrap\" data-name=\"date-499\"><input type=\"date\" name=\"date-499\" value=\"\" class=\"wpcf7-form-control wpcf7-date wpcf7-validates-as-required wpcf7-validates-as-date\" aria-required=\"true\" aria-invalid=\"false\" \/><\/span><\/p>\n<p><input type=\"submit\" value=\"Senden\" class=\"wpcf7-form-control has-spinner wpcf7-submit\" \/><\/p>\n<div class=\"wpcf7-response-output\" aria-hidden=\"true\"><\/div><\/form><\/div>\n<p>[mstw-cs-table staff=ohne-verein show_photos=1 photo_label=Foto show_experience=1 experience_label=Lizenz show_alma_mater=1 alma_mater_label=Verein show_degree=0 degree_label=Major show_birth_date=1 birth_date_label=seit show_family=0 family_label=&#8221;Other Info&#8221;]<\/p>\n<div role=\"form\" class=\"wpcf7\" id=\"wpcf7-f1338-o3\" lang=\"de-DE\" dir=\"ltr\">\n<div class=\"screen-reader-response\"><p role=\"status\" aria-live=\"polite\" aria-atomic=\"true\"><\/p> <ul><\/ul><\/div>\n<form action=\"\/index.php?rest_route=%2Fwp%2Fv2%2Fpages%2F1349#wpcf7-f1338-o3\" method=\"post\" class=\"wpcf7-form init\" novalidate=\"novalidate\" data-status=\"init\">\n<div style=\"display: none;\">\n<input type=\"hidden\" name=\"_wpcf7\" value=\"1338\" \/>\n<input type=\"hidden\" name=\"_wpcf7_version\" value=\"5.6.1\" \/>\n<input type=\"hidden\" name=\"_wpcf7_locale\" value=\"de_DE\" \/>\n<input type=\"hidden\" name=\"_wpcf7_unit_tag\" value=\"wpcf7-f1338-o3\" \/>\n<input type=\"hidden\" name=\"_wpcf7_container_post\" value=\"0\" \/>\n<input type=\"hidden\" name=\"_wpcf7_posted_data_hash\" value=\"\" \/>\n<\/div>\n<p><b>Trainer Name<\/b> (Pflichtfeld)<br \/>\n    <span class=\"wpcf7-form-control-wrap\" data-name=\"your-name\"><input type=\"text\" name=\"your-name\" value=\"\" size=\"40\" class=\"wpcf7-form-control wpcf7-text wpcf7-validates-as-required\" aria-required=\"true\" aria-invalid=\"false\" \/><\/span> <\/p>\n<p><b>Letzter Verein<\/b> (Pflichtfeld)<br><span class=\"wpcf7-form-control-wrap\" data-name=\"text-63\"><input type=\"text\" name=\"text-63\" value=\"\" size=\"40\" class=\"wpcf7-form-control wpcf7-text wpcf7-validates-as-required\" aria-required=\"true\" aria-invalid=\"false\" \/><\/span><\/p>\n<p><b>Telefon<\/b> (Pflichtfeld)<br> (Mobil oder Festnetz)<br><span class=\"wpcf7-form-control-wrap\" data-name=\"tel-4\"><input type=\"tel\" name=\"tel-4\" value=\"\" size=\"40\" class=\"wpcf7-form-control wpcf7-text wpcf7-tel wpcf7-validates-as-required wpcf7-validates-as-tel\" aria-required=\"true\" aria-invalid=\"false\" \/><\/span><\/p>\n<p><b>Ihre E-Mail-Adresse<\/b> (Pflichtfeld)<br \/>\n    <span class=\"wpcf7-form-control-wrap\" data-name=\"your-email\"><input type=\"email\" name=\"your-email\" value=\"\" size=\"40\" class=\"wpcf7-form-control wpcf7-text wpcf7-email wpcf7-validates-as-required wpcf7-validates-as-email\" aria-required=\"true\" aria-invalid=\"false\" \/><\/span> <\/p>\n<p><b>Ohne Verein seit (YYYY-MM-DD)<\/b> (Pflichtfeld)<br><span class=\"wpcf7-form-control-wrap\" data-name=\"date-499\"><input type=\"date\" name=\"date-499\" value=\"\" class=\"wpcf7-form-control wpcf7-date wpcf7-validates-as-required wpcf7-validates-as-date\" aria-required=\"true\" aria-invalid=\"false\" \/><\/span><\/p>\n<p><input type=\"submit\" value=\"Senden\" class=\"wpcf7-form-control has-spinner wpcf7-submit\" \/><\/p>\n<div class=\"wpcf7-response-output\" aria-hidden=\"true\"><\/div><\/form><\/div>\n<\/div>\n<\/div>\n<\/div>\n<div class=\"sharedaddy sd-sharing-enabled\"><div class=\"robots-nocontent sd-block sd-social sd-social-official sd-sharing\"><h3 class=\"sd-title\">Teilen mit:<\/h3><div class=\"sd-content\"><ul><li class=\"share-facebook\"><div class=\"fb-share-button\" data-href=\"http:\/\/www.emslandkicker.de\/?page_id=1349\" data-layout=\"button_count\"><\/div><\/li><li class=\"share-twitter\"><a href=\"https:\/\/twitter.com\/share\" class=\"twitter-share-button\" data-url=\"http:\/\/www.emslandkicker.de\/?page_id=1349\" data-text=\"Trainer\u00fcbersicht\" data-via=\"Emslandkicker\" >Tweet<\/a><\/li><li class=\"share-email\"><a rel=\"nofollow noopener noreferrer\" data-shared=\"\" class=\"share-email sd-button\" href=\"mailto:?subject=%5BGeteilter%20Beitrag%5D%20Trainer%C3%BCbersicht&body=http%3A%2F%2Fwww.emslandkicker.de%2F%3Fpage_id%3D1349&share=email\" target=\"_blank\" title=\"Click to email a link to a friend\" data-email-share-error-title=\"Do you have email set up?\" data-email-share-error-text=\"If you&#039;re having problems sharing via email, you might not have email set up for your browser. You may need to create a new email yourself.\" data-email-share-nonce=\"28ed944f2c\" data-email-share-track-url=\"http:\/\/www.emslandkicker.de\/?page_id=1349&amp;share=email\"><span>E-Mail<\/span><\/a><\/li><li class=\"share-print\"><a rel=\"nofollow noopener noreferrer\" data-shared=\"\" class=\"share-print sd-button\" href=\"http:\/\/www.emslandkicker.de\/?page_id=1349\" target=\"_blank\" title=\"Klicken zum Ausdrucken\" ><span>Drucken<\/span><\/a><\/li><li class=\"share-end\"><\/li><\/ul><\/div><\/div><\/div>","protected":false},"excerpt":{"rendered":"<div class=\"sharedaddy sd-sharing-enabled\"><div class=\"robots-nocontent sd-block sd-social sd-social-official sd-sharing\"><h3 class=\"sd-title\">Teilen mit:<\/h3><div class=\"sd-content\"><ul><li class=\"share-facebook\"><div class=\"fb-share-button\" data-href=\"http:\/\/www.emslandkicker.de\/?page_id=1349\" data-layout=\"button_count\"><\/div><\/li><li class=\"share-twitter\"><a href=\"https:\/\/twitter.com\/share\" class=\"twitter-share-button\" data-url=\"http:\/\/www.emslandkicker.de\/?page_id=1349\" data-text=\"Trainer\u00fcbersicht\" data-via=\"Emslandkicker\" >Tweet<\/a><\/li><li class=\"share-email\"><a rel=\"nofollow noopener noreferrer\" data-shared=\"\" class=\"share-email sd-button\" href=\"mailto:?subject=%5BGeteilter%20Beitrag%5D%20Trainer%C3%BCbersicht&body=http%3A%2F%2Fwww.emslandkicker.de%2F%3Fpage_id%3D1349&share=email\" target=\"_blank\" title=\"Click to email a link to a friend\" data-email-share-error-title=\"Do you have email set up?\" data-email-share-error-text=\"If you&#039;re having problems sharing via email, you might not have email set up for your browser. You may need to create a new email yourself.\" data-email-share-nonce=\"28ed944f2c\" data-email-share-track-url=\"http:\/\/www.emslandkicker.de\/?page_id=1349&amp;share=email\"><span>E-Mail<\/span><\/a><\/li><li class=\"share-print\"><a rel=\"nofollow noopener noreferrer\" data-shared=\"\" class=\"share-print sd-button\" href=\"http:\/\/www.emslandkicker.de\/?page_id=1349\" target=\"_blank\" title=\"Klicken zum Ausdrucken\" ><span>Drucken<\/span><\/a><\/li><li class=\"share-end\"><\/li><\/ul><\/div><\/div><\/div>","protected":false},"author":1,"featured_media":203,"parent":0,"menu_order":2,"comment_status":"closed","ping_status":"closed","template":"","meta":{"footnotes":""},"class_list":["post-1349","page","type-page","status-publish","has-post-thumbnail","hentry"],"jetpack_sharing_enabled":true,"jetpack_shortlink":"https:\/\/wp.me\/P5etIj-lL","jetpack-related-posts":[{"id":1152,"url":"http:\/\/www.emslandkicker.de\/?page_id=1152","url_meta":{"origin":1349,"position":0},"title":"Trainer EL","date":"17. August 2015","format":false,"excerpt":"[mstw-cs-table staff=bezirksliga show_photos=1 photo_label=Foto show_experience=1 experience_label=Lizenz show_alma_mater=1 alma_mater_label=Verein show_degree=0 degree_label=Major show_birth_date=1 birth_date_label=seit show_family=0 family_label=\"Other Info\"] --- [mstw-cs-table staff=kreisliga] [mstw-cs-table staff=kreisliga show_photos=1 photo_label=Foto show_experience=1 experience_label=Lizenz show_alma_mater=1 alma_mater_label=Verein show_degree=0 degree_label=Major show_birth_date=1 birth_date_label=im Verein seit show_family=0 family_label=\"Other Info\"] [mstw-cs-table staff=bezirksliga show_photos=1 photo_label=Foto show_experience=1 experience_label=Lizenz show_position=0 show_alma_mater=1 alma_mater_label=Verein show_degree=0 degree_label=Lizenz show_birth_date=1 birth_date_label=seit show_home_town=0 home_town_label=\u201dHome\u2026","rel":"","context":"Similar post","img":{"alt_text":"","src":"","width":0,"height":0},"classes":[]},{"id":335,"url":"http:\/\/www.emslandkicker.de\/?page_id=335","url_meta":{"origin":1349,"position":1},"title":"Trainer Bezirksliga 3","date":"29. Oktober 2014","format":false,"excerpt":"[mstw-cs-table staff=bezirksliga show_photos=1 photo_label=Foto show_experience=1 experience_label=Lizenz show_alma_mater=1 alma_mater_label=Verein show_degree=0 degree_label=Major show_birth_date=1 birth_date_label=seit show_family=0 family_label=\"Other Info\"]","rel":"","context":"Similar post","img":{"alt_text":"","src":"","width":0,"height":0},"classes":[]},{"id":1334,"url":"http:\/\/www.emslandkicker.de\/?page_id=1334","url_meta":{"origin":1349,"position":2},"title":"Trainer Landesliga WE","date":"20. August 2015","format":false,"excerpt":"[mstw-cs-table staff=landesliga show_photos=1 photo_label=Foto show_experience=1 experience_label=Lizenz show_alma_mater=1 alma_mater_label=Verein show_degree=0 degree_label=Major show_birth_date=1 birth_date_label=seit show_family=0 family_label=\"Other Info\"]","rel":"","context":"Similar post","img":{"alt_text":"","src":"","width":0,"height":0},"classes":[]},{"id":1336,"url":"http:\/\/www.emslandkicker.de\/?page_id=1336","url_meta":{"origin":1349,"position":3},"title":"Trainer Ohne Verein","date":"20. August 2015","format":false,"excerpt":"Trainer \"ohne Verein\" k\u00f6nnen sich hier kostenlos listen lassen - bitte das nachfolgende Formular ausf\u00fcllen... [mstw-cs-table staff=ohne-verein show_photos=1 photo_label=Foto show_experience=1 experience_label=Lizenz show_alma_mater=1 alma_mater_label=Verein show_degree=0 degree_label=Major show_birth_date=1 birth_date_label=seit show_family=0 family_label=\"Other Info\"]","rel":"","context":"Similar post","img":{"alt_text":"","src":"","width":0,"height":0},"classes":[]},{"id":592,"url":"http:\/\/www.emslandkicker.de\/?page_id=592","url_meta":{"origin":1349,"position":4},"title":"Meister 1. Kreisklasse bis 1995","date":"12. November 2014","format":false,"excerpt":"1.KK 1968-69 Tab. Info Nord Mitte VfL Herzlake S\u00fcd 1.KK 1969-70 Tab. Info Nord Mitte Germ. Twist S\u00fcd 1.KK 1970-71 Tab. Info Nord Mitte Grenzl. Twist S\u00fcd 1.KK 1971-72 Tab. Info Nord Mitte FC Wesuwe S\u00fcd 1.KK 1972-73 Tab. Info Nord Mitte Conc Sch\u00f6ninghsdorf S\u00fcd 1.KK 1973-74 Tab. Info Nord\u2026","rel":"","context":"Similar post","img":{"alt_text":"","src":"","width":0,"height":0},"classes":[]},{"id":607,"url":"http:\/\/www.emslandkicker.de\/?page_id=607","url_meta":{"origin":1349,"position":5},"title":"Meister Bezirksliga seit 1984-85","date":"13. November 2014","format":false,"excerpt":"Saison Bezirksliga West Tab. 1976-77 VfL R\u00fctenbrock 1977-78 1978-79 VfL Osnabr\u00fcck A. Saison Bezirksliga Mitte Tab. Bezirksliga S\u00fcd Tab. 1979-80 SV Molbergen SV Bad Bentheim 1980-81 Hasel\u00fcnner SV FC Sch\u00fcttorf 1981-82 Frisa Goldenstedt Eintr. Osnabr\u00fcck 1982-83 1983-84 STV Bar\u00dfel Union Lohne Saison Bezirksliga West Tab. 1984-85 Oly. Laxten 1985-86 Hasel\u00fcnner\u2026","rel":"","context":"Similar post","img":{"alt_text":"","src":"","width":0,"height":0},"classes":[]}],"jetpack_likes_enabled":true,"_links":{"self":[{"href":"http:\/\/www.emslandkicker.de\/index.php?rest_route=\/wp\/v2\/pages\/1349","targetHints":{"allow":["GET"]}}],"collection":[{"href":"http:\/\/www.emslandkicker.de\/index.php?rest_route=\/wp\/v2\/pages"}],"about":[{"href":"http:\/\/www.emslandkicker.de\/index.php?rest_route=\/wp\/v2\/types\/page"}],"author":[{"embeddable":true,"href":"http:\/\/www.emslandkicker.de\/index.php?rest_route=\/wp\/v2\/users\/1"}],"replies":[{"embeddable":true,"href":"http:\/\/www.emslandkicker.de\/index.php?rest_route=%2Fwp%2Fv2%2Fcomments&post=1349"}],"version-history":[{"count":0,"href":"http:\/\/www.emslandkicker.de\/index.php?rest_route=\/wp\/v2\/pages\/1349\/revisions"}],"wp:featuredmedia":[{"embeddable":true,"href":"http:\/\/www.emslandkicker.de\/index.php?rest_route=\/wp\/v2\/media\/203"}],"wp:attachment":[{"href":"http:\/\/www.emslandkicker.de\/index.php?rest_route=%2Fwp%2Fv2%2Fmedia&parent=1349"}],"curies":[{"name":"wp","href":"https:\/\/api.w.org\/{rel}","templated":true}]}}