{"id":373,"date":"2014-10-30T11:23:57","date_gmt":"2014-10-30T09:23:57","guid":{"rendered":"http:\/\/www.emslandkicker.de\/?page_id=373"},"modified":"2020-04-14T17:03:52","modified_gmt":"2020-04-14T15:03:52","slug":"kreispokal","status":"publish","type":"page","link":"http:\/\/www.emslandkicker.de\/?page_id=373","title":{"rendered":"Kreispokal 2015-16"},"content":{"rendered":"<div class=\"pdfprnt-buttons pdfprnt-buttons-page pdfprnt-top-right\"><a href=\"http:\/\/www.emslandkicker.de\/index.php?rest_route=%2Fwp%2Fv2%2Fpages%2F373&print=pdf\" class=\"pdfprnt-button pdfprnt-button-pdf\" target=\"_blank\"><img decoding=\"async\" src=\"https:\/\/i0.wp.com\/www.emslandkicker.de\/wp-content\/plugins\/pdf-print\/images\/pdf.png?w=610\" alt=\"image_pdf\" title=\"View PDF\" data-recalc-dims=\"1\" \/><\/a><a href=\"http:\/\/www.emslandkicker.de\/index.php?rest_route=%2Fwp%2Fv2%2Fpages%2F373&print=print\" class=\"pdfprnt-button pdfprnt-button-print\" target=\"_blank\"><img decoding=\"async\" src=\"https:\/\/i0.wp.com\/www.emslandkicker.de\/wp-content\/plugins\/pdf-print\/images\/print.png?w=610\" alt=\"image_print\" title=\"Print Content\" data-recalc-dims=\"1\" \/><\/a><\/div><div class=\"wpcmsdev-tabs\">\n<div class=\"tab\">\n<h3 class=\"tab-title\" data-tab-id=\"kreispokal\">Kreispokal<\/h3>\n<div id=\"tab-kreispokal\" class=\"tab-content\">\n<p>\n<!-- iframe plugin v.4.5 wordpress.org\/plugins\/iframe\/ -->\n<iframe loading=\"lazy\" src=\"http:\/\/www.emslandkicker.de\/lmo4\/lmo.php?file=kreispokal15-16.l98\" width=\"100%\" scrolling=\"no\" frameborder=\"0\" allowtransparency=\"true\" height=\"500\" class=\"iframe-class\"><\/iframe>\n\r\n\t\t\t<script>\r\n\t\t\tdocument.addEventListener(\"DOMContentLoaded\", function(){\r\n\t\t\t\tvar target_element, iframe_element;\r\n\t\t\t\tiframe_element = document.querySelector(\"iframe.iframe-class\");\r\n\t\t\t\ttarget_element = document.querySelector(\"html\");\r\n\t\t\t\tiframe_element.style.height = target_element.offsetHeight + \"px\";\r\n\t\t\t});\r\n\t\t\t<\/script>\r\n\t\t<br \/>\n<style type=\"text\/css\">\r\n       .errordiv { padding:10px; margin:10px; border: 1px solid #555555;color: #000000;background-color: #f8f8f8; width:500px; }#advanced_iframe {visibility:visible;opacity:1;vertical-align:top;}.ai-info-bottom-iframe { position: fixed; z-index: 10000; bottom:0; left: 0; margin: 0px; text-align: center; width: 100%; background-color: #ff9999; padding-left: 5px;padding-bottom: 5px; border-top: 1px solid #aaa } a.ai-bold {font-weight: bold;}#ai-layer-div-advanced_iframe p {height:100%;margin:0;padding:0}\r\n  .ai-fullscreen {\r\n    position:fixed;\r\n\tz-index:9000 !important;\r\n\ttop:0px !important;\r\n\tleft:0px !important;\r\n\tmargin:0px !important;\r\n\twidth:100% !important;\r\n\theight:100% !important;\r\n  }<\/style><script type=\"text\/javascript\">var ai_iframe_width_advanced_iframe = 0;var ai_iframe_height_advanced_iframe = 0;var aiIsIe8=false;var aiOnloadScrollTop=\"true\";var aiShowDebug=false;\r\n\t\tif (typeof aiReadyCallbacks === 'undefined') {\r\n\t\t\tvar aiReadyCallbacks = [];  \r\n\t\t} else if (!(aiReadyCallbacks instanceof Array)) {\r\n\t\t\tvar aiReadyCallbacks = [];\r\n\t\t}    function aiShowIframeId(id_iframe) { jQuery(\"#\"+id_iframe).css(\"visibility\", \"visible\");    }    function aiResizeIframeHeight(height) { aiResizeIframeHeight(height,advanced_iframe); }    function aiResizeIframeHeightId(height,width,id) {aiResizeIframeHeightById(id,height);}<\/script><iframe id=\"advanced_iframe\"  name=\"advanced_iframe\"  src=\"http:\/\/www.emslandkicker.de\/lmo4\/lmo.php?file=kreispokal15-16.l98\"  width=\"100%\"  height=\"600\"  scrolling=\"auto\"  frameborder=\"0\"  allowtransparency=\"true\"  loading=\"lazy\"  style=\";width:100%;height:600px;\"  allowfullscreen  onload=';aiResizeIframe(this, &quot;false&quot;,&quot;1&quot;);' ><\/iframe><script type=\"text\/javascript\">var ifrm_advanced_iframe = document.getElementById(\"advanced_iframe\");var hiddenTabsDoneadvanced_iframe = false;\r\nfunction resizeCallbackadvanced_iframe() {}<\/script><script type=\"text\/javascript\"><\/script><\/p>\n<\/div>\n<\/div>\n<div class=\"tab\">\n<h3 class=\"tab-title\" data-tab-id=\"pokal-historie\">Pokal-Historie<\/h3>\n<div id=\"tab-pokal-historie\" class=\"tab-content\">\n<p><strong>1980 SV Bokeloh<\/strong> (SV Bokeloh &#8211; SV Bawinkel 1:0)<br \/>\n<strong>1981 TuS Haren<\/strong> (TuS Haren &#8211; SF Schwefingen 2:0)<br \/>\n<strong>1982 Viktr. Ahlen-Steinbild<\/strong> (Viktr. Ahlen-Steinbild &#8211; SV Gr. Hesepe 5:2)<br \/>\n<strong>1983 Germ. Papenburg<\/strong> (Germ. Papenburg &#8211; FC Leschede 4:1)<br \/>\n<strong>1984 Germ. Thuine<\/strong> (Germ. Thuine &#8211; Viktr. Ahlen-Steinbild 5:4)<br \/>\n<strong>1985 Eintr. B\u00f6rger<\/strong> (Eintr. B\u00f6rger &#8211; Conc. Emsb\u00fcren 2:1)<br \/>\n<strong>1986 Eintr. B\u00f6rger<\/strong> (Eintr. B\u00f6rger &#8211; SV Dohren 8:1)<br \/>\n<strong>1987 Grenzl. Twist<\/strong> (Grenzl. Twist &#8211; Fort. Beesten 3:1)<br \/>\n<strong>1988 SV Eisten-H\u00fcven<\/strong> (SV Eisten-H\u00fcven &#8211; Eintr. Ber\u00dfen 1:0)<br \/>\n<strong>1989 Eintr. Ber\u00dfen<\/strong> (Eintr. Ber\u00dfen &#8211; DJK Geeste 2:1)<br \/>\n<strong>1990 Union Meppen<\/strong> (Union Meppen &#8211; Raspo Lathen 5:0)<br \/>\n<strong>1991 Union Meppen<\/strong> (Union Meppen &#8211; Eintr. Ber\u00dfen 2:1)<br \/>\n<strong>1992 SV Eisten-H\u00fcven<\/strong> (SV Eisten-H\u00fcven &#8211; SV Holte 1:0)<br \/>\n<strong>1993 SV Teglingen<\/strong> (SV Tegelingen &#8211; SV B\u00f6rgerwald 1:0)<br \/>\n<strong>1994 SV Lengerich-H.<\/strong> (SV Lengerich-H. &#8211; Eintr. Ber\u00dfen 2:1)<br \/>\n<strong>1995 SV Erika-Altenberge<\/strong> (SV Erika-Altenberge &#8211; VfL Emslage 3:2)<br \/>\n<strong>1996 SC Baccum<\/strong> (SC Baccum &#8211; SG L\u00e4hden 4:2)<br \/>\n<strong>1997 Eintr. Schepsdorf<\/strong> (Eintr. Schepsdorf &#8211; SV Surwold 6:5)<br \/>\n<strong>1998 BW D\u00f6rpen<\/strong> (BW D\u00f6rpen &#8211; Germ. Thuine 2:0)<br \/>\n<strong>1999 FC Bramhar<\/strong> (FC Brambar &#8211; SV Dohren 3:2)<br \/>\n<strong>2000 SuS Darme<\/strong> (SuS Darme &#8211; SV Esterwegen 3:1)<br \/>\n<strong>2001 Hasel\u00fcnner SV<\/strong> (Hasel\u00fcnner SV &#8211; GW Dersum )<br \/>\n<strong>2002 SuS Darme<\/strong> (SuS Darme &#8211; BW D\u00f6rpen 3:1)<br \/>\n<strong>2003 Union Meppen<\/strong> (Union Meppen &#8211; SV Holthausen-B. 2 5:4)<br \/>\n<strong>2004 SV Holthausen-B. 2<\/strong> (SV Holthausen-B. 2 &#8211; VfL Herzlake 3:0)<br \/>\n<strong>2005 Alem. Salzbergen<\/strong> (Alema. Salzbergen &#8211; SG Bramsche 5:1)<br \/>\n<strong>2006 Sparta Werlte<\/strong> (Sparta Werlte &#8211; ASV Altenlingen 1:0)<br \/>\n<strong>2007 Grenzl. Twist<\/strong> (Grenzl. Twist &#8211; SC Baccum 3:0)<br \/>\n<strong>2008 VfL Emslage<\/strong> (VfL Emslage &#8211; Voran Br\u00f6gbern 3:0)<br \/>\n<strong>2009 SC Baccum <\/strong>(SC Baccum &#8211; Adler Messingen 3:0)<br \/>\n<strong>2010 VfL Herzlake<\/strong> (VfL Herzlake &#8211; SV Holte 6:0)<br \/>\n<strong>2011 SF Schwefingen<\/strong> (SF Schwefingen &#8211; SW Varenrode 6:5)<br \/>\n<strong>2012 FC Schapen<\/strong> (FC Schapen &#8211; VfL Emslage 2:1)<br \/>\n<strong>2013 RW Heede<\/strong> (RW Heede &#8211; VfL Emslage 2:0)<br \/>\n<strong>2014 VfL Emslage<\/strong> (VfL Emslage &#8211; TuS Haren 2:0)<br \/>\n<strong>2015 FC Wesuwe<\/strong> (FC Wesuwe &#8211; SV Langen 4:1 n. E.)<br \/>\n<strong>2016 VfL Herzlake<\/strong> (VfL Herzlake &#8211; SW Varenode 3:1)<br \/>\n<strong>2017 SG Freren<\/strong> (SG Freren &#8211; DJK Geeste 2:1)<br \/>\n<strong>2018 TuS Aschendorf<\/strong> (TuS Aschendorf &#8211; BW Lorup 4:1 n. E.)<br \/>\n<strong>2019 A. Salzbergen<\/strong> (A. Salzbergen &#8211; Grenzl. Twist 2:1 n. E.)<\/p>\n<\/div>\n<\/div>\n<div class=\"tab\">\n<h3 class=\"tab-title\" data-tab-id=\"pokal-statistik\">Pokal-Statistik<\/h3>\n<div id=\"tab-pokal-statistik\" class=\"tab-content\">\n<p><strong>Endspielteilnahmen<\/strong><br \/>\nVfL Emslage 5 &#8211; 2 x Pokalsieger (2008, 2014)<br \/>\nEintr. Ber\u00dfen 4 &#8211; 1 x Pokalsieger (1989)<br \/>\nUnion Meppen 3 &#8211; 3 x Pokalsieger (1990, 1991, 2003)<br \/>\nSC Baccum 3 &#8211; 2 x Pokalsieger (1996, 2009)<br \/>\nVfL Herzlake 3 &#8211; 2 x Pokalsieger (2010, 2016)<br \/>\nGrenzl. Twist 3 &#8211; 2 x Pokalsieger (1987, 2007)<\/p>\n<p><strong>VfL Emslage<\/strong> stand dreimal hintereinander im Finale (2012, 2013 und 2014)<\/p>\n<p><strong>H\u00f6chste Siege<\/strong><br \/>\n1986 Eintr. B\u00f6rger &#8211; SV Dohren 8:1<br \/>\n2010 VfL Herzake &#8211; SV Holte 6:0<br \/>\n1990 Union Meppen &#8211; Raspo Lathen 5:0<br \/>\n2005 Alema Salzbergen &#8211; SG Bramsche 5:1<\/p>\n<\/div>\n<\/div>\n<\/div>\n<div class=\"sharedaddy sd-sharing-enabled\"><div class=\"robots-nocontent sd-block sd-social sd-social-official sd-sharing\"><h3 class=\"sd-title\">Teilen mit:<\/h3><div class=\"sd-content\"><ul><li class=\"share-facebook\"><div class=\"fb-share-button\" data-href=\"http:\/\/www.emslandkicker.de\/?page_id=373\" data-layout=\"button_count\"><\/div><\/li><li class=\"share-twitter\"><a href=\"https:\/\/twitter.com\/share\" class=\"twitter-share-button\" data-url=\"http:\/\/www.emslandkicker.de\/?page_id=373\" data-text=\"Kreispokal 2015-16\" data-via=\"Emslandkicker\" >Tweet<\/a><\/li><li class=\"share-email\"><a rel=\"nofollow noopener noreferrer\" data-shared=\"\" class=\"share-email sd-button\" href=\"mailto:?subject=%5BGeteilter%20Beitrag%5D%20Kreispokal%202015-16&body=http%3A%2F%2Fwww.emslandkicker.de%2F%3Fpage_id%3D373&share=email\" target=\"_blank\" title=\"Click to email a link to a friend\" data-email-share-error-title=\"Do you have email set up?\" data-email-share-error-text=\"If you&#039;re having problems sharing via email, you might not have email set up for your browser. You may need to create a new email yourself.\" data-email-share-nonce=\"e39daee6c7\" data-email-share-track-url=\"http:\/\/www.emslandkicker.de\/?page_id=373&amp;share=email\"><span>E-Mail<\/span><\/a><\/li><li class=\"share-print\"><a rel=\"nofollow noopener noreferrer\" data-shared=\"\" class=\"share-print sd-button\" href=\"http:\/\/www.emslandkicker.de\/?page_id=373\" target=\"_blank\" title=\"Klicken zum Ausdrucken\" ><span>Drucken<\/span><\/a><\/li><li class=\"share-end\"><\/li><\/ul><\/div><\/div><\/div>","protected":false},"excerpt":{"rendered":"<div class=\"sharedaddy sd-sharing-enabled\"><div class=\"robots-nocontent sd-block sd-social sd-social-official sd-sharing\"><h3 class=\"sd-title\">Teilen mit:<\/h3><div class=\"sd-content\"><ul><li class=\"share-facebook\"><div class=\"fb-share-button\" data-href=\"http:\/\/www.emslandkicker.de\/?page_id=373\" data-layout=\"button_count\"><\/div><\/li><li class=\"share-twitter\"><a href=\"https:\/\/twitter.com\/share\" class=\"twitter-share-button\" data-url=\"http:\/\/www.emslandkicker.de\/?page_id=373\" data-text=\"Kreispokal 2015-16\" data-via=\"Emslandkicker\" >Tweet<\/a><\/li><li class=\"share-email\"><a rel=\"nofollow noopener noreferrer\" data-shared=\"\" class=\"share-email sd-button\" href=\"mailto:?subject=%5BGeteilter%20Beitrag%5D%20Kreispokal%202015-16&body=http%3A%2F%2Fwww.emslandkicker.de%2F%3Fpage_id%3D373&share=email\" target=\"_blank\" title=\"Click to email a link to a friend\" data-email-share-error-title=\"Do you have email set up?\" data-email-share-error-text=\"If you&#039;re having problems sharing via email, you might not have email set up for your browser. You may need to create a new email yourself.\" data-email-share-nonce=\"e39daee6c7\" data-email-share-track-url=\"http:\/\/www.emslandkicker.de\/?page_id=373&amp;share=email\"><span>E-Mail<\/span><\/a><\/li><li class=\"share-print\"><a rel=\"nofollow noopener noreferrer\" data-shared=\"\" class=\"share-print sd-button\" href=\"http:\/\/www.emslandkicker.de\/?page_id=373\" target=\"_blank\" title=\"Klicken zum Ausdrucken\" ><span>Drucken<\/span><\/a><\/li><li class=\"share-end\"><\/li><\/ul><\/div><\/div><\/div>","protected":false},"author":1,"featured_media":328,"parent":170,"menu_order":67,"comment_status":"open","ping_status":"open","template":"","meta":{"footnotes":""},"class_list":["post-373","page","type-page","status-publish","has-post-thumbnail","hentry"],"jetpack_sharing_enabled":true,"jetpack_shortlink":"https:\/\/wp.me\/P5etIj-61","jetpack-related-posts":[{"id":1549,"url":"http:\/\/www.emslandkicker.de\/?page_id=1549","url_meta":{"origin":373,"position":0},"title":"Kreispokal 2017-18","date":"28. Juni 2016","format":false,"excerpt":"","rel":"","context":"Similar post","img":{"alt_text":"","src":"","width":0,"height":0},"classes":[]},{"id":592,"url":"http:\/\/www.emslandkicker.de\/?page_id=592","url_meta":{"origin":373,"position":1},"title":"Meister 1. Kreisklasse bis 1995","date":"12. November 2014","format":false,"excerpt":"1.KK 1968-69 Tab. Info Nord Mitte VfL Herzlake S\u00fcd 1.KK 1969-70 Tab. Info Nord Mitte Germ. Twist S\u00fcd 1.KK 1970-71 Tab. Info Nord Mitte Grenzl. Twist S\u00fcd 1.KK 1971-72 Tab. Info Nord Mitte FC Wesuwe S\u00fcd 1.KK 1972-73 Tab. Info Nord Mitte Conc Sch\u00f6ninghsdorf S\u00fcd 1.KK 1973-74 Tab. Info Nord\u2026","rel":"","context":"Similar post","img":{"alt_text":"","src":"","width":0,"height":0},"classes":[]},{"id":614,"url":"http:\/\/www.emslandkicker.de\/?page_id=614","url_meta":{"origin":373,"position":2},"title":"Meister Bezirksklasse seit 1949-50","date":"13. November 2014","format":false,"excerpt":"Saison Bezirksklasse EL Tab. 1949-50 Hasel\u00fcnner SV 1950-51 TuS Lingen 1951-52 SV Dalum 1952-53 Hasel\u00fcnner SV 1953-54 TuS Lingen 1954-55 Union Meppen 1955-56 1956-57 SV Meppen 1957-58 1958-59 1959-60 Conc. Emsb\u00fcrren 1960-61 1961-62 Alem. Salzbergen 1962-63 Eintr. Nordhorn 2 1963-64 Amisia Papenburg 1964-65 SF Schwefingen 1965-66 Union Meppen 1966-67 Sparta\u2026","rel":"","context":"Similar post","img":{"alt_text":"","src":"","width":0,"height":0},"classes":[]},{"id":453,"url":"http:\/\/www.emslandkicker.de\/?page_id=453","url_meta":{"origin":373,"position":3},"title":"Kreisligameister bis 1995","date":"8. November 2014","format":false,"excerpt":"Kreisliga 1976-77 [Einf\u00fchrung der Kreisligen] Tab. Nord Mitte VfL Emslage S\u00fcd Kreisliga 1977-78 Nord Mitte SV Dalum S\u00fcd Kreisliga 1978-79 Nord Sigiltra S\u00f6gel Mitte DJK Fehndorf S\u00fcd Kreisliga 1979-80 Nord Germ. 08 Papenburg * Mitte SV Erika-A. S\u00fcd Germ. Thuine Kreisliga 1980-81 Nord FC Bockholte Mitte TuS Haren S\u00fcd SG\u2026","rel":"","context":"Similar post","img":{"alt_text":"","src":"","width":0,"height":0},"classes":[]},{"id":567,"url":"http:\/\/www.emslandkicker.de\/?page_id=567","url_meta":{"origin":373,"position":4},"title":"Tabelle Kreisliga Nord 1978-79","date":"11. November 2014","format":false,"excerpt":"Kreisliga Nord 1978-79 Pl Verein Sp Tore Diff. Pkt 1. Sigiltra S\u00f6gel 30 71 : 27 44 47 : 13 2. GW Spahnharrenst\u00e4tte 30 74 : 38 36 43 : 17 3. Germ. Papenburg 30 51 : 43 8 35 : 25 4. Raspo B\u00f6rgermoor 30 44 : 41 3\u2026","rel":"","context":"Similar post","img":{"alt_text":"","src":"","width":0,"height":0},"classes":[]},{"id":565,"url":"http:\/\/www.emslandkicker.de\/?page_id=565","url_meta":{"origin":373,"position":5},"title":"Tabelle Kreisliga Nord 1979-80","date":"11. November 2014","format":false,"excerpt":"Kreisliga Nord 1978-79 Pl Verein Sp Tore Diff. Pkt 1. Germ. Papenburg 30 99 : 48 51 45 : 15 2. FC Bockholte 30 82 : 44 38 43 : 17 3. SV B\u00f6rgerwald 30 72 : 49 23 37 : 23 4. Viktr. Ahlen-St. 30 69 : 51 18\u2026","rel":"","context":"Similar post","img":{"alt_text":"","src":"","width":0,"height":0},"classes":[]}],"jetpack_likes_enabled":true,"_links":{"self":[{"href":"http:\/\/www.emslandkicker.de\/index.php?rest_route=\/wp\/v2\/pages\/373","targetHints":{"allow":["GET"]}}],"collection":[{"href":"http:\/\/www.emslandkicker.de\/index.php?rest_route=\/wp\/v2\/pages"}],"about":[{"href":"http:\/\/www.emslandkicker.de\/index.php?rest_route=\/wp\/v2\/types\/page"}],"author":[{"embeddable":true,"href":"http:\/\/www.emslandkicker.de\/index.php?rest_route=\/wp\/v2\/users\/1"}],"replies":[{"embeddable":true,"href":"http:\/\/www.emslandkicker.de\/index.php?rest_route=%2Fwp%2Fv2%2Fcomments&post=373"}],"version-history":[{"count":5,"href":"http:\/\/www.emslandkicker.de\/index.php?rest_route=\/wp\/v2\/pages\/373\/revisions"}],"predecessor-version":[{"id":1811,"href":"http:\/\/www.emslandkicker.de\/index.php?rest_route=\/wp\/v2\/pages\/373\/revisions\/1811"}],"up":[{"embeddable":true,"href":"http:\/\/www.emslandkicker.de\/index.php?rest_route=\/wp\/v2\/pages\/170"}],"wp:featuredmedia":[{"embeddable":true,"href":"http:\/\/www.emslandkicker.de\/index.php?rest_route=\/wp\/v2\/media\/328"}],"wp:attachment":[{"href":"http:\/\/www.emslandkicker.de\/index.php?rest_route=%2Fwp%2Fv2%2Fmedia&parent=373"}],"curies":[{"name":"wp","href":"https:\/\/api.w.org\/{rel}","templated":true}]}}