{"id":420,"date":"2014-11-07T17:06:46","date_gmt":"2014-11-07T15:06:46","guid":{"rendered":"http:\/\/www.emslandkicker.de\/?page_id=420"},"modified":"2014-11-07T17:14:10","modified_gmt":"2014-11-07T15:14:10","slug":"fussball-nostalgie-emsland","status":"publish","type":"page","link":"http:\/\/www.emslandkicker.de\/?page_id=420","title":{"rendered":"Fu\u00dfball-Nostalgie Emsland"},"content":{"rendered":"<div class=\"pdfprnt-buttons pdfprnt-buttons-page pdfprnt-top-right\"><a href=\"http:\/\/www.emslandkicker.de\/index.php?rest_route=%2Fwp%2Fv2%2Fpages%2F420&print=pdf\" class=\"pdfprnt-button pdfprnt-button-pdf\" target=\"_blank\"><img decoding=\"async\" src=\"https:\/\/i0.wp.com\/www.emslandkicker.de\/wp-content\/plugins\/pdf-print\/images\/pdf.png?w=610\" alt=\"image_pdf\" title=\"View PDF\" data-recalc-dims=\"1\" \/><\/a><a href=\"http:\/\/www.emslandkicker.de\/index.php?rest_route=%2Fwp%2Fv2%2Fpages%2F420&print=print\" class=\"pdfprnt-button pdfprnt-button-print\" target=\"_blank\"><img decoding=\"async\" src=\"https:\/\/i0.wp.com\/www.emslandkicker.de\/wp-content\/plugins\/pdf-print\/images\/print.png?w=610\" alt=\"image_print\" title=\"Print Content\" data-recalc-dims=\"1\" \/><\/a><\/div><p>Das Emsland hat eine Traditionsreiche Vergangenheit und vor allem mit dem <strong>SV Meppen<\/strong> einen ehemaligen Zweitligisten in seinen Reihen. Meppen wurde mit dem <strong>Aufstieg 1986-87<\/strong> deutschlandweit bekannt und Toni Schumacher beteiligte sich auch unfreiwillig daran&#8230;<\/p>\n<p>Ich werde hier von Zeit zu Zeit <strong>Beitr\u00e4ge<\/strong> so wie <strong>Tabelle<\/strong> aus der Vergangenheit des Altkreis Mepppen und des Kreises Emslandes hier pr\u00e4sentieren&#8230;<\/p>\n<p>&nbsp;<\/p>\n<p>Diese Schlagzeile und Mannschaftsfoto waren in der Verlagsbeilage der Meppener Tageszeitung am 09.08.1986 zu lesen und abgebildet:<\/p>\n<p><strong>Wie weit ist der Weg zur Oberligaspitze f\u00fcr den SV Meppen noch?<\/strong><\/p>\n<p>Der 22k\u00f6pfige Kader, der sich im Vergelich zum Vorjahr weiter verst\u00e4rkt hat, blickt optimistisch in die neue Saison. Die Erwartungen sind hochgeschraubt. Aber eine gute Vergangeheit l\u00e4\u00dft auf einiges hoffen.<\/p>\n<p><img decoding=\"async\" src=\"https:\/\/i0.wp.com\/www.emslandkicker.de\/wp-content\/uploads\/nostalgie\/1986-87\/svm1986-87-700.jpg?w=610\" alt=\"Aufstiegsmannschaft SV Meppen 1986\" data-recalc-dims=\"1\" \/><\/p>\n<p><a href=\"http:\/\/www.emslandkicker.de\/wp-content\/uploads\/nostalgie\/1986-87\/svm1986-87big.jpg\" target=\"_blank\">Bild vergr\u00f6\u00dfern<\/a><\/p>\n<p><strong>Obere Reihe von links:<\/strong> Kapti\u00e4n Bernd Deters, Wolfgang Hohmann, Josef Menke, Matthias Mirtelj, Dietmar Sumann, Robert Toben, Martin van der P\u00fcttten, Herman Eiting<\/p>\n<p><strong>mittlere Reihe von links:<\/strong> Werner Rusche, Frank Faltin, Ansgar Pleus, Eckhard Vorhold, Reinhold Tatermusch, J\u00fcrgen Hohmann, J\u00fcrgen Otten, Gerd Heuermann, <strong>Trainer Rainer Persike<\/strong><\/p>\n<p><strong>untere Reihe von links:<\/strong> Horst Bruns, Andreas Aepken, Hermann R\u00fclander, Hubert Kopmann, J\u00fcrgen Meiners, Holger Drieling und Masseur Bernd Bohlen.<\/p>\n<p><strong>Schlagzeilen aus der gleichnamigen Verlagsbeilage 1985-86 und\u00a0 1986-87:<\/strong><\/p>\n<p><img decoding=\"async\" src=\"https:\/\/i0.wp.com\/www.emslandkicker.de\/wp-content\/uploads\/nostalgie\/1986-87\/svm1985-87-700.png?w=610\" alt=\"Aufstiegsmannschaft SV Meppen 1986\" data-recalc-dims=\"1\" \/><\/p>\n<div class=\"sharedaddy sd-sharing-enabled\"><div class=\"robots-nocontent sd-block sd-social sd-social-official sd-sharing\"><h3 class=\"sd-title\">Teilen mit:<\/h3><div class=\"sd-content\"><ul><li class=\"share-facebook\"><div class=\"fb-share-button\" data-href=\"http:\/\/www.emslandkicker.de\/?page_id=420\" data-layout=\"button_count\"><\/div><\/li><li class=\"share-twitter\"><a href=\"https:\/\/twitter.com\/share\" class=\"twitter-share-button\" data-url=\"http:\/\/www.emslandkicker.de\/?page_id=420\" data-text=\"Fu\u00dfball-Nostalgie Emsland\" data-via=\"Emslandkicker\" >Tweet<\/a><\/li><li class=\"share-email\"><a rel=\"nofollow noopener noreferrer\" data-shared=\"\" class=\"share-email sd-button\" href=\"mailto:?subject=%5BGeteilter%20Beitrag%5D%20Fu%C3%9Fball-Nostalgie%20Emsland&body=http%3A%2F%2Fwww.emslandkicker.de%2F%3Fpage_id%3D420&share=email\" target=\"_blank\" title=\"Click to email a link to a friend\" data-email-share-error-title=\"Do you have email set up?\" data-email-share-error-text=\"If you&#039;re having problems sharing via email, you might not have email set up for your browser. You may need to create a new email yourself.\" data-email-share-nonce=\"1a6a72d1d2\" data-email-share-track-url=\"http:\/\/www.emslandkicker.de\/?page_id=420&amp;share=email\"><span>E-Mail<\/span><\/a><\/li><li class=\"share-print\"><a rel=\"nofollow noopener noreferrer\" data-shared=\"\" class=\"share-print sd-button\" href=\"http:\/\/www.emslandkicker.de\/?page_id=420\" target=\"_blank\" title=\"Klicken zum Ausdrucken\" ><span>Drucken<\/span><\/a><\/li><li class=\"share-end\"><\/li><\/ul><\/div><\/div><\/div>","protected":false},"excerpt":{"rendered":"<p>Das Emsland hat eine Traditionsreiche Vergangenheit und vor allem mit dem SV Meppen einen ehemaligen Zweitligisten in seinen Reihen. Meppen wurde mit dem Aufstieg 1986-87 deutschlandweit bekannt und Toni Schumacher beteiligte sich auch unfreiwillig daran&#8230; Ich werde hier von Zeit zu Zeit Beitr\u00e4ge so wie Tabelle aus der Vergangenheit des Altkreis Mepppen und des Kreises [&hellip;]<\/p>\n<div class=\"sharedaddy sd-sharing-enabled\"><div class=\"robots-nocontent sd-block sd-social sd-social-official sd-sharing\"><h3 class=\"sd-title\">Teilen mit:<\/h3><div class=\"sd-content\"><ul><li class=\"share-facebook\"><div class=\"fb-share-button\" data-href=\"http:\/\/www.emslandkicker.de\/?page_id=420\" data-layout=\"button_count\"><\/div><\/li><li class=\"share-twitter\"><a href=\"https:\/\/twitter.com\/share\" class=\"twitter-share-button\" data-url=\"http:\/\/www.emslandkicker.de\/?page_id=420\" data-text=\"Fu\u00dfball-Nostalgie Emsland\" data-via=\"Emslandkicker\" >Tweet<\/a><\/li><li class=\"share-email\"><a rel=\"nofollow noopener noreferrer\" data-shared=\"\" class=\"share-email sd-button\" href=\"mailto:?subject=%5BGeteilter%20Beitrag%5D%20Fu%C3%9Fball-Nostalgie%20Emsland&body=http%3A%2F%2Fwww.emslandkicker.de%2F%3Fpage_id%3D420&share=email\" target=\"_blank\" title=\"Click to email a link to a friend\" data-email-share-error-title=\"Do you have email set up?\" data-email-share-error-text=\"If you&#039;re having problems sharing via email, you might not have email set up for your browser. You may need to create a new email yourself.\" data-email-share-nonce=\"1a6a72d1d2\" data-email-share-track-url=\"http:\/\/www.emslandkicker.de\/?page_id=420&amp;share=email\"><span>E-Mail<\/span><\/a><\/li><li class=\"share-print\"><a rel=\"nofollow noopener noreferrer\" data-shared=\"\" class=\"share-print sd-button\" href=\"http:\/\/www.emslandkicker.de\/?page_id=420\" target=\"_blank\" title=\"Klicken zum Ausdrucken\" ><span>Drucken<\/span><\/a><\/li><li class=\"share-end\"><\/li><\/ul><\/div><\/div><\/div>","protected":false},"author":1,"featured_media":203,"parent":0,"menu_order":16,"comment_status":"open","ping_status":"open","template":"","meta":{"footnotes":""},"class_list":["post-420","page","type-page","status-publish","has-post-thumbnail","hentry"],"jetpack_sharing_enabled":true,"jetpack_shortlink":"https:\/\/wp.me\/P5etIj-6M","jetpack-related-posts":[{"id":251,"url":"http:\/\/www.emslandkicker.de\/?page_id=251","url_meta":{"origin":420,"position":0},"title":"SV Meppen","date":"23. Oktober 2014","format":false,"excerpt":"","rel":"","context":"Similar post","img":{"alt_text":"","src":"","width":0,"height":0},"classes":[]},{"id":483,"url":"http:\/\/www.emslandkicker.de\/?page_id=483","url_meta":{"origin":420,"position":1},"title":"Kreisliga 1991-92","date":"9. November 2014","format":false,"excerpt":"Wer stoppt den SV Holte? Schleper in Lauerstellung - SV Teglingen Geheimfavorit Dreimal belegte der SV Holte in den vergangenen vier Jahren den zweiten Tabellenrang, wobei in der Saison 1988\/89 der Sprung in die Bezirksklasse erst im Qualifikationsspiel gegen Eintr. Nordhorn 2 denkbar knapp verfehlt wurde. Diesmal aber wollen es\u2026","rel":"","context":"Similar post","img":{"alt_text":"","src":"","width":0,"height":0},"classes":[]},{"id":497,"url":"http:\/\/www.emslandkicker.de\/?page_id=497","url_meta":{"origin":420,"position":2},"title":"Kreisligameister seit 1996","date":"10. November 2014","format":false,"excerpt":"Kreisliga Emsland 1995-96\u00a0 [Einf\u00fchrung der Kreisliga Emsland] Eintr. Neulangen Oly. Laxten 2 Kreisliga Emsland 1996-97 SV Bawinkel SV Surwold Kreisliga Emsland 1997-98 Sigiltra S\u00f6gel SC Spelle-V. 2 Conc. Emsb\u00fcren Kreisliga Emsland 1998-99 FC Leschede BW D\u00f6rpen Kreisliga Emsland 1999-00 SV Esterwegen Alemannia Salzbergen Grenzl. Twist Kreisliga Emsland 2000-01 FC Schapen\u2026","rel":"","context":"Similar post","img":{"alt_text":"","src":"","width":0,"height":0},"classes":[]},{"id":493,"url":"http:\/\/www.emslandkicker.de\/?page_id=493","url_meta":{"origin":420,"position":3},"title":"Kreisliga 1990-91","date":"10. November 2014","format":false,"excerpt":"Union Meppen am Ziel SV Holte wieder nur Zweiter - Nach dem 1:0-Erfolg in Erika-Altenberge Nach zweij\u00e4hriger Kreisligazugeh\u00f6rigkeit hat es Union Meppen geschafft. Durch verdienten 1:0-Ausw\u00e4rtserfolg beim SV Erika-Altenberge sicherte sich das Polke-Team die Meisterschaft und den Aufstieg in die Bezirksklasse V. Trotz des 5:2-Erfolges in Hesepe mu\u00dfte sich Verfolger\u2026","rel":"","context":"Similar post","img":{"alt_text":"","src":"","width":0,"height":0},"classes":[]},{"id":678,"url":"http:\/\/www.emslandkicker.de\/?page_id=678","url_meta":{"origin":420,"position":4},"title":"Tabelle Kreisliga Meppen 1978-79","date":"14. November 2014","format":false,"excerpt":"Kreisliga Meppen 1978-79 Pl. Verein Sp Tore Diff Pkt. 1. DJK Fehndorf 30 66 : 34 32 45 : 15 2. Hasel\u00fcnner SV 2 30 66 : 30 36 44 : 16 3. SV Erika-A. 30 73 : 37 36 39 : 21 4. TuS Haren 30 61 : 47\u2026","rel":"","context":"Similar post","img":{"alt_text":"","src":"","width":0,"height":0},"classes":[]},{"id":655,"url":"http:\/\/www.emslandkicker.de\/?page_id=655","url_meta":{"origin":420,"position":5},"title":"SV Meppen schnupperte Bundesligaluft","date":"13. November 2014","format":false,"excerpt":"Bundesligaluft schnuppert der SV Meppen in D\u00f6rpen, wo die Emsl\u00e4nder den Dortmunder Borussen ein 1: 1 abtrotzen. Unser Foto zeigt die beiden Mannschaftskapit\u00e4ne Bernd Deters (links) und Dirk Hupe beim freundschaftlichen Shakehands vor Beginn der spannenden Partie. Rund 1850 Zuschauer erlebten einen klug aufspielenden SV Meppen, der sich sich mit\u2026","rel":"","context":"Similar post","img":{"alt_text":"","src":"","width":0,"height":0},"classes":[]}],"jetpack_likes_enabled":true,"_links":{"self":[{"href":"http:\/\/www.emslandkicker.de\/index.php?rest_route=\/wp\/v2\/pages\/420","targetHints":{"allow":["GET"]}}],"collection":[{"href":"http:\/\/www.emslandkicker.de\/index.php?rest_route=\/wp\/v2\/pages"}],"about":[{"href":"http:\/\/www.emslandkicker.de\/index.php?rest_route=\/wp\/v2\/types\/page"}],"author":[{"embeddable":true,"href":"http:\/\/www.emslandkicker.de\/index.php?rest_route=\/wp\/v2\/users\/1"}],"replies":[{"embeddable":true,"href":"http:\/\/www.emslandkicker.de\/index.php?rest_route=%2Fwp%2Fv2%2Fcomments&post=420"}],"version-history":[{"count":0,"href":"http:\/\/www.emslandkicker.de\/index.php?rest_route=\/wp\/v2\/pages\/420\/revisions"}],"wp:featuredmedia":[{"embeddable":true,"href":"http:\/\/www.emslandkicker.de\/index.php?rest_route=\/wp\/v2\/media\/203"}],"wp:attachment":[{"href":"http:\/\/www.emslandkicker.de\/index.php?rest_route=%2Fwp%2Fv2%2Fmedia&parent=420"}],"curies":[{"name":"wp","href":"https:\/\/api.w.org\/{rel}","templated":true}]}}