{"id":453,"date":"2014-11-08T17:40:11","date_gmt":"2014-11-08T15:40:11","guid":{"rendered":"http:\/\/www.emslandkicker.de\/?page_id=453"},"modified":"2014-11-22T18:11:21","modified_gmt":"2014-11-22T16:11:21","slug":"kreisligameister","status":"publish","type":"page","link":"http:\/\/www.emslandkicker.de\/?page_id=453","title":{"rendered":"Kreisligameister bis 1995"},"content":{"rendered":"<div class=\"pdfprnt-buttons pdfprnt-buttons-page pdfprnt-top-right\"><a href=\"http:\/\/www.emslandkicker.de\/index.php?rest_route=%2Fwp%2Fv2%2Fpages%2F453&print=pdf\" class=\"pdfprnt-button pdfprnt-button-pdf\" target=\"_blank\"><img decoding=\"async\" src=\"https:\/\/i0.wp.com\/www.emslandkicker.de\/wp-content\/plugins\/pdf-print\/images\/pdf.png?w=610\" alt=\"image_pdf\" title=\"View PDF\" data-recalc-dims=\"1\" \/><\/a><a href=\"http:\/\/www.emslandkicker.de\/index.php?rest_route=%2Fwp%2Fv2%2Fpages%2F453&print=print\" class=\"pdfprnt-button pdfprnt-button-print\" target=\"_blank\"><img decoding=\"async\" src=\"https:\/\/i0.wp.com\/www.emslandkicker.de\/wp-content\/plugins\/pdf-print\/images\/print.png?w=610\" alt=\"image_print\" title=\"Print Content\" data-recalc-dims=\"1\" \/><\/a><\/div><table width=\"50%\" cellspacing=\"5\" cellpadding=\"0\">\n<tbody>\n<tr>\n<td bgcolor=\"#CCCCCC\"><strong>Kreisliga 1976-77 <\/strong><\/p>\n<h6>[Einf\u00fchrung der Kreisligen]<\/h6>\n<\/td>\n<td bgcolor=\"#CCCCCC\"><\/td>\n<td style=\"text-align: right;\" bgcolor=\"#CCCCCC\">\n<div align=\"center\">Tab.<\/div>\n<\/td>\n<td style=\"text-align: right;\" bgcolor=\"#CCCCCC\"><\/td>\n<\/tr>\n<tr>\n<td>Nord<\/td>\n<td><\/td>\n<td style=\"text-align: right;\"><\/td>\n<td style=\"text-align: right;\"><\/td>\n<\/tr>\n<tr>\n<td>Mitte<\/td>\n<td>VfL Emslage<\/td>\n<td>\n<div align=\"center\"><a title=\"Tabelle KL 1976-77\" href=\"http:\/\/www.emslandkicker.de\/?page_id=673\"><img decoding=\"async\" src=\"https:\/\/i0.wp.com\/www.emslandkicker.de\/wp-content\/uploads\/nostalgie\/icons\/tab24.png?w=610\" alt=\"Tabelle Kreisliga\" data-recalc-dims=\"1\" \/><\/a><\/div>\n<\/td>\n<td><\/td>\n<\/tr>\n<tr>\n<td>S\u00fcd<\/td>\n<td><\/td>\n<td><\/td>\n<td><\/td>\n<\/tr>\n<tr>\n<td><\/td>\n<td><\/td>\n<td><\/td>\n<td><\/td>\n<\/tr>\n<tr>\n<td bgcolor=\"#CCCCCC\"><strong>Kreisliga 1977-78<\/strong><\/td>\n<td bgcolor=\"#CCCCCC\"><\/td>\n<td style=\"text-align: right;\" bgcolor=\"#CCCCCC\"><\/td>\n<td style=\"text-align: right;\" bgcolor=\"#CCCCCC\"><\/td>\n<\/tr>\n<tr>\n<td>Nord<\/td>\n<td><\/td>\n<td style=\"text-align: right;\"><\/td>\n<td style=\"text-align: right;\"><\/td>\n<\/tr>\n<tr>\n<td>Mitte<\/td>\n<td>SV Dalum<\/td>\n<td>\n<div align=\"center\"><a title=\"Tabelle KL 1977-78\" href=\"http:\/\/www.emslandkicker.de\/?page_id=675\"><img decoding=\"async\" src=\"https:\/\/i0.wp.com\/www.emslandkicker.de\/wp-content\/uploads\/nostalgie\/icons\/tab24.png?w=610\" alt=\"Tabelle Kreisliga\" data-recalc-dims=\"1\" \/><\/a><\/div>\n<\/td>\n<td><\/td>\n<\/tr>\n<tr>\n<td>S\u00fcd<\/td>\n<td><\/td>\n<td><\/td>\n<td><\/td>\n<\/tr>\n<tr>\n<td><\/td>\n<td><\/td>\n<td><\/td>\n<td><\/td>\n<\/tr>\n<tr>\n<td bgcolor=\"#CCCCCC\"><strong>Kreisliga 1978-79<\/strong><\/td>\n<td bgcolor=\"#CCCCCC\"><\/td>\n<td style=\"text-align: right;\" bgcolor=\"#CCCCCC\"><\/td>\n<td style=\"text-align: right;\" bgcolor=\"#CCCCCC\"><\/td>\n<\/tr>\n<tr>\n<td>Nord<\/td>\n<td>Sigiltra S\u00f6gel<\/td>\n<td style=\"text-align: right;\">\n<div align=\"center\"><a title=\"Tabelle KL 1978-79\" href=\"http:\/\/www.emslandkicker.de\/?page_id=567\"><img decoding=\"async\" src=\"https:\/\/i0.wp.com\/www.emslandkicker.de\/wp-content\/uploads\/nostalgie\/icons\/tab24.png?w=610\" alt=\"Tabelle Kreisliga\" data-recalc-dims=\"1\" \/><\/a><\/div>\n<\/td>\n<td style=\"text-align: right;\"><\/td>\n<\/tr>\n<tr>\n<td>Mitte<\/td>\n<td>DJK Fehndorf<\/td>\n<td>\n<div align=\"center\"><a title=\"Tabelle Kl 1978-79\" href=\"http:\/\/www.emslandkicker.de\/?page_id=678\"><img decoding=\"async\" src=\"https:\/\/i0.wp.com\/www.emslandkicker.de\/wp-content\/uploads\/nostalgie\/icons\/tab24.png?w=610\" alt=\"Tabelle Kreisliga\" data-recalc-dims=\"1\" \/><\/a><\/div>\n<\/td>\n<td><\/td>\n<\/tr>\n<tr>\n<td>S\u00fcd<\/td>\n<td><\/td>\n<td><\/td>\n<td><\/td>\n<\/tr>\n<tr>\n<td><\/td>\n<td><\/td>\n<td><\/td>\n<td><\/td>\n<\/tr>\n<tr>\n<td bgcolor=\"#CCCCCC\"><strong>Kreisliga 1979-80<\/strong><\/td>\n<td bgcolor=\"#CCCCCC\"><\/td>\n<td style=\"text-align: right;\" bgcolor=\"#CCCCCC\"><\/td>\n<td style=\"text-align: right;\" bgcolor=\"#CCCCCC\"><\/td>\n<\/tr>\n<tr>\n<td>Nord<\/td>\n<td>Germ. 08 Papenburg<\/td>\n<td style=\"text-align: right;\">\n<div align=\"center\"><a title=\"Tabelle KL 1979-80\" href=\"http:\/\/www.emslandkicker.de\/?page_id=565\"><img decoding=\"async\" src=\"https:\/\/i0.wp.com\/www.emslandkicker.de\/wp-content\/uploads\/nostalgie\/icons\/tab24.png?w=610\" alt=\"Tabelle Kreisliga\" data-recalc-dims=\"1\" \/><\/a><\/div>\n<\/td>\n<td style=\"text-align: right;\">*<\/td>\n<\/tr>\n<tr>\n<td>Mitte<\/td>\n<td>SV Erika-A.<\/td>\n<td>\n<div align=\"center\"><a title=\"Tabelle KL 1979-80\" href=\"http:\/\/www.emslandkicker.de\/?page_id=680\"><img decoding=\"async\" src=\"https:\/\/i0.wp.com\/www.emslandkicker.de\/wp-content\/uploads\/nostalgie\/icons\/tab24.png?w=610\" alt=\"Tabelle Kreisliga\" data-recalc-dims=\"1\" \/><\/a><\/div>\n<\/td>\n<td><\/td>\n<\/tr>\n<tr>\n<td>S\u00fcd<\/td>\n<td>Germ. Thuine<\/td>\n<td><\/td>\n<td><\/td>\n<\/tr>\n<tr>\n<td><\/td>\n<td><\/td>\n<td><\/td>\n<td><\/td>\n<\/tr>\n<tr>\n<td bgcolor=\"#CCCCCC\"><strong>Kreisliga 1980-81<\/strong><\/td>\n<td bgcolor=\"#CCCCCC\"><\/td>\n<td style=\"text-align: right;\" bgcolor=\"#CCCCCC\"><\/td>\n<td style=\"text-align: right;\" bgcolor=\"#CCCCCC\"><\/td>\n<\/tr>\n<tr>\n<td>Nord<\/td>\n<td>FC Bockholte<\/td>\n<td>\n<div align=\"center\"><a title=\"Tabelle KL 1980-81\" href=\"http:\/\/www.emslandkicker.de\/?page_id=569\"><img decoding=\"async\" src=\"https:\/\/i0.wp.com\/www.emslandkicker.de\/wp-content\/uploads\/nostalgie\/icons\/tab24.png?w=610\" alt=\"Tabelle Kreisliga\" data-recalc-dims=\"1\" \/><\/a><\/div>\n<\/td>\n<td><\/td>\n<\/tr>\n<tr>\n<td>Mitte<\/td>\n<td>TuS Haren<\/td>\n<td>\n<div align=\"center\"><a title=\"Tabelle KL 1980-81\" href=\"http:\/\/www.emslandkicker.de\/?page_id=682\"><img decoding=\"async\" src=\"https:\/\/i0.wp.com\/www.emslandkicker.de\/wp-content\/uploads\/nostalgie\/icons\/tab24.png?w=610\" alt=\"Tabelle Kreisliga\" data-recalc-dims=\"1\" \/><\/a><\/div>\n<\/td>\n<td><\/td>\n<\/tr>\n<tr>\n<td>S\u00fcd<\/td>\n<td>SG Freren<\/td>\n<td>\n<div align=\"center\"><a title=\"Tabelle KL 1980-81\" href=\"http:\/\/www.emslandkicker.de\/?page_id=684\"><img decoding=\"async\" src=\"https:\/\/i0.wp.com\/www.emslandkicker.de\/wp-content\/uploads\/nostalgie\/icons\/tab24.png?w=610\" alt=\"Tabelle Kreisliga\" data-recalc-dims=\"1\" \/><\/a><\/div>\n<\/td>\n<td><\/td>\n<\/tr>\n<tr>\n<td><\/td>\n<td><\/td>\n<td><\/td>\n<td><\/td>\n<\/tr>\n<tr>\n<td bgcolor=\"#CCCCCC\"><strong>Kreisliga 1981-82<\/strong><\/p>\n<h6>[Ligareform]<\/h6>\n<\/td>\n<td bgcolor=\"#CCCCCC\"><\/td>\n<td style=\"text-align: right;\" bgcolor=\"#CCCCCC\"><\/td>\n<td style=\"text-align: right;\" bgcolor=\"#CCCCCC\"><\/td>\n<\/tr>\n<tr>\n<td>Nord<\/td>\n<td>Raspo Lathen<\/td>\n<td>\n<div align=\"center\"><a title=\"Tabelle KL 1981-82\" href=\"http:\/\/www.emslandkicker.de\/?page_id=571\"><img decoding=\"async\" src=\"https:\/\/i0.wp.com\/www.emslandkicker.de\/wp-content\/uploads\/nostalgie\/icons\/tab24.png?w=610\" alt=\"Tabelle Kreisliga\" data-recalc-dims=\"1\" \/><\/a><\/div>\n<\/td>\n<td><\/td>\n<\/tr>\n<tr>\n<td>S\u00fcd<\/td>\n<td>SF Schwefingen<\/td>\n<td><\/td>\n<td><\/td>\n<\/tr>\n<tr>\n<td><\/td>\n<td><\/td>\n<td><\/td>\n<td><\/td>\n<\/tr>\n<tr>\n<td bgcolor=\"#CCCCCC\"><strong>Kreisliga 1982-83<\/strong><\/td>\n<td bgcolor=\"#CCCCCC\"><\/td>\n<td style=\"text-align: right;\" bgcolor=\"#CCCCCC\"><\/td>\n<td style=\"text-align: right;\" bgcolor=\"#CCCCCC\"><\/td>\n<\/tr>\n<tr>\n<td>Nord<\/td>\n<td>Germ. 08 Papenburg<\/td>\n<td style=\"text-align: right;\">\n<div align=\"center\"><a title=\"Tabelle KL 1982-83\" href=\"http:\/\/www.emslandkicker.de\/?page_id=573\"><img decoding=\"async\" src=\"https:\/\/i0.wp.com\/www.emslandkicker.de\/wp-content\/uploads\/nostalgie\/icons\/tab24.png?w=610\" alt=\"Tabelle Kreisliga\" data-recalc-dims=\"1\" \/><\/a><\/div>\n<\/td>\n<td style=\"text-align: right;\">*<\/td>\n<\/tr>\n<tr>\n<td>S\u00fcd<\/td>\n<td>Grenzl. Twist<\/td>\n<td><\/td>\n<td><\/td>\n<\/tr>\n<tr>\n<td><\/td>\n<td><\/td>\n<td><\/td>\n<td><\/td>\n<\/tr>\n<tr>\n<td bgcolor=\"#CCCCCC\"><strong>Kreisliga 1983-84<\/strong><\/td>\n<td bgcolor=\"#CCCCCC\"><\/td>\n<td bgcolor=\"#CCCCCC\"><\/td>\n<td bgcolor=\"#CCCCCC\"><\/td>\n<\/tr>\n<tr>\n<td>Nord<\/td>\n<td>SV B\u00f6rgerwald<\/td>\n<td style=\"text-align: right;\"><\/td>\n<td style=\"text-align: right;\">*<\/td>\n<\/tr>\n<tr>\n<td>S\u00fcd<\/td>\n<td>SV Holthausen-B.<\/td>\n<td><\/td>\n<td><\/td>\n<\/tr>\n<tr>\n<td><\/td>\n<td><\/td>\n<td><\/td>\n<td><\/td>\n<\/tr>\n<tr>\n<td bgcolor=\"#CCCCCC\"><strong>Kreisliga 1984-85<\/strong><\/p>\n<h6>[Ligareform]<\/h6>\n<\/td>\n<td bgcolor=\"#CCCCCC\"><\/td>\n<td bgcolor=\"#CCCCCC\"><\/td>\n<td bgcolor=\"#CCCCCC\"><\/td>\n<\/tr>\n<tr>\n<td>Nord<\/td>\n<td>SG Walchum-H.<\/td>\n<td><\/td>\n<td><\/td>\n<\/tr>\n<tr>\n<td>Mitte<\/td>\n<td>SV Meppen 2<\/td>\n<td>\n<div align=\"center\"><a title=\"Tabelle KL 1984-85\" href=\"http:\/\/www.emslandkicker.de\/?page_id=731\"><img decoding=\"async\" src=\"https:\/\/i0.wp.com\/www.emslandkicker.de\/wp-content\/uploads\/nostalgie\/icons\/tab24.png?w=610\" alt=\"Tabelle Kreisliga\" data-recalc-dims=\"1\" \/><\/a><\/div>\n<\/td>\n<td><\/td>\n<\/tr>\n<tr>\n<td>S\u00fcd<\/td>\n<td>Eintr. Schepsdorf<\/td>\n<td><\/td>\n<td><\/td>\n<\/tr>\n<tr>\n<td><\/td>\n<td><\/td>\n<td><\/td>\n<td><\/td>\n<\/tr>\n<tr>\n<td bgcolor=\"#CCCCCC\"><strong>Kreisliga 1985-86<\/strong><\/td>\n<td bgcolor=\"#CCCCCC\"><\/td>\n<td bgcolor=\"#CCCCCC\"><\/td>\n<td bgcolor=\"#CCCCCC\"><\/td>\n<\/tr>\n<tr>\n<td>Nord<\/td>\n<td>RW Heede<\/td>\n<td><\/td>\n<td><\/td>\n<\/tr>\n<tr>\n<td>Mitte<\/td>\n<td>SV Neuringe<\/td>\n<td>\n<div align=\"center\"><a title=\"Tabelle KL 1985-86\" href=\"http:\/\/www.emslandkicker.de\/?page_id=626\"><img decoding=\"async\" src=\"https:\/\/i0.wp.com\/www.emslandkicker.de\/wp-content\/uploads\/nostalgie\/icons\/tab24.png?w=610\" alt=\"Tabelle Kreisliga\" data-recalc-dims=\"1\" \/><\/a><\/div>\n<\/td>\n<td><\/td>\n<\/tr>\n<tr>\n<td>S\u00fcd<\/td>\n<td>Conc. Langen<\/td>\n<td><\/td>\n<td><\/td>\n<\/tr>\n<tr>\n<td><\/td>\n<td><\/td>\n<td><\/td>\n<td><\/td>\n<\/tr>\n<tr>\n<td bgcolor=\"#ccccccc\"><strong>Kreisliga 1986-87<\/strong><\/td>\n<td bgcolor=\"#ccccccc\"><\/td>\n<td bgcolor=\"#ccccccc\"><\/td>\n<td bgcolor=\"#ccccccc\"><\/td>\n<\/tr>\n<tr>\n<td>Nord<\/td>\n<td>SV Esterwegen<\/td>\n<td><\/td>\n<td><\/td>\n<\/tr>\n<tr>\n<td>Mitte<\/td>\n<td>SV Dalum<\/td>\n<td><\/td>\n<td><\/td>\n<\/tr>\n<tr>\n<td>S\u00fcd<\/td>\n<td>SV Bawinkel<\/td>\n<td><\/td>\n<td><\/td>\n<\/tr>\n<tr>\n<td><\/td>\n<td><\/td>\n<td><\/td>\n<td><\/td>\n<\/tr>\n<tr>\n<td bgcolor=\"#CCCCCC\"><strong>Kreisliga 1987-88<\/strong><\/td>\n<td bgcolor=\"#CCCCCC\"><\/td>\n<td bgcolor=\"#CCCCCC\"><\/td>\n<td bgcolor=\"#CCCCCC\"><\/td>\n<\/tr>\n<tr>\n<td>Nord<\/td>\n<td>SV B\u00f6rgerwald<\/td>\n<td style=\"text-align: right;\"><\/td>\n<td style=\"text-align: right;\">*<\/td>\n<\/tr>\n<tr>\n<td>Mitte<\/td>\n<td>GW Lehrte<\/td>\n<td>\n<div align=\"center\"><a title=\"Tabelle KL 1987-88\" href=\"http:\/\/www.emslandkicker.de\/?page_id=733\"><img decoding=\"async\" src=\"https:\/\/i0.wp.com\/www.emslandkicker.de\/wp-content\/uploads\/nostalgie\/icons\/tab24.png?w=610\" alt=\"Tabelle Kreisliga\" data-recalc-dims=\"1\" \/><\/a><\/div>\n<\/td>\n<td><\/td>\n<\/tr>\n<tr>\n<td>S\u00fcd<\/td>\n<td>SC Baccum<\/td>\n<td><\/td>\n<td><\/td>\n<\/tr>\n<tr>\n<td><\/td>\n<td><\/td>\n<td><\/td>\n<td><\/td>\n<\/tr>\n<tr>\n<td bgcolor=\"#CCCCCC\"><strong>Kreisliga 1988-89<\/strong><\/td>\n<td bgcolor=\"#CCCCCC\"><\/td>\n<td style=\"text-align: right;\" bgcolor=\"#CCCCCC\"><\/td>\n<td style=\"text-align: right;\" bgcolor=\"#CCCCCC\"><\/td>\n<\/tr>\n<tr>\n<td>Nord<\/td>\n<td>SuS Rhede<\/td>\n<td><\/td>\n<td><\/td>\n<\/tr>\n<tr>\n<td>Mitte<\/td>\n<td>VfL Emslage<\/td>\n<td>\n<div align=\"center\"><a title=\"Kreisligameister\" href=\"http:\/\/www.emslandkicker.de\/?page_id=459\"><img decoding=\"async\" src=\"https:\/\/i0.wp.com\/www.emslandkicker.de\/wp-content\/uploads\/nostalgie\/icons\/tab24.png?w=610\" alt=\"Tabelle Kreisliga\" data-recalc-dims=\"1\" \/><\/a><\/div>\n<\/td>\n<td><\/td>\n<\/tr>\n<tr>\n<td>S\u00fcd<\/td>\n<td>Fort. Beesten<\/td>\n<td><\/td>\n<td><\/td>\n<\/tr>\n<tr>\n<td><\/td>\n<td><\/td>\n<td><\/td>\n<td><\/td>\n<\/tr>\n<tr>\n<td bgcolor=\"#CCCCCC\"><strong>Kreisliga 1989-90<\/strong><\/td>\n<td bgcolor=\"#CCCCCC\"><\/td>\n<td style=\"text-align: right;\" bgcolor=\"#CCCCCC\"><\/td>\n<td style=\"text-align: right;\" bgcolor=\"#CCCCCC\"><\/td>\n<\/tr>\n<tr>\n<td>Nord<\/td>\n<td>SV Esterwegen<\/td>\n<td><\/td>\n<td><\/td>\n<\/tr>\n<tr>\n<td>Mitte<\/td>\n<td>Grenzl. Twist<\/td>\n<td>\n<div align=\"center\"><a title=\"Kreisligameister\" href=\"http:\/\/www.emslandkicker.de\/?page_id=466\"><img decoding=\"async\" src=\"https:\/\/i0.wp.com\/www.emslandkicker.de\/wp-content\/uploads\/nostalgie\/icons\/tab24.png?w=610\" alt=\"Tabelle Kreisliga\" data-recalc-dims=\"1\" \/><\/a><\/div>\n<\/td>\n<td><\/td>\n<\/tr>\n<tr>\n<td>S\u00fcd<\/td>\n<td>Conc. Emsb\u00fcren<\/td>\n<td><\/td>\n<td><\/td>\n<\/tr>\n<tr>\n<td><\/td>\n<td><\/td>\n<td><\/td>\n<td><\/td>\n<\/tr>\n<tr>\n<td bgcolor=\"#CCCCCC\"><strong>Kreisliga 1990-91<\/strong><\/td>\n<td bgcolor=\"#CCCCCC\"><\/td>\n<td style=\"text-align: right;\" bgcolor=\"#CCCCCC\"><\/td>\n<td style=\"text-align: right;\" bgcolor=\"#CCCCCC\"><\/td>\n<\/tr>\n<tr>\n<td>Nord<\/td>\n<td>BW D\u00f6rpen<\/td>\n<td><\/td>\n<td><\/td>\n<\/tr>\n<tr>\n<td>Mitte<\/td>\n<td>Union Meppen<\/td>\n<td>\n<div align=\"center\"><a title=\"Kreisligameister\" href=\"http:\/\/www.emslandkicker.de\/?page_id=471\"><img decoding=\"async\" src=\"https:\/\/i0.wp.com\/www.emslandkicker.de\/wp-content\/uploads\/nostalgie\/icons\/tab24.png?w=610\" alt=\"Tabelle Kreisliga\" data-recalc-dims=\"1\" \/><\/a><\/div>\n<\/td>\n<td><\/td>\n<\/tr>\n<tr>\n<td>S\u00fcd<\/td>\n<td>TuS Lingen 2<\/td>\n<td><\/td>\n<td><\/td>\n<\/tr>\n<tr>\n<td><\/td>\n<td><\/td>\n<td><\/td>\n<td><\/td>\n<\/tr>\n<tr>\n<td bgcolor=\"#CCCCCC\"><strong>Kreisliga 1991-92<\/strong><\/td>\n<td bgcolor=\"#CCCCCC\"><\/td>\n<td style=\"text-align: right;\" bgcolor=\"#CCCCCC\"><\/td>\n<td style=\"text-align: right;\" bgcolor=\"#CCCCCC\"><\/td>\n<\/tr>\n<tr>\n<td>Nord<\/td>\n<td>Raspo Lathen<\/td>\n<td><\/td>\n<td><\/td>\n<\/tr>\n<tr>\n<td>Mitte<\/td>\n<td>SV Holte<\/td>\n<td>\n<div align=\"center\"><a title=\"Kreisligameister\" href=\"http:\/\/www.emslandkicker.de\/?page_id=476\"><img decoding=\"async\" src=\"https:\/\/i0.wp.com\/www.emslandkicker.de\/wp-content\/uploads\/nostalgie\/icons\/tab24.png?w=610\" alt=\"Tabelle Kreisliga\" data-recalc-dims=\"1\" \/><\/a><\/div>\n<\/td>\n<td><\/td>\n<\/tr>\n<tr>\n<td>S\u00fcd<\/td>\n<td>Oly. Laxten 2<\/td>\n<td><\/td>\n<td><\/td>\n<\/tr>\n<tr>\n<td><\/td>\n<td><\/td>\n<td><\/td>\n<td><\/td>\n<\/tr>\n<tr>\n<td bgcolor=\"#CCCCCC\"><strong>Kreisliga 1992-93<\/strong><\/td>\n<td bgcolor=\"#CCCCCC\"><\/td>\n<td bgcolor=\"#CCCCCC\"><\/td>\n<td bgcolor=\"#CCCCCC\"><\/td>\n<\/tr>\n<tr>\n<td>Nord<\/td>\n<td>SV B\u00f6rgerwald<\/td>\n<td style=\"text-align: right;\"><\/td>\n<td style=\"text-align: right;\">*<\/td>\n<\/tr>\n<tr>\n<td>Mitte<\/td>\n<td>SV Teglingen<\/td>\n<td>\n<div align=\"center\"><a title=\"Tabelle KL 1992-93\" href=\"http:\/\/www.emslandkicker.de\/?page_id=735\"><img decoding=\"async\" src=\"https:\/\/i0.wp.com\/www.emslandkicker.de\/wp-content\/uploads\/nostalgie\/icons\/tab24.png?w=610\" alt=\"Tabelle Kreisliga\" data-recalc-dims=\"1\" \/><\/a><\/div>\n<\/td>\n<td><\/td>\n<\/tr>\n<tr>\n<td>S\u00fcd<\/td>\n<td>Conc. Langen<\/td>\n<td><\/td>\n<td><\/td>\n<\/tr>\n<tr>\n<td><\/td>\n<td><\/td>\n<td><\/td>\n<td><\/td>\n<\/tr>\n<tr>\n<td bgcolor=\"#CCCCCC\"><strong>Kreisliga 1993-94<\/strong><\/td>\n<td bgcolor=\"#CCCCCC\"><\/td>\n<td bgcolor=\"#CCCCCC\"><\/td>\n<td bgcolor=\"#CCCCCC\"><\/td>\n<\/tr>\n<tr>\n<td>Nord<\/td>\n<td>DJK Neub\u00f6rger<\/td>\n<td><\/td>\n<td><\/td>\n<\/tr>\n<tr>\n<td>Mitte<\/td>\n<td>Germ. Twist<\/td>\n<td>\n<div align=\"center\"><a title=\"Tabelle KL 1993-94\" href=\"http:\/\/www.emslandkicker.de\/?page_id=737\"><img decoding=\"async\" src=\"https:\/\/i0.wp.com\/www.emslandkicker.de\/wp-content\/uploads\/nostalgie\/icons\/tab24.png?w=610\" alt=\"Tabelle Kreisliga\" data-recalc-dims=\"1\" \/><\/a><\/div>\n<\/td>\n<td><\/td>\n<\/tr>\n<tr>\n<td>S\u00fcd<\/td>\n<td>SV Lengerich-H.<\/td>\n<td><\/td>\n<td><\/td>\n<\/tr>\n<tr>\n<td><\/td>\n<td><\/td>\n<td><\/td>\n<td><\/td>\n<\/tr>\n<tr>\n<td bgcolor=\"#CCCCCC\"><strong>Kreisliga 1994-95<\/strong><\/td>\n<td bgcolor=\"#CCCCCC\"><\/td>\n<td bgcolor=\"#CCCCCC\"><\/td>\n<td bgcolor=\"#CCCCCC\"><\/td>\n<\/tr>\n<tr>\n<td>Nord<\/td>\n<td>BW D\u00f6rpen<\/td>\n<td><\/td>\n<td><\/td>\n<\/tr>\n<tr>\n<td>Mitte<\/td>\n<td>VfL Emslage<\/td>\n<td>\n<div align=\"center\"><a title=\"Tabelle KL 1994-95\" href=\"http:\/\/www.emslandkicker.de\/?page_id=739\"><img decoding=\"async\" src=\"https:\/\/i0.wp.com\/www.emslandkicker.de\/wp-content\/uploads\/nostalgie\/icons\/tab24.png?w=610\" alt=\"Tabelle Kreisliga\" data-recalc-dims=\"1\" \/><\/a><\/div>\n<\/td>\n<td><\/td>\n<\/tr>\n<tr>\n<td>S\u00fcd<\/td>\n<td>SG Bramsche<\/td>\n<td><\/td>\n<td><\/td>\n<\/tr>\n<\/tbody>\n<\/table>\n<p>* SV B\u00f6rgerwald und SV B\u00f6rgermoor fusionieren zu der Saison 1993-94 zum SV Surwold<\/p>\n<p>* 1994 fusionierten Germ. und Amisia Papenburg zu BW Papenburg<\/p>\n<div class=\"sharedaddy sd-sharing-enabled\"><div class=\"robots-nocontent sd-block sd-social sd-social-official sd-sharing\"><h3 class=\"sd-title\">Teilen mit:<\/h3><div class=\"sd-content\"><ul><li class=\"share-facebook\"><div class=\"fb-share-button\" data-href=\"http:\/\/www.emslandkicker.de\/?page_id=453\" data-layout=\"button_count\"><\/div><\/li><li class=\"share-twitter\"><a href=\"https:\/\/twitter.com\/share\" class=\"twitter-share-button\" data-url=\"http:\/\/www.emslandkicker.de\/?page_id=453\" data-text=\"Kreisligameister bis 1995\" data-via=\"Emslandkicker\" >Tweet<\/a><\/li><li class=\"share-email\"><a rel=\"nofollow noopener noreferrer\" data-shared=\"\" class=\"share-email sd-button\" href=\"mailto:?subject=%5BGeteilter%20Beitrag%5D%20Kreisligameister%20bis%201995&body=http%3A%2F%2Fwww.emslandkicker.de%2F%3Fpage_id%3D453&share=email\" target=\"_blank\" title=\"Click to email a link to a friend\" data-email-share-error-title=\"Do you have email set up?\" data-email-share-error-text=\"If you&#039;re having problems sharing via email, you might not have email set up for your browser. You may need to create a new email yourself.\" data-email-share-nonce=\"1883752c95\" data-email-share-track-url=\"http:\/\/www.emslandkicker.de\/?page_id=453&amp;share=email\"><span>E-Mail<\/span><\/a><\/li><li class=\"share-print\"><a rel=\"nofollow noopener noreferrer\" data-shared=\"\" class=\"share-print sd-button\" href=\"http:\/\/www.emslandkicker.de\/?page_id=453\" target=\"_blank\" title=\"Klicken zum Ausdrucken\" ><span>Drucken<\/span><\/a><\/li><li class=\"share-end\"><\/li><\/ul><\/div><\/div><\/div>","protected":false},"excerpt":{"rendered":"<p>Kreisliga 1976-77 [Einf\u00fchrung der Kreisligen] Tab. Nord Mitte VfL Emslage S\u00fcd Kreisliga 1977-78 Nord Mitte SV Dalum S\u00fcd Kreisliga 1978-79 Nord Sigiltra S\u00f6gel Mitte DJK Fehndorf S\u00fcd Kreisliga 1979-80 Nord Germ. 08 Papenburg * Mitte SV Erika-A. S\u00fcd Germ. Thuine Kreisliga 1980-81 Nord FC Bockholte Mitte TuS Haren S\u00fcd SG Freren Kreisliga 1981-82 [Ligareform] Nord [&hellip;]<\/p>\n<div class=\"sharedaddy sd-sharing-enabled\"><div class=\"robots-nocontent sd-block sd-social sd-social-official sd-sharing\"><h3 class=\"sd-title\">Teilen mit:<\/h3><div class=\"sd-content\"><ul><li class=\"share-facebook\"><div class=\"fb-share-button\" data-href=\"http:\/\/www.emslandkicker.de\/?page_id=453\" data-layout=\"button_count\"><\/div><\/li><li class=\"share-twitter\"><a href=\"https:\/\/twitter.com\/share\" class=\"twitter-share-button\" data-url=\"http:\/\/www.emslandkicker.de\/?page_id=453\" data-text=\"Kreisligameister bis 1995\" data-via=\"Emslandkicker\" >Tweet<\/a><\/li><li class=\"share-email\"><a rel=\"nofollow noopener noreferrer\" data-shared=\"\" class=\"share-email sd-button\" href=\"mailto:?subject=%5BGeteilter%20Beitrag%5D%20Kreisligameister%20bis%201995&body=http%3A%2F%2Fwww.emslandkicker.de%2F%3Fpage_id%3D453&share=email\" target=\"_blank\" title=\"Click to email a link to a friend\" data-email-share-error-title=\"Do you have email set up?\" data-email-share-error-text=\"If you&#039;re having problems sharing via email, you might not have email set up for your browser. You may need to create a new email yourself.\" data-email-share-nonce=\"1883752c95\" data-email-share-track-url=\"http:\/\/www.emslandkicker.de\/?page_id=453&amp;share=email\"><span>E-Mail<\/span><\/a><\/li><li class=\"share-print\"><a rel=\"nofollow noopener noreferrer\" data-shared=\"\" class=\"share-print sd-button\" href=\"http:\/\/www.emslandkicker.de\/?page_id=453\" target=\"_blank\" title=\"Klicken zum Ausdrucken\" ><span>Drucken<\/span><\/a><\/li><li class=\"share-end\"><\/li><\/ul><\/div><\/div><\/div>","protected":false},"author":1,"featured_media":203,"parent":420,"menu_order":83,"comment_status":"open","ping_status":"open","template":"","meta":{"footnotes":""},"class_list":["post-453","page","type-page","status-publish","has-post-thumbnail","hentry"],"jetpack_sharing_enabled":true,"jetpack_shortlink":"https:\/\/wp.me\/P5etIj-7j","jetpack-related-posts":[{"id":592,"url":"http:\/\/www.emslandkicker.de\/?page_id=592","url_meta":{"origin":453,"position":0},"title":"Meister 1. Kreisklasse bis 1995","date":"12. November 2014","format":false,"excerpt":"1.KK 1968-69 Tab. Info Nord Mitte VfL Herzlake S\u00fcd 1.KK 1969-70 Tab. Info Nord Mitte Germ. Twist S\u00fcd 1.KK 1970-71 Tab. Info Nord Mitte Grenzl. Twist S\u00fcd 1.KK 1971-72 Tab. Info Nord Mitte FC Wesuwe S\u00fcd 1.KK 1972-73 Tab. Info Nord Mitte Conc Sch\u00f6ninghsdorf S\u00fcd 1.KK 1973-74 Tab. Info Nord\u2026","rel":"","context":"Similar post","img":{"alt_text":"","src":"","width":0,"height":0},"classes":[]},{"id":607,"url":"http:\/\/www.emslandkicker.de\/?page_id=607","url_meta":{"origin":453,"position":1},"title":"Meister Bezirksliga seit 1984-85","date":"13. November 2014","format":false,"excerpt":"Saison Bezirksliga West Tab. 1976-77 VfL R\u00fctenbrock 1977-78 1978-79 VfL Osnabr\u00fcck A. Saison Bezirksliga Mitte Tab. Bezirksliga S\u00fcd Tab. 1979-80 SV Molbergen SV Bad Bentheim 1980-81 Hasel\u00fcnner SV FC Sch\u00fcttorf 1981-82 Frisa Goldenstedt Eintr. Osnabr\u00fcck 1982-83 1983-84 STV Bar\u00dfel Union Lohne Saison Bezirksliga West Tab. 1984-85 Oly. Laxten 1985-86 Hasel\u00fcnner\u2026","rel":"","context":"Similar post","img":{"alt_text":"","src":"","width":0,"height":0},"classes":[]},{"id":503,"url":"http:\/\/www.emslandkicker.de\/?page_id=503","url_meta":{"origin":453,"position":2},"title":"Tabelle 2. Kreisklasse Mitte A 1979-80","date":"10. November 2014","format":false,"excerpt":"2. Kreisklasse Mitte A 1979-80 Pl. Verein Sp Tore Diff Pkt. 1. Eintr. Emmeln 2 22 78 : 20 58 38 : 6 2. TuS Haren 2 22 83 : 33 50 34 : 10 3. Germ. Twist 2 22 70 : 32 38 33 : 11 4. VfL Emslage\u2026","rel":"","context":"Similar post","img":{"alt_text":"","src":"","width":0,"height":0},"classes":[]},{"id":614,"url":"http:\/\/www.emslandkicker.de\/?page_id=614","url_meta":{"origin":453,"position":3},"title":"Meister Bezirksklasse seit 1949-50","date":"13. November 2014","format":false,"excerpt":"Saison Bezirksklasse EL Tab. 1949-50 Hasel\u00fcnner SV 1950-51 TuS Lingen 1951-52 SV Dalum 1952-53 Hasel\u00fcnner SV 1953-54 TuS Lingen 1954-55 Union Meppen 1955-56 1956-57 SV Meppen 1957-58 1958-59 1959-60 Conc. Emsb\u00fcrren 1960-61 1961-62 Alem. Salzbergen 1962-63 Eintr. Nordhorn 2 1963-64 Amisia Papenburg 1964-65 SF Schwefingen 1965-66 Union Meppen 1966-67 Sparta\u2026","rel":"","context":"Similar post","img":{"alt_text":"","src":"","width":0,"height":0},"classes":[]},{"id":882,"url":"http:\/\/www.emslandkicker.de\/?page_id=882","url_meta":{"origin":453,"position":4},"title":"SV Dalum &#8211; Ligachronik","date":"3. Dezember 2014","format":false,"excerpt":"Verein Saison Liga Platz Tab. Info SV Dalum 1950-51 Kreisliga 3. SV Dalum 1951-52 Kreisliga 1. SV Dalum 1952-53 Bezirksklasse 6. SV Dalum 1953-54 Bezirksklasse 11. SV Dalum 1954-55 Bezirksklasse 5. SV Dalum 1955-56 Bezirksklasse 7. SV Dalum 1956-57 Bezirksklasse 10. SV Dalum 1957-58 Bezirksklasse 15. SV Dalum 1958-59 1.\u2026","rel":"","context":"Similar post","img":{"alt_text":"","src":"","width":0,"height":0},"classes":[]},{"id":500,"url":"http:\/\/www.emslandkicker.de\/?page_id=500","url_meta":{"origin":453,"position":5},"title":"Tabelle 1. Kreisklasse Mitte 1979-80","date":"10. November 2014","format":false,"excerpt":"1. Kreisklasse Mitte 1979-80 Pl. Verein Sp Tore Diff Pkt. 1. Spvg. Ahmsen-V. 30 102 : 58 44 41 : 19 2. SG L\u00e4hden 30 80 : 46 34 38 : 22 3. Union Meppen 2 30 53 : 46 7 38 : 22 4. Grenzl. Twist 2 30 54\u2026","rel":"","context":"Similar post","img":{"alt_text":"","src":"","width":0,"height":0},"classes":[]}],"jetpack_likes_enabled":true,"_links":{"self":[{"href":"http:\/\/www.emslandkicker.de\/index.php?rest_route=\/wp\/v2\/pages\/453","targetHints":{"allow":["GET"]}}],"collection":[{"href":"http:\/\/www.emslandkicker.de\/index.php?rest_route=\/wp\/v2\/pages"}],"about":[{"href":"http:\/\/www.emslandkicker.de\/index.php?rest_route=\/wp\/v2\/types\/page"}],"author":[{"embeddable":true,"href":"http:\/\/www.emslandkicker.de\/index.php?rest_route=\/wp\/v2\/users\/1"}],"replies":[{"embeddable":true,"href":"http:\/\/www.emslandkicker.de\/index.php?rest_route=%2Fwp%2Fv2%2Fcomments&post=453"}],"version-history":[{"count":1,"href":"http:\/\/www.emslandkicker.de\/index.php?rest_route=\/wp\/v2\/pages\/453\/revisions"}],"predecessor-version":[{"id":1812,"href":"http:\/\/www.emslandkicker.de\/index.php?rest_route=\/wp\/v2\/pages\/453\/revisions\/1812"}],"up":[{"embeddable":true,"href":"http:\/\/www.emslandkicker.de\/index.php?rest_route=\/wp\/v2\/pages\/420"}],"wp:featuredmedia":[{"embeddable":true,"href":"http:\/\/www.emslandkicker.de\/index.php?rest_route=\/wp\/v2\/media\/203"}],"wp:attachment":[{"href":"http:\/\/www.emslandkicker.de\/index.php?rest_route=%2Fwp%2Fv2%2Fmedia&parent=453"}],"curies":[{"name":"wp","href":"https:\/\/api.w.org\/{rel}","templated":true}]}}