{"id":459,"date":"2014-11-08T17:45:58","date_gmt":"2014-11-08T15:45:58","guid":{"rendered":"http:\/\/www.emslandkicker.de\/?page_id=459"},"modified":"2014-11-13T15:32:23","modified_gmt":"2014-11-13T13:32:23","slug":"kreisliga-1988-89","status":"publish","type":"page","link":"http:\/\/www.emslandkicker.de\/?page_id=459","title":{"rendered":"Tabelle Kreisliga Mitte 1988-89"},"content":{"rendered":"<div class=\"pdfprnt-buttons pdfprnt-buttons-page pdfprnt-top-right\"><a href=\"http:\/\/www.emslandkicker.de\/index.php?rest_route=%2Fwp%2Fv2%2Fpages%2F459&print=pdf\" class=\"pdfprnt-button pdfprnt-button-pdf\" target=\"_blank\"><img decoding=\"async\" src=\"https:\/\/i0.wp.com\/www.emslandkicker.de\/wp-content\/plugins\/pdf-print\/images\/pdf.png?w=610\" alt=\"image_pdf\" title=\"View PDF\" data-recalc-dims=\"1\" \/><\/a><a href=\"http:\/\/www.emslandkicker.de\/index.php?rest_route=%2Fwp%2Fv2%2Fpages%2F459&print=print\" class=\"pdfprnt-button pdfprnt-button-print\" target=\"_blank\"><img decoding=\"async\" src=\"https:\/\/i0.wp.com\/www.emslandkicker.de\/wp-content\/plugins\/pdf-print\/images\/print.png?w=610\" alt=\"image_print\" title=\"Print Content\" data-recalc-dims=\"1\" \/><\/a><\/div><table width=\"100%\" cellspacing=\"0\" cellpadding=\"0\">\n<tbody>\n<tr>\n<td colspan=\"10\" width=\"331\"><strong>Kreisliga Mitte 1988-89<\/strong><\/td>\n<\/tr>\n<tr>\n<td bgcolor=\"#CCCCCC\"><strong>Pl.<\/strong><\/td>\n<td bgcolor=\"#CCCCCC\"><strong>Teams<\/strong><\/td>\n<td bgcolor=\"#CCCCCC\"><strong>Sp<\/strong><\/td>\n<td colspan=\"3\" bgcolor=\"#CCCCCC\"><strong>Tore<\/strong><\/td>\n<td bgcolor=\"#CCCCCC\"><strong>Diff<\/strong><\/td>\n<td colspan=\"3\" bgcolor=\"#CCCCCC\"><strong>Pkt.<\/strong><\/td>\n<\/tr>\n<tr>\n<td bgcolor=\"#66FF33\">1.<\/td>\n<td bgcolor=\"#66FF33\">VfL Emslage<\/td>\n<td align=\"right\" bgcolor=\"#66FF33\">30<\/td>\n<td align=\"right\" bgcolor=\"#66FF33\">69<\/td>\n<td bgcolor=\"#66FF33\">:<\/td>\n<td align=\"right\" bgcolor=\"#66FF33\">25<\/td>\n<td align=\"right\" bgcolor=\"#66FF33\">44<\/td>\n<td align=\"right\" bgcolor=\"#66FF33\">45<\/td>\n<td bgcolor=\"#66FF33\">:<\/td>\n<td align=\"right\" bgcolor=\"#66FF33\">15<\/td>\n<\/tr>\n<tr>\n<td>2.<\/td>\n<td>SV Holte<\/td>\n<td align=\"right\">30<\/td>\n<td align=\"right\">62<\/td>\n<td>:<\/td>\n<td align=\"right\">39<\/td>\n<td align=\"right\">23<\/td>\n<td align=\"right\">41<\/td>\n<td>:<\/td>\n<td align=\"right\">19<\/td>\n<\/tr>\n<tr>\n<td>3.<\/td>\n<td>Eintr. Ber\u00dfen<\/td>\n<td align=\"right\">30<\/td>\n<td align=\"right\">62<\/td>\n<td>:<\/td>\n<td align=\"right\">34<\/td>\n<td align=\"right\">28<\/td>\n<td align=\"right\">38<\/td>\n<td>:<\/td>\n<td align=\"right\">22<\/td>\n<\/tr>\n<tr>\n<td>4.<\/td>\n<td>Spvg. Ahmsen-V.<\/td>\n<td align=\"right\">30<\/td>\n<td align=\"right\">62<\/td>\n<td>:<\/td>\n<td align=\"right\">55<\/td>\n<td align=\"right\">7<\/td>\n<td align=\"right\">38<\/td>\n<td>:<\/td>\n<td align=\"right\">22<\/td>\n<\/tr>\n<tr>\n<td>5.<\/td>\n<td>Grenzl. Twist<\/td>\n<td align=\"right\">30<\/td>\n<td align=\"right\">63<\/td>\n<td>:<\/td>\n<td align=\"right\">35<\/td>\n<td align=\"right\">28<\/td>\n<td align=\"right\">37<\/td>\n<td>:<\/td>\n<td align=\"right\">23<\/td>\n<\/tr>\n<tr>\n<td>6.<\/td>\n<td>SV Erika-A.<\/td>\n<td align=\"right\">30<\/td>\n<td align=\"right\">72<\/td>\n<td>:<\/td>\n<td align=\"right\">48<\/td>\n<td align=\"right\">24<\/td>\n<td align=\"right\">37<\/td>\n<td>:<\/td>\n<td align=\"right\">23<\/td>\n<\/tr>\n<tr>\n<td>7.<\/td>\n<td>SV Teglingen<\/td>\n<td align=\"right\">30<\/td>\n<td align=\"right\">55<\/td>\n<td>:<\/td>\n<td align=\"right\">55<\/td>\n<td align=\"right\">0<\/td>\n<td align=\"right\">31<\/td>\n<td>:<\/td>\n<td align=\"right\">29<\/td>\n<\/tr>\n<tr>\n<td>8.<\/td>\n<td>Hasel\u00fcnner SV 2<\/td>\n<td align=\"right\">30<\/td>\n<td align=\"right\">44<\/td>\n<td>:<\/td>\n<td align=\"right\">43<\/td>\n<td align=\"right\">1<\/td>\n<td align=\"right\">29<\/td>\n<td>:<\/td>\n<td align=\"right\">31<\/td>\n<\/tr>\n<tr>\n<td>9.<\/td>\n<td>SV Dalum<\/td>\n<td align=\"right\">30<\/td>\n<td align=\"right\">43<\/td>\n<td>:<\/td>\n<td align=\"right\">46<\/td>\n<td align=\"right\">-3<\/td>\n<td align=\"right\">29<\/td>\n<td>:<\/td>\n<td align=\"right\">31<\/td>\n<\/tr>\n<tr>\n<td>10.<\/td>\n<td>SV Gr. Hesepe<\/td>\n<td align=\"right\">30<\/td>\n<td align=\"right\">52<\/td>\n<td>:<\/td>\n<td align=\"right\">50<\/td>\n<td align=\"right\">2<\/td>\n<td align=\"right\">28<\/td>\n<td>:<\/td>\n<td align=\"right\">32<\/td>\n<\/tr>\n<tr>\n<td>11.<\/td>\n<td>SG L\u00e4hden<\/td>\n<td align=\"right\">30<\/td>\n<td align=\"right\">60<\/td>\n<td>:<\/td>\n<td align=\"right\">66<\/td>\n<td align=\"right\">-6<\/td>\n<td align=\"right\">26<\/td>\n<td>:<\/td>\n<td align=\"right\">34<\/td>\n<\/tr>\n<tr>\n<td>12.<\/td>\n<td>Conc. Schleper<\/td>\n<td align=\"right\">30<\/td>\n<td align=\"right\">51<\/td>\n<td>:<\/td>\n<td align=\"right\">66<\/td>\n<td align=\"right\">-15<\/td>\n<td align=\"right\">26<\/td>\n<td>:<\/td>\n<td align=\"right\">34<\/td>\n<\/tr>\n<tr>\n<td>13.<\/td>\n<td>Eintr. Emmeln<\/td>\n<td align=\"right\">30<\/td>\n<td align=\"right\">36<\/td>\n<td>:<\/td>\n<td align=\"right\">56<\/td>\n<td align=\"right\">-20<\/td>\n<td align=\"right\">26<\/td>\n<td>:<\/td>\n<td align=\"right\">34<\/td>\n<\/tr>\n<tr>\n<td>14.<\/td>\n<td>Conc. Sch\u00f6ninghsdorf<\/td>\n<td align=\"right\">30<\/td>\n<td align=\"right\">42<\/td>\n<td>:<\/td>\n<td align=\"right\">59<\/td>\n<td align=\"right\">-17<\/td>\n<td align=\"right\">24<\/td>\n<td>:<\/td>\n<td align=\"right\">36<\/td>\n<\/tr>\n<tr>\n<td bgcolor=\"#FF9999\">15.<\/td>\n<td bgcolor=\"#FF9999\">SV Neuringe<\/td>\n<td align=\"right\" bgcolor=\"#FF9999\">30<\/td>\n<td align=\"right\" bgcolor=\"#FF9999\">33<\/td>\n<td bgcolor=\"#FF9999\">:<\/td>\n<td align=\"right\" bgcolor=\"#FF9999\">65<\/td>\n<td align=\"right\" bgcolor=\"#FF9999\">-32<\/td>\n<td align=\"right\" bgcolor=\"#FF9999\">20<\/td>\n<td bgcolor=\"#FF9999\">:<\/td>\n<td align=\"right\" bgcolor=\"#FF9999\">40<\/td>\n<\/tr>\n<tr>\n<td bgcolor=\"#FF9999\">16.<\/td>\n<td bgcolor=\"#FF9999\">DJK Hebelermeer<\/td>\n<td align=\"right\" bgcolor=\"#FF9999\">30<\/td>\n<td align=\"right\" bgcolor=\"#FF9999\">45<\/td>\n<td bgcolor=\"#FF9999\">:<\/td>\n<td align=\"right\" bgcolor=\"#FF9999\">101<\/td>\n<td align=\"right\" bgcolor=\"#FF9999\">-56<\/td>\n<td align=\"right\" bgcolor=\"#FF9999\">8<\/td>\n<td bgcolor=\"#FF9999\">:<\/td>\n<td align=\"right\" bgcolor=\"#FF9999\">52<\/td>\n<\/tr>\n<\/tbody>\n<\/table>\n<div class=\"sharedaddy sd-sharing-enabled\"><div class=\"robots-nocontent sd-block sd-social sd-social-official sd-sharing\"><h3 class=\"sd-title\">Teilen mit:<\/h3><div class=\"sd-content\"><ul><li class=\"share-facebook\"><div class=\"fb-share-button\" data-href=\"http:\/\/www.emslandkicker.de\/?page_id=459\" data-layout=\"button_count\"><\/div><\/li><li class=\"share-twitter\"><a href=\"https:\/\/twitter.com\/share\" class=\"twitter-share-button\" data-url=\"http:\/\/www.emslandkicker.de\/?page_id=459\" data-text=\"Tabelle Kreisliga Mitte 1988-89\" data-via=\"Emslandkicker\" >Tweet<\/a><\/li><li class=\"share-email\"><a rel=\"nofollow noopener noreferrer\" data-shared=\"\" class=\"share-email sd-button\" href=\"mailto:?subject=%5BGeteilter%20Beitrag%5D%20Tabelle%20Kreisliga%20Mitte%201988-89&body=http%3A%2F%2Fwww.emslandkicker.de%2F%3Fpage_id%3D459&share=email\" target=\"_blank\" title=\"Click to email a link to a friend\" data-email-share-error-title=\"Do you have email set up?\" data-email-share-error-text=\"If you&#039;re having problems sharing via email, you might not have email set up for your browser. You may need to create a new email yourself.\" data-email-share-nonce=\"a7e29da33a\" data-email-share-track-url=\"http:\/\/www.emslandkicker.de\/?page_id=459&amp;share=email\"><span>E-Mail<\/span><\/a><\/li><li class=\"share-print\"><a rel=\"nofollow noopener noreferrer\" data-shared=\"\" class=\"share-print sd-button\" href=\"http:\/\/www.emslandkicker.de\/?page_id=459\" target=\"_blank\" title=\"Klicken zum Ausdrucken\" ><span>Drucken<\/span><\/a><\/li><li class=\"share-end\"><\/li><\/ul><\/div><\/div><\/div>","protected":false},"excerpt":{"rendered":"<p>Kreisliga Mitte 1988-89 Pl. Teams Sp Tore Diff Pkt. 1. VfL Emslage 30 69 : 25 44 45 : 15 2. SV Holte 30 62 : 39 23 41 : 19 3. Eintr. Ber\u00dfen 30 62 : 34 28 38 : 22 4. Spvg. Ahmsen-V. 30 62 : 55 7 38 : 22 5. Grenzl. [&hellip;]<\/p>\n<div class=\"sharedaddy sd-sharing-enabled\"><div class=\"robots-nocontent sd-block sd-social sd-social-official sd-sharing\"><h3 class=\"sd-title\">Teilen mit:<\/h3><div class=\"sd-content\"><ul><li class=\"share-facebook\"><div class=\"fb-share-button\" data-href=\"http:\/\/www.emslandkicker.de\/?page_id=459\" data-layout=\"button_count\"><\/div><\/li><li class=\"share-twitter\"><a href=\"https:\/\/twitter.com\/share\" class=\"twitter-share-button\" data-url=\"http:\/\/www.emslandkicker.de\/?page_id=459\" data-text=\"Tabelle Kreisliga Mitte 1988-89\" data-via=\"Emslandkicker\" >Tweet<\/a><\/li><li class=\"share-email\"><a rel=\"nofollow noopener noreferrer\" data-shared=\"\" class=\"share-email sd-button\" href=\"mailto:?subject=%5BGeteilter%20Beitrag%5D%20Tabelle%20Kreisliga%20Mitte%201988-89&body=http%3A%2F%2Fwww.emslandkicker.de%2F%3Fpage_id%3D459&share=email\" target=\"_blank\" title=\"Click to email a link to a friend\" data-email-share-error-title=\"Do you have email set up?\" data-email-share-error-text=\"If you&#039;re having problems sharing via email, you might not have email set up for your browser. You may need to create a new email yourself.\" data-email-share-nonce=\"a7e29da33a\" data-email-share-track-url=\"http:\/\/www.emslandkicker.de\/?page_id=459&amp;share=email\"><span>E-Mail<\/span><\/a><\/li><li class=\"share-print\"><a rel=\"nofollow noopener noreferrer\" data-shared=\"\" class=\"share-print sd-button\" href=\"http:\/\/www.emslandkicker.de\/?page_id=459\" target=\"_blank\" title=\"Klicken zum Ausdrucken\" ><span>Drucken<\/span><\/a><\/li><li class=\"share-end\"><\/li><\/ul><\/div><\/div><\/div>","protected":false},"author":1,"featured_media":203,"parent":453,"menu_order":75,"comment_status":"open","ping_status":"open","template":"","meta":{"footnotes":""},"class_list":["post-459","page","type-page","status-publish","has-post-thumbnail","hentry"],"jetpack_sharing_enabled":true,"jetpack_shortlink":"https:\/\/wp.me\/P5etIj-7p","jetpack-related-posts":[{"id":453,"url":"http:\/\/www.emslandkicker.de\/?page_id=453","url_meta":{"origin":459,"position":0},"title":"Kreisligameister bis 1995","date":"8. November 2014","format":false,"excerpt":"Kreisliga 1976-77 [Einf\u00fchrung der Kreisligen] Tab. Nord Mitte VfL Emslage S\u00fcd Kreisliga 1977-78 Nord Mitte SV Dalum S\u00fcd Kreisliga 1978-79 Nord Sigiltra S\u00f6gel Mitte DJK Fehndorf S\u00fcd Kreisliga 1979-80 Nord Germ. 08 Papenburg * Mitte SV Erika-A. S\u00fcd Germ. Thuine Kreisliga 1980-81 Nord FC Bockholte Mitte TuS Haren S\u00fcd SG\u2026","rel":"","context":"Similar post","img":{"alt_text":"","src":"","width":0,"height":0},"classes":[]},{"id":483,"url":"http:\/\/www.emslandkicker.de\/?page_id=483","url_meta":{"origin":459,"position":1},"title":"Kreisliga 1991-92","date":"9. November 2014","format":false,"excerpt":"Wer stoppt den SV Holte? Schleper in Lauerstellung - SV Teglingen Geheimfavorit Dreimal belegte der SV Holte in den vergangenen vier Jahren den zweiten Tabellenrang, wobei in der Saison 1988\/89 der Sprung in die Bezirksklasse erst im Qualifikationsspiel gegen Eintr. Nordhorn 2 denkbar knapp verfehlt wurde. Diesmal aber wollen es\u2026","rel":"","context":"Similar post","img":{"alt_text":"","src":"","width":0,"height":0},"classes":[]},{"id":737,"url":"http:\/\/www.emslandkicker.de\/?page_id=737","url_meta":{"origin":459,"position":2},"title":"Tabelle Kreisliga Mitte 1993-94","date":"22. November 2014","format":false,"excerpt":"Kreisliga Mitte 1993-94 Pl. Teams Sp Tore Diff Pkt. 1. Germ. Twist 30 81 : 26 55 49 : 11 2. VfL Emslage 30 60 : 22 38 46 : 14 3. GW Lehrte 30 60 : 32 28 43 : 17 4. SC Adorf 30 75 : 46 29\u2026","rel":"","context":"Similar post","img":{"alt_text":"","src":"","width":0,"height":0},"classes":[]},{"id":466,"url":"http:\/\/www.emslandkicker.de\/?page_id=466","url_meta":{"origin":459,"position":3},"title":"Tabelle Kreisliga Mitte 1989-90","date":"8. November 2014","format":false,"excerpt":"Kreisliga Mitte 1989-90 Pl. Teams Sp Tore Diff Pkt. 1. Grenzl. Twist 30 83 : 24 59 48 : 12 2. Union Meppen 30 76 : 39 37 47 : 13 3. SV Gr. Hesepe 30 52 : 34 18 39 : 21 4. DJK Geeste 30 40 : 40\u2026","rel":"","context":"Similar post","img":{"alt_text":"","src":"","width":0,"height":0},"classes":[]},{"id":882,"url":"http:\/\/www.emslandkicker.de\/?page_id=882","url_meta":{"origin":459,"position":4},"title":"SV Dalum &#8211; Ligachronik","date":"3. Dezember 2014","format":false,"excerpt":"Verein Saison Liga Platz Tab. Info SV Dalum 1950-51 Kreisliga 3. SV Dalum 1951-52 Kreisliga 1. SV Dalum 1952-53 Bezirksklasse 6. SV Dalum 1953-54 Bezirksklasse 11. SV Dalum 1954-55 Bezirksklasse 5. SV Dalum 1955-56 Bezirksklasse 7. SV Dalum 1956-57 Bezirksklasse 10. SV Dalum 1957-58 Bezirksklasse 15. SV Dalum 1958-59 1.\u2026","rel":"","context":"Similar post","img":{"alt_text":"","src":"","width":0,"height":0},"classes":[]},{"id":821,"url":"http:\/\/www.emslandkicker.de\/?page_id=821","url_meta":{"origin":459,"position":5},"title":"Hasel\u00fcnner SV &#8211; Ligachronik","date":"28. November 2014","format":false,"excerpt":"Verein Saison Liga Platz Tab. Info Hasel\u00fcnner SV 1949-50 Bezirksklasse EL 1. \u00a0 Hasel\u00fcnner SV 1950-51 Amateurliga 2 11. \u00a0 Hasel\u00fcnner SV 1951-52 Amateurliga 2 10. \u00a0 \u00a0 Hasel\u00fcnner SV 1952-53 Bezirksklasse EL 1. Hasel\u00fcnner SV 1953-54 Amateurliga 2 4. \u00a0 \u00a0 Hasel\u00fcnner SV 1954-55 Amateurliga 2 10. \u00a0 Hasel\u00fcnner\u2026","rel":"","context":"Similar post","img":{"alt_text":"","src":"","width":0,"height":0},"classes":[]}],"jetpack_likes_enabled":true,"_links":{"self":[{"href":"http:\/\/www.emslandkicker.de\/index.php?rest_route=\/wp\/v2\/pages\/459","targetHints":{"allow":["GET"]}}],"collection":[{"href":"http:\/\/www.emslandkicker.de\/index.php?rest_route=\/wp\/v2\/pages"}],"about":[{"href":"http:\/\/www.emslandkicker.de\/index.php?rest_route=\/wp\/v2\/types\/page"}],"author":[{"embeddable":true,"href":"http:\/\/www.emslandkicker.de\/index.php?rest_route=\/wp\/v2\/users\/1"}],"replies":[{"embeddable":true,"href":"http:\/\/www.emslandkicker.de\/index.php?rest_route=%2Fwp%2Fv2%2Fcomments&post=459"}],"version-history":[{"count":0,"href":"http:\/\/www.emslandkicker.de\/index.php?rest_route=\/wp\/v2\/pages\/459\/revisions"}],"up":[{"embeddable":true,"href":"http:\/\/www.emslandkicker.de\/index.php?rest_route=\/wp\/v2\/pages\/453"}],"wp:featuredmedia":[{"embeddable":true,"href":"http:\/\/www.emslandkicker.de\/index.php?rest_route=\/wp\/v2\/media\/203"}],"wp:attachment":[{"href":"http:\/\/www.emslandkicker.de\/index.php?rest_route=%2Fwp%2Fv2%2Fmedia&parent=459"}],"curies":[{"name":"wp","href":"https:\/\/api.w.org\/{rel}","templated":true}]}}