{"id":483,"date":"2014-11-09T23:35:29","date_gmt":"2014-11-09T21:35:29","guid":{"rendered":"http:\/\/www.emslandkicker.de\/?page_id=483"},"modified":"2014-11-09T23:44:18","modified_gmt":"2014-11-09T21:44:18","slug":"kreisliga-1991-92","status":"publish","type":"page","link":"http:\/\/www.emslandkicker.de\/?page_id=483","title":{"rendered":"Kreisliga 1991-92"},"content":{"rendered":"<div class=\"pdfprnt-buttons pdfprnt-buttons-page pdfprnt-top-right\"><a href=\"http:\/\/www.emslandkicker.de\/index.php?rest_route=%2Fwp%2Fv2%2Fpages%2F483&print=pdf\" class=\"pdfprnt-button pdfprnt-button-pdf\" target=\"_blank\"><img decoding=\"async\" src=\"https:\/\/i0.wp.com\/www.emslandkicker.de\/wp-content\/plugins\/pdf-print\/images\/pdf.png?w=610\" alt=\"image_pdf\" title=\"View PDF\" data-recalc-dims=\"1\" \/><\/a><a href=\"http:\/\/www.emslandkicker.de\/index.php?rest_route=%2Fwp%2Fv2%2Fpages%2F483&print=print\" class=\"pdfprnt-button pdfprnt-button-print\" target=\"_blank\"><img decoding=\"async\" src=\"https:\/\/i0.wp.com\/www.emslandkicker.de\/wp-content\/plugins\/pdf-print\/images\/print.png?w=610\" alt=\"image_print\" title=\"Print Content\" data-recalc-dims=\"1\" \/><\/a><\/div><h2><strong>Wer stoppt den SV Holte?<\/strong><\/h2>\n<h3><strong>Schleper in Lauerstellung &#8211; SV Teglingen Geheimfavorit<\/strong><\/h3>\n<p>Dreimal belegte der <strong>SV Holte<\/strong> in den vergangenen vier Jahren den zweiten Tabellenrang, wobei in der Saison 1988\/89 der Sprung in die Bezirksklasse erst im Qualifikationsspiel gegen <strong>Eintr. Nordhorn 2<\/strong> denkbar knapp verfehlt wurde. Diesmal aber wollen es die Mannen um Spielertrainer Hermann Backsmann wissen. Sich selbst r\u00e4umt der <strong>SV Holte<\/strong> gute Meisterschaftschancen ein, und auch die Konkurrenz glaubt fast einheitlich an einem Aufstieg der Elf aus dem Ostkreis.<\/p>\n<p>Gleich elfmal setzten die Fachleute der Kreisliga den <strong>SV Holte<\/strong> auf Platz eins, f\u00fcnfmal wird ihm Rang zwei zugetraut. Nun, ob die \u00dcberlegenheit der <strong>Holter<\/strong> tats\u00e4chlich so gro\u00df sein wird, mu\u00df abgewartet werden. Mit Johannes Freese, Ralf Rohe und Christoph Schulte muss Coach Hermann Backsmann auf drei Leistungstr\u00e4ger verzichten, die er durch den Einbau von talentierten Nachwuchsspielern kompensieren m\u00f6chte. Mitentscheidend sein d\u00fcrfte die k\u00f6rperliche Fitne\u00df von Mittelfeldregisseur Clemens Kroner, der in den vergangenen Zeiten h\u00e4ufig mit R\u00fcckenproblemen pausieren musste. Mit Dieter Ostermann vom <strong>Hasel\u00fcnner SV<\/strong>, der Mitte letzter Saison zu den <strong>Holtern<\/strong> stie\u00df, scheint ein echter Torj\u00e4ger Furore zu machen.<\/p>\n<p>Nicht untersch\u00e4tzt werden d\u00fcrfen die beiden langj\u00e4hrigen Spitzenteams <strong>SV Teglingen<\/strong> und <strong>Conc. Schleper<\/strong>. Der <strong>SV Teglingen<\/strong> letztj\u00e4hriger Vierter, verlor zwar den Abwehrstrategen Alfons Egbers, doch mit dem Bezirksoberligaerfahrenen Reiner Sch\u00fctte (<strong>SF Schwefingen<\/strong>) und Andreas Terfer (<strong>DJK Neub\u00f6rger<\/strong>) sowie den ehrgeizigen Nachwuchsspielern k\u00f6nnte ein Spitzenplatz erk\u00e4mpft werden.<\/p>\n<p>Quelle: Verlagsbeilage der Meppener Tagespost zur neuen Saison<\/p>\n<div class=\"sharedaddy sd-sharing-enabled\"><div class=\"robots-nocontent sd-block sd-social sd-social-official sd-sharing\"><h3 class=\"sd-title\">Teilen mit:<\/h3><div class=\"sd-content\"><ul><li class=\"share-facebook\"><div class=\"fb-share-button\" data-href=\"http:\/\/www.emslandkicker.de\/?page_id=483\" data-layout=\"button_count\"><\/div><\/li><li class=\"share-twitter\"><a href=\"https:\/\/twitter.com\/share\" class=\"twitter-share-button\" data-url=\"http:\/\/www.emslandkicker.de\/?page_id=483\" data-text=\"Kreisliga 1991-92\" data-via=\"Emslandkicker\" >Tweet<\/a><\/li><li class=\"share-email\"><a rel=\"nofollow noopener noreferrer\" data-shared=\"\" class=\"share-email sd-button\" href=\"mailto:?subject=%5BGeteilter%20Beitrag%5D%20Kreisliga%201991-92&body=http%3A%2F%2Fwww.emslandkicker.de%2F%3Fpage_id%3D483&share=email\" target=\"_blank\" title=\"Click to email a link to a friend\" data-email-share-error-title=\"Do you have email set up?\" data-email-share-error-text=\"If you&#039;re having problems sharing via email, you might not have email set up for your browser. You may need to create a new email yourself.\" data-email-share-nonce=\"30dabe592b\" data-email-share-track-url=\"http:\/\/www.emslandkicker.de\/?page_id=483&amp;share=email\"><span>E-Mail<\/span><\/a><\/li><li class=\"share-print\"><a rel=\"nofollow noopener noreferrer\" data-shared=\"\" class=\"share-print sd-button\" href=\"http:\/\/www.emslandkicker.de\/?page_id=483\" target=\"_blank\" title=\"Klicken zum Ausdrucken\" ><span>Drucken<\/span><\/a><\/li><li class=\"share-end\"><\/li><\/ul><\/div><\/div><\/div>","protected":false},"excerpt":{"rendered":"<p>Wer stoppt den SV Holte? Schleper in Lauerstellung &#8211; SV Teglingen Geheimfavorit Dreimal belegte der SV Holte in den vergangenen vier Jahren den zweiten Tabellenrang, wobei in der Saison 1988\/89 der Sprung in die Bezirksklasse erst im Qualifikationsspiel gegen Eintr. Nordhorn 2 denkbar knapp verfehlt wurde. Diesmal aber wollen es die Mannen um Spielertrainer Hermann [&hellip;]<\/p>\n<div class=\"sharedaddy sd-sharing-enabled\"><div class=\"robots-nocontent sd-block sd-social sd-social-official sd-sharing\"><h3 class=\"sd-title\">Teilen mit:<\/h3><div class=\"sd-content\"><ul><li class=\"share-facebook\"><div class=\"fb-share-button\" data-href=\"http:\/\/www.emslandkicker.de\/?page_id=483\" data-layout=\"button_count\"><\/div><\/li><li class=\"share-twitter\"><a href=\"https:\/\/twitter.com\/share\" class=\"twitter-share-button\" data-url=\"http:\/\/www.emslandkicker.de\/?page_id=483\" data-text=\"Kreisliga 1991-92\" data-via=\"Emslandkicker\" >Tweet<\/a><\/li><li class=\"share-email\"><a rel=\"nofollow noopener noreferrer\" data-shared=\"\" class=\"share-email sd-button\" href=\"mailto:?subject=%5BGeteilter%20Beitrag%5D%20Kreisliga%201991-92&body=http%3A%2F%2Fwww.emslandkicker.de%2F%3Fpage_id%3D483&share=email\" target=\"_blank\" title=\"Click to email a link to a friend\" data-email-share-error-title=\"Do you have email set up?\" data-email-share-error-text=\"If you&#039;re having problems sharing via email, you might not have email set up for your browser. You may need to create a new email yourself.\" data-email-share-nonce=\"30dabe592b\" data-email-share-track-url=\"http:\/\/www.emslandkicker.de\/?page_id=483&amp;share=email\"><span>E-Mail<\/span><\/a><\/li><li class=\"share-print\"><a rel=\"nofollow noopener noreferrer\" data-shared=\"\" class=\"share-print sd-button\" href=\"http:\/\/www.emslandkicker.de\/?page_id=483\" target=\"_blank\" title=\"Klicken zum Ausdrucken\" ><span>Drucken<\/span><\/a><\/li><li class=\"share-end\"><\/li><\/ul><\/div><\/div><\/div>","protected":false},"author":1,"featured_media":203,"parent":476,"menu_order":0,"comment_status":"open","ping_status":"open","template":"","meta":{"footnotes":""},"class_list":["post-483","page","type-page","status-publish","has-post-thumbnail","hentry"],"jetpack_sharing_enabled":true,"jetpack_shortlink":"https:\/\/wp.me\/P5etIj-7N","jetpack-related-posts":[{"id":489,"url":"http:\/\/www.emslandkicker.de\/?page_id=489","url_meta":{"origin":483,"position":0},"title":"Kreisliga 1991-92 Torj\u00e4ger","date":"9. November 2014","format":false,"excerpt":"Torj\u00e4ger der Kreisliga Mitte 1991-92 1. Die Ostermann (SV Holte) 26 2. Manfred K\u00f6hne (Conc. Schleper) 22 3. Norbert Bruns (DJK Geeste) 19 4. Ewald Pohlmann (SG L\u00e4hden) 18 5. Hans B\u00fcter (Eintr. Ber\u00dfen) 17 6. Hermann Backsmann (SV Holte) 15 Josef Gerdelmann (Conc. Schleper) 15 8. Niemann (DJK Geeste)\u2026","rel":"","context":"Similar post","img":{"alt_text":"","src":"","width":0,"height":0},"classes":[]},{"id":493,"url":"http:\/\/www.emslandkicker.de\/?page_id=493","url_meta":{"origin":483,"position":1},"title":"Kreisliga 1990-91","date":"10. November 2014","format":false,"excerpt":"Union Meppen am Ziel SV Holte wieder nur Zweiter - Nach dem 1:0-Erfolg in Erika-Altenberge Nach zweij\u00e4hriger Kreisligazugeh\u00f6rigkeit hat es Union Meppen geschafft. Durch verdienten 1:0-Ausw\u00e4rtserfolg beim SV Erika-Altenberge sicherte sich das Polke-Team die Meisterschaft und den Aufstieg in die Bezirksklasse V. Trotz des 5:2-Erfolges in Hesepe mu\u00dfte sich Verfolger\u2026","rel":"","context":"Similar post","img":{"alt_text":"","src":"","width":0,"height":0},"classes":[]},{"id":453,"url":"http:\/\/www.emslandkicker.de\/?page_id=453","url_meta":{"origin":483,"position":2},"title":"Kreisligameister bis 1995","date":"8. November 2014","format":false,"excerpt":"Kreisliga 1976-77 [Einf\u00fchrung der Kreisligen] Tab. Nord Mitte VfL Emslage S\u00fcd Kreisliga 1977-78 Nord Mitte SV Dalum S\u00fcd Kreisliga 1978-79 Nord Sigiltra S\u00f6gel Mitte DJK Fehndorf S\u00fcd Kreisliga 1979-80 Nord Germ. 08 Papenburg * Mitte SV Erika-A. S\u00fcd Germ. Thuine Kreisliga 1980-81 Nord FC Bockholte Mitte TuS Haren S\u00fcd SG\u2026","rel":"","context":"Similar post","img":{"alt_text":"","src":"","width":0,"height":0},"classes":[]},{"id":626,"url":"http:\/\/www.emslandkicker.de\/?page_id=626","url_meta":{"origin":483,"position":3},"title":"Tabelle Kreisliga Mitte 1985-86","date":"13. November 2014","format":false,"excerpt":"Kreisliga Mitte 1985-86 Pl. Verein Sp Tore Diff. Pkt 1. SV Neuringe 30 70 : 36 34 46 : 14 2. SV Holte 30 66 : 30 36 44 : 16 3. Hasel\u00fcnner SV 2 30 66 : 35 31 40 : 20 4. SV Dalum 30 67 : 34\u2026","rel":"","context":"Similar post","img":{"alt_text":"","src":"","width":0,"height":0},"classes":[]},{"id":678,"url":"http:\/\/www.emslandkicker.de\/?page_id=678","url_meta":{"origin":483,"position":4},"title":"Tabelle Kreisliga Meppen 1978-79","date":"14. November 2014","format":false,"excerpt":"Kreisliga Meppen 1978-79 Pl. Verein Sp Tore Diff Pkt. 1. DJK Fehndorf 30 66 : 34 32 45 : 15 2. Hasel\u00fcnner SV 2 30 66 : 30 36 44 : 16 3. SV Erika-A. 30 73 : 37 36 39 : 21 4. TuS Haren 30 61 : 47\u2026","rel":"","context":"Similar post","img":{"alt_text":"","src":"","width":0,"height":0},"classes":[]},{"id":680,"url":"http:\/\/www.emslandkicker.de\/?page_id=680","url_meta":{"origin":483,"position":5},"title":"Tabelle Kreisliga Meppen 1979-80","date":"14. November 2014","format":false,"excerpt":"Kreisliga Meppen 1979-80 Pl. Verein Sp Tore Diff Pkt. 1. SV Erika-A. 30 57 : 20 37 50 : 10 2. TuS Haren 30 85 : 31 54 47 : 13 3. SV Bokeloh 30 63 : 54 9 33 : 27 4. Hasel\u00fcnner SV 2 30 54 : 58\u2026","rel":"","context":"Similar post","img":{"alt_text":"","src":"","width":0,"height":0},"classes":[]}],"jetpack_likes_enabled":true,"_links":{"self":[{"href":"http:\/\/www.emslandkicker.de\/index.php?rest_route=\/wp\/v2\/pages\/483","targetHints":{"allow":["GET"]}}],"collection":[{"href":"http:\/\/www.emslandkicker.de\/index.php?rest_route=\/wp\/v2\/pages"}],"about":[{"href":"http:\/\/www.emslandkicker.de\/index.php?rest_route=\/wp\/v2\/types\/page"}],"author":[{"embeddable":true,"href":"http:\/\/www.emslandkicker.de\/index.php?rest_route=\/wp\/v2\/users\/1"}],"replies":[{"embeddable":true,"href":"http:\/\/www.emslandkicker.de\/index.php?rest_route=%2Fwp%2Fv2%2Fcomments&post=483"}],"version-history":[{"count":0,"href":"http:\/\/www.emslandkicker.de\/index.php?rest_route=\/wp\/v2\/pages\/483\/revisions"}],"up":[{"embeddable":true,"href":"http:\/\/www.emslandkicker.de\/index.php?rest_route=\/wp\/v2\/pages\/476"}],"wp:featuredmedia":[{"embeddable":true,"href":"http:\/\/www.emslandkicker.de\/index.php?rest_route=\/wp\/v2\/media\/203"}],"wp:attachment":[{"href":"http:\/\/www.emslandkicker.de\/index.php?rest_route=%2Fwp%2Fv2%2Fmedia&parent=483"}],"curies":[{"name":"wp","href":"https:\/\/api.w.org\/{rel}","templated":true}]}}