{"id":489,"date":"2014-11-09T23:54:10","date_gmt":"2014-11-09T21:54:10","guid":{"rendered":"http:\/\/www.emslandkicker.de\/?page_id=489"},"modified":"2014-11-09T23:55:55","modified_gmt":"2014-11-09T21:55:55","slug":"kreisliga-1991-92-torjaeger","status":"publish","type":"page","link":"http:\/\/www.emslandkicker.de\/?page_id=489","title":{"rendered":"Kreisliga 1991-92 Torj\u00e4ger"},"content":{"rendered":"<div class=\"pdfprnt-buttons pdfprnt-buttons-page pdfprnt-top-right\"><a href=\"http:\/\/www.emslandkicker.de\/index.php?rest_route=%2Fwp%2Fv2%2Fpages%2F489&print=pdf\" class=\"pdfprnt-button pdfprnt-button-pdf\" target=\"_blank\"><img decoding=\"async\" src=\"https:\/\/i0.wp.com\/www.emslandkicker.de\/wp-content\/plugins\/pdf-print\/images\/pdf.png?w=610\" alt=\"image_pdf\" title=\"View PDF\" data-recalc-dims=\"1\" \/><\/a><a href=\"http:\/\/www.emslandkicker.de\/index.php?rest_route=%2Fwp%2Fv2%2Fpages%2F489&print=print\" class=\"pdfprnt-button pdfprnt-button-print\" target=\"_blank\"><img decoding=\"async\" src=\"https:\/\/i0.wp.com\/www.emslandkicker.de\/wp-content\/plugins\/pdf-print\/images\/print.png?w=610\" alt=\"image_print\" title=\"Print Content\" data-recalc-dims=\"1\" \/><\/a><\/div><h2><strong>Torj\u00e4ger der Kreisliga Mitte 1991-92<\/strong><\/h2>\n<h3><strong>1. Die Ostermann (SV Holte) 26<\/strong><br \/>\n2. Manfred K\u00f6hne (Conc. Schleper) 22<br \/>\n3. Norbert Bruns (DJK Geeste) 19<br \/>\n4. Ewald Pohlmann (SG L\u00e4hden) 18<br \/>\n5. Hans B\u00fcter (Eintr. Ber\u00dfen) 17<br \/>\n6. Hermann Backsmann (SV Holte) 15<br \/>\nJosef Gerdelmann (Conc. Schleper) 15<br \/>\n8. Niemann (DJK Geeste) 14<br \/>\n10. Kerperin (VfL Emslage) 13<\/h3>\n<div class=\"sharedaddy sd-sharing-enabled\"><div class=\"robots-nocontent sd-block sd-social sd-social-official sd-sharing\"><h3 class=\"sd-title\">Teilen mit:<\/h3><div class=\"sd-content\"><ul><li class=\"share-facebook\"><div class=\"fb-share-button\" data-href=\"http:\/\/www.emslandkicker.de\/?page_id=489\" data-layout=\"button_count\"><\/div><\/li><li class=\"share-twitter\"><a href=\"https:\/\/twitter.com\/share\" class=\"twitter-share-button\" data-url=\"http:\/\/www.emslandkicker.de\/?page_id=489\" data-text=\"Kreisliga 1991-92 Torj\u00e4ger\" data-via=\"Emslandkicker\" >Tweet<\/a><\/li><li class=\"share-email\"><a rel=\"nofollow noopener noreferrer\" data-shared=\"\" class=\"share-email sd-button\" href=\"mailto:?subject=%5BGeteilter%20Beitrag%5D%20Kreisliga%201991-92%20Torj%C3%A4ger&body=http%3A%2F%2Fwww.emslandkicker.de%2F%3Fpage_id%3D489&share=email\" target=\"_blank\" title=\"Click to email a link to a friend\" data-email-share-error-title=\"Do you have email set up?\" data-email-share-error-text=\"If you&#039;re having problems sharing via email, you might not have email set up for your browser. You may need to create a new email yourself.\" data-email-share-nonce=\"fa46282038\" data-email-share-track-url=\"http:\/\/www.emslandkicker.de\/?page_id=489&amp;share=email\"><span>E-Mail<\/span><\/a><\/li><li class=\"share-print\"><a rel=\"nofollow noopener noreferrer\" data-shared=\"\" class=\"share-print sd-button\" href=\"http:\/\/www.emslandkicker.de\/?page_id=489\" target=\"_blank\" title=\"Klicken zum Ausdrucken\" ><span>Drucken<\/span><\/a><\/li><li class=\"share-end\"><\/li><\/ul><\/div><\/div><\/div>","protected":false},"excerpt":{"rendered":"<p>Torj\u00e4ger der Kreisliga Mitte 1991-92 1. Die Ostermann (SV Holte) 26 2. Manfred K\u00f6hne (Conc. Schleper) 22 3. Norbert Bruns (DJK Geeste) 19 4. Ewald Pohlmann (SG L\u00e4hden) 18 5. Hans B\u00fcter (Eintr. Ber\u00dfen) 17 6. Hermann Backsmann (SV Holte) 15 Josef Gerdelmann (Conc. Schleper) 15 8. Niemann (DJK Geeste) 14 10. Kerperin (VfL Emslage) [&hellip;]<\/p>\n<div class=\"sharedaddy sd-sharing-enabled\"><div class=\"robots-nocontent sd-block sd-social sd-social-official sd-sharing\"><h3 class=\"sd-title\">Teilen mit:<\/h3><div class=\"sd-content\"><ul><li class=\"share-facebook\"><div class=\"fb-share-button\" data-href=\"http:\/\/www.emslandkicker.de\/?page_id=489\" data-layout=\"button_count\"><\/div><\/li><li class=\"share-twitter\"><a href=\"https:\/\/twitter.com\/share\" class=\"twitter-share-button\" data-url=\"http:\/\/www.emslandkicker.de\/?page_id=489\" data-text=\"Kreisliga 1991-92 Torj\u00e4ger\" data-via=\"Emslandkicker\" >Tweet<\/a><\/li><li class=\"share-email\"><a rel=\"nofollow noopener noreferrer\" data-shared=\"\" class=\"share-email sd-button\" href=\"mailto:?subject=%5BGeteilter%20Beitrag%5D%20Kreisliga%201991-92%20Torj%C3%A4ger&body=http%3A%2F%2Fwww.emslandkicker.de%2F%3Fpage_id%3D489&share=email\" target=\"_blank\" title=\"Click to email a link to a friend\" data-email-share-error-title=\"Do you have email set up?\" data-email-share-error-text=\"If you&#039;re having problems sharing via email, you might not have email set up for your browser. You may need to create a new email yourself.\" data-email-share-nonce=\"fa46282038\" data-email-share-track-url=\"http:\/\/www.emslandkicker.de\/?page_id=489&amp;share=email\"><span>E-Mail<\/span><\/a><\/li><li class=\"share-print\"><a rel=\"nofollow noopener noreferrer\" data-shared=\"\" class=\"share-print sd-button\" href=\"http:\/\/www.emslandkicker.de\/?page_id=489\" target=\"_blank\" title=\"Klicken zum Ausdrucken\" ><span>Drucken<\/span><\/a><\/li><li class=\"share-end\"><\/li><\/ul><\/div><\/div><\/div>","protected":false},"author":1,"featured_media":203,"parent":476,"menu_order":32,"comment_status":"open","ping_status":"open","template":"","meta":{"footnotes":""},"class_list":["post-489","page","type-page","status-publish","has-post-thumbnail","hentry"],"jetpack_sharing_enabled":true,"jetpack_shortlink":"https:\/\/wp.me\/P5etIj-7T","jetpack-related-posts":[{"id":483,"url":"http:\/\/www.emslandkicker.de\/?page_id=483","url_meta":{"origin":489,"position":0},"title":"Kreisliga 1991-92","date":"9. November 2014","format":false,"excerpt":"Wer stoppt den SV Holte? Schleper in Lauerstellung - SV Teglingen Geheimfavorit Dreimal belegte der SV Holte in den vergangenen vier Jahren den zweiten Tabellenrang, wobei in der Saison 1988\/89 der Sprung in die Bezirksklasse erst im Qualifikationsspiel gegen Eintr. Nordhorn 2 denkbar knapp verfehlt wurde. Diesmal aber wollen es\u2026","rel":"","context":"Similar post","img":{"alt_text":"","src":"","width":0,"height":0},"classes":[]},{"id":476,"url":"http:\/\/www.emslandkicker.de\/?page_id=476","url_meta":{"origin":489,"position":1},"title":"Tabelle Kreisliga Mitte 1991-92","date":"8. November 2014","format":false,"excerpt":"Kreisliga Mitte 1991-92 Pl. Teams Sp S U N Tore Diff Pkt. 1. SV Holte 30 22 6 2 64 : 29 35 50 : 10 2. DJK Geeste 30 21 5 4 69 : 27 42 47 : 13 3. VfL Emslage 30 15 8 7 55 : 34\u2026","rel":"","context":"Similar post","img":{"alt_text":"","src":"","width":0,"height":0},"classes":[]},{"id":471,"url":"http:\/\/www.emslandkicker.de\/?page_id=471","url_meta":{"origin":489,"position":2},"title":"Tabelle Kreisliga Mitte 1990-91","date":"8. November 2014","format":false,"excerpt":"Kreisliga Mitte 1990-91 Pl. Teams Sp Tore Diff Pkt. 1. Union Meppen 30 79 : 17 62 51 : 9 2. SV Holte 30 78 : 24 54 50 : 10 3. Conc. Schleper 30 77 : 47 30 42 : 18 4. SV Teglingen 30 42 : 37 5\u2026","rel":"","context":"Similar post","img":{"alt_text":"","src":"","width":0,"height":0},"classes":[]},{"id":466,"url":"http:\/\/www.emslandkicker.de\/?page_id=466","url_meta":{"origin":489,"position":3},"title":"Tabelle Kreisliga Mitte 1989-90","date":"8. November 2014","format":false,"excerpt":"Kreisliga Mitte 1989-90 Pl. Teams Sp Tore Diff Pkt. 1. Grenzl. Twist 30 83 : 24 59 48 : 12 2. Union Meppen 30 76 : 39 37 47 : 13 3. SV Gr. Hesepe 30 52 : 34 18 39 : 21 4. DJK Geeste 30 40 : 40\u2026","rel":"","context":"Similar post","img":{"alt_text":"","src":"","width":0,"height":0},"classes":[]},{"id":739,"url":"http:\/\/www.emslandkicker.de\/?page_id=739","url_meta":{"origin":489,"position":4},"title":"Tabelle Kreisliga Mitte 1994-95","date":"22. November 2014","format":false,"excerpt":"Kreisliga Mitte 1994-95 Pl. Teams Sp Tore Diff Pkt. 1. VfL Emslage 30 76 : 26 50 50 : 10 2. SV Holte (A) 30 40 : 37 3 35 : 25 3. Union Meppen (A) 30 56 : 42 14 34 : 26 4. SC Adorf 30 57 :\u2026","rel":"","context":"Similar post","img":{"alt_text":"","src":"","width":0,"height":0},"classes":[]},{"id":453,"url":"http:\/\/www.emslandkicker.de\/?page_id=453","url_meta":{"origin":489,"position":5},"title":"Kreisligameister bis 1995","date":"8. November 2014","format":false,"excerpt":"Kreisliga 1976-77 [Einf\u00fchrung der Kreisligen] Tab. Nord Mitte VfL Emslage S\u00fcd Kreisliga 1977-78 Nord Mitte SV Dalum S\u00fcd Kreisliga 1978-79 Nord Sigiltra S\u00f6gel Mitte DJK Fehndorf S\u00fcd Kreisliga 1979-80 Nord Germ. 08 Papenburg * Mitte SV Erika-A. S\u00fcd Germ. Thuine Kreisliga 1980-81 Nord FC Bockholte Mitte TuS Haren S\u00fcd SG\u2026","rel":"","context":"Similar post","img":{"alt_text":"","src":"","width":0,"height":0},"classes":[]}],"jetpack_likes_enabled":true,"_links":{"self":[{"href":"http:\/\/www.emslandkicker.de\/index.php?rest_route=\/wp\/v2\/pages\/489","targetHints":{"allow":["GET"]}}],"collection":[{"href":"http:\/\/www.emslandkicker.de\/index.php?rest_route=\/wp\/v2\/pages"}],"about":[{"href":"http:\/\/www.emslandkicker.de\/index.php?rest_route=\/wp\/v2\/types\/page"}],"author":[{"embeddable":true,"href":"http:\/\/www.emslandkicker.de\/index.php?rest_route=\/wp\/v2\/users\/1"}],"replies":[{"embeddable":true,"href":"http:\/\/www.emslandkicker.de\/index.php?rest_route=%2Fwp%2Fv2%2Fcomments&post=489"}],"version-history":[{"count":0,"href":"http:\/\/www.emslandkicker.de\/index.php?rest_route=\/wp\/v2\/pages\/489\/revisions"}],"up":[{"embeddable":true,"href":"http:\/\/www.emslandkicker.de\/index.php?rest_route=\/wp\/v2\/pages\/476"}],"wp:featuredmedia":[{"embeddable":true,"href":"http:\/\/www.emslandkicker.de\/index.php?rest_route=\/wp\/v2\/media\/203"}],"wp:attachment":[{"href":"http:\/\/www.emslandkicker.de\/index.php?rest_route=%2Fwp%2Fv2%2Fmedia&parent=489"}],"curies":[{"name":"wp","href":"https:\/\/api.w.org\/{rel}","templated":true}]}}