{"id":500,"date":"2014-11-10T12:29:33","date_gmt":"2014-11-10T10:29:33","guid":{"rendered":"http:\/\/www.emslandkicker.de\/?page_id=500"},"modified":"2014-11-28T14:43:54","modified_gmt":"2014-11-28T12:43:54","slug":"tabelle-1-kreisklasse-mitte-1979-80","status":"publish","type":"page","link":"http:\/\/www.emslandkicker.de\/?page_id=500","title":{"rendered":"Tabelle 1. Kreisklasse Mitte 1979-80"},"content":{"rendered":"<div class=\"pdfprnt-buttons pdfprnt-buttons-page pdfprnt-top-right\"><a href=\"http:\/\/www.emslandkicker.de\/index.php?rest_route=%2Fwp%2Fv2%2Fpages%2F500&print=pdf\" class=\"pdfprnt-button pdfprnt-button-pdf\" target=\"_blank\"><img decoding=\"async\" src=\"https:\/\/i0.wp.com\/www.emslandkicker.de\/wp-content\/plugins\/pdf-print\/images\/pdf.png?w=610\" alt=\"image_pdf\" title=\"View PDF\" data-recalc-dims=\"1\" \/><\/a><a href=\"http:\/\/www.emslandkicker.de\/index.php?rest_route=%2Fwp%2Fv2%2Fpages%2F500&print=print\" class=\"pdfprnt-button pdfprnt-button-print\" target=\"_blank\"><img decoding=\"async\" src=\"https:\/\/i0.wp.com\/www.emslandkicker.de\/wp-content\/plugins\/pdf-print\/images\/print.png?w=610\" alt=\"image_print\" title=\"Print Content\" data-recalc-dims=\"1\" \/><\/a><\/div><table width=\"100%\" cellspacing=\"5\" cellpadding=\"0\">\n<tbody>\n<tr>\n<td colspan=\"10\"><strong>1. Kreisklasse Mitte 1979-80<\/strong><\/td>\n<\/tr>\n<tr>\n<td bgcolor=\"#CCCCCC\"><strong>Pl.<\/strong><\/td>\n<td bgcolor=\"#CCCCCC\"><strong>Verein<\/strong><\/td>\n<td bgcolor=\"#CCCCCC\"><strong>Sp<\/strong><\/td>\n<td colspan=\"3\" bgcolor=\"#CCCCCC\"><strong>Tore<\/strong><\/td>\n<td bgcolor=\"#CCCCCC\"><strong>Diff<\/strong><\/td>\n<td colspan=\"3\" bgcolor=\"#CCCCCC\"><strong>Pkt.<\/strong><\/td>\n<\/tr>\n<tr>\n<td>1.<\/td>\n<td>Spvg. Ahmsen-V.<\/td>\n<td>30<\/td>\n<td align=\"right\">102<\/td>\n<td>:<\/td>\n<td align=\"right\">58<\/td>\n<td align=\"right\">44<\/td>\n<td align=\"right\">41<\/td>\n<td>:<\/td>\n<td align=\"right\">19<\/td>\n<\/tr>\n<tr>\n<td>2.<\/td>\n<td>SG L\u00e4hden<\/td>\n<td>30<\/td>\n<td align=\"right\">80<\/td>\n<td>:<\/td>\n<td align=\"right\">46<\/td>\n<td align=\"right\">34<\/td>\n<td align=\"right\">38<\/td>\n<td>:<\/td>\n<td align=\"right\">22<\/td>\n<\/tr>\n<tr>\n<td>3.<\/td>\n<td>Union Meppen 2<\/td>\n<td>30<\/td>\n<td align=\"right\">53<\/td>\n<td>:<\/td>\n<td align=\"right\">46<\/td>\n<td align=\"right\">7<\/td>\n<td align=\"right\">38<\/td>\n<td>:<\/td>\n<td align=\"right\">22<\/td>\n<\/tr>\n<tr>\n<td>4.<\/td>\n<td>Grenzl. Twist 2<\/td>\n<td>30<\/td>\n<td align=\"right\">54<\/td>\n<td>:<\/td>\n<td align=\"right\">52<\/td>\n<td align=\"right\">2<\/td>\n<td align=\"right\">34<\/td>\n<td>:<\/td>\n<td align=\"right\">26<\/td>\n<\/tr>\n<tr>\n<td>5.<\/td>\n<td>DJK Hebelermeer<\/td>\n<td>30<\/td>\n<td align=\"right\">65<\/td>\n<td>:<\/td>\n<td align=\"right\">49<\/td>\n<td align=\"right\">16<\/td>\n<td align=\"right\">32<\/td>\n<td>:<\/td>\n<td align=\"right\">28<\/td>\n<\/tr>\n<tr>\n<td>6.<\/td>\n<td>VfL Herzlake 3<\/td>\n<td>30<\/td>\n<td align=\"right\">74<\/td>\n<td>:<\/td>\n<td align=\"right\">62<\/td>\n<td align=\"right\">12<\/td>\n<td align=\"right\">32<\/td>\n<td>:<\/td>\n<td align=\"right\">28<\/td>\n<\/tr>\n<tr>\n<td>7.<\/td>\n<td>VfL Emslage 2<\/td>\n<td>30<\/td>\n<td align=\"right\">54<\/td>\n<td>:<\/td>\n<td align=\"right\">56<\/td>\n<td align=\"right\">-2<\/td>\n<td align=\"right\">31<\/td>\n<td>:<\/td>\n<td align=\"right\">29<\/td>\n<\/tr>\n<tr>\n<td>8.<\/td>\n<td>SV Dalum 2<\/td>\n<td>30<\/td>\n<td align=\"right\">56<\/td>\n<td>:<\/td>\n<td align=\"right\">72<\/td>\n<td align=\"right\">-16<\/td>\n<td align=\"right\">31<\/td>\n<td>:<\/td>\n<td align=\"right\">29<\/td>\n<\/tr>\n<tr>\n<td>9.<\/td>\n<td>FC Wesuwe 2<\/td>\n<td>30<\/td>\n<td align=\"right\">54<\/td>\n<td>:<\/td>\n<td align=\"right\">48<\/td>\n<td align=\"right\">6<\/td>\n<td align=\"right\">29<\/td>\n<td>:<\/td>\n<td align=\"right\">31<\/td>\n<\/tr>\n<tr>\n<td>10.<\/td>\n<td>Hasel\u00fcnner SV 3<\/td>\n<td>30<\/td>\n<td align=\"right\">72<\/td>\n<td>:<\/td>\n<td align=\"right\">70<\/td>\n<td align=\"right\">2<\/td>\n<td align=\"right\">29<\/td>\n<td>:<\/td>\n<td align=\"right\">31<\/td>\n<\/tr>\n<tr>\n<td>11.<\/td>\n<td>SV Eltern<\/td>\n<td>30<\/td>\n<td align=\"right\">49<\/td>\n<td>:<\/td>\n<td align=\"right\">59<\/td>\n<td align=\"right\">-10<\/td>\n<td align=\"right\">29<\/td>\n<td>:<\/td>\n<td align=\"right\">31<\/td>\n<\/tr>\n<tr>\n<td>12.<\/td>\n<td>FC Bramhar<\/td>\n<td>30<\/td>\n<td align=\"right\">54<\/td>\n<td>:<\/td>\n<td align=\"right\">57<\/td>\n<td align=\"right\">-3<\/td>\n<td align=\"right\">27<\/td>\n<td>:<\/td>\n<td align=\"right\">33<\/td>\n<\/tr>\n<tr>\n<td>13.<\/td>\n<td>VfL R\u00fctenbrock 2<\/td>\n<td>30<\/td>\n<td align=\"right\">67<\/td>\n<td>:<\/td>\n<td align=\"right\">72<\/td>\n<td align=\"right\">-5<\/td>\n<td align=\"right\">27<\/td>\n<td>:<\/td>\n<td align=\"right\">33<\/td>\n<\/tr>\n<tr>\n<td>14.<\/td>\n<td>SV Meppen 3<\/td>\n<td>30<\/td>\n<td align=\"right\">64<\/td>\n<td>:<\/td>\n<td align=\"right\">78<\/td>\n<td align=\"right\">-14<\/td>\n<td align=\"right\">27<\/td>\n<td>:<\/td>\n<td align=\"right\">33<\/td>\n<\/tr>\n<tr>\n<td>15.<\/td>\n<td>SV Flechum<\/td>\n<td>30<\/td>\n<td align=\"right\">69<\/td>\n<td>:<\/td>\n<td align=\"right\">80<\/td>\n<td align=\"right\">-11<\/td>\n<td align=\"right\">23<\/td>\n<td>:<\/td>\n<td align=\"right\">37<\/td>\n<\/tr>\n<tr>\n<td>16.<\/td>\n<td>SV Holte 2<\/td>\n<td>30<\/td>\n<td align=\"right\">37<\/td>\n<td>:<\/td>\n<td align=\"right\">94<\/td>\n<td align=\"right\">-57<\/td>\n<td align=\"right\">14<\/td>\n<td>:<\/td>\n<td align=\"right\">46<\/td>\n<\/tr>\n<\/tbody>\n<\/table>\n<div class=\"sharedaddy sd-sharing-enabled\"><div class=\"robots-nocontent sd-block sd-social sd-social-official sd-sharing\"><h3 class=\"sd-title\">Teilen mit:<\/h3><div class=\"sd-content\"><ul><li class=\"share-facebook\"><div class=\"fb-share-button\" data-href=\"http:\/\/www.emslandkicker.de\/?page_id=500\" data-layout=\"button_count\"><\/div><\/li><li class=\"share-twitter\"><a href=\"https:\/\/twitter.com\/share\" class=\"twitter-share-button\" data-url=\"http:\/\/www.emslandkicker.de\/?page_id=500\" data-text=\"Tabelle 1. Kreisklasse Mitte 1979-80\" data-via=\"Emslandkicker\" >Tweet<\/a><\/li><li class=\"share-email\"><a rel=\"nofollow noopener noreferrer\" data-shared=\"\" class=\"share-email sd-button\" href=\"mailto:?subject=%5BGeteilter%20Beitrag%5D%20Tabelle%201.%20Kreisklasse%20Mitte%201979-80&body=http%3A%2F%2Fwww.emslandkicker.de%2F%3Fpage_id%3D500&share=email\" target=\"_blank\" title=\"Click to email a link to a friend\" data-email-share-error-title=\"Do you have email set up?\" data-email-share-error-text=\"If you&#039;re having problems sharing via email, you might not have email set up for your browser. You may need to create a new email yourself.\" data-email-share-nonce=\"e029373be0\" data-email-share-track-url=\"http:\/\/www.emslandkicker.de\/?page_id=500&amp;share=email\"><span>E-Mail<\/span><\/a><\/li><li class=\"share-print\"><a rel=\"nofollow noopener noreferrer\" data-shared=\"\" class=\"share-print sd-button\" href=\"http:\/\/www.emslandkicker.de\/?page_id=500\" target=\"_blank\" title=\"Klicken zum Ausdrucken\" ><span>Drucken<\/span><\/a><\/li><li class=\"share-end\"><\/li><\/ul><\/div><\/div><\/div>","protected":false},"excerpt":{"rendered":"<p>1. Kreisklasse Mitte 1979-80 Pl. Verein Sp Tore Diff Pkt. 1. Spvg. Ahmsen-V. 30 102 : 58 44 41 : 19 2. SG L\u00e4hden 30 80 : 46 34 38 : 22 3. Union Meppen 2 30 53 : 46 7 38 : 22 4. Grenzl. Twist 2 30 54 : 52 2 34 : [&hellip;]<\/p>\n<div class=\"sharedaddy sd-sharing-enabled\"><div class=\"robots-nocontent sd-block sd-social sd-social-official sd-sharing\"><h3 class=\"sd-title\">Teilen mit:<\/h3><div class=\"sd-content\"><ul><li class=\"share-facebook\"><div class=\"fb-share-button\" data-href=\"http:\/\/www.emslandkicker.de\/?page_id=500\" data-layout=\"button_count\"><\/div><\/li><li class=\"share-twitter\"><a href=\"https:\/\/twitter.com\/share\" class=\"twitter-share-button\" data-url=\"http:\/\/www.emslandkicker.de\/?page_id=500\" data-text=\"Tabelle 1. Kreisklasse Mitte 1979-80\" data-via=\"Emslandkicker\" >Tweet<\/a><\/li><li class=\"share-email\"><a rel=\"nofollow noopener noreferrer\" data-shared=\"\" class=\"share-email sd-button\" href=\"mailto:?subject=%5BGeteilter%20Beitrag%5D%20Tabelle%201.%20Kreisklasse%20Mitte%201979-80&body=http%3A%2F%2Fwww.emslandkicker.de%2F%3Fpage_id%3D500&share=email\" target=\"_blank\" title=\"Click to email a link to a friend\" data-email-share-error-title=\"Do you have email set up?\" data-email-share-error-text=\"If you&#039;re having problems sharing via email, you might not have email set up for your browser. You may need to create a new email yourself.\" data-email-share-nonce=\"e029373be0\" data-email-share-track-url=\"http:\/\/www.emslandkicker.de\/?page_id=500&amp;share=email\"><span>E-Mail<\/span><\/a><\/li><li class=\"share-print\"><a rel=\"nofollow noopener noreferrer\" data-shared=\"\" class=\"share-print sd-button\" href=\"http:\/\/www.emslandkicker.de\/?page_id=500\" target=\"_blank\" title=\"Klicken zum Ausdrucken\" ><span>Drucken<\/span><\/a><\/li><li class=\"share-end\"><\/li><\/ul><\/div><\/div><\/div>","protected":false},"author":1,"featured_media":203,"parent":592,"menu_order":19,"comment_status":"open","ping_status":"open","template":"","meta":{"footnotes":""},"class_list":["post-500","page","type-page","status-publish","has-post-thumbnail","hentry"],"jetpack_sharing_enabled":true,"jetpack_shortlink":"https:\/\/wp.me\/P5etIj-84","jetpack-related-posts":[{"id":505,"url":"http:\/\/www.emslandkicker.de\/?page_id=505","url_meta":{"origin":500,"position":0},"title":"Tabelle 2. Kreisklasse Mitte B 1979-80","date":"10. November 2014","format":false,"excerpt":"2. Kreisklasse Mitte B 1979-80 Pl. Verein Sp Tore Diff Pkt. 1. Conc. Schleper 24 98 : 27 71 41 : 7 2. SC Apeldorn * 24 87 : 24 63 36 : 12 3. SV Teglingen 2 24 80 : 37 43 34 : 14 4. SC Osterbrock 2\u2026","rel":"","context":"Similar post","img":{"alt_text":"","src":"","width":0,"height":0},"classes":[]},{"id":510,"url":"http:\/\/www.emslandkicker.de\/?page_id=510","url_meta":{"origin":500,"position":1},"title":"Meister 2. Kreisklasse 1979-80","date":"10. November 2014","format":false,"excerpt":"Bild vergr\u00f6\u00dfern Conc. Schleper wurde mit98:27 Tore und 41:7 Pkunkten souver\u00e4n Meister der 2. Kreisklasse Mitte Staffel B und steigt in die 1. Kreisklasse auf. Unser Bild zeigt die Meistermannschaft: stehend v. l. Trainer Alfred Gerbig, Willi Schulte, Willli Gr\u00fcnloh, Gerd Sch\u00fctte, Heinz Gels, Dieter Vox, Josef Osterholthoff, Bernhard Wehrs,\u2026","rel":"","context":"Similar post","img":{"alt_text":"","src":"","width":0,"height":0},"classes":[]},{"id":503,"url":"http:\/\/www.emslandkicker.de\/?page_id=503","url_meta":{"origin":500,"position":2},"title":"Tabelle 2. Kreisklasse Mitte A 1979-80","date":"10. November 2014","format":false,"excerpt":"2. Kreisklasse Mitte A 1979-80 Pl. Verein Sp Tore Diff Pkt. 1. Eintr. Emmeln 2 22 78 : 20 58 38 : 6 2. TuS Haren 2 22 83 : 33 50 34 : 10 3. Germ. Twist 2 22 70 : 32 38 33 : 11 4. VfL Emslage\u2026","rel":"","context":"Similar post","img":{"alt_text":"","src":"","width":0,"height":0},"classes":[]},{"id":516,"url":"http:\/\/www.emslandkicker.de\/?page_id=516","url_meta":{"origin":500,"position":3},"title":"Tabelle 2. Kreisklasse Mitte 1982-83","date":"10. November 2014","format":false,"excerpt":"2. Kreisklasse Mitte 1982-83 Pl. Verein Sp Tore Diff Pkt. 1. Sigiltra S\u00f6gel 2 30 94 : 40 54 46 : 14 2. SV Lotten 30 97 : 52 45 44 : 16 3. FC Bockholte 2 30 80 : 39 41 41 : 19 4. Eintr. B\u00f6rger 30 86\u2026","rel":"","context":"Similar post","img":{"alt_text":"","src":"","width":0,"height":0},"classes":[]},{"id":592,"url":"http:\/\/www.emslandkicker.de\/?page_id=592","url_meta":{"origin":500,"position":4},"title":"Meister 1. Kreisklasse bis 1995","date":"12. November 2014","format":false,"excerpt":"1.KK 1968-69 Tab. Info Nord Mitte VfL Herzlake S\u00fcd 1.KK 1969-70 Tab. Info Nord Mitte Germ. Twist S\u00fcd 1.KK 1970-71 Tab. Info Nord Mitte Grenzl. Twist S\u00fcd 1.KK 1971-72 Tab. Info Nord Mitte FC Wesuwe S\u00fcd 1.KK 1972-73 Tab. Info Nord Mitte Conc Sch\u00f6ninghsdorf S\u00fcd 1.KK 1973-74 Tab. Info Nord\u2026","rel":"","context":"Similar post","img":{"alt_text":"","src":"","width":0,"height":0},"classes":[]},{"id":965,"url":"http:\/\/www.emslandkicker.de\/?page_id=965","url_meta":{"origin":500,"position":5},"title":"Tabelle 1. Kreisklasse Mitte 1970-71","date":"9. Dezember 2014","format":false,"excerpt":"1. Kreisklasse Mitte 1970-71 Pl. Verein Sp S U N Tore Diff Pkt. 1. Grenzl. Twist 30 24 2 4 99 : 27 72 50 : 10 2. TuS Haren 30 18 5 7 64 : 39 25 41 : 19 3. SG L\u00e4hden (N) 30 16 8 6 58\u2026","rel":"","context":"Similar post","img":{"alt_text":"","src":"","width":0,"height":0},"classes":[]}],"jetpack_likes_enabled":true,"_links":{"self":[{"href":"http:\/\/www.emslandkicker.de\/index.php?rest_route=\/wp\/v2\/pages\/500","targetHints":{"allow":["GET"]}}],"collection":[{"href":"http:\/\/www.emslandkicker.de\/index.php?rest_route=\/wp\/v2\/pages"}],"about":[{"href":"http:\/\/www.emslandkicker.de\/index.php?rest_route=\/wp\/v2\/types\/page"}],"author":[{"embeddable":true,"href":"http:\/\/www.emslandkicker.de\/index.php?rest_route=\/wp\/v2\/users\/1"}],"replies":[{"embeddable":true,"href":"http:\/\/www.emslandkicker.de\/index.php?rest_route=%2Fwp%2Fv2%2Fcomments&post=500"}],"version-history":[{"count":0,"href":"http:\/\/www.emslandkicker.de\/index.php?rest_route=\/wp\/v2\/pages\/500\/revisions"}],"up":[{"embeddable":true,"href":"http:\/\/www.emslandkicker.de\/index.php?rest_route=\/wp\/v2\/pages\/592"}],"wp:featuredmedia":[{"embeddable":true,"href":"http:\/\/www.emslandkicker.de\/index.php?rest_route=\/wp\/v2\/media\/203"}],"wp:attachment":[{"href":"http:\/\/www.emslandkicker.de\/index.php?rest_route=%2Fwp%2Fv2%2Fmedia&parent=500"}],"curies":[{"name":"wp","href":"https:\/\/api.w.org\/{rel}","templated":true}]}}