{"id":505,"date":"2014-11-10T12:36:12","date_gmt":"2014-11-10T10:36:12","guid":{"rendered":"http:\/\/www.emslandkicker.de\/?page_id=505"},"modified":"2014-11-12T11:43:02","modified_gmt":"2014-11-12T09:43:02","slug":"tabbele-2-kreisklasse-mitte-b-1979-80","status":"publish","type":"page","link":"http:\/\/www.emslandkicker.de\/?page_id=505","title":{"rendered":"Tabelle 2. Kreisklasse Mitte B 1979-80"},"content":{"rendered":"<div class=\"pdfprnt-buttons pdfprnt-buttons-page pdfprnt-top-right\"><a href=\"http:\/\/www.emslandkicker.de\/index.php?rest_route=%2Fwp%2Fv2%2Fpages%2F505&print=pdf\" class=\"pdfprnt-button pdfprnt-button-pdf\" target=\"_blank\"><img decoding=\"async\" src=\"https:\/\/i0.wp.com\/www.emslandkicker.de\/wp-content\/plugins\/pdf-print\/images\/pdf.png?w=610\" alt=\"image_pdf\" title=\"View PDF\" data-recalc-dims=\"1\" \/><\/a><a href=\"http:\/\/www.emslandkicker.de\/index.php?rest_route=%2Fwp%2Fv2%2Fpages%2F505&print=print\" class=\"pdfprnt-button pdfprnt-button-print\" target=\"_blank\"><img decoding=\"async\" src=\"https:\/\/i0.wp.com\/www.emslandkicker.de\/wp-content\/plugins\/pdf-print\/images\/print.png?w=610\" alt=\"image_print\" title=\"Print Content\" data-recalc-dims=\"1\" \/><\/a><\/div><table width=\"100%\" cellspacing=\"5\" cellpadding=\"0\">\n<tbody>\n<tr>\n<td colspan=\"10\"><strong>2. Kreisklasse Mitte B 1979-80<\/strong><\/td>\n<\/tr>\n<tr>\n<td bgcolor=\"#CCCCCC\"><strong>Pl.<\/strong><\/td>\n<td bgcolor=\"#CCCCCC\"><strong>Verein<\/strong><\/td>\n<td bgcolor=\"#CCCCCC\"><strong>Sp<\/strong><\/td>\n<td colspan=\"3\" bgcolor=\"#CCCCCC\"><strong>Tore<\/strong><\/td>\n<td bgcolor=\"#CCCCCC\"><strong>Diff<\/strong><\/td>\n<td colspan=\"3\" bgcolor=\"#CCCCCC\"><strong>Pkt.<\/strong><\/td>\n<\/tr>\n<tr>\n<td width=\"25\">1.<\/td>\n<td width=\"116\">Conc. Schleper<\/td>\n<td width=\"22\">24<\/td>\n<td align=\"right\" width=\"28\">98<\/td>\n<td width=\"11\">:<\/td>\n<td align=\"right\" width=\"28\">27<\/td>\n<td align=\"right\" width=\"30\">71<\/td>\n<td align=\"right\" width=\"21\">41<\/td>\n<td width=\"11\">:<\/td>\n<td align=\"right\" width=\"21\">7<\/td>\n<\/tr>\n<tr>\n<td>2.<\/td>\n<td>SC Apeldorn <span style=\"color: #ff0000;\"><strong>*<\/strong><\/span><\/td>\n<td>24<\/td>\n<td align=\"right\">87<\/td>\n<td>:<\/td>\n<td align=\"right\">24<\/td>\n<td align=\"right\">63<\/td>\n<td align=\"right\">36<\/td>\n<td>:<\/td>\n<td align=\"right\">12<\/td>\n<\/tr>\n<tr>\n<td>3.<\/td>\n<td>SV Teglingen 2<\/td>\n<td>24<\/td>\n<td align=\"right\">80<\/td>\n<td>:<\/td>\n<td align=\"right\">37<\/td>\n<td align=\"right\">43<\/td>\n<td align=\"right\">34<\/td>\n<td>:<\/td>\n<td align=\"right\">14<\/td>\n<\/tr>\n<tr>\n<td>4.<\/td>\n<td>SC Osterbrock 2<\/td>\n<td>24<\/td>\n<td align=\"right\">78<\/td>\n<td>:<\/td>\n<td align=\"right\">36<\/td>\n<td align=\"right\">42<\/td>\n<td align=\"right\">34<\/td>\n<td>:<\/td>\n<td align=\"right\">14<\/td>\n<\/tr>\n<tr>\n<td>5.<\/td>\n<td>Spvg. H\u00fclsen-W.<\/td>\n<td>24<\/td>\n<td align=\"right\">62<\/td>\n<td>:<\/td>\n<td align=\"right\">38<\/td>\n<td align=\"right\">24<\/td>\n<td align=\"right\">26<\/td>\n<td>:<\/td>\n<td align=\"right\">22<\/td>\n<\/tr>\n<tr>\n<td>6.<\/td>\n<td>DJK Geeste 2<\/td>\n<td>24<\/td>\n<td align=\"right\">57<\/td>\n<td>:<\/td>\n<td align=\"right\">64<\/td>\n<td align=\"right\">-7<\/td>\n<td align=\"right\">23<\/td>\n<td>:<\/td>\n<td align=\"right\">25<\/td>\n<\/tr>\n<tr>\n<td>7.<\/td>\n<td>SV Dalum 3<\/td>\n<td>24<\/td>\n<td align=\"right\">50<\/td>\n<td>:<\/td>\n<td align=\"right\">62<\/td>\n<td align=\"right\">-12<\/td>\n<td align=\"right\">23<\/td>\n<td>:<\/td>\n<td align=\"right\">25<\/td>\n<\/tr>\n<tr>\n<td>8.<\/td>\n<td>SV Bokeloh 2<\/td>\n<td>24<\/td>\n<td align=\"right\">55<\/td>\n<td>:<\/td>\n<td align=\"right\">62<\/td>\n<td align=\"right\">-7<\/td>\n<td align=\"right\">22<\/td>\n<td>:<\/td>\n<td align=\"right\">26<\/td>\n<\/tr>\n<tr>\n<td>9.<\/td>\n<td>SV Dohren 2<\/td>\n<td>24<\/td>\n<td align=\"right\">44<\/td>\n<td>:<\/td>\n<td align=\"right\">69<\/td>\n<td align=\"right\">-25<\/td>\n<td align=\"right\">18<\/td>\n<td>:<\/td>\n<td align=\"right\">30<\/td>\n<\/tr>\n<tr>\n<td>10.<\/td>\n<td>SG L\u00e4hden 2<\/td>\n<td>24<\/td>\n<td align=\"right\">56<\/td>\n<td>:<\/td>\n<td align=\"right\">104<\/td>\n<td align=\"right\">-48<\/td>\n<td align=\"right\">17<\/td>\n<td>:<\/td>\n<td align=\"right\">31<\/td>\n<\/tr>\n<tr>\n<td>11.<\/td>\n<td>SV Hemsen 2<\/td>\n<td>24<\/td>\n<td align=\"right\">48<\/td>\n<td>:<\/td>\n<td align=\"right\">67<\/td>\n<td align=\"right\">-19<\/td>\n<td align=\"right\">15<\/td>\n<td>:<\/td>\n<td align=\"right\">33<\/td>\n<\/tr>\n<tr>\n<td>12.<\/td>\n<td>SF Schwefingen 2<\/td>\n<td>24<\/td>\n<td align=\"right\">41<\/td>\n<td>:<\/td>\n<td align=\"right\">68<\/td>\n<td align=\"right\">-27<\/td>\n<td align=\"right\">14<\/td>\n<td>:<\/td>\n<td align=\"right\">34<\/td>\n<\/tr>\n<tr>\n<td>13.<\/td>\n<td>DJK Geeste 3<\/td>\n<td>24<\/td>\n<td align=\"right\">31<\/td>\n<td>:<\/td>\n<td align=\"right\">112<\/td>\n<td align=\"right\">-81<\/td>\n<td align=\"right\">9<\/td>\n<td>:<\/td>\n<td align=\"right\">39<\/td>\n<\/tr>\n<\/tbody>\n<\/table>\n<p>* &#8211; Seit 2009 sind der SV Stavern und der SC Apeldorn zur SG Stavern-Apeldorn fusioniert.<\/p>\n<div class=\"sharedaddy sd-sharing-enabled\"><div class=\"robots-nocontent sd-block sd-social sd-social-official sd-sharing\"><h3 class=\"sd-title\">Teilen mit:<\/h3><div class=\"sd-content\"><ul><li class=\"share-facebook\"><div class=\"fb-share-button\" data-href=\"http:\/\/www.emslandkicker.de\/?page_id=505\" data-layout=\"button_count\"><\/div><\/li><li class=\"share-twitter\"><a href=\"https:\/\/twitter.com\/share\" class=\"twitter-share-button\" data-url=\"http:\/\/www.emslandkicker.de\/?page_id=505\" data-text=\"Tabelle 2. Kreisklasse Mitte B 1979-80\" data-via=\"Emslandkicker\" >Tweet<\/a><\/li><li class=\"share-email\"><a rel=\"nofollow noopener noreferrer\" data-shared=\"\" class=\"share-email sd-button\" href=\"mailto:?subject=%5BGeteilter%20Beitrag%5D%20Tabelle%202.%20Kreisklasse%20Mitte%20B%201979-80&body=http%3A%2F%2Fwww.emslandkicker.de%2F%3Fpage_id%3D505&share=email\" target=\"_blank\" title=\"Click to email a link to a friend\" data-email-share-error-title=\"Do you have email set up?\" data-email-share-error-text=\"If you&#039;re having problems sharing via email, you might not have email set up for your browser. You may need to create a new email yourself.\" data-email-share-nonce=\"a7011d8dbe\" data-email-share-track-url=\"http:\/\/www.emslandkicker.de\/?page_id=505&amp;share=email\"><span>E-Mail<\/span><\/a><\/li><li class=\"share-print\"><a rel=\"nofollow noopener noreferrer\" data-shared=\"\" class=\"share-print sd-button\" href=\"http:\/\/www.emslandkicker.de\/?page_id=505\" target=\"_blank\" title=\"Klicken zum Ausdrucken\" ><span>Drucken<\/span><\/a><\/li><li class=\"share-end\"><\/li><\/ul><\/div><\/div><\/div>","protected":false},"excerpt":{"rendered":"<p>2. Kreisklasse Mitte B 1979-80 Pl. Verein Sp Tore Diff Pkt. 1. Conc. Schleper 24 98 : 27 71 41 : 7 2. SC Apeldorn * 24 87 : 24 63 36 : 12 3. SV Teglingen 2 24 80 : 37 43 34 : 14 4. SC Osterbrock 2 24 78 : 36 42 [&hellip;]<\/p>\n<div class=\"sharedaddy sd-sharing-enabled\"><div class=\"robots-nocontent sd-block sd-social sd-social-official sd-sharing\"><h3 class=\"sd-title\">Teilen mit:<\/h3><div class=\"sd-content\"><ul><li class=\"share-facebook\"><div class=\"fb-share-button\" data-href=\"http:\/\/www.emslandkicker.de\/?page_id=505\" data-layout=\"button_count\"><\/div><\/li><li class=\"share-twitter\"><a href=\"https:\/\/twitter.com\/share\" class=\"twitter-share-button\" data-url=\"http:\/\/www.emslandkicker.de\/?page_id=505\" data-text=\"Tabelle 2. Kreisklasse Mitte B 1979-80\" data-via=\"Emslandkicker\" >Tweet<\/a><\/li><li class=\"share-email\"><a rel=\"nofollow noopener noreferrer\" data-shared=\"\" class=\"share-email sd-button\" href=\"mailto:?subject=%5BGeteilter%20Beitrag%5D%20Tabelle%202.%20Kreisklasse%20Mitte%20B%201979-80&body=http%3A%2F%2Fwww.emslandkicker.de%2F%3Fpage_id%3D505&share=email\" target=\"_blank\" title=\"Click to email a link to a friend\" data-email-share-error-title=\"Do you have email set up?\" data-email-share-error-text=\"If you&#039;re having problems sharing via email, you might not have email set up for your browser. You may need to create a new email yourself.\" data-email-share-nonce=\"a7011d8dbe\" data-email-share-track-url=\"http:\/\/www.emslandkicker.de\/?page_id=505&amp;share=email\"><span>E-Mail<\/span><\/a><\/li><li class=\"share-print\"><a rel=\"nofollow noopener noreferrer\" data-shared=\"\" class=\"share-print sd-button\" href=\"http:\/\/www.emslandkicker.de\/?page_id=505\" target=\"_blank\" title=\"Klicken zum Ausdrucken\" ><span>Drucken<\/span><\/a><\/li><li class=\"share-end\"><\/li><\/ul><\/div><\/div><\/div>","protected":false},"author":1,"featured_media":203,"parent":595,"menu_order":32,"comment_status":"open","ping_status":"open","template":"","meta":{"footnotes":""},"class_list":["post-505","page","type-page","status-publish","has-post-thumbnail","hentry"],"jetpack_sharing_enabled":true,"jetpack_shortlink":"https:\/\/wp.me\/P5etIj-89","jetpack-related-posts":[{"id":510,"url":"http:\/\/www.emslandkicker.de\/?page_id=510","url_meta":{"origin":505,"position":0},"title":"Meister 2. Kreisklasse 1979-80","date":"10. November 2014","format":false,"excerpt":"Bild vergr\u00f6\u00dfern Conc. Schleper wurde mit98:27 Tore und 41:7 Pkunkten souver\u00e4n Meister der 2. Kreisklasse Mitte Staffel B und steigt in die 1. Kreisklasse auf. Unser Bild zeigt die Meistermannschaft: stehend v. l. Trainer Alfred Gerbig, Willi Schulte, Willli Gr\u00fcnloh, Gerd Sch\u00fctte, Heinz Gels, Dieter Vox, Josef Osterholthoff, Bernhard Wehrs,\u2026","rel":"","context":"Similar post","img":{"alt_text":"","src":"","width":0,"height":0},"classes":[]},{"id":503,"url":"http:\/\/www.emslandkicker.de\/?page_id=503","url_meta":{"origin":505,"position":1},"title":"Tabelle 2. Kreisklasse Mitte A 1979-80","date":"10. November 2014","format":false,"excerpt":"2. Kreisklasse Mitte A 1979-80 Pl. Verein Sp Tore Diff Pkt. 1. Eintr. Emmeln 2 22 78 : 20 58 38 : 6 2. TuS Haren 2 22 83 : 33 50 34 : 10 3. Germ. Twist 2 22 70 : 32 38 33 : 11 4. VfL Emslage\u2026","rel":"","context":"Similar post","img":{"alt_text":"","src":"","width":0,"height":0},"classes":[]},{"id":500,"url":"http:\/\/www.emslandkicker.de\/?page_id=500","url_meta":{"origin":505,"position":2},"title":"Tabelle 1. Kreisklasse Mitte 1979-80","date":"10. November 2014","format":false,"excerpt":"1. Kreisklasse Mitte 1979-80 Pl. Verein Sp Tore Diff Pkt. 1. Spvg. Ahmsen-V. 30 102 : 58 44 41 : 19 2. SG L\u00e4hden 30 80 : 46 34 38 : 22 3. Union Meppen 2 30 53 : 46 7 38 : 22 4. Grenzl. Twist 2 30 54\u2026","rel":"","context":"Similar post","img":{"alt_text":"","src":"","width":0,"height":0},"classes":[]},{"id":595,"url":"http:\/\/www.emslandkicker.de\/?page_id=595","url_meta":{"origin":505,"position":3},"title":"Meister 2. Kreisklasse bis 1995","date":"12. November 2014","format":false,"excerpt":"2.KK 1979-80 Nord SV Hilkenbrock Mitte A Eintr. Emmeln Mitte B Conc. Schleper S\u00fcd SV Holthausen-B. 2 2.KK 1980-81 Nord Raspo B\u00f6rgermoor 2 Mitte A SV Neuringe Mitte B Spvg. H\u00fclsen-W. S\u00fcd Oly. Laxten 3 2.KK 1981-82 Nord GW Dersum Mitte A SV Neub\u00f6rger 2 Mitte B SC Apeldorn S\u00fcd\u2026","rel":"","context":"Similar post","img":{"alt_text":"","src":"","width":0,"height":0},"classes":[]},{"id":516,"url":"http:\/\/www.emslandkicker.de\/?page_id=516","url_meta":{"origin":505,"position":4},"title":"Tabelle 2. Kreisklasse Mitte 1982-83","date":"10. November 2014","format":false,"excerpt":"2. Kreisklasse Mitte 1982-83 Pl. Verein Sp Tore Diff Pkt. 1. Sigiltra S\u00f6gel 2 30 94 : 40 54 46 : 14 2. SV Lotten 30 97 : 52 45 44 : 16 3. FC Bockholte 2 30 80 : 39 41 41 : 19 4. Eintr. B\u00f6rger 30 86\u2026","rel":"","context":"Similar post","img":{"alt_text":"","src":"","width":0,"height":0},"classes":[]},{"id":437,"url":"http:\/\/www.emslandkicker.de\/?page_id=437","url_meta":{"origin":505,"position":5},"title":"Tabelle 2. Kreisklasse  1958-59","date":"7. November 2014","format":false,"excerpt":"2. Kreisklasse Meppen Mitte 1958-59 Pl. Verein Sp Tore Diff Pkt. 1. GW Lehrte 18 80 : 17 63 30 : 6 2. SV Hemsen 18 75 : 24 51 30 : 6 3. SC Osterbrock 2 18 45 : 32 13 23 : 13 4. SV Meppen 3 18\u2026","rel":"","context":"Similar post","img":{"alt_text":"","src":"","width":0,"height":0},"classes":[]}],"jetpack_likes_enabled":true,"_links":{"self":[{"href":"http:\/\/www.emslandkicker.de\/index.php?rest_route=\/wp\/v2\/pages\/505","targetHints":{"allow":["GET"]}}],"collection":[{"href":"http:\/\/www.emslandkicker.de\/index.php?rest_route=\/wp\/v2\/pages"}],"about":[{"href":"http:\/\/www.emslandkicker.de\/index.php?rest_route=\/wp\/v2\/types\/page"}],"author":[{"embeddable":true,"href":"http:\/\/www.emslandkicker.de\/index.php?rest_route=\/wp\/v2\/users\/1"}],"replies":[{"embeddable":true,"href":"http:\/\/www.emslandkicker.de\/index.php?rest_route=%2Fwp%2Fv2%2Fcomments&post=505"}],"version-history":[{"count":1,"href":"http:\/\/www.emslandkicker.de\/index.php?rest_route=\/wp\/v2\/pages\/505\/revisions"}],"predecessor-version":[{"id":1820,"href":"http:\/\/www.emslandkicker.de\/index.php?rest_route=\/wp\/v2\/pages\/505\/revisions\/1820"}],"up":[{"embeddable":true,"href":"http:\/\/www.emslandkicker.de\/index.php?rest_route=\/wp\/v2\/pages\/595"}],"wp:featuredmedia":[{"embeddable":true,"href":"http:\/\/www.emslandkicker.de\/index.php?rest_route=\/wp\/v2\/media\/203"}],"wp:attachment":[{"href":"http:\/\/www.emslandkicker.de\/index.php?rest_route=%2Fwp%2Fv2%2Fmedia&parent=505"}],"curies":[{"name":"wp","href":"https:\/\/api.w.org\/{rel}","templated":true}]}}