{"id":516,"date":"2014-11-10T14:17:53","date_gmt":"2014-11-10T12:17:53","guid":{"rendered":"http:\/\/www.emslandkicker.de\/?page_id=516"},"modified":"2014-11-12T11:42:18","modified_gmt":"2014-11-12T09:42:18","slug":"tabelle-2-kreisklasse-mitte-1982-83","status":"publish","type":"page","link":"http:\/\/www.emslandkicker.de\/?page_id=516","title":{"rendered":"Tabelle 2. Kreisklasse Mitte 1982-83"},"content":{"rendered":"<div class=\"pdfprnt-buttons pdfprnt-buttons-page pdfprnt-top-right\"><a href=\"http:\/\/www.emslandkicker.de\/index.php?rest_route=%2Fwp%2Fv2%2Fpages%2F516&print=pdf\" class=\"pdfprnt-button pdfprnt-button-pdf\" target=\"_blank\"><img decoding=\"async\" src=\"https:\/\/i0.wp.com\/www.emslandkicker.de\/wp-content\/plugins\/pdf-print\/images\/pdf.png?w=610\" alt=\"image_pdf\" title=\"View PDF\" data-recalc-dims=\"1\" \/><\/a><a href=\"http:\/\/www.emslandkicker.de\/index.php?rest_route=%2Fwp%2Fv2%2Fpages%2F516&print=print\" class=\"pdfprnt-button pdfprnt-button-print\" target=\"_blank\"><img decoding=\"async\" src=\"https:\/\/i0.wp.com\/www.emslandkicker.de\/wp-content\/plugins\/pdf-print\/images\/print.png?w=610\" alt=\"image_print\" title=\"Print Content\" data-recalc-dims=\"1\" \/><\/a><\/div><table width=\"100%\" cellspacing=\"5\" cellpadding=\"0\">\n<tbody>\n<tr>\n<td colspan=\"10\"><strong>2. Kreisklasse Mitte 1982-83<\/strong><\/td>\n<\/tr>\n<tr>\n<td bgcolor=\"#CCCCCC\"><strong>Pl.<\/strong><\/td>\n<td bgcolor=\"#CCCCCC\"><strong>Verein<\/strong><\/td>\n<td bgcolor=\"#CCCCCC\"><strong>Sp<\/strong><\/td>\n<td colspan=\"3\" bgcolor=\"#CCCCCC\"><strong>Tore<\/strong><\/td>\n<td bgcolor=\"#CCCCCC\"><strong>Diff<\/strong><\/td>\n<td colspan=\"3\" bgcolor=\"#CCCCCC\"><strong>Pkt.<\/strong><\/td>\n<\/tr>\n<tr>\n<td>1.<\/td>\n<td>Sigiltra S\u00f6gel 2<\/td>\n<td>30<\/td>\n<td align=\"right\">94<\/td>\n<td>:<\/td>\n<td align=\"right\">40<\/td>\n<td align=\"right\">54<\/td>\n<td align=\"right\">46<\/td>\n<td>:<\/td>\n<td align=\"right\">14<\/td>\n<\/tr>\n<tr>\n<td>2.<\/td>\n<td>SV Lotten<\/td>\n<td>30<\/td>\n<td align=\"right\">97<\/td>\n<td>:<\/td>\n<td align=\"right\">52<\/td>\n<td align=\"right\">45<\/td>\n<td align=\"right\">44<\/td>\n<td>:<\/td>\n<td align=\"right\">16<\/td>\n<\/tr>\n<tr>\n<td>3.<\/td>\n<td>FC Bockholte 2<\/td>\n<td>30<\/td>\n<td align=\"right\">80<\/td>\n<td>:<\/td>\n<td align=\"right\">39<\/td>\n<td align=\"right\">41<\/td>\n<td align=\"right\">41<\/td>\n<td>:<\/td>\n<td align=\"right\">19<\/td>\n<\/tr>\n<tr>\n<td>4.<\/td>\n<td>Eintr. B\u00f6rger<\/td>\n<td>30<\/td>\n<td align=\"right\">86<\/td>\n<td>:<\/td>\n<td align=\"right\">43<\/td>\n<td align=\"right\">43<\/td>\n<td align=\"right\">36<\/td>\n<td>:<\/td>\n<td align=\"right\">24<\/td>\n<\/tr>\n<tr>\n<td>5.<\/td>\n<td>DJK Breddenberg<\/td>\n<td>30<\/td>\n<td align=\"right\">58<\/td>\n<td>:<\/td>\n<td align=\"right\">38<\/td>\n<td align=\"right\">20<\/td>\n<td align=\"right\">34<\/td>\n<td>:<\/td>\n<td align=\"right\">26<\/td>\n<\/tr>\n<tr>\n<td>6.<\/td>\n<td>Hasel\u00fcnner SV 3<\/td>\n<td>30<\/td>\n<td align=\"right\">72<\/td>\n<td>:<\/td>\n<td align=\"right\">72<\/td>\n<td align=\"right\">0<\/td>\n<td align=\"right\">32<\/td>\n<td>:<\/td>\n<td align=\"right\">28<\/td>\n<\/tr>\n<tr>\n<td>7.<\/td>\n<td>SW Wieste<\/td>\n<td>30<\/td>\n<td align=\"right\">78<\/td>\n<td>:<\/td>\n<td align=\"right\">71<\/td>\n<td align=\"right\">7<\/td>\n<td align=\"right\">31<\/td>\n<td>:<\/td>\n<td align=\"right\">29<\/td>\n<\/tr>\n<tr>\n<td>8.<\/td>\n<td>SG L\u00e4hden 2<\/td>\n<td>30<\/td>\n<td align=\"right\">75<\/td>\n<td>:<\/td>\n<td align=\"right\">84<\/td>\n<td align=\"right\">-9<\/td>\n<td align=\"right\">30<\/td>\n<td>:<\/td>\n<td align=\"right\">30<\/td>\n<\/tr>\n<tr>\n<td>9.<\/td>\n<td>SV Esterwegen 3<\/td>\n<td>30<\/td>\n<td align=\"right\">60<\/td>\n<td>:<\/td>\n<td align=\"right\">61<\/td>\n<td align=\"right\">-1<\/td>\n<td align=\"right\">26<\/td>\n<td>:<\/td>\n<td align=\"right\">34<\/td>\n<\/tr>\n<tr>\n<td>10.<\/td>\n<td>BW Lorup 2<\/td>\n<td>30<\/td>\n<td align=\"right\">57<\/td>\n<td>:<\/td>\n<td align=\"right\">59<\/td>\n<td align=\"right\">-2<\/td>\n<td align=\"right\">26<\/td>\n<td>:<\/td>\n<td align=\"right\">34<\/td>\n<\/tr>\n<tr>\n<td>11.<\/td>\n<td>VfL Herzlake 4<\/td>\n<td>30<\/td>\n<td align=\"right\">63<\/td>\n<td>:<\/td>\n<td align=\"right\">78<\/td>\n<td align=\"right\">-15<\/td>\n<td align=\"right\">25<\/td>\n<td>:<\/td>\n<td align=\"right\">35<\/td>\n<\/tr>\n<tr>\n<td>12.<\/td>\n<td>SV Neulehe 2<\/td>\n<td>30<\/td>\n<td align=\"right\">62<\/td>\n<td>:<\/td>\n<td align=\"right\">96<\/td>\n<td align=\"right\">-34<\/td>\n<td align=\"right\">24<\/td>\n<td>:<\/td>\n<td align=\"right\">36<\/td>\n<\/tr>\n<tr>\n<td>13.<\/td>\n<td>SV Holte 2<\/td>\n<td>30<\/td>\n<td align=\"right\">46<\/td>\n<td>:<\/td>\n<td align=\"right\">59<\/td>\n<td align=\"right\">-13<\/td>\n<td align=\"right\">23<\/td>\n<td>:<\/td>\n<td align=\"right\">37<\/td>\n<\/tr>\n<tr>\n<td>14.<\/td>\n<td>Frisia Vrees 2<\/td>\n<td>30<\/td>\n<td align=\"right\">51<\/td>\n<td>:<\/td>\n<td align=\"right\">75<\/td>\n<td align=\"right\">-24<\/td>\n<td align=\"right\">22<\/td>\n<td>:<\/td>\n<td align=\"right\">38<\/td>\n<\/tr>\n<tr>\n<td>15.<\/td>\n<td>SV Flechum 2<\/td>\n<td>30<\/td>\n<td align=\"right\">51<\/td>\n<td>:<\/td>\n<td align=\"right\">88<\/td>\n<td align=\"right\">-37<\/td>\n<td align=\"right\">19<\/td>\n<td>:<\/td>\n<td align=\"right\">41<\/td>\n<\/tr>\n<tr>\n<td>16.<\/td>\n<td>SV Eltern 2<\/td>\n<td>30<\/td>\n<td align=\"right\">37<\/td>\n<td>:<\/td>\n<td align=\"right\">112<\/td>\n<td align=\"right\">-75<\/td>\n<td align=\"right\">11<\/td>\n<td>:<\/td>\n<td align=\"right\">49<\/td>\n<\/tr>\n<\/tbody>\n<\/table>\n<div class=\"sharedaddy sd-sharing-enabled\"><div class=\"robots-nocontent sd-block sd-social sd-social-official sd-sharing\"><h3 class=\"sd-title\">Teilen mit:<\/h3><div class=\"sd-content\"><ul><li class=\"share-facebook\"><div class=\"fb-share-button\" data-href=\"http:\/\/www.emslandkicker.de\/?page_id=516\" data-layout=\"button_count\"><\/div><\/li><li class=\"share-twitter\"><a href=\"https:\/\/twitter.com\/share\" class=\"twitter-share-button\" data-url=\"http:\/\/www.emslandkicker.de\/?page_id=516\" data-text=\"Tabelle 2. Kreisklasse Mitte 1982-83\" data-via=\"Emslandkicker\" >Tweet<\/a><\/li><li class=\"share-email\"><a rel=\"nofollow noopener noreferrer\" data-shared=\"\" class=\"share-email sd-button\" href=\"mailto:?subject=%5BGeteilter%20Beitrag%5D%20Tabelle%202.%20Kreisklasse%20Mitte%201982-83&body=http%3A%2F%2Fwww.emslandkicker.de%2F%3Fpage_id%3D516&share=email\" target=\"_blank\" title=\"Click to email a link to a friend\" data-email-share-error-title=\"Do you have email set up?\" data-email-share-error-text=\"If you&#039;re having problems sharing via email, you might not have email set up for your browser. You may need to create a new email yourself.\" data-email-share-nonce=\"03193ad9cf\" data-email-share-track-url=\"http:\/\/www.emslandkicker.de\/?page_id=516&amp;share=email\"><span>E-Mail<\/span><\/a><\/li><li class=\"share-print\"><a rel=\"nofollow noopener noreferrer\" data-shared=\"\" class=\"share-print sd-button\" href=\"http:\/\/www.emslandkicker.de\/?page_id=516\" target=\"_blank\" title=\"Klicken zum Ausdrucken\" ><span>Drucken<\/span><\/a><\/li><li class=\"share-end\"><\/li><\/ul><\/div><\/div><\/div>","protected":false},"excerpt":{"rendered":"<p>2. Kreisklasse Mitte 1982-83 Pl. Verein Sp Tore Diff Pkt. 1. Sigiltra S\u00f6gel 2 30 94 : 40 54 46 : 14 2. SV Lotten 30 97 : 52 45 44 : 16 3. FC Bockholte 2 30 80 : 39 41 41 : 19 4. Eintr. B\u00f6rger 30 86 : 43 43 36 : [&hellip;]<\/p>\n<div class=\"sharedaddy sd-sharing-enabled\"><div class=\"robots-nocontent sd-block sd-social sd-social-official sd-sharing\"><h3 class=\"sd-title\">Teilen mit:<\/h3><div class=\"sd-content\"><ul><li class=\"share-facebook\"><div class=\"fb-share-button\" data-href=\"http:\/\/www.emslandkicker.de\/?page_id=516\" data-layout=\"button_count\"><\/div><\/li><li class=\"share-twitter\"><a href=\"https:\/\/twitter.com\/share\" class=\"twitter-share-button\" data-url=\"http:\/\/www.emslandkicker.de\/?page_id=516\" data-text=\"Tabelle 2. Kreisklasse Mitte 1982-83\" data-via=\"Emslandkicker\" >Tweet<\/a><\/li><li class=\"share-email\"><a rel=\"nofollow noopener noreferrer\" data-shared=\"\" class=\"share-email sd-button\" href=\"mailto:?subject=%5BGeteilter%20Beitrag%5D%20Tabelle%202.%20Kreisklasse%20Mitte%201982-83&body=http%3A%2F%2Fwww.emslandkicker.de%2F%3Fpage_id%3D516&share=email\" target=\"_blank\" title=\"Click to email a link to a friend\" data-email-share-error-title=\"Do you have email set up?\" data-email-share-error-text=\"If you&#039;re having problems sharing via email, you might not have email set up for your browser. You may need to create a new email yourself.\" data-email-share-nonce=\"03193ad9cf\" data-email-share-track-url=\"http:\/\/www.emslandkicker.de\/?page_id=516&amp;share=email\"><span>E-Mail<\/span><\/a><\/li><li class=\"share-print\"><a rel=\"nofollow noopener noreferrer\" data-shared=\"\" class=\"share-print sd-button\" href=\"http:\/\/www.emslandkicker.de\/?page_id=516\" target=\"_blank\" title=\"Klicken zum Ausdrucken\" ><span>Drucken<\/span><\/a><\/li><li class=\"share-end\"><\/li><\/ul><\/div><\/div><\/div>","protected":false},"author":1,"featured_media":203,"parent":595,"menu_order":36,"comment_status":"open","ping_status":"open","template":"","meta":{"footnotes":""},"class_list":["post-516","page","type-page","status-publish","has-post-thumbnail","hentry"],"jetpack_sharing_enabled":true,"jetpack_shortlink":"https:\/\/wp.me\/P5etIj-8k","jetpack-related-posts":[{"id":518,"url":"http:\/\/www.emslandkicker.de\/?page_id=518","url_meta":{"origin":516,"position":0},"title":"2. Kreisklasse 1982-83","date":"10. November 2014","format":false,"excerpt":"Zwei Jahre an der Spitze SV Lotten feiert seine Erfolge Hasel\u00fcnne, Lotten. - Auf recht erfolgreiche zwei Jahre kann der im April 1981 ins Leben gerufene SV Lotten zur\u00fcckblicken. Unter Trainer G\u00fcnter Schwarz (Lucky) wurde die Mannschaft im ersten Spieljahr der Schrecken der 3. Kreisklasse und schaffte als Vizemeister den\u2026","rel":"","context":"Similar post","img":{"alt_text":"","src":"","width":0,"height":0},"classes":[]},{"id":967,"url":"http:\/\/www.emslandkicker.de\/?page_id=967","url_meta":{"origin":516,"position":1},"title":"Tabelle 1. Kreisklasse Mitte 1969-70","date":"9. Dezember 2014","format":false,"excerpt":"1. Kreisklasse Mitte 1969-70 Pl. Verein Sp S U N Tore Diff Pkt. 1. Germ. Twist 30 22 5 3 66 : 31 35 49 : 11 2. Grenzl. Twist 30 21 4 5 92 : 37 55 46 : 14 3. SV Dalum 30 18 7 5 89 :\u2026","rel":"","context":"Similar post","img":{"alt_text":"","src":"","width":0,"height":0},"classes":[]},{"id":962,"url":"http:\/\/www.emslandkicker.de\/?page_id=962","url_meta":{"origin":516,"position":2},"title":"Tabelle &#8211; 1. Kreisklasse Mitte 1971-72","date":"9. Dezember 2014","format":false,"excerpt":"1. Kreisklasse Mitte 1971-72 (Tabelle unvollst\u00e4ndig) Pl. Verein Sp S U N Tore Diff Pkt. 1. FC Wesuwe 29 22 6 1 82 : 18 64 50 : 8 2. TuS Haren 30 22 5 3 83 : 30 53 49 : 11 3. SV Holte 29 14 6 9\u2026","rel":"","context":"Similar post","img":{"alt_text":"","src":"","width":0,"height":0},"classes":[]},{"id":573,"url":"http:\/\/www.emslandkicker.de\/?page_id=573","url_meta":{"origin":516,"position":3},"title":"Tabelle Kreisliga Nord 1982-83","date":"11. November 2014","format":false,"excerpt":"Kreisliga Nord 1982-83 Pl Verein Sp Tore Diff. Pkt 1. Germ. Papenburg 30 95 : 34 61 50 : 10 2. Viktr. Ahlen-St. 30 69 : 40 29 39 : 21 3. SV Holte 30 59 : 34 25 39 : 21 4. Raspo B\u00f6rgermoor 30 73 : 50 23\u2026","rel":"","context":"Similar post","img":{"alt_text":"","src":"","width":0,"height":0},"classes":[]},{"id":595,"url":"http:\/\/www.emslandkicker.de\/?page_id=595","url_meta":{"origin":516,"position":4},"title":"Meister 2. Kreisklasse bis 1995","date":"12. November 2014","format":false,"excerpt":"2.KK 1979-80 Nord SV Hilkenbrock Mitte A Eintr. Emmeln Mitte B Conc. Schleper S\u00fcd SV Holthausen-B. 2 2.KK 1980-81 Nord Raspo B\u00f6rgermoor 2 Mitte A SV Neuringe Mitte B Spvg. H\u00fclsen-W. S\u00fcd Oly. Laxten 3 2.KK 1981-82 Nord GW Dersum Mitte A SV Neub\u00f6rger 2 Mitte B SC Apeldorn S\u00fcd\u2026","rel":"","context":"Similar post","img":{"alt_text":"","src":"","width":0,"height":0},"classes":[]},{"id":503,"url":"http:\/\/www.emslandkicker.de\/?page_id=503","url_meta":{"origin":516,"position":5},"title":"Tabelle 2. Kreisklasse Mitte A 1979-80","date":"10. November 2014","format":false,"excerpt":"2. Kreisklasse Mitte A 1979-80 Pl. Verein Sp Tore Diff Pkt. 1. Eintr. Emmeln 2 22 78 : 20 58 38 : 6 2. TuS Haren 2 22 83 : 33 50 34 : 10 3. Germ. Twist 2 22 70 : 32 38 33 : 11 4. VfL Emslage\u2026","rel":"","context":"Similar post","img":{"alt_text":"","src":"","width":0,"height":0},"classes":[]}],"jetpack_likes_enabled":true,"_links":{"self":[{"href":"http:\/\/www.emslandkicker.de\/index.php?rest_route=\/wp\/v2\/pages\/516","targetHints":{"allow":["GET"]}}],"collection":[{"href":"http:\/\/www.emslandkicker.de\/index.php?rest_route=\/wp\/v2\/pages"}],"about":[{"href":"http:\/\/www.emslandkicker.de\/index.php?rest_route=\/wp\/v2\/types\/page"}],"author":[{"embeddable":true,"href":"http:\/\/www.emslandkicker.de\/index.php?rest_route=\/wp\/v2\/users\/1"}],"replies":[{"embeddable":true,"href":"http:\/\/www.emslandkicker.de\/index.php?rest_route=%2Fwp%2Fv2%2Fcomments&post=516"}],"version-history":[{"count":1,"href":"http:\/\/www.emslandkicker.de\/index.php?rest_route=\/wp\/v2\/pages\/516\/revisions"}],"predecessor-version":[{"id":1827,"href":"http:\/\/www.emslandkicker.de\/index.php?rest_route=\/wp\/v2\/pages\/516\/revisions\/1827"}],"up":[{"embeddable":true,"href":"http:\/\/www.emslandkicker.de\/index.php?rest_route=\/wp\/v2\/pages\/595"}],"wp:featuredmedia":[{"embeddable":true,"href":"http:\/\/www.emslandkicker.de\/index.php?rest_route=\/wp\/v2\/media\/203"}],"wp:attachment":[{"href":"http:\/\/www.emslandkicker.de\/index.php?rest_route=%2Fwp%2Fv2%2Fmedia&parent=516"}],"curies":[{"name":"wp","href":"https:\/\/api.w.org\/{rel}","templated":true}]}}