{"id":518,"date":"2014-11-10T14:55:11","date_gmt":"2014-11-10T12:55:11","guid":{"rendered":"http:\/\/www.emslandkicker.de\/?page_id=518"},"modified":"2014-11-10T15:05:12","modified_gmt":"2014-11-10T13:05:12","slug":"2-kreisklasse-1982-83","status":"publish","type":"page","link":"http:\/\/www.emslandkicker.de\/?page_id=518","title":{"rendered":"2. Kreisklasse 1982-83"},"content":{"rendered":"<div class=\"pdfprnt-buttons pdfprnt-buttons-page pdfprnt-top-right\"><a href=\"http:\/\/www.emslandkicker.de\/index.php?rest_route=%2Fwp%2Fv2%2Fpages%2F518&print=pdf\" class=\"pdfprnt-button pdfprnt-button-pdf\" target=\"_blank\"><img decoding=\"async\" src=\"https:\/\/i0.wp.com\/www.emslandkicker.de\/wp-content\/plugins\/pdf-print\/images\/pdf.png?w=610\" alt=\"image_pdf\" title=\"View PDF\" data-recalc-dims=\"1\" \/><\/a><a href=\"http:\/\/www.emslandkicker.de\/index.php?rest_route=%2Fwp%2Fv2%2Fpages%2F518&print=print\" class=\"pdfprnt-button pdfprnt-button-print\" target=\"_blank\"><img decoding=\"async\" src=\"https:\/\/i0.wp.com\/www.emslandkicker.de\/wp-content\/plugins\/pdf-print\/images\/print.png?w=610\" alt=\"image_print\" title=\"Print Content\" data-recalc-dims=\"1\" \/><\/a><\/div><h2><strong>Zwei Jahre an der Spitze<\/strong><\/h2>\n<h3><strong>SV Lotten feiert seine Erfolge<\/strong><\/h3>\n<p>Hasel\u00fcnne, Lotten. &#8211; Auf recht erfolgreiche zwei Jahre kann der im April 1981 ins Leben gerufene <strong>SV Lotten<\/strong> zur\u00fcckblicken. Unter Trainer G\u00fcnter Schwarz (Lucky) wurde die Mannschaft im ersten Spieljahr der Schrecken der 3. Kreisklasse und schaffte als Vizemeister den Aufstieg in die 2. Kreisklasse.<\/p>\n<p>Besonders stolz ist die Mannschaft auf ihre Heimst\u00e4rke, denn hier verlor sie bis zum Aufstieg kein einziges Spiel. Auch in der zweiten Kreisklasse machte der <strong>SV Lotten<\/strong> von sich reden. Vor Beginn als einer der Abstiegskandidaten angesehen, eilte die Mannschaft auch hier von Sieg zu Sieg. Nur knapp wurde der <strong>SV<\/strong> von <strong>Sigiltra S\u00f6gel 2<\/strong> abgefangen. Mit zwei Punkten hinter dem Spitzenreiter, aber drei vor dem Drittplazierten, <strong>B\u00f6rger<\/strong>, wurde das Team mit 96:51 Toren und 44:16 Punkten sicher Zweiter dieser Klasse.<\/p>\n<p>Diese Erfolge wurden jetzt mit einem Grillabend mit Musik geb\u00fchrend gefeiert. Auch f\u00fcr die neue Saison hat sich die Mannschaft sehr viel vorgenommen. Im Aufbauspiel will Trainer G\u00fcnter Schwarz sein Team auf Vordermann bringen und gut ger\u00fcstet in die neue Saison schicken. &#8220;Der Verein SV Lotten, der von Leo Burke sen., Harren und Co. gut gef\u00fchrt wird, geht auch in Zukunft seinen weg, zumal der Nachwuchs gut gef\u00f6rdert wird&#8221;, ist Heinz Holtick sicher.<\/p>\n<p>Quelle: Meppener Tagespost<\/p>\n<div class=\"sharedaddy sd-sharing-enabled\"><div class=\"robots-nocontent sd-block sd-social sd-social-official sd-sharing\"><h3 class=\"sd-title\">Teilen mit:<\/h3><div class=\"sd-content\"><ul><li class=\"share-facebook\"><div class=\"fb-share-button\" data-href=\"http:\/\/www.emslandkicker.de\/?page_id=518\" data-layout=\"button_count\"><\/div><\/li><li class=\"share-twitter\"><a href=\"https:\/\/twitter.com\/share\" class=\"twitter-share-button\" data-url=\"http:\/\/www.emslandkicker.de\/?page_id=518\" data-text=\"2. Kreisklasse 1982-83\" data-via=\"Emslandkicker\" >Tweet<\/a><\/li><li class=\"share-email\"><a rel=\"nofollow noopener noreferrer\" data-shared=\"\" class=\"share-email sd-button\" href=\"mailto:?subject=%5BGeteilter%20Beitrag%5D%202.%20Kreisklasse%201982-83&body=http%3A%2F%2Fwww.emslandkicker.de%2F%3Fpage_id%3D518&share=email\" target=\"_blank\" title=\"Click to email a link to a friend\" data-email-share-error-title=\"Do you have email set up?\" data-email-share-error-text=\"If you&#039;re having problems sharing via email, you might not have email set up for your browser. You may need to create a new email yourself.\" data-email-share-nonce=\"d8da4782ff\" data-email-share-track-url=\"http:\/\/www.emslandkicker.de\/?page_id=518&amp;share=email\"><span>E-Mail<\/span><\/a><\/li><li class=\"share-print\"><a rel=\"nofollow noopener noreferrer\" data-shared=\"\" class=\"share-print sd-button\" href=\"http:\/\/www.emslandkicker.de\/?page_id=518\" target=\"_blank\" title=\"Klicken zum Ausdrucken\" ><span>Drucken<\/span><\/a><\/li><li class=\"share-end\"><\/li><\/ul><\/div><\/div><\/div>","protected":false},"excerpt":{"rendered":"<p>Zwei Jahre an der Spitze SV Lotten feiert seine Erfolge Hasel\u00fcnne, Lotten. &#8211; Auf recht erfolgreiche zwei Jahre kann der im April 1981 ins Leben gerufene SV Lotten zur\u00fcckblicken. Unter Trainer G\u00fcnter Schwarz (Lucky) wurde die Mannschaft im ersten Spieljahr der Schrecken der 3. Kreisklasse und schaffte als Vizemeister den Aufstieg in die 2. Kreisklasse. [&hellip;]<\/p>\n<div class=\"sharedaddy sd-sharing-enabled\"><div class=\"robots-nocontent sd-block sd-social sd-social-official sd-sharing\"><h3 class=\"sd-title\">Teilen mit:<\/h3><div class=\"sd-content\"><ul><li class=\"share-facebook\"><div class=\"fb-share-button\" data-href=\"http:\/\/www.emslandkicker.de\/?page_id=518\" data-layout=\"button_count\"><\/div><\/li><li class=\"share-twitter\"><a href=\"https:\/\/twitter.com\/share\" class=\"twitter-share-button\" data-url=\"http:\/\/www.emslandkicker.de\/?page_id=518\" data-text=\"2. Kreisklasse 1982-83\" data-via=\"Emslandkicker\" >Tweet<\/a><\/li><li class=\"share-email\"><a rel=\"nofollow noopener noreferrer\" data-shared=\"\" class=\"share-email sd-button\" href=\"mailto:?subject=%5BGeteilter%20Beitrag%5D%202.%20Kreisklasse%201982-83&body=http%3A%2F%2Fwww.emslandkicker.de%2F%3Fpage_id%3D518&share=email\" target=\"_blank\" title=\"Click to email a link to a friend\" data-email-share-error-title=\"Do you have email set up?\" data-email-share-error-text=\"If you&#039;re having problems sharing via email, you might not have email set up for your browser. You may need to create a new email yourself.\" data-email-share-nonce=\"d8da4782ff\" data-email-share-track-url=\"http:\/\/www.emslandkicker.de\/?page_id=518&amp;share=email\"><span>E-Mail<\/span><\/a><\/li><li class=\"share-print\"><a rel=\"nofollow noopener noreferrer\" data-shared=\"\" class=\"share-print sd-button\" href=\"http:\/\/www.emslandkicker.de\/?page_id=518\" target=\"_blank\" title=\"Klicken zum Ausdrucken\" ><span>Drucken<\/span><\/a><\/li><li class=\"share-end\"><\/li><\/ul><\/div><\/div><\/div>","protected":false},"author":1,"featured_media":203,"parent":516,"menu_order":0,"comment_status":"open","ping_status":"open","template":"","meta":{"footnotes":""},"class_list":["post-518","page","type-page","status-publish","has-post-thumbnail","hentry"],"jetpack_sharing_enabled":true,"jetpack_shortlink":"https:\/\/wp.me\/P5etIj-8m","jetpack-related-posts":[{"id":516,"url":"http:\/\/www.emslandkicker.de\/?page_id=516","url_meta":{"origin":518,"position":0},"title":"Tabelle 2. Kreisklasse Mitte 1982-83","date":"10. November 2014","format":false,"excerpt":"2. Kreisklasse Mitte 1982-83 Pl. Verein Sp Tore Diff Pkt. 1. Sigiltra S\u00f6gel 2 30 94 : 40 54 46 : 14 2. SV Lotten 30 97 : 52 45 44 : 16 3. FC Bockholte 2 30 80 : 39 41 41 : 19 4. Eintr. B\u00f6rger 30 86\u2026","rel":"","context":"Similar post","img":{"alt_text":"","src":"","width":0,"height":0},"classes":[]},{"id":882,"url":"http:\/\/www.emslandkicker.de\/?page_id=882","url_meta":{"origin":518,"position":1},"title":"SV Dalum &#8211; Ligachronik","date":"3. Dezember 2014","format":false,"excerpt":"Verein Saison Liga Platz Tab. Info SV Dalum 1950-51 Kreisliga 3. SV Dalum 1951-52 Kreisliga 1. SV Dalum 1952-53 Bezirksklasse 6. SV Dalum 1953-54 Bezirksklasse 11. SV Dalum 1954-55 Bezirksklasse 5. SV Dalum 1955-56 Bezirksklasse 7. SV Dalum 1956-57 Bezirksklasse 10. SV Dalum 1957-58 Bezirksklasse 15. SV Dalum 1958-59 1.\u2026","rel":"","context":"Similar post","img":{"alt_text":"","src":"","width":0,"height":0},"classes":[]},{"id":437,"url":"http:\/\/www.emslandkicker.de\/?page_id=437","url_meta":{"origin":518,"position":2},"title":"Tabelle 2. Kreisklasse  1958-59","date":"7. November 2014","format":false,"excerpt":"2. Kreisklasse Meppen Mitte 1958-59 Pl. Verein Sp Tore Diff Pkt. 1. GW Lehrte 18 80 : 17 63 30 : 6 2. SV Hemsen 18 75 : 24 51 30 : 6 3. SC Osterbrock 2 18 45 : 32 13 23 : 13 4. SV Meppen 3 18\u2026","rel":"","context":"Similar post","img":{"alt_text":"","src":"","width":0,"height":0},"classes":[]},{"id":815,"url":"http:\/\/www.emslandkicker.de\/?page_id=815","url_meta":{"origin":518,"position":3},"title":"Tabelle 1. Kreisklasse Mitte 1975-76","date":"28. November 2014","format":false,"excerpt":"1. Kreisklasse Mitte 1975-76 Pl. Verein Sp Tore Diff Pkt. 1. FC Wesuwe 32 99 : 33 66 52 : 12 2. VfL Emslage 32 63 : 28 35 43 : 21 3. Germ. Twist 32 59 : 47 12 42 : 22 4. SV Dalum 32 72 : 41\u2026","rel":"","context":"Similar post","img":{"alt_text":"","src":"","width":0,"height":0},"classes":[]},{"id":556,"url":"http:\/\/www.emslandkicker.de\/?page_id=556","url_meta":{"origin":518,"position":4},"title":"Tabelle 2. Kreisklasse 1961-62","date":"11. November 2014","format":false,"excerpt":"2. Kreisklasse Meppen Ost 1961-62 Pl. Verein Sp S U N Tore Diff Pkt. 1. VfL Herzlake 20 16 3 1 74 : 22 52 35 : 5 2. SC Apeldorn 20 17 1 2 93 38 55 35 5 3. SV Dohren 20 14 1 5 69 : 31\u2026","rel":"","context":"Similar post","img":{"alt_text":"","src":"","width":0,"height":0},"classes":[]},{"id":435,"url":"http:\/\/www.emslandkicker.de\/?page_id=435","url_meta":{"origin":518,"position":5},"title":"Tabelle 3. Kreisklasse 1957-58","date":"7. November 2014","format":false,"excerpt":"3. Kreisklasse Meppen Ost 1957-58 Pl. Verein Sp Tore Diff Pkt. 1. VfL Herzlake 2 12 51 : 16 35 21 : 3 2. SG L\u00e4hden 2 12 39 15 24 17 : 7 3. SV Holte 2 12 33 : 17 16 15 : 9 4. SV Vinnen 2\u2026","rel":"","context":"Similar post","img":{"alt_text":"","src":"","width":0,"height":0},"classes":[]}],"jetpack_likes_enabled":true,"_links":{"self":[{"href":"http:\/\/www.emslandkicker.de\/index.php?rest_route=\/wp\/v2\/pages\/518","targetHints":{"allow":["GET"]}}],"collection":[{"href":"http:\/\/www.emslandkicker.de\/index.php?rest_route=\/wp\/v2\/pages"}],"about":[{"href":"http:\/\/www.emslandkicker.de\/index.php?rest_route=\/wp\/v2\/types\/page"}],"author":[{"embeddable":true,"href":"http:\/\/www.emslandkicker.de\/index.php?rest_route=\/wp\/v2\/users\/1"}],"replies":[{"embeddable":true,"href":"http:\/\/www.emslandkicker.de\/index.php?rest_route=%2Fwp%2Fv2%2Fcomments&post=518"}],"version-history":[{"count":0,"href":"http:\/\/www.emslandkicker.de\/index.php?rest_route=\/wp\/v2\/pages\/518\/revisions"}],"up":[{"embeddable":true,"href":"http:\/\/www.emslandkicker.de\/index.php?rest_route=\/wp\/v2\/pages\/516"}],"wp:featuredmedia":[{"embeddable":true,"href":"http:\/\/www.emslandkicker.de\/index.php?rest_route=\/wp\/v2\/media\/203"}],"wp:attachment":[{"href":"http:\/\/www.emslandkicker.de\/index.php?rest_route=%2Fwp%2Fv2%2Fmedia&parent=518"}],"curies":[{"name":"wp","href":"https:\/\/api.w.org\/{rel}","templated":true}]}}