{"id":595,"date":"2014-11-12T11:39:27","date_gmt":"2014-11-12T09:39:27","guid":{"rendered":"http:\/\/www.emslandkicker.de\/?page_id=595"},"modified":"2014-11-13T16:33:12","modified_gmt":"2014-11-13T14:33:12","slug":"meister-2-kreisklasse-bis-1995","status":"publish","type":"page","link":"http:\/\/www.emslandkicker.de\/?page_id=595","title":{"rendered":"Meister 2. Kreisklasse bis 1995"},"content":{"rendered":"<div class=\"pdfprnt-buttons pdfprnt-buttons-page pdfprnt-top-right\"><a href=\"http:\/\/www.emslandkicker.de\/index.php?rest_route=%2Fwp%2Fv2%2Fpages%2F595&print=pdf\" class=\"pdfprnt-button pdfprnt-button-pdf\" target=\"_blank\"><img decoding=\"async\" src=\"https:\/\/i0.wp.com\/www.emslandkicker.de\/wp-content\/plugins\/pdf-print\/images\/pdf.png?w=610\" alt=\"image_pdf\" title=\"View PDF\" data-recalc-dims=\"1\" \/><\/a><a href=\"http:\/\/www.emslandkicker.de\/index.php?rest_route=%2Fwp%2Fv2%2Fpages%2F595&print=print\" class=\"pdfprnt-button pdfprnt-button-print\" target=\"_blank\"><img decoding=\"async\" src=\"https:\/\/i0.wp.com\/www.emslandkicker.de\/wp-content\/plugins\/pdf-print\/images\/print.png?w=610\" alt=\"image_print\" title=\"Print Content\" data-recalc-dims=\"1\" \/><\/a><\/div><table width=\"50%\" cellspacing=\"5\" cellpadding=\"0\">\n<tbody>\n<tr>\n<td bgcolor=\"#CCCCCC\"><strong>2.KK<\/strong><\/td>\n<td bgcolor=\"#CCCCCC\"><strong>1979-80<\/strong><\/td>\n<\/tr>\n<tr>\n<td>Nord<\/td>\n<td>SV Hilkenbrock<\/td>\n<\/tr>\n<tr>\n<td>Mitte A<\/td>\n<td>Eintr. Emmeln<\/td>\n<\/tr>\n<tr>\n<td><a title=\"Tabelle 2. KK M-B 79-80\" href=\"http:\/\/www.emslandkicker.de\/?page_id=505\">Mitte B<\/a><\/td>\n<td>Conc. Schleper<\/td>\n<\/tr>\n<tr>\n<td>S\u00fcd<\/td>\n<td>SV Holthausen-B. 2<\/td>\n<\/tr>\n<tr>\n<td><\/td>\n<td><\/td>\n<\/tr>\n<tr>\n<td bgcolor=\"#CCCCCC\"><strong>2.KK<\/strong><\/td>\n<td bgcolor=\"#CCCCCC\"><strong>1980-81<\/strong><\/td>\n<\/tr>\n<tr>\n<td>Nord<\/td>\n<td>Raspo B\u00f6rgermoor 2<\/td>\n<\/tr>\n<tr>\n<td>Mitte A<\/td>\n<td>SV Neuringe<\/td>\n<\/tr>\n<tr>\n<td>Mitte B<\/td>\n<td>Spvg. H\u00fclsen-W.<\/td>\n<\/tr>\n<tr>\n<td>S\u00fcd<\/td>\n<td>Oly. Laxten 3<\/td>\n<\/tr>\n<tr>\n<td><\/td>\n<td><\/td>\n<\/tr>\n<tr>\n<td bgcolor=\"#CCCCCC\"><strong>2.KK<\/strong><\/td>\n<td bgcolor=\"#CCCCCC\"><strong>1981-82<\/strong><\/td>\n<\/tr>\n<tr>\n<td>Nord<\/td>\n<td>GW Dersum<\/td>\n<\/tr>\n<tr>\n<td>Mitte A<\/td>\n<td>SV Neub\u00f6rger 2<\/td>\n<\/tr>\n<tr>\n<td>Mitte B<\/td>\n<td>SC Apeldorn<\/td>\n<\/tr>\n<tr>\n<td>S\u00fcd<\/td>\n<td>SC Baccum 2<\/td>\n<\/tr>\n<tr>\n<td><\/td>\n<td><\/td>\n<\/tr>\n<tr>\n<td bgcolor=\"#CCCCCC\"><strong>2.KK<\/strong><\/td>\n<td bgcolor=\"#CCCCCC\"><strong>1982-83<\/strong><\/td>\n<\/tr>\n<tr>\n<td>Nord<\/td>\n<td>Raspo Lathen 2<\/td>\n<\/tr>\n<tr>\n<td><a title=\"Tabelle 2. KK M-A 82-83\" href=\"http:\/\/www.emslandkicker.de\/?page_id=516\">Mitte A<\/a><\/td>\n<td>Sig. S\u00f6gel 2<\/td>\n<\/tr>\n<tr>\n<td>Mitte B<\/td>\n<td>SF Schwefingen 2<\/td>\n<\/tr>\n<tr>\n<td>S\u00fcd<\/td>\n<td>Conc. Emsb\u00fcren 2<\/td>\n<\/tr>\n<tr>\n<td><\/td>\n<td><\/td>\n<\/tr>\n<tr>\n<td bgcolor=\"#CCCCCC\"><strong>2.KK<\/strong><\/td>\n<td bgcolor=\"#CCCCCC\"><strong>1983-84<\/strong><\/td>\n<\/tr>\n<tr>\n<td>Nordwest<\/td>\n<td>TuS Aschendorf 2<\/td>\n<\/tr>\n<tr>\n<td>Nordost<\/td>\n<td>SV Hasel\u00fcnne 2<\/td>\n<\/tr>\n<tr>\n<td>S\u00fcdwest<\/td>\n<td>Voran Br\u00f6gbern 2<\/td>\n<\/tr>\n<tr>\n<td>S\u00fcdost<\/td>\n<td>FC Leschede 2<\/td>\n<\/tr>\n<tr>\n<td><\/td>\n<td><\/td>\n<\/tr>\n<tr>\n<td bgcolor=\"#CCCCCC\"><strong>2.KK<\/strong><\/td>\n<td bgcolor=\"#CCCCCC\"><strong>1984-85<\/strong><\/td>\n<\/tr>\n<tr>\n<td>Nord<\/td>\n<td>SV Esterwegen 2<\/td>\n<\/tr>\n<tr>\n<td>Mitte<\/td>\n<td>SV Meppen 3<\/td>\n<\/tr>\n<tr>\n<td>S\u00fcd<\/td>\n<td>Oly. Laxten 4<\/td>\n<\/tr>\n<tr>\n<td><\/td>\n<td><\/td>\n<\/tr>\n<tr>\n<td bgcolor=\"#CCCCCC\"><strong>2.KK<\/strong><\/td>\n<td bgcolor=\"#CCCCCC\"><strong>1985-86<\/strong><\/td>\n<\/tr>\n<tr>\n<td>Nord<\/td>\n<td>RW Heede 2<\/td>\n<\/tr>\n<tr>\n<td>Mitte<\/td>\n<td>VfL Herzlke 3<\/td>\n<\/tr>\n<tr>\n<td>S\u00fcd<\/td>\n<td>FC Leschede 2<\/td>\n<\/tr>\n<tr>\n<td><\/td>\n<td><\/td>\n<\/tr>\n<tr>\n<td bgcolor=\"#CCCCCC\"><strong>2.KK<\/strong><\/td>\n<td bgcolor=\"#CCCCCC\"><strong>1986-87<\/strong><\/td>\n<\/tr>\n<tr>\n<td>Nord<\/td>\n<td>SuS Lehe<\/td>\n<\/tr>\n<tr>\n<td>Mitte<\/td>\n<td>Eintr. Ber\u00dfen<\/td>\n<\/tr>\n<tr>\n<td>S\u00fcd<\/td>\n<td>SG Bramsche 2<\/td>\n<\/tr>\n<tr>\n<td><\/td>\n<td><\/td>\n<\/tr>\n<tr>\n<td bgcolor=\"#CCCCCC\"><strong>2.KK<\/strong><\/td>\n<td bgcolor=\"#CCCCCC\"><strong>1987-88<\/strong><\/td>\n<\/tr>\n<tr>\n<td>Nord<\/td>\n<td>DJK Breddenberg-H.<\/td>\n<\/tr>\n<tr>\n<td>Mitte<\/td>\n<td>SV Flechum<\/td>\n<\/tr>\n<tr>\n<td>S\u00fcd<\/td>\n<td>Oly. Laxten 4<\/td>\n<\/tr>\n<tr>\n<td><\/td>\n<td><\/td>\n<\/tr>\n<tr>\n<td bgcolor=\"#CCCCCC\"><strong>2.KK<\/strong><\/td>\n<td bgcolor=\"#CCCCCC\"><strong>1988-89<\/strong><\/td>\n<\/tr>\n<tr>\n<td>Nord<\/td>\n<td>SV Renkenberge<\/td>\n<\/tr>\n<tr>\n<td>Mitte<\/td>\n<td>SV Polle<\/td>\n<\/tr>\n<tr>\n<td>S\u00fcd<\/td>\n<td>SV Listrup<\/td>\n<\/tr>\n<tr>\n<td><\/td>\n<td><\/td>\n<\/tr>\n<tr>\n<td bgcolor=\"#CCCCCC\"><strong>2.KK<\/strong><\/td>\n<td bgcolor=\"#CCCCCC\"><strong>1989-90<\/strong><\/td>\n<\/tr>\n<tr>\n<td>Nord<\/td>\n<td>GW Dersum<\/td>\n<\/tr>\n<tr>\n<td>Mitte<\/td>\n<td>SC Adorf<\/td>\n<\/tr>\n<tr>\n<td>S\u00fcd<\/td>\n<td>ASV Altenlingen<\/td>\n<\/tr>\n<tr>\n<td><\/td>\n<td><\/td>\n<\/tr>\n<tr>\n<td bgcolor=\"#CCCCCC\"><strong>2.KK<\/strong><\/td>\n<td bgcolor=\"#CCCCCC\"><strong>1990-91<\/strong><\/td>\n<\/tr>\n<tr>\n<td>Nord<\/td>\n<td>BW D\u00f6rpen 2<\/td>\n<\/tr>\n<tr>\n<td>Mitte<\/td>\n<td>SV Bokeloh<\/td>\n<\/tr>\n<tr>\n<td>S\u00fcd<\/td>\n<td>Alem. Salzbergen 2<\/td>\n<\/tr>\n<tr>\n<td><\/td>\n<td><\/td>\n<\/tr>\n<tr>\n<td bgcolor=\"#CCCCCC\"><strong>2.KK<\/strong><\/td>\n<td bgcolor=\"#CCCCCC\"><strong>1991-92<\/strong><\/td>\n<\/tr>\n<tr>\n<td>Nord<\/td>\n<td>Raspo Lathen 2<\/td>\n<\/tr>\n<tr>\n<td>Mitte<\/td>\n<td>FC Bramhar<\/td>\n<\/tr>\n<tr>\n<td>S\u00fcd<\/td>\n<td>Conc. Langen 2<\/td>\n<\/tr>\n<tr>\n<td><\/td>\n<td><\/td>\n<\/tr>\n<tr>\n<td bgcolor=\"#CCCCCC\"><strong>2.KK<\/strong><\/td>\n<td bgcolor=\"#CCCCCC\"><strong>1992-93<\/strong><\/td>\n<\/tr>\n<tr>\n<td>Nord<\/td>\n<td>SV Hilkenbrock<\/td>\n<\/tr>\n<tr>\n<td>Mitte<\/td>\n<td>SV Teglingen 2<\/td>\n<\/tr>\n<tr>\n<td>S\u00fcd<\/td>\n<td>TuS Lingen 3<\/td>\n<\/tr>\n<tr>\n<td><\/td>\n<td><\/td>\n<\/tr>\n<tr>\n<td bgcolor=\"#CCCCCC\"><strong>2.KK<\/strong><\/td>\n<td bgcolor=\"#CCCCCC\"><strong>1993-94<\/strong><\/td>\n<\/tr>\n<tr>\n<td>Nord<\/td>\n<td>DJK Breddenberg-H.<\/td>\n<\/tr>\n<tr>\n<td>Mitte<\/td>\n<td>SV Stavern<\/td>\n<\/tr>\n<tr>\n<td>S\u00fcd<\/td>\n<td>SG Bramsche 2<\/td>\n<\/tr>\n<tr>\n<td><\/td>\n<td><\/td>\n<\/tr>\n<tr>\n<td bgcolor=\"#CCCCCC\"><strong>2.KK<\/strong><\/td>\n<td bgcolor=\"#CCCCCC\"><strong>1994-95<\/strong><\/td>\n<\/tr>\n<tr>\n<td>Nord<\/td>\n<td>SV Renkenberge<\/td>\n<\/tr>\n<tr>\n<td>Mitte<\/td>\n<td>Grenzl. Twist 2<\/td>\n<\/tr>\n<tr>\n<td>S\u00fcd<\/td>\n<td>Oly.Laxten 3<\/td>\n<\/tr>\n<\/tbody>\n<\/table>\n<div class=\"sharedaddy sd-sharing-enabled\"><div class=\"robots-nocontent sd-block sd-social sd-social-official sd-sharing\"><h3 class=\"sd-title\">Teilen mit:<\/h3><div class=\"sd-content\"><ul><li class=\"share-facebook\"><div class=\"fb-share-button\" data-href=\"http:\/\/www.emslandkicker.de\/?page_id=595\" data-layout=\"button_count\"><\/div><\/li><li class=\"share-twitter\"><a href=\"https:\/\/twitter.com\/share\" class=\"twitter-share-button\" data-url=\"http:\/\/www.emslandkicker.de\/?page_id=595\" data-text=\"Meister 2. Kreisklasse bis 1995\" data-via=\"Emslandkicker\" >Tweet<\/a><\/li><li class=\"share-email\"><a rel=\"nofollow noopener noreferrer\" data-shared=\"\" class=\"share-email sd-button\" href=\"mailto:?subject=%5BGeteilter%20Beitrag%5D%20Meister%202.%20Kreisklasse%20bis%201995&body=http%3A%2F%2Fwww.emslandkicker.de%2F%3Fpage_id%3D595&share=email\" target=\"_blank\" title=\"Click to email a link to a friend\" data-email-share-error-title=\"Do you have email set up?\" data-email-share-error-text=\"If you&#039;re having problems sharing via email, you might not have email set up for your browser. You may need to create a new email yourself.\" data-email-share-nonce=\"81f8bf5495\" data-email-share-track-url=\"http:\/\/www.emslandkicker.de\/?page_id=595&amp;share=email\"><span>E-Mail<\/span><\/a><\/li><li class=\"share-print\"><a rel=\"nofollow noopener noreferrer\" data-shared=\"\" class=\"share-print sd-button\" href=\"http:\/\/www.emslandkicker.de\/?page_id=595\" target=\"_blank\" title=\"Klicken zum Ausdrucken\" ><span>Drucken<\/span><\/a><\/li><li class=\"share-end\"><\/li><\/ul><\/div><\/div><\/div>","protected":false},"excerpt":{"rendered":"<p>2.KK 1979-80 Nord SV Hilkenbrock Mitte A Eintr. Emmeln Mitte B Conc. Schleper S\u00fcd SV Holthausen-B. 2 2.KK 1980-81 Nord Raspo B\u00f6rgermoor 2 Mitte A SV Neuringe Mitte B Spvg. H\u00fclsen-W. S\u00fcd Oly. Laxten 3 2.KK 1981-82 Nord GW Dersum Mitte A SV Neub\u00f6rger 2 Mitte B SC Apeldorn S\u00fcd SC Baccum 2 2.KK 1982-83 [&hellip;]<\/p>\n<div class=\"sharedaddy sd-sharing-enabled\"><div class=\"robots-nocontent sd-block sd-social sd-social-official sd-sharing\"><h3 class=\"sd-title\">Teilen mit:<\/h3><div class=\"sd-content\"><ul><li class=\"share-facebook\"><div class=\"fb-share-button\" data-href=\"http:\/\/www.emslandkicker.de\/?page_id=595\" data-layout=\"button_count\"><\/div><\/li><li class=\"share-twitter\"><a href=\"https:\/\/twitter.com\/share\" class=\"twitter-share-button\" data-url=\"http:\/\/www.emslandkicker.de\/?page_id=595\" data-text=\"Meister 2. Kreisklasse bis 1995\" data-via=\"Emslandkicker\" >Tweet<\/a><\/li><li class=\"share-email\"><a rel=\"nofollow noopener noreferrer\" data-shared=\"\" class=\"share-email sd-button\" href=\"mailto:?subject=%5BGeteilter%20Beitrag%5D%20Meister%202.%20Kreisklasse%20bis%201995&body=http%3A%2F%2Fwww.emslandkicker.de%2F%3Fpage_id%3D595&share=email\" target=\"_blank\" title=\"Click to email a link to a friend\" data-email-share-error-title=\"Do you have email set up?\" data-email-share-error-text=\"If you&#039;re having problems sharing via email, you might not have email set up for your browser. You may need to create a new email yourself.\" data-email-share-nonce=\"81f8bf5495\" data-email-share-track-url=\"http:\/\/www.emslandkicker.de\/?page_id=595&amp;share=email\"><span>E-Mail<\/span><\/a><\/li><li class=\"share-print\"><a rel=\"nofollow noopener noreferrer\" data-shared=\"\" class=\"share-print sd-button\" href=\"http:\/\/www.emslandkicker.de\/?page_id=595\" target=\"_blank\" title=\"Klicken zum Ausdrucken\" ><span>Drucken<\/span><\/a><\/li><li class=\"share-end\"><\/li><\/ul><\/div><\/div><\/div>","protected":false},"author":1,"featured_media":203,"parent":420,"menu_order":124,"comment_status":"open","ping_status":"open","template":"","meta":{"footnotes":""},"class_list":["post-595","page","type-page","status-publish","has-post-thumbnail","hentry"],"jetpack_sharing_enabled":true,"jetpack_shortlink":"https:\/\/wp.me\/P5etIj-9B","jetpack-related-posts":[{"id":592,"url":"http:\/\/www.emslandkicker.de\/?page_id=592","url_meta":{"origin":595,"position":0},"title":"Meister 1. Kreisklasse bis 1995","date":"12. November 2014","format":false,"excerpt":"1.KK 1968-69 Tab. Info Nord Mitte VfL Herzlake S\u00fcd 1.KK 1969-70 Tab. Info Nord Mitte Germ. Twist S\u00fcd 1.KK 1970-71 Tab. Info Nord Mitte Grenzl. Twist S\u00fcd 1.KK 1971-72 Tab. Info Nord Mitte FC Wesuwe S\u00fcd 1.KK 1972-73 Tab. Info Nord Mitte Conc Sch\u00f6ninghsdorf S\u00fcd 1.KK 1973-74 Tab. Info Nord\u2026","rel":"","context":"Similar post","img":{"alt_text":"","src":"","width":0,"height":0},"classes":[]},{"id":453,"url":"http:\/\/www.emslandkicker.de\/?page_id=453","url_meta":{"origin":595,"position":1},"title":"Kreisligameister bis 1995","date":"8. November 2014","format":false,"excerpt":"Kreisliga 1976-77 [Einf\u00fchrung der Kreisligen] Tab. Nord Mitte VfL Emslage S\u00fcd Kreisliga 1977-78 Nord Mitte SV Dalum S\u00fcd Kreisliga 1978-79 Nord Sigiltra S\u00f6gel Mitte DJK Fehndorf S\u00fcd Kreisliga 1979-80 Nord Germ. 08 Papenburg * Mitte SV Erika-A. S\u00fcd Germ. Thuine Kreisliga 1980-81 Nord FC Bockholte Mitte TuS Haren S\u00fcd SG\u2026","rel":"","context":"Similar post","img":{"alt_text":"","src":"","width":0,"height":0},"classes":[]},{"id":614,"url":"http:\/\/www.emslandkicker.de\/?page_id=614","url_meta":{"origin":595,"position":2},"title":"Meister Bezirksklasse seit 1949-50","date":"13. November 2014","format":false,"excerpt":"Saison Bezirksklasse EL Tab. 1949-50 Hasel\u00fcnner SV 1950-51 TuS Lingen 1951-52 SV Dalum 1952-53 Hasel\u00fcnner SV 1953-54 TuS Lingen 1954-55 Union Meppen 1955-56 1956-57 SV Meppen 1957-58 1958-59 1959-60 Conc. Emsb\u00fcrren 1960-61 1961-62 Alem. Salzbergen 1962-63 Eintr. Nordhorn 2 1963-64 Amisia Papenburg 1964-65 SF Schwefingen 1965-66 Union Meppen 1966-67 Sparta\u2026","rel":"","context":"Similar post","img":{"alt_text":"","src":"","width":0,"height":0},"classes":[]},{"id":505,"url":"http:\/\/www.emslandkicker.de\/?page_id=505","url_meta":{"origin":595,"position":3},"title":"Tabelle 2. Kreisklasse Mitte B 1979-80","date":"10. November 2014","format":false,"excerpt":"2. Kreisklasse Mitte B 1979-80 Pl. Verein Sp Tore Diff Pkt. 1. Conc. Schleper 24 98 : 27 71 41 : 7 2. SC Apeldorn * 24 87 : 24 63 36 : 12 3. SV Teglingen 2 24 80 : 37 43 34 : 14 4. SC Osterbrock 2\u2026","rel":"","context":"Similar post","img":{"alt_text":"","src":"","width":0,"height":0},"classes":[]},{"id":607,"url":"http:\/\/www.emslandkicker.de\/?page_id=607","url_meta":{"origin":595,"position":4},"title":"Meister Bezirksliga seit 1984-85","date":"13. November 2014","format":false,"excerpt":"Saison Bezirksliga West Tab. 1976-77 VfL R\u00fctenbrock 1977-78 1978-79 VfL Osnabr\u00fcck A. Saison Bezirksliga Mitte Tab. Bezirksliga S\u00fcd Tab. 1979-80 SV Molbergen SV Bad Bentheim 1980-81 Hasel\u00fcnner SV FC Sch\u00fcttorf 1981-82 Frisa Goldenstedt Eintr. Osnabr\u00fcck 1982-83 1983-84 STV Bar\u00dfel Union Lohne Saison Bezirksliga West Tab. 1984-85 Oly. Laxten 1985-86 Hasel\u00fcnner\u2026","rel":"","context":"Similar post","img":{"alt_text":"","src":"","width":0,"height":0},"classes":[]},{"id":815,"url":"http:\/\/www.emslandkicker.de\/?page_id=815","url_meta":{"origin":595,"position":5},"title":"Tabelle 1. Kreisklasse Mitte 1975-76","date":"28. November 2014","format":false,"excerpt":"1. Kreisklasse Mitte 1975-76 Pl. Verein Sp Tore Diff Pkt. 1. FC Wesuwe 32 99 : 33 66 52 : 12 2. VfL Emslage 32 63 : 28 35 43 : 21 3. Germ. Twist 32 59 : 47 12 42 : 22 4. SV Dalum 32 72 : 41\u2026","rel":"","context":"Similar post","img":{"alt_text":"","src":"","width":0,"height":0},"classes":[]}],"jetpack_likes_enabled":true,"_links":{"self":[{"href":"http:\/\/www.emslandkicker.de\/index.php?rest_route=\/wp\/v2\/pages\/595","targetHints":{"allow":["GET"]}}],"collection":[{"href":"http:\/\/www.emslandkicker.de\/index.php?rest_route=\/wp\/v2\/pages"}],"about":[{"href":"http:\/\/www.emslandkicker.de\/index.php?rest_route=\/wp\/v2\/types\/page"}],"author":[{"embeddable":true,"href":"http:\/\/www.emslandkicker.de\/index.php?rest_route=\/wp\/v2\/users\/1"}],"replies":[{"embeddable":true,"href":"http:\/\/www.emslandkicker.de\/index.php?rest_route=%2Fwp%2Fv2%2Fcomments&post=595"}],"version-history":[{"count":1,"href":"http:\/\/www.emslandkicker.de\/index.php?rest_route=\/wp\/v2\/pages\/595\/revisions"}],"predecessor-version":[{"id":1821,"href":"http:\/\/www.emslandkicker.de\/index.php?rest_route=\/wp\/v2\/pages\/595\/revisions\/1821"}],"up":[{"embeddable":true,"href":"http:\/\/www.emslandkicker.de\/index.php?rest_route=\/wp\/v2\/pages\/420"}],"wp:featuredmedia":[{"embeddable":true,"href":"http:\/\/www.emslandkicker.de\/index.php?rest_route=\/wp\/v2\/media\/203"}],"wp:attachment":[{"href":"http:\/\/www.emslandkicker.de\/index.php?rest_route=%2Fwp%2Fv2%2Fmedia&parent=595"}],"curies":[{"name":"wp","href":"https:\/\/api.w.org\/{rel}","templated":true}]}}