{"id":607,"date":"2014-11-13T14:34:19","date_gmt":"2014-11-13T12:34:19","guid":{"rendered":"http:\/\/www.emslandkicker.de\/?page_id=607"},"modified":"2019-12-10T21:31:40","modified_gmt":"2019-12-10T19:31:40","slug":"meister-bezirksliga-ab-1984-85","status":"publish","type":"page","link":"http:\/\/www.emslandkicker.de\/?page_id=607","title":{"rendered":"Meister Bezirksliga seit 1984-85"},"content":{"rendered":"<div class=\"pdfprnt-buttons pdfprnt-buttons-page pdfprnt-top-right\"><a href=\"http:\/\/www.emslandkicker.de\/index.php?rest_route=%2Fwp%2Fv2%2Fpages%2F607&print=pdf\" class=\"pdfprnt-button pdfprnt-button-pdf\" target=\"_blank\"><img decoding=\"async\" src=\"https:\/\/i0.wp.com\/www.emslandkicker.de\/wp-content\/plugins\/pdf-print\/images\/pdf.png?w=610\" alt=\"image_pdf\" title=\"View PDF\" data-recalc-dims=\"1\" \/><\/a><a href=\"http:\/\/www.emslandkicker.de\/index.php?rest_route=%2Fwp%2Fv2%2Fpages%2F607&print=print\" class=\"pdfprnt-button pdfprnt-button-print\" target=\"_blank\"><img decoding=\"async\" src=\"https:\/\/i0.wp.com\/www.emslandkicker.de\/wp-content\/plugins\/pdf-print\/images\/print.png?w=610\" alt=\"image_print\" title=\"Print Content\" data-recalc-dims=\"1\" \/><\/a><\/div><table width=\"50%\" cellspacing=\"5\" cellpadding=\"0\">\n<tbody>\n<tr>\n<td width=\"54\" bgcolor=\"#CCCCCC\"><strong>Saison<\/strong><\/td>\n<td width=\"116\" bgcolor=\"#CCCCCC\"><strong>Bezirksliga West<\/strong><\/td>\n<td width=\"116\" bgcolor=\"#CCCCCC\"><strong>Tab.<\/strong><\/td>\n<td width=\"116\"><\/td>\n<td width=\"116\"><\/td>\n<\/tr>\n<tr>\n<td>1976-77<\/td>\n<td>VfL R\u00fctenbrock<\/td>\n<td>\n<div align=\"center\"><a title=\"Tabelle Bl 1976-77\" href=\"http:\/\/www.emslandkicker.de\/?page_id=941\"><img decoding=\"async\" src=\"https:\/\/i0.wp.com\/www.emslandkicker.de\/wp-content\/uploads\/nostalgie\/icons\/tab24.png?w=610\" alt=\"Tabelle Bezirksliga St. 8 1976-77\" data-recalc-dims=\"1\"\/><\/a><\/div>\n<\/td>\n<td><\/td>\n<td><\/td>\n<\/tr>\n<tr>\n<td>1977-78<\/td>\n<td><\/td>\n<td><\/td>\n<td><\/td>\n<td><\/td>\n<\/tr>\n<tr>\n<td>1978-79<\/td>\n<td>VfL Osnabr\u00fcck A.<\/td>\n<td><\/td>\n<td><\/td>\n<td><\/td>\n<\/tr>\n<tr>\n<td bgcolor=\"#CCCCCC\"><strong>Saison<\/strong><\/td>\n<td bgcolor=\"#CCCCCC\"><strong>Bezirksliga Mitte<\/strong><\/td>\n<td bgcolor=\"#CCCCCC\"><strong>Tab.<\/strong><\/td>\n<td bgcolor=\"#CCCCCC\"><strong>Bezirksliga S\u00fcd<\/strong><\/td>\n<td bgcolor=\"#CCCCCC\"><strong>Tab.<\/strong><\/td>\n<\/tr>\n<tr>\n<td>1979-80<\/td>\n<td>SV Molbergen<\/td>\n<td><\/td>\n<td>SV Bad Bentheim<\/td>\n<td><\/td>\n<\/tr>\n<tr>\n<td>1980-81<\/td>\n<td>Hasel\u00fcnner SV<\/td>\n<td><\/td>\n<td>FC Sch\u00fcttorf<\/td>\n<td><\/td>\n<\/tr>\n<tr>\n<td>1981-82<\/td>\n<td>Frisa Goldenstedt<\/td>\n<td><\/td>\n<td>Eintr. Osnabr\u00fcck<\/td>\n<td><\/td>\n<\/tr>\n<tr>\n<td>1982-83<\/td>\n<td><\/td>\n<td><\/td>\n<td><\/td>\n<td><\/td>\n<\/tr>\n<tr>\n<td>1983-84<\/td>\n<td>STV Bar\u00dfel<\/td>\n<td>\n<div align=\"center\"><a title=\"Tabelle Bl 1983-84\" href=\"http:\/\/www.emslandkicker.de\/?page_id=944\"><img decoding=\"async\" src=\"https:\/\/i0.wp.com\/www.emslandkicker.de\/wp-content\/uploads\/nostalgie\/icons\/tab24.png?w=610\" alt=\"Tabelle Bezirksliga Mitte 1983-84\" data-recalc-dims=\"1\"\/><\/a><\/div>\n<\/td>\n<td>Union Lohne<\/td>\n<td><\/td>\n<\/tr>\n<tr>\n<td bgcolor=\"#CCCCCC\"><strong>Saison<\/strong><\/td>\n<td bgcolor=\"#CCCCCC\"><strong>Bezirksliga West<\/strong><\/td>\n<td bgcolor=\"#CCCCCC\"><strong>Tab.<\/strong><\/td>\n<td><\/td>\n<td><\/td>\n<\/tr>\n<tr>\n<td>1984-85<\/td>\n<td>Oly. Laxten<\/td>\n<td>\n<div align=\"center\"><a title=\"Tabelle Bl 1984-85\" href=\"http:\/\/www.emslandkicker.de\/?page_id=946\"><img decoding=\"async\" src=\"https:\/\/i0.wp.com\/www.emslandkicker.de\/wp-content\/uploads\/nostalgie\/icons\/tab24.png?w=610\" alt=\"Tabelle Bezirksliga West 1984-85\" data-recalc-dims=\"1\"\/><\/a><\/div>\n<\/td>\n<td><\/td>\n<td><\/td>\n<\/tr>\n<tr>\n<td>1985-86<\/td>\n<td>Hasel\u00fcnner SV<\/td>\n<td>\n<div align=\"center\"><a title=\"Tabelle Bl 1985-86\" href=\"http:\/\/www.emslandkicker.de\/?page_id=639\"><img decoding=\"async\" src=\"https:\/\/i0.wp.com\/www.emslandkicker.de\/wp-content\/uploads\/nostalgie\/icons\/tab24.png?w=610\" alt=\"Tabelle Bezirksliga West 1985-86\" data-recalc-dims=\"1\"\/><\/a><\/div>\n<\/td>\n<td><\/td>\n<td><\/td>\n<\/tr>\n<tr>\n<td>1986-87<\/td>\n<td>SC Spelle-V.<\/td>\n<td>\n<div align=\"center\"><a title=\"Tabelle Bl 1986-87\" href=\"http:\/\/www.emslandkicker.de\/?page_id=948\"><img decoding=\"async\" src=\"https:\/\/i0.wp.com\/www.emslandkicker.de\/wp-content\/uploads\/nostalgie\/icons\/tab24.png?w=610\" alt=\"Tabelle Bezirksliga West 1986-87\" data-recalc-dims=\"1\"\/><\/a><\/div>\n<\/td>\n<td><\/td>\n<td><\/td>\n<\/tr>\n<tr>\n<td>1987-88<\/td>\n<td>Germ. Papenburg<\/td>\n<td>\n<div align=\"center\"><a title=\"Tabelle Bl 1987-88\" href=\"http:\/\/www.emslandkicker.de\/?page_id=950\"><img decoding=\"async\" src=\"https:\/\/i0.wp.com\/www.emslandkicker.de\/wp-content\/uploads\/nostalgie\/icons\/tab24.png?w=610\" alt=\"Tabelle Bezirksliga West 1987-88\" data-recalc-dims=\"1\"\/><\/a><\/div>\n<\/td>\n<td><\/td>\n<td><\/td>\n<\/tr>\n<tr>\n<td>1988-89<\/td>\n<td>Sparta Werlte<\/td>\n<td>\n<div align=\"center\"><a title=\"Tabelle Bl 1988-89\" href=\"http:\/\/www.emslandkicker.de\/?page_id=952\"><img decoding=\"async\" src=\"https:\/\/i0.wp.com\/www.emslandkicker.de\/wp-content\/uploads\/nostalgie\/icons\/tab24.png?w=610\" alt=\"Tabelle Bezirksliga West 1988-89\" data-recalc-dims=\"1\"\/><\/a><\/div>\n<\/td>\n<td><\/td>\n<td><\/td>\n<\/tr>\n<tr>\n<td>1989-90<\/td>\n<td>SF Schwefingen<\/td>\n<td>\n<div align=\"center\"><a title=\"Tabelle Bl 1989-90\" href=\"http:\/\/www.emslandkicker.de\/?page_id=954\"><img decoding=\"async\" src=\"https:\/\/i0.wp.com\/www.emslandkicker.de\/wp-content\/uploads\/nostalgie\/icons\/tab24.png?w=610\" alt=\"Tabelle Bezirksliga West 1989-90\" data-recalc-dims=\"1\"\/><\/a><\/div>\n<\/td>\n<td><\/td>\n<td><\/td>\n<\/tr>\n<tr>\n<td>1990-91<\/td>\n<td>TuS Aschendorf<\/td>\n<td>\n<div align=\"center\"><a title=\"Tabelle Bl 1990-91\" href=\"http:\/\/www.emslandkicker.de\/?page_id=956\"><img decoding=\"async\" src=\"https:\/\/i0.wp.com\/www.emslandkicker.de\/wp-content\/uploads\/nostalgie\/icons\/tab24.png?w=610\" alt=\"Tabelle Bezirksliga West 1990-91\" data-recalc-dims=\"1\"\/><\/a><\/div>\n<\/td>\n<td><\/td>\n<td><\/td>\n<\/tr>\n<tr>\n<td>1991-92<\/td>\n<td>FC Sch\u00fcttorf<\/td>\n<td><\/td>\n<td><\/td>\n<td><\/td>\n<\/tr>\n<tr>\n<td>1992-93<\/td>\n<td>SV Molbergen<\/td>\n<td><\/td>\n<td><\/td>\n<td><\/td>\n<\/tr>\n<tr>\n<td>1993-94<\/td>\n<td>Vorw. Nordhorn<\/td>\n<td><\/td>\n<td><\/td>\n<td><\/td>\n<\/tr>\n<tr>\n<td>1994-95<\/td>\n<td>SV Holthausen-B.<\/td>\n<td><\/td>\n<td><\/td>\n<td><\/td>\n<\/tr>\n<tr>\n<td bgcolor=\"#CCCCCC\"><strong>Saison<\/strong><\/td>\n<td bgcolor=\"#CCCCCC\"><strong>Bezirksliga S\u00fcd<\/strong><\/td>\n<td bgcolor=\"#CCCCCC\"><strong>Tab.<\/strong><\/td>\n<td><\/td>\n<td><\/td>\n<\/tr>\n<tr>\n<td>1995-96<\/td>\n<td>SV Meppen A.<\/td>\n<td><\/td>\n<td><\/td>\n<td><\/td>\n<\/tr>\n<tr>\n<td>1996-97<\/td>\n<td>Viktr. GM-H\u00fctte<\/td>\n<td><\/td>\n<td><\/td>\n<td><\/td>\n<\/tr>\n<tr>\n<td>1997-89<\/td>\n<td>SC Rieste<\/td>\n<td><\/td>\n<td><\/td>\n<td><\/td>\n<\/tr>\n<tr>\n<td>1999-00<\/td>\n<td>BW Merzen<\/td>\n<td><\/td>\n<td><\/td>\n<td><\/td>\n<\/tr>\n<tr>\n<td>2000-01<\/td>\n<td>TuS Glane<\/td>\n<td><\/td>\n<td><\/td>\n<td><\/td>\n<\/tr>\n<tr>\n<td>2001-02<\/td>\n<td>SF Schwefingen<\/td>\n<td><\/td>\n<td><\/td>\n<td><\/td>\n<\/tr>\n<tr>\n<td>2002-03<\/td>\n<td>RW Damme<\/td>\n<td><\/td>\n<td><\/td>\n<td><\/td>\n<\/tr>\n<tr>\n<td>2003-04<\/td>\n<td>VfL L\u00f6ningen<\/td>\n<td><\/td>\n<td><\/td>\n<td><\/td>\n<\/tr>\n<tr>\n<td>2004-05<\/td>\n<td>SV Emstek<\/td>\n<td><\/td>\n<td><\/td>\n<td><\/td>\n<\/tr>\n<tr>\n<td>2005-06<\/td>\n<td>1. FC Bramsche<\/td>\n<td><\/td>\n<td><\/td>\n<td><\/td>\n<\/tr>\n<tr>\n<td bgcolor=\"#CCCCCC\"><strong>Saison<\/strong><\/td>\n<td bgcolor=\"#CCCCCC\"><strong>Bezirksliga 3<\/strong><\/td>\n<td bgcolor=\"#CCCCCC\"><strong>Tab.<\/strong><\/td>\n<td><\/td>\n<td><\/td>\n<\/tr>\n<tr>\n<td>2006-07<\/td>\n<td>Conc. Emsb\u00fcren<\/td>\n<td><\/td>\n<td><\/td>\n<td><\/td>\n<\/tr>\n<tr>\n<td>2007-08<\/td>\n<td>BW Papenburg<\/td>\n<td><\/td>\n<td><\/td>\n<td><\/td>\n<\/tr>\n<tr>\n<td>2008-09<\/td>\n<td>FC Sch\u00fcttorf<\/td>\n<td><\/td>\n<td><\/td>\n<td><\/td>\n<\/tr>\n<tr>\n<td>2009-10<\/td>\n<td>SV Bad Bentheim<\/td>\n<td><\/td>\n<td><\/td>\n<td><\/td>\n<\/tr>\n<tr>\n<td>2010-11<\/td>\n<td>Union Lohne<\/td>\n<td><\/td>\n<td><\/td>\n<td><\/td>\n<\/tr>\n<tr>\n<td>2011-12<\/td>\n<td>SC Spelle-V.<\/td>\n<td><\/td>\n<td><\/td>\n<td><\/td>\n<\/tr>\n<tr>\n<td>2012-13<\/td>\n<td>FC Sch\u00fcttorf<\/td>\n<td><\/td>\n<td><\/td>\n<td><\/td>\n<\/tr>\n<tr>\n<td>2013-14<\/td>\n<td>TuS Lingen<\/td>\n<td><\/td>\n<td><\/td>\n<td><\/td>\n<\/tr>\n<tr>\n<td>2014-15<\/td>\n<td>Vorw. Nordhorn<\/td>\n<td><\/td>\n<td><\/td>\n<td><\/td>\n<\/tr>\n<tr>\n<td>2015-16<\/td>\n<td>SV Bad Bentheim<\/td>\n<td><\/td>\n<td><\/td>\n<td><\/td>\n<\/tr>\n<tr>\n<td>2016-17<\/td>\n<td>BW Papenburg<\/td>\n<td><\/td>\n<td><\/td>\n<td><\/td>\n<\/tr>\n<tr>\n<td>2017-18<\/td>\n<td>FC Sch\u00fcttorf<\/td>\n<td><\/td>\n<td><\/td>\n<td><\/td>\n<\/tr>\n<tr>\n<td>2018-19<\/td>\n<td>Union Lohne<\/td>\n<td><\/td>\n<td><\/td>\n<td><\/td>\n<\/tr>\n<tr>\n<td>2019-20<\/td>\n<td><\/td>\n<td><\/td>\n<td><\/td>\n<td><\/td>\n<\/tr>\n<\/tbody>\n<\/table>\n<div class=\"sharedaddy sd-sharing-enabled\"><div class=\"robots-nocontent sd-block sd-social sd-social-official sd-sharing\"><h3 class=\"sd-title\">Teilen mit:<\/h3><div class=\"sd-content\"><ul><li class=\"share-facebook\"><div class=\"fb-share-button\" data-href=\"http:\/\/www.emslandkicker.de\/?page_id=607\" data-layout=\"button_count\"><\/div><\/li><li class=\"share-twitter\"><a href=\"https:\/\/twitter.com\/share\" class=\"twitter-share-button\" data-url=\"http:\/\/www.emslandkicker.de\/?page_id=607\" data-text=\"Meister Bezirksliga seit 1984-85\" data-via=\"Emslandkicker\" >Tweet<\/a><\/li><li class=\"share-email\"><a rel=\"nofollow noopener noreferrer\" data-shared=\"\" class=\"share-email sd-button\" href=\"mailto:?subject=%5BGeteilter%20Beitrag%5D%20Meister%20Bezirksliga%20seit%201984-85&body=http%3A%2F%2Fwww.emslandkicker.de%2F%3Fpage_id%3D607&share=email\" target=\"_blank\" title=\"Click to email a link to a friend\" data-email-share-error-title=\"Do you have email set up?\" data-email-share-error-text=\"If you&#039;re having problems sharing via email, you might not have email set up for your browser. You may need to create a new email yourself.\" data-email-share-nonce=\"161844f800\" data-email-share-track-url=\"http:\/\/www.emslandkicker.de\/?page_id=607&amp;share=email\"><span>E-Mail<\/span><\/a><\/li><li class=\"share-print\"><a rel=\"nofollow noopener noreferrer\" data-shared=\"\" class=\"share-print sd-button\" href=\"http:\/\/www.emslandkicker.de\/?page_id=607\" target=\"_blank\" title=\"Klicken zum Ausdrucken\" ><span>Drucken<\/span><\/a><\/li><li class=\"share-end\"><\/li><\/ul><\/div><\/div><\/div>","protected":false},"excerpt":{"rendered":"<p>Saison Bezirksliga West Tab. 1976-77 VfL R\u00fctenbrock 1977-78 1978-79 VfL Osnabr\u00fcck A. Saison Bezirksliga Mitte Tab. Bezirksliga S\u00fcd Tab. 1979-80 SV Molbergen SV Bad Bentheim 1980-81 Hasel\u00fcnner SV FC Sch\u00fcttorf 1981-82 Frisa Goldenstedt Eintr. Osnabr\u00fcck 1982-83 1983-84 STV Bar\u00dfel Union Lohne Saison Bezirksliga West Tab. 1984-85 Oly. Laxten 1985-86 Hasel\u00fcnner SV 1986-87 SC Spelle-V. 1987-88 [&hellip;]<\/p>\n<div class=\"sharedaddy sd-sharing-enabled\"><div class=\"robots-nocontent sd-block sd-social sd-social-official sd-sharing\"><h3 class=\"sd-title\">Teilen mit:<\/h3><div class=\"sd-content\"><ul><li class=\"share-facebook\"><div class=\"fb-share-button\" data-href=\"http:\/\/www.emslandkicker.de\/?page_id=607\" data-layout=\"button_count\"><\/div><\/li><li class=\"share-twitter\"><a href=\"https:\/\/twitter.com\/share\" class=\"twitter-share-button\" data-url=\"http:\/\/www.emslandkicker.de\/?page_id=607\" data-text=\"Meister Bezirksliga seit 1984-85\" data-via=\"Emslandkicker\" >Tweet<\/a><\/li><li class=\"share-email\"><a rel=\"nofollow noopener noreferrer\" data-shared=\"\" class=\"share-email sd-button\" href=\"mailto:?subject=%5BGeteilter%20Beitrag%5D%20Meister%20Bezirksliga%20seit%201984-85&body=http%3A%2F%2Fwww.emslandkicker.de%2F%3Fpage_id%3D607&share=email\" target=\"_blank\" title=\"Click to email a link to a friend\" data-email-share-error-title=\"Do you have email set up?\" data-email-share-error-text=\"If you&#039;re having problems sharing via email, you might not have email set up for your browser. You may need to create a new email yourself.\" data-email-share-nonce=\"161844f800\" data-email-share-track-url=\"http:\/\/www.emslandkicker.de\/?page_id=607&amp;share=email\"><span>E-Mail<\/span><\/a><\/li><li class=\"share-print\"><a rel=\"nofollow noopener noreferrer\" data-shared=\"\" class=\"share-print sd-button\" href=\"http:\/\/www.emslandkicker.de\/?page_id=607\" target=\"_blank\" title=\"Klicken zum Ausdrucken\" ><span>Drucken<\/span><\/a><\/li><li class=\"share-end\"><\/li><\/ul><\/div><\/div><\/div>","protected":false},"author":1,"featured_media":203,"parent":420,"menu_order":60,"comment_status":"open","ping_status":"open","template":"","meta":{"footnotes":""},"class_list":["post-607","page","type-page","status-publish","has-post-thumbnail","hentry"],"jetpack_sharing_enabled":true,"jetpack_shortlink":"https:\/\/wp.me\/P5etIj-9N","jetpack-related-posts":[{"id":821,"url":"http:\/\/www.emslandkicker.de\/?page_id=821","url_meta":{"origin":607,"position":0},"title":"Hasel\u00fcnner SV &#8211; Ligachronik","date":"28. November 2014","format":false,"excerpt":"Verein Saison Liga Platz Tab. Info Hasel\u00fcnner SV 1949-50 Bezirksklasse EL 1. \u00a0 Hasel\u00fcnner SV 1950-51 Amateurliga 2 11. \u00a0 Hasel\u00fcnner SV 1951-52 Amateurliga 2 10. \u00a0 \u00a0 Hasel\u00fcnner SV 1952-53 Bezirksklasse EL 1. Hasel\u00fcnner SV 1953-54 Amateurliga 2 4. \u00a0 \u00a0 Hasel\u00fcnner SV 1954-55 Amateurliga 2 10. \u00a0 Hasel\u00fcnner\u2026","rel":"","context":"Similar post","img":{"alt_text":"","src":"","width":0,"height":0},"classes":[]},{"id":823,"url":"http:\/\/www.emslandkicker.de\/?page_id=823","url_meta":{"origin":607,"position":1},"title":"TuS Lingen &#8211; Ligachronik","date":"28. November 2014","format":false,"excerpt":"Verein Saison Liga Platz Tab. TuS Lingen 1950-51 Bezirksklasse EL 1. TuS Lingen 1951-52 Amateurliga 2 11. TuS Lingen 1952-53 Bezirksklasse EL 3. TuS Lingen 1953-54 Bezirksklasse EL 1. TuS Lingen 1954-55 Amateurliga 2 1. TuS Lingen 1955-56 Amateur-Oberliga W 15. TuS Lingen 1956-57 Amateurliga 8 2. TuS Lingen 1957-58\u2026","rel":"","context":"Similar post","img":{"alt_text":"","src":"","width":0,"height":0},"classes":[]},{"id":944,"url":"http:\/\/www.emslandkicker.de\/?page_id=944","url_meta":{"origin":607,"position":2},"title":"Tabelle Bezirksliga Mitte 1983-84","date":"7. Dezember 2014","format":false,"excerpt":"Bezirksliga Mitte 1983-84 Pl. Verein Sp Tore Diff. Pkt 1. STV Bar\u00dfel 30 80 : 30 50 48 : 12 2. VfR Wardenburg 30 71 : 29 42 44 : 16 3. TuS Eversten 30 57 : 42 15 37 : 23 4. BW Langf\u00f6rden 30 49 : 47 2\u2026","rel":"","context":"Similar post","img":{"alt_text":"","src":"","width":0,"height":0},"classes":[]},{"id":946,"url":"http:\/\/www.emslandkicker.de\/?page_id=946","url_meta":{"origin":607,"position":3},"title":"Tabelle Bezirksliga West 1984-85","date":"7. Dezember 2014","format":false,"excerpt":"Bezirksliga West 1984-85 Pl. Verein Sp Tore Diff. Pkt 1. Oly. Laxten 30 75 : 22 53 48 : 12 2. Eintr. Neulangen 30 58 : 29 29 42 : 18 3. Voran Br\u00f6gbern (N) 30 64 : 41 23 39 : 21 4. Amisia Papenburg 30 55 : 41\u2026","rel":"","context":"Similar post","img":{"alt_text":"","src":"","width":0,"height":0},"classes":[]},{"id":941,"url":"http:\/\/www.emslandkicker.de\/?page_id=941","url_meta":{"origin":607,"position":4},"title":"Tabelle Bezirksliga St. 8 1976-77","date":"7. Dezember 2014","format":false,"excerpt":"Bezirksliga St. 8 1976-77 Pl. Verein Sp Tore Diff. Pkt 1. VfL R\u00fctenbrock 30 87 : 48 39 44 : 16 2. Vorw. Nordhorn 30 64 : 45 19 38 : 22 3. VfL WE Nordhorn 30 59 : 55 4 35 : 25 4. U. Meppen 30 62 :\u2026","rel":"","context":"Similar post","img":{"alt_text":"","src":"","width":0,"height":0},"classes":[]},{"id":952,"url":"http:\/\/www.emslandkicker.de\/?page_id=952","url_meta":{"origin":607,"position":5},"title":"Tabelle Bezirksliga West 1988-89","date":"7. Dezember 2014","format":false,"excerpt":"Bezirksliga West 1988-89 Pl. Verein Sp Tore Diff. Pkt 1. Sparta Werlte 30 57 : 37 20 40 : 20 2. Voran Br\u00f6gbern 30 42 : 33 9 35 : 25 3. BV Garrel 30 60 : 41 19 34 : 26 4. SF Schwefingen 30 34 : 26 8\u2026","rel":"","context":"Similar post","img":{"alt_text":"","src":"","width":0,"height":0},"classes":[]}],"jetpack_likes_enabled":true,"_links":{"self":[{"href":"http:\/\/www.emslandkicker.de\/index.php?rest_route=\/wp\/v2\/pages\/607","targetHints":{"allow":["GET"]}}],"collection":[{"href":"http:\/\/www.emslandkicker.de\/index.php?rest_route=\/wp\/v2\/pages"}],"about":[{"href":"http:\/\/www.emslandkicker.de\/index.php?rest_route=\/wp\/v2\/types\/page"}],"author":[{"embeddable":true,"href":"http:\/\/www.emslandkicker.de\/index.php?rest_route=\/wp\/v2\/users\/1"}],"replies":[{"embeddable":true,"href":"http:\/\/www.emslandkicker.de\/index.php?rest_route=%2Fwp%2Fv2%2Fcomments&post=607"}],"version-history":[{"count":2,"href":"http:\/\/www.emslandkicker.de\/index.php?rest_route=\/wp\/v2\/pages\/607\/revisions"}],"predecessor-version":[{"id":1804,"href":"http:\/\/www.emslandkicker.de\/index.php?rest_route=\/wp\/v2\/pages\/607\/revisions\/1804"}],"up":[{"embeddable":true,"href":"http:\/\/www.emslandkicker.de\/index.php?rest_route=\/wp\/v2\/pages\/420"}],"wp:featuredmedia":[{"embeddable":true,"href":"http:\/\/www.emslandkicker.de\/index.php?rest_route=\/wp\/v2\/media\/203"}],"wp:attachment":[{"href":"http:\/\/www.emslandkicker.de\/index.php?rest_route=%2Fwp%2Fv2%2Fmedia&parent=607"}],"curies":[{"name":"wp","href":"https:\/\/api.w.org\/{rel}","templated":true}]}}