{"id":650,"date":"2014-11-13T21:10:18","date_gmt":"2014-11-13T19:10:18","guid":{"rendered":"http:\/\/www.emslandkicker.de\/?page_id=650"},"modified":"2014-11-13T21:10:59","modified_gmt":"2014-11-13T19:10:59","slug":"ungeheure-spannung-am-letzten-spieltag","status":"publish","type":"page","link":"http:\/\/www.emslandkicker.de\/?page_id=650","title":{"rendered":"Ungeheure Spannung am letzten Spieltag"},"content":{"rendered":"<div class=\"pdfprnt-buttons pdfprnt-buttons-page pdfprnt-top-right\"><a href=\"http:\/\/www.emslandkicker.de\/index.php?rest_route=%2Fwp%2Fv2%2Fpages%2F650&print=pdf\" class=\"pdfprnt-button pdfprnt-button-pdf\" target=\"_blank\"><img decoding=\"async\" src=\"https:\/\/i0.wp.com\/www.emslandkicker.de\/wp-content\/plugins\/pdf-print\/images\/pdf.png?w=610\" alt=\"image_pdf\" title=\"View PDF\" data-recalc-dims=\"1\" \/><\/a><a href=\"http:\/\/www.emslandkicker.de\/index.php?rest_route=%2Fwp%2Fv2%2Fpages%2F650&print=print\" class=\"pdfprnt-button pdfprnt-button-print\" target=\"_blank\"><img decoding=\"async\" src=\"https:\/\/i0.wp.com\/www.emslandkicker.de\/wp-content\/plugins\/pdf-print\/images\/print.png?w=610\" alt=\"image_print\" title=\"Print Content\" data-recalc-dims=\"1\" \/><\/a><\/div><h3><strong>Herzschlagfinale in Spelle<\/strong><\/h3>\n<p>Der <strong>SC Spelle-V.<\/strong> musste im letzten Spiel der Saison einen Vier-Tore-Vorsprung herausschie\u00dfen, um den <strong>Hasel\u00fcnner SV<\/strong> noch abzufangen. Das war die Voraussetzung und sorgte Spannung pur am letzten Spieltag.<\/p>\n<p>Die Speller um <strong>Coach Siggi Wolters<\/strong> hatten in den letzten Spielen Punkt um Punkt aufgeholt und wollten unbedingt noch die Meisterschaft erreichen. Der <strong>HSV<\/strong> hingegen wirkte in den letzten Spielen etwas verkrampft und nerv\u00f6s.<\/p>\n<p>So begann das Spiel auch entsprechend. Vor einer gro\u00dfen Zuschauerkulisse, \u00fcber 1000 Zuschauer, begannen die <strong>Speller<\/strong> sehr druckvoll und engagiert. Zu Halbzeit f\u00fchrten die Speller bereits, auch verdient mit 3:0.<\/p>\n<p>In der Halbzeit stellte <strong>Trainer Georg Schultejans<\/strong> die Spieler entsprechend auf die zweite Halbzeit ein, um den Traum von der Meisterschaft wahr werden zu lassen. Wesentlich ruhiger und besonnener spielte der <strong>HSV<\/strong>, lies die <strong>Speller<\/strong> kaum noch zur Entfaltung kommen und kontrollierte das Geschehen. <strong>Spelle<\/strong>, sichtlich vom hohen Tempo und den Temperaturen geschw\u00e4cht, agierte nur noch sporadisch.\u00a0Der\u00a0<strong>HSV<\/strong> konterte fortan gef\u00e4hrlich. In der 83. Minute nutze der <strong>HSV<\/strong>\u00a0einen Konter durch\u00a0Manfred Poppe mit dem erl\u00f6senden Tor zum 3:1 \u00a0und entfachte eine riesen Freude bei den mitgereisten <strong>HSV-Anh\u00e4nger<\/strong> (10 Busse).<\/p>\n<p>Mit dem Schlusspfiff war dann kein Halten mehr\u2026 nur noch riesen Freude und Jubel.<\/p>\n<p>Im Anschluss fand die Meisterschaftsfeier mit den tollen Fans in der Hasel\u00fcnner Stadthalle statt. Die Mannschaft selber feierte im Anschluss noch bis in den fr\u00fchen Morgenstunden weiter\u2026<\/p>\n<p><img decoding=\"async\" src=\"https:\/\/i0.wp.com\/www.emslandkicker.de\/wp-content\/uploads\/nostalgie\/1985-86\/hsv-meister85-86.jpg?w=610\" alt=\"Hasel\u00fcnner SV Meister 85-86\" data-recalc-dims=\"1\" \/><br \/>\nHoch her ging es in der Kabine beim neuen Bezirksligameister Hasel\u00fcnner SV.Da erst war die letzte Anspannung des knappen Meisterrennens in Spelle gewichen. Sektflaschen und die meistertroph\u00e4e machten abwechselnd die Runde&#8230;<br \/>\nFoto: Hermann Gerdes<\/p>\n<p><strong>Auf dem Bild von oben links<\/strong>: Mannfred Poppen, Martin Freese, Trainer Georg Schultejans, Leo H\u00f6cker, Georg Schulte, Peter T\u00f6ller, Uwe Br\u00fcggen, Heinz Brinker, Johannes Lampen, Bernd Bruns Hubert Rammler.<\/p>\n<p><strong>Knieend von links<\/strong>: Frank Langen Hermann-Josef Steinkamp, Ludger Buitmann, Dieter Ostermann, Ernst-August Milzarek und Obmann G\u00fcnter Strotmann.<\/p>\n<div class=\"sharedaddy sd-sharing-enabled\"><div class=\"robots-nocontent sd-block sd-social sd-social-official sd-sharing\"><h3 class=\"sd-title\">Teilen mit:<\/h3><div class=\"sd-content\"><ul><li class=\"share-facebook\"><div class=\"fb-share-button\" data-href=\"http:\/\/www.emslandkicker.de\/?page_id=650\" data-layout=\"button_count\"><\/div><\/li><li class=\"share-twitter\"><a href=\"https:\/\/twitter.com\/share\" class=\"twitter-share-button\" data-url=\"http:\/\/www.emslandkicker.de\/?page_id=650\" data-text=\"Ungeheure Spannung am letzten Spieltag\" data-via=\"Emslandkicker\" >Tweet<\/a><\/li><li class=\"share-email\"><a rel=\"nofollow noopener noreferrer\" data-shared=\"\" class=\"share-email sd-button\" href=\"mailto:?subject=%5BGeteilter%20Beitrag%5D%20Ungeheure%20Spannung%20am%20letzten%20Spieltag&body=http%3A%2F%2Fwww.emslandkicker.de%2F%3Fpage_id%3D650&share=email\" target=\"_blank\" title=\"Click to email a link to a friend\" data-email-share-error-title=\"Do you have email set up?\" data-email-share-error-text=\"If you&#039;re having problems sharing via email, you might not have email set up for your browser. You may need to create a new email yourself.\" data-email-share-nonce=\"1274bd1162\" data-email-share-track-url=\"http:\/\/www.emslandkicker.de\/?page_id=650&amp;share=email\"><span>E-Mail<\/span><\/a><\/li><li class=\"share-print\"><a rel=\"nofollow noopener noreferrer\" data-shared=\"\" class=\"share-print sd-button\" href=\"http:\/\/www.emslandkicker.de\/?page_id=650\" target=\"_blank\" title=\"Klicken zum Ausdrucken\" ><span>Drucken<\/span><\/a><\/li><li class=\"share-end\"><\/li><\/ul><\/div><\/div><\/div>","protected":false},"excerpt":{"rendered":"<p>Herzschlagfinale in Spelle Der SC Spelle-V. musste im letzten Spiel der Saison einen Vier-Tore-Vorsprung herausschie\u00dfen, um den Hasel\u00fcnner SV noch abzufangen. Das war die Voraussetzung und sorgte Spannung pur am letzten Spieltag. Die Speller um Coach Siggi Wolters hatten in den letzten Spielen Punkt um Punkt aufgeholt und wollten unbedingt noch die Meisterschaft erreichen. Der [&hellip;]<\/p>\n<div class=\"sharedaddy sd-sharing-enabled\"><div class=\"robots-nocontent sd-block sd-social sd-social-official sd-sharing\"><h3 class=\"sd-title\">Teilen mit:<\/h3><div class=\"sd-content\"><ul><li class=\"share-facebook\"><div class=\"fb-share-button\" data-href=\"http:\/\/www.emslandkicker.de\/?page_id=650\" data-layout=\"button_count\"><\/div><\/li><li class=\"share-twitter\"><a href=\"https:\/\/twitter.com\/share\" class=\"twitter-share-button\" data-url=\"http:\/\/www.emslandkicker.de\/?page_id=650\" data-text=\"Ungeheure Spannung am letzten Spieltag\" data-via=\"Emslandkicker\" >Tweet<\/a><\/li><li class=\"share-email\"><a rel=\"nofollow noopener noreferrer\" data-shared=\"\" class=\"share-email sd-button\" href=\"mailto:?subject=%5BGeteilter%20Beitrag%5D%20Ungeheure%20Spannung%20am%20letzten%20Spieltag&body=http%3A%2F%2Fwww.emslandkicker.de%2F%3Fpage_id%3D650&share=email\" target=\"_blank\" title=\"Click to email a link to a friend\" data-email-share-error-title=\"Do you have email set up?\" data-email-share-error-text=\"If you&#039;re having problems sharing via email, you might not have email set up for your browser. You may need to create a new email yourself.\" data-email-share-nonce=\"1274bd1162\" data-email-share-track-url=\"http:\/\/www.emslandkicker.de\/?page_id=650&amp;share=email\"><span>E-Mail<\/span><\/a><\/li><li class=\"share-print\"><a rel=\"nofollow noopener noreferrer\" data-shared=\"\" class=\"share-print sd-button\" href=\"http:\/\/www.emslandkicker.de\/?page_id=650\" target=\"_blank\" title=\"Klicken zum Ausdrucken\" ><span>Drucken<\/span><\/a><\/li><li class=\"share-end\"><\/li><\/ul><\/div><\/div><\/div>","protected":false},"author":1,"featured_media":203,"parent":639,"menu_order":0,"comment_status":"open","ping_status":"open","template":"","meta":{"footnotes":""},"class_list":["post-650","page","type-page","status-publish","has-post-thumbnail","hentry"],"jetpack_sharing_enabled":true,"jetpack_shortlink":"https:\/\/wp.me\/P5etIj-au","jetpack-related-posts":[{"id":1157,"url":"http:\/\/www.emslandkicker.de\/?page_id=1157","url_meta":{"origin":650,"position":0},"title":"SCSV","date":"11. August 2015","format":false,"excerpt":"","rel":"","context":"Similar post","img":{"alt_text":"","src":"","width":0,"height":0},"classes":[]},{"id":1165,"url":"http:\/\/www.emslandkicker.de\/?page_id=1165","url_meta":{"origin":650,"position":1},"title":"SV Holthausen-Biene","date":"11. August 2015","format":false,"excerpt":"","rel":"","context":"Similar post","img":{"alt_text":"","src":"","width":0,"height":0},"classes":[]},{"id":693,"url":"http:\/\/www.emslandkicker.de\/?page_id=693","url_meta":{"origin":650,"position":2},"title":"Zuschauer Oberliga 1986-87","date":"14. November 2014","format":false,"excerpt":"Zuschauerzahlen Verein Heim D.-Schnitt SV Meppen 42000 2625 VfB Oldenburg 34550 2159 1. SC G\u00f6ttingen 05 22137 1384 SV Arminia Hannover 17975 1123 VfL Wolfsburg 15059 941 Wolfenb\u00fctteler SV 14594 912 Holstein Kiel 14082 880 SpVgg G\u00f6ttingen 13267 829 TSV Havelse 12560 785 L\u00fcneburger SK 12422 776 SV Atlas Delmenhorst\u2026","rel":"","context":"Similar post","img":{"alt_text":"","src":"","width":0,"height":0},"classes":[]},{"id":168,"url":"http:\/\/www.emslandkicker.de\/?page_id=168","url_meta":{"origin":650,"position":3},"title":"Vorschau-Spiele","date":"20. Oktober 2014","format":false,"excerpt":"","rel":"","context":"Similar post","img":{"alt_text":"EK-Spielvorschau","src":"https:\/\/i0.wp.com\/www.emslandkicker.de\/wp-content\/uploads\/2014\/10\/spielvorschau-emsland-glas2-2-600.png?fit=600%2C209&resize=350%2C200","width":350,"height":200},"classes":[]},{"id":1142,"url":"http:\/\/www.emslandkicker.de\/?page_id=1142","url_meta":{"origin":650,"position":4},"title":"Spielplan EL-Teams","date":"8. August 2015","format":false,"excerpt":"","rel":"","context":"Similar post","img":{"alt_text":"","src":"","width":0,"height":0},"classes":[]},{"id":46,"url":"http:\/\/www.emslandkicker.de\/?page_id=46","url_meta":{"origin":650,"position":5},"title":"Vorschau-Profi","date":"16. Oktober 2014","format":false,"excerpt":"","rel":"","context":"Similar post","img":{"alt_text":"","src":"","width":0,"height":0},"classes":[]}],"jetpack_likes_enabled":true,"_links":{"self":[{"href":"http:\/\/www.emslandkicker.de\/index.php?rest_route=\/wp\/v2\/pages\/650","targetHints":{"allow":["GET"]}}],"collection":[{"href":"http:\/\/www.emslandkicker.de\/index.php?rest_route=\/wp\/v2\/pages"}],"about":[{"href":"http:\/\/www.emslandkicker.de\/index.php?rest_route=\/wp\/v2\/types\/page"}],"author":[{"embeddable":true,"href":"http:\/\/www.emslandkicker.de\/index.php?rest_route=\/wp\/v2\/users\/1"}],"replies":[{"embeddable":true,"href":"http:\/\/www.emslandkicker.de\/index.php?rest_route=%2Fwp%2Fv2%2Fcomments&post=650"}],"version-history":[{"count":1,"href":"http:\/\/www.emslandkicker.de\/index.php?rest_route=\/wp\/v2\/pages\/650\/revisions"}],"predecessor-version":[{"id":1828,"href":"http:\/\/www.emslandkicker.de\/index.php?rest_route=\/wp\/v2\/pages\/650\/revisions\/1828"}],"up":[{"embeddable":true,"href":"http:\/\/www.emslandkicker.de\/index.php?rest_route=\/wp\/v2\/pages\/639"}],"wp:featuredmedia":[{"embeddable":true,"href":"http:\/\/www.emslandkicker.de\/index.php?rest_route=\/wp\/v2\/media\/203"}],"wp:attachment":[{"href":"http:\/\/www.emslandkicker.de\/index.php?rest_route=%2Fwp%2Fv2%2Fmedia&parent=650"}],"curies":[{"name":"wp","href":"https:\/\/api.w.org\/{rel}","templated":true}]}}