{"id":655,"date":"2014-11-13T21:25:04","date_gmt":"2014-11-13T19:25:04","guid":{"rendered":"http:\/\/www.emslandkicker.de\/?page_id=655"},"modified":"2014-11-14T15:13:11","modified_gmt":"2014-11-14T13:13:11","slug":"sv-meppen-schnupperte-bundesligaluft","status":"publish","type":"page","link":"http:\/\/www.emslandkicker.de\/?page_id=655","title":{"rendered":"SV Meppen schnupperte Bundesligaluft"},"content":{"rendered":"<div class=\"pdfprnt-buttons pdfprnt-buttons-page pdfprnt-top-right\"><a href=\"http:\/\/www.emslandkicker.de\/index.php?rest_route=%2Fwp%2Fv2%2Fpages%2F655&print=pdf\" class=\"pdfprnt-button pdfprnt-button-pdf\" target=\"_blank\"><img decoding=\"async\" src=\"https:\/\/i0.wp.com\/www.emslandkicker.de\/wp-content\/plugins\/pdf-print\/images\/pdf.png?w=610\" alt=\"image_pdf\" title=\"View PDF\" data-recalc-dims=\"1\" \/><\/a><a href=\"http:\/\/www.emslandkicker.de\/index.php?rest_route=%2Fwp%2Fv2%2Fpages%2F655&print=print\" class=\"pdfprnt-button pdfprnt-button-print\" target=\"_blank\"><img decoding=\"async\" src=\"https:\/\/i0.wp.com\/www.emslandkicker.de\/wp-content\/plugins\/pdf-print\/images\/print.png?w=610\" alt=\"image_print\" title=\"Print Content\" data-recalc-dims=\"1\" \/><\/a><\/div><p><img decoding=\"async\" src=\"https:\/\/i0.wp.com\/www.emslandkicker.de\/wp-content\/uploads\/nostalgie\/1986-87\/svm-1986-87-derters.jpg?w=610\" alt=\"SV Meppen - BvB Dortmund\" data-recalc-dims=\"1\" \/><br \/>\n<strong>Bundesligaluft<\/strong> schnuppert der <strong>SV Meppen<\/strong> in D\u00f6rpen, wo die Emsl\u00e4nder den <strong>Dortmunder Borussen<\/strong> ein 1: 1 abtrotzen. Unser Foto zeigt die beiden Mannschaftskapit\u00e4ne Bernd Deters (links) und Dirk Hupe beim freundschaftlichen Shakehands vor Beginn der spannenden Partie. Rund 1850 Zuschauer erlebten einen klug aufspielenden <strong>SV Meppen<\/strong>, der sich sich mit seinen geschickten Kontern das Unentschieden redlich verdiente. In der zweiten H\u00e4lfte verf\u00fcgte der Oberligst gar \u00fcber die klareren Torchancen, ohne sie allerdings auszunutzen. Niemand will allerdings das remis in der Vorbereitungsphase \u00fcberbewerten, aber immerhin&#8230;<\/p>\n<p>Quelle: Verlagsbeilage Meppener Tagespost<\/p>\n<div class=\"sharedaddy sd-sharing-enabled\"><div class=\"robots-nocontent sd-block sd-social sd-social-official sd-sharing\"><h3 class=\"sd-title\">Teilen mit:<\/h3><div class=\"sd-content\"><ul><li class=\"share-facebook\"><div class=\"fb-share-button\" data-href=\"http:\/\/www.emslandkicker.de\/?page_id=655\" data-layout=\"button_count\"><\/div><\/li><li class=\"share-twitter\"><a href=\"https:\/\/twitter.com\/share\" class=\"twitter-share-button\" data-url=\"http:\/\/www.emslandkicker.de\/?page_id=655\" data-text=\"SV Meppen schnupperte Bundesligaluft\" data-via=\"Emslandkicker\" >Tweet<\/a><\/li><li class=\"share-email\"><a rel=\"nofollow noopener noreferrer\" data-shared=\"\" class=\"share-email sd-button\" href=\"mailto:?subject=%5BGeteilter%20Beitrag%5D%20SV%20Meppen%20schnupperte%20Bundesligaluft&body=http%3A%2F%2Fwww.emslandkicker.de%2F%3Fpage_id%3D655&share=email\" target=\"_blank\" title=\"Click to email a link to a friend\" data-email-share-error-title=\"Do you have email set up?\" data-email-share-error-text=\"If you&#039;re having problems sharing via email, you might not have email set up for your browser. You may need to create a new email yourself.\" data-email-share-nonce=\"432adb18f6\" data-email-share-track-url=\"http:\/\/www.emslandkicker.de\/?page_id=655&amp;share=email\"><span>E-Mail<\/span><\/a><\/li><li class=\"share-print\"><a rel=\"nofollow noopener noreferrer\" data-shared=\"\" class=\"share-print sd-button\" href=\"http:\/\/www.emslandkicker.de\/?page_id=655\" target=\"_blank\" title=\"Klicken zum Ausdrucken\" ><span>Drucken<\/span><\/a><\/li><li class=\"share-end\"><\/li><\/ul><\/div><\/div><\/div>","protected":false},"excerpt":{"rendered":"<p>Bundesligaluft schnuppert der SV Meppen in D\u00f6rpen, wo die Emsl\u00e4nder den Dortmunder Borussen ein 1: 1 abtrotzen. Unser Foto zeigt die beiden Mannschaftskapit\u00e4ne Bernd Deters (links) und Dirk Hupe beim freundschaftlichen Shakehands vor Beginn der spannenden Partie. Rund 1850 Zuschauer erlebten einen klug aufspielenden SV Meppen, der sich sich mit seinen geschickten Kontern das Unentschieden [&hellip;]<\/p>\n<div class=\"sharedaddy sd-sharing-enabled\"><div class=\"robots-nocontent sd-block sd-social sd-social-official sd-sharing\"><h3 class=\"sd-title\">Teilen mit:<\/h3><div class=\"sd-content\"><ul><li class=\"share-facebook\"><div class=\"fb-share-button\" data-href=\"http:\/\/www.emslandkicker.de\/?page_id=655\" data-layout=\"button_count\"><\/div><\/li><li class=\"share-twitter\"><a href=\"https:\/\/twitter.com\/share\" class=\"twitter-share-button\" data-url=\"http:\/\/www.emslandkicker.de\/?page_id=655\" data-text=\"SV Meppen schnupperte Bundesligaluft\" data-via=\"Emslandkicker\" >Tweet<\/a><\/li><li class=\"share-email\"><a rel=\"nofollow noopener noreferrer\" data-shared=\"\" class=\"share-email sd-button\" href=\"mailto:?subject=%5BGeteilter%20Beitrag%5D%20SV%20Meppen%20schnupperte%20Bundesligaluft&body=http%3A%2F%2Fwww.emslandkicker.de%2F%3Fpage_id%3D655&share=email\" target=\"_blank\" title=\"Click to email a link to a friend\" data-email-share-error-title=\"Do you have email set up?\" data-email-share-error-text=\"If you&#039;re having problems sharing via email, you might not have email set up for your browser. You may need to create a new email yourself.\" data-email-share-nonce=\"432adb18f6\" data-email-share-track-url=\"http:\/\/www.emslandkicker.de\/?page_id=655&amp;share=email\"><span>E-Mail<\/span><\/a><\/li><li class=\"share-print\"><a rel=\"nofollow noopener noreferrer\" data-shared=\"\" class=\"share-print sd-button\" href=\"http:\/\/www.emslandkicker.de\/?page_id=655\" target=\"_blank\" title=\"Klicken zum Ausdrucken\" ><span>Drucken<\/span><\/a><\/li><li class=\"share-end\"><\/li><\/ul><\/div><\/div><\/div>","protected":false},"author":1,"featured_media":203,"parent":621,"menu_order":25,"comment_status":"open","ping_status":"open","template":"","meta":{"footnotes":""},"class_list":["post-655","page","type-page","status-publish","has-post-thumbnail","hentry"],"jetpack_sharing_enabled":true,"jetpack_shortlink":"https:\/\/wp.me\/P5etIj-az","jetpack-related-posts":[{"id":251,"url":"http:\/\/www.emslandkicker.de\/?page_id=251","url_meta":{"origin":655,"position":0},"title":"SV Meppen","date":"23. Oktober 2014","format":false,"excerpt":"","rel":"","context":"Similar post","img":{"alt_text":"","src":"","width":0,"height":0},"classes":[]},{"id":663,"url":"http:\/\/www.emslandkicker.de\/?page_id=663","url_meta":{"origin":655,"position":1},"title":"Aufstiegsrunde zur 2. Bundesliga","date":"13. November 2014","format":false,"excerpt":"Aufstiegsrunde zur 2. Bundesliga Gruppe Nord Spielpaarungen Hin R\u00fcck SV Arminia Hannover \u2013 SV Meppen 2 : 2 0 : 0 SpVgg Erkenschwick \u2013 BVL 08 Remscheid 0 : 0 0 : 0 Hertha BSC \u2013 SpVgg Erkenschwick 0 : 0 1 : 2 BVL 08 Remscheid \u2013 SV Arminia\u2026","rel":"","context":"Similar post","img":{"alt_text":"","src":"","width":0,"height":0},"classes":[]},{"id":536,"url":"http:\/\/www.emslandkicker.de\/?page_id=536","url_meta":{"origin":655,"position":2},"title":"SV Meppen &#8211; Ligachronik","date":"10. November 2014","format":false,"excerpt":"Verein Saison Liga Platz Tab. SV Meppen 1947-48 Verbandsliga Weser-Ems 10. SV Meppen 1948-49 Verbandsliga Weser-Ems 12. SV Meppen 1949-50 Amateurliga 2 6. SV Meppen 1950-51 Amateurliga 2 4. SV Meppen 1951-52 Amateurliga 2 West 8. SV Meppen 1952-53 Amateurliga 2 9. SV Meppen 1953-54 Amateurliga 2 14. SV Meppen\u2026","rel":"","context":"Similar post","img":{"alt_text":"","src":"","width":0,"height":0},"classes":[]},{"id":659,"url":"http:\/\/www.emslandkicker.de\/?page_id=659","url_meta":{"origin":655,"position":3},"title":"SV trotzte Borussia Dortmund ein 1:1 ab","date":"13. November 2014","format":false,"excerpt":"R\u00fcckhalt in der Meppener Abwehr: Eckhard Vorhold (l.), Hermann R\u00fclander (m.) und Hermann Eiting (r.) wollen in der neuen Saison Gegentore verhindern. Der 18j\u00e4hrige Vorhold hat sich inzwischen zum Stammspieler gemausert und spielt eine wichtige Rolle beim SV. R\u00fclander befindet sich auch in guter Verfassung. So oft wie im Vorjahr\u2026","rel":"","context":"Similar post","img":{"alt_text":"","src":"","width":0,"height":0},"classes":[]},{"id":493,"url":"http:\/\/www.emslandkicker.de\/?page_id=493","url_meta":{"origin":655,"position":4},"title":"Kreisliga 1990-91","date":"10. November 2014","format":false,"excerpt":"Union Meppen am Ziel SV Holte wieder nur Zweiter - Nach dem 1:0-Erfolg in Erika-Altenberge Nach zweij\u00e4hriger Kreisligazugeh\u00f6rigkeit hat es Union Meppen geschafft. Durch verdienten 1:0-Ausw\u00e4rtserfolg beim SV Erika-Altenberge sicherte sich das Polke-Team die Meisterschaft und den Aufstieg in die Bezirksklasse V. Trotz des 5:2-Erfolges in Hesepe mu\u00dfte sich Verfolger\u2026","rel":"","context":"Similar post","img":{"alt_text":"","src":"","width":0,"height":0},"classes":[]},{"id":693,"url":"http:\/\/www.emslandkicker.de\/?page_id=693","url_meta":{"origin":655,"position":5},"title":"Zuschauer Oberliga 1986-87","date":"14. November 2014","format":false,"excerpt":"Zuschauerzahlen Verein Heim D.-Schnitt SV Meppen 42000 2625 VfB Oldenburg 34550 2159 1. SC G\u00f6ttingen 05 22137 1384 SV Arminia Hannover 17975 1123 VfL Wolfsburg 15059 941 Wolfenb\u00fctteler SV 14594 912 Holstein Kiel 14082 880 SpVgg G\u00f6ttingen 13267 829 TSV Havelse 12560 785 L\u00fcneburger SK 12422 776 SV Atlas Delmenhorst\u2026","rel":"","context":"Similar post","img":{"alt_text":"","src":"","width":0,"height":0},"classes":[]}],"jetpack_likes_enabled":true,"_links":{"self":[{"href":"http:\/\/www.emslandkicker.de\/index.php?rest_route=\/wp\/v2\/pages\/655","targetHints":{"allow":["GET"]}}],"collection":[{"href":"http:\/\/www.emslandkicker.de\/index.php?rest_route=\/wp\/v2\/pages"}],"about":[{"href":"http:\/\/www.emslandkicker.de\/index.php?rest_route=\/wp\/v2\/types\/page"}],"author":[{"embeddable":true,"href":"http:\/\/www.emslandkicker.de\/index.php?rest_route=\/wp\/v2\/users\/1"}],"replies":[{"embeddable":true,"href":"http:\/\/www.emslandkicker.de\/index.php?rest_route=%2Fwp%2Fv2%2Fcomments&post=655"}],"version-history":[{"count":0,"href":"http:\/\/www.emslandkicker.de\/index.php?rest_route=\/wp\/v2\/pages\/655\/revisions"}],"up":[{"embeddable":true,"href":"http:\/\/www.emslandkicker.de\/index.php?rest_route=\/wp\/v2\/pages\/621"}],"wp:featuredmedia":[{"embeddable":true,"href":"http:\/\/www.emslandkicker.de\/index.php?rest_route=\/wp\/v2\/media\/203"}],"wp:attachment":[{"href":"http:\/\/www.emslandkicker.de\/index.php?rest_route=%2Fwp%2Fv2%2Fmedia&parent=655"}],"curies":[{"name":"wp","href":"https:\/\/api.w.org\/{rel}","templated":true}]}}