{"id":663,"date":"2014-11-13T21:58:43","date_gmt":"2014-11-13T19:58:43","guid":{"rendered":"http:\/\/www.emslandkicker.de\/?page_id=663"},"modified":"2014-11-14T15:13:05","modified_gmt":"2014-11-14T13:13:05","slug":"aufstiegsrunde-zur-2-bundesliga","status":"publish","type":"page","link":"http:\/\/www.emslandkicker.de\/?page_id=663","title":{"rendered":"Aufstiegsrunde zur 2. Bundesliga"},"content":{"rendered":"<div class=\"pdfprnt-buttons pdfprnt-buttons-page pdfprnt-top-right\"><a href=\"http:\/\/www.emslandkicker.de\/index.php?rest_route=%2Fwp%2Fv2%2Fpages%2F663&print=pdf\" class=\"pdfprnt-button pdfprnt-button-pdf\" target=\"_blank\"><img decoding=\"async\" src=\"https:\/\/i0.wp.com\/www.emslandkicker.de\/wp-content\/plugins\/pdf-print\/images\/pdf.png?w=610\" alt=\"image_pdf\" title=\"View PDF\" data-recalc-dims=\"1\" \/><\/a><a href=\"http:\/\/www.emslandkicker.de\/index.php?rest_route=%2Fwp%2Fv2%2Fpages%2F663&print=print\" class=\"pdfprnt-button pdfprnt-button-print\" target=\"_blank\"><img decoding=\"async\" src=\"https:\/\/i0.wp.com\/www.emslandkicker.de\/wp-content\/plugins\/pdf-print\/images\/print.png?w=610\" alt=\"image_print\" title=\"Print Content\" data-recalc-dims=\"1\" \/><\/a><\/div><table cellspacing=\"5\" cellpadding=\"0\">\n<tbody>\n<tr>\n<td colspan=\"10\"><strong>Aufstiegsrunde zur 2. Bundesliga<\/strong><\/td>\n<\/tr>\n<tr>\n<td><\/td>\n<td><\/td>\n<td><\/td>\n<td><\/td>\n<td><\/td>\n<td><\/td>\n<td><\/td>\n<td><\/td>\n<td><\/td>\n<td><\/td>\n<\/tr>\n<tr>\n<td><strong>Gruppe Nord<\/strong><\/td>\n<td><\/td>\n<td><\/td>\n<td><\/td>\n<td><\/td>\n<td><\/td>\n<td><\/td>\n<td><\/td>\n<td><\/td>\n<td><\/td>\n<\/tr>\n<tr>\n<td bgcolor=\"#CCCCCC\"><strong>Spielpaarungen<\/strong><\/td>\n<td bgcolor=\"#CCCCCC\"><\/td>\n<td bgcolor=\"#CCCCCC\"><\/td>\n<td colspan=\"3\" bgcolor=\"#CCCCCC\"><strong>Hin<\/strong><\/td>\n<td colspan=\"3\" bgcolor=\"#CCCCCC\"><strong>R\u00fcck<\/strong><\/td>\n<td><\/td>\n<\/tr>\n<tr>\n<td>SV Arminia Hannover<\/td>\n<td>\u2013<\/td>\n<td>SV Meppen<\/td>\n<td align=\"right\">2<\/td>\n<td>:<\/td>\n<td align=\"right\">2<\/td>\n<td align=\"right\">0<\/td>\n<td>:<\/td>\n<td align=\"right\">0<\/td>\n<td><\/td>\n<\/tr>\n<tr>\n<td>SpVgg Erkenschwick<\/td>\n<td>\u2013<\/td>\n<td>BVL 08 Remscheid<\/td>\n<td align=\"right\">0<\/td>\n<td>:<\/td>\n<td align=\"right\">0<\/td>\n<td align=\"right\">0<\/td>\n<td>:<\/td>\n<td align=\"right\">0<\/td>\n<td><\/td>\n<\/tr>\n<tr>\n<td>Hertha BSC<\/td>\n<td>\u2013<\/td>\n<td>SpVgg Erkenschwick<\/td>\n<td align=\"right\">0<\/td>\n<td>:<\/td>\n<td align=\"right\">0<\/td>\n<td align=\"right\">1<\/td>\n<td>:<\/td>\n<td align=\"right\">2<\/td>\n<td><\/td>\n<\/tr>\n<tr>\n<td>BVL 08 Remscheid<\/td>\n<td>\u2013<\/td>\n<td>SV Arminia Hannover<\/td>\n<td align=\"right\">2<\/td>\n<td>:<\/td>\n<td align=\"right\">0<\/td>\n<td align=\"right\">4<\/td>\n<td>:<\/td>\n<td align=\"right\">1<\/td>\n<td><\/td>\n<\/tr>\n<tr>\n<td>SV Arminia Hannover<\/td>\n<td>\u2013<\/td>\n<td>Hertha BSC<\/td>\n<td align=\"right\">0<\/td>\n<td>:<\/td>\n<td align=\"right\">1<\/td>\n<td align=\"right\">1<\/td>\n<td>:<\/td>\n<td align=\"right\">3<\/td>\n<td><\/td>\n<\/tr>\n<tr>\n<td>SV Meppen<\/td>\n<td>\u2013<\/td>\n<td>BVL 08 Remscheid<\/td>\n<td align=\"right\">1<\/td>\n<td>:<\/td>\n<td align=\"right\">1<\/td>\n<td align=\"right\">0<\/td>\n<td>:<\/td>\n<td align=\"right\">0<\/td>\n<td><\/td>\n<\/tr>\n<tr>\n<td>Hertha BSC<\/td>\n<td>\u2013<\/td>\n<td>SV Meppen<\/td>\n<td align=\"right\">2<\/td>\n<td>:<\/td>\n<td align=\"right\">2<\/td>\n<td align=\"right\">1<\/td>\n<td>:<\/td>\n<td align=\"right\">1<\/td>\n<td><\/td>\n<\/tr>\n<tr>\n<td>SpVgg Erkenschwick<\/td>\n<td>\u2013<\/td>\n<td>SV Arminia Hannover<\/td>\n<td align=\"right\">0<\/td>\n<td>:<\/td>\n<td align=\"right\">3<\/td>\n<td align=\"right\">2<\/td>\n<td>:<\/td>\n<td align=\"right\">2<\/td>\n<td><\/td>\n<\/tr>\n<tr>\n<td>BVL 08 Remscheid<\/td>\n<td>\u2013<\/td>\n<td>Hertha BSC<\/td>\n<td align=\"right\">1<\/td>\n<td>:<\/td>\n<td align=\"right\">2<\/td>\n<td align=\"right\">3<\/td>\n<td>:<\/td>\n<td align=\"right\">1<\/td>\n<td><\/td>\n<\/tr>\n<tr>\n<td>SV Meppen<\/td>\n<td>\u2013<\/td>\n<td>SpVgg Erkenschwick<\/td>\n<td align=\"right\">2<\/td>\n<td>:<\/td>\n<td align=\"right\">1<\/td>\n<td align=\"right\">4<\/td>\n<td>:<\/td>\n<td align=\"right\">2<\/td>\n<td><\/td>\n<\/tr>\n<\/tbody>\n<\/table>\n<table cellspacing=\"5\" cellpadding=\"0\">\n<tbody>\n<tr>\n<td colspan=\"13\"><strong>Tabelle<\/strong><\/td>\n<\/tr>\n<tr>\n<td bgcolor=\"#CCCCCC\"><strong>Pl.<\/strong><\/td>\n<td bgcolor=\"#CCCCCC\"><strong>Verein<\/strong><\/td>\n<td bgcolor=\"#CCCCCC\"><strong>Sp.<\/strong><\/td>\n<td bgcolor=\"#CCCCCC\"><strong>S<\/strong><\/td>\n<td bgcolor=\"#CCCCCC\"><strong>U<\/strong><\/td>\n<td bgcolor=\"#CCCCCC\"><strong>N<\/strong><\/td>\n<td colspan=\"3\" bgcolor=\"#CCCCCC\"><strong>Tore<\/strong><\/td>\n<td bgcolor=\"#CCCCCC\"><strong>Diff.<\/strong><\/td>\n<td colspan=\"3\" bgcolor=\"#CCCCCC\"><strong>Punkte<\/strong><\/td>\n<\/tr>\n<tr>\n<td bgcolor=\"#99FFCC\">1.<\/td>\n<td bgcolor=\"#99FFCC\">BVL 08 Remscheid<\/td>\n<td align=\"right\" bgcolor=\"#99FFCC\">8<\/td>\n<td align=\"right\" bgcolor=\"#99FFCC\">3<\/td>\n<td align=\"right\" bgcolor=\"#99FFCC\">4<\/td>\n<td align=\"right\" bgcolor=\"#99FFCC\">1<\/td>\n<td bgcolor=\"#99FFCC\">11<\/td>\n<td bgcolor=\"#99FFCC\">:<\/td>\n<td align=\"right\" bgcolor=\"#99FFCC\">5<\/td>\n<td bgcolor=\"#99FFCC\">6<\/td>\n<td align=\"right\" bgcolor=\"#99FFCC\">10<\/td>\n<td bgcolor=\"#99FFCC\">:<\/td>\n<td align=\"right\" bgcolor=\"#99FFCC\">6<\/td>\n<\/tr>\n<tr>\n<td bgcolor=\"#99FFCC\">2.<\/td>\n<td bgcolor=\"#99FFCC\">SV Meppen<\/td>\n<td align=\"right\" bgcolor=\"#99FFCC\">8<\/td>\n<td align=\"right\" bgcolor=\"#99FFCC\">2<\/td>\n<td align=\"right\" bgcolor=\"#99FFCC\">6<\/td>\n<td bgcolor=\"#99FFCC\">&#8211;<\/td>\n<td bgcolor=\"#99FFCC\">13<\/td>\n<td bgcolor=\"#99FFCC\">:<\/td>\n<td align=\"right\" bgcolor=\"#99FFCC\">10<\/td>\n<td bgcolor=\"#99FFCC\">3<\/td>\n<td align=\"right\" bgcolor=\"#99FFCC\">10<\/td>\n<td bgcolor=\"#99FFCC\">:<\/td>\n<td align=\"right\" bgcolor=\"#99FFCC\">6<\/td>\n<\/tr>\n<tr>\n<td>3.<\/td>\n<td>Hertha BSC<\/td>\n<td align=\"right\">8<\/td>\n<td align=\"right\">3<\/td>\n<td align=\"right\">3<\/td>\n<td align=\"right\">2<\/td>\n<td>11<\/td>\n<td>:<\/td>\n<td align=\"right\">10<\/td>\n<td>1<\/td>\n<td align=\"right\">9<\/td>\n<td>:<\/td>\n<td align=\"right\">7<\/td>\n<\/tr>\n<tr>\n<td>4.<\/td>\n<td>SpVgg Erkenschwick<\/td>\n<td align=\"right\">8<\/td>\n<td align=\"right\">1<\/td>\n<td align=\"right\">4<\/td>\n<td align=\"right\">3<\/td>\n<td>7<\/td>\n<td>:<\/td>\n<td align=\"right\">12<\/td>\n<td>\u20135<\/td>\n<td align=\"right\">6<\/td>\n<td>:<\/td>\n<td align=\"right\">10<\/td>\n<\/tr>\n<tr>\n<td>5.<\/td>\n<td>SV Arminia Hannover<\/td>\n<td align=\"right\">8<\/td>\n<td align=\"right\">1<\/td>\n<td align=\"right\">3<\/td>\n<td align=\"right\">4<\/td>\n<td>10<\/td>\n<td>:<\/td>\n<td align=\"right\">15<\/td>\n<td>\u20135<\/td>\n<td align=\"right\">5<\/td>\n<td>:<\/td>\n<td align=\"right\">11<\/td>\n<\/tr>\n<\/tbody>\n<\/table>\n<p>&nbsp;<\/p>\n<div class=\"sharedaddy sd-sharing-enabled\"><div class=\"robots-nocontent sd-block sd-social sd-social-official sd-sharing\"><h3 class=\"sd-title\">Teilen mit:<\/h3><div class=\"sd-content\"><ul><li class=\"share-facebook\"><div class=\"fb-share-button\" data-href=\"http:\/\/www.emslandkicker.de\/?page_id=663\" data-layout=\"button_count\"><\/div><\/li><li class=\"share-twitter\"><a href=\"https:\/\/twitter.com\/share\" class=\"twitter-share-button\" data-url=\"http:\/\/www.emslandkicker.de\/?page_id=663\" data-text=\"Aufstiegsrunde zur 2. Bundesliga\" data-via=\"Emslandkicker\" >Tweet<\/a><\/li><li class=\"share-email\"><a rel=\"nofollow noopener noreferrer\" data-shared=\"\" class=\"share-email sd-button\" href=\"mailto:?subject=%5BGeteilter%20Beitrag%5D%20Aufstiegsrunde%20zur%202.%20Bundesliga&body=http%3A%2F%2Fwww.emslandkicker.de%2F%3Fpage_id%3D663&share=email\" target=\"_blank\" title=\"Click to email a link to a friend\" data-email-share-error-title=\"Do you have email set up?\" data-email-share-error-text=\"If you&#039;re having problems sharing via email, you might not have email set up for your browser. You may need to create a new email yourself.\" data-email-share-nonce=\"fb53d4adb1\" data-email-share-track-url=\"http:\/\/www.emslandkicker.de\/?page_id=663&amp;share=email\"><span>E-Mail<\/span><\/a><\/li><li class=\"share-print\"><a rel=\"nofollow noopener noreferrer\" data-shared=\"\" class=\"share-print sd-button\" href=\"http:\/\/www.emslandkicker.de\/?page_id=663\" target=\"_blank\" title=\"Klicken zum Ausdrucken\" ><span>Drucken<\/span><\/a><\/li><li class=\"share-end\"><\/li><\/ul><\/div><\/div><\/div>","protected":false},"excerpt":{"rendered":"<p>Aufstiegsrunde zur 2. Bundesliga Gruppe Nord Spielpaarungen Hin R\u00fcck SV Arminia Hannover \u2013 SV Meppen 2 : 2 0 : 0 SpVgg Erkenschwick \u2013 BVL 08 Remscheid 0 : 0 0 : 0 Hertha BSC \u2013 SpVgg Erkenschwick 0 : 0 1 : 2 BVL 08 Remscheid \u2013 SV Arminia Hannover 2 : 0 4 [&hellip;]<\/p>\n<div class=\"sharedaddy sd-sharing-enabled\"><div class=\"robots-nocontent sd-block sd-social sd-social-official sd-sharing\"><h3 class=\"sd-title\">Teilen mit:<\/h3><div class=\"sd-content\"><ul><li class=\"share-facebook\"><div class=\"fb-share-button\" data-href=\"http:\/\/www.emslandkicker.de\/?page_id=663\" data-layout=\"button_count\"><\/div><\/li><li class=\"share-twitter\"><a href=\"https:\/\/twitter.com\/share\" class=\"twitter-share-button\" data-url=\"http:\/\/www.emslandkicker.de\/?page_id=663\" data-text=\"Aufstiegsrunde zur 2. Bundesliga\" data-via=\"Emslandkicker\" >Tweet<\/a><\/li><li class=\"share-email\"><a rel=\"nofollow noopener noreferrer\" data-shared=\"\" class=\"share-email sd-button\" href=\"mailto:?subject=%5BGeteilter%20Beitrag%5D%20Aufstiegsrunde%20zur%202.%20Bundesliga&body=http%3A%2F%2Fwww.emslandkicker.de%2F%3Fpage_id%3D663&share=email\" target=\"_blank\" title=\"Click to email a link to a friend\" data-email-share-error-title=\"Do you have email set up?\" data-email-share-error-text=\"If you&#039;re having problems sharing via email, you might not have email set up for your browser. You may need to create a new email yourself.\" data-email-share-nonce=\"fb53d4adb1\" data-email-share-track-url=\"http:\/\/www.emslandkicker.de\/?page_id=663&amp;share=email\"><span>E-Mail<\/span><\/a><\/li><li class=\"share-print\"><a rel=\"nofollow noopener noreferrer\" data-shared=\"\" class=\"share-print sd-button\" href=\"http:\/\/www.emslandkicker.de\/?page_id=663\" target=\"_blank\" title=\"Klicken zum Ausdrucken\" ><span>Drucken<\/span><\/a><\/li><li class=\"share-end\"><\/li><\/ul><\/div><\/div><\/div>","protected":false},"author":1,"featured_media":203,"parent":621,"menu_order":27,"comment_status":"open","ping_status":"open","template":"","meta":{"footnotes":""},"class_list":["post-663","page","type-page","status-publish","has-post-thumbnail","hentry"],"jetpack_sharing_enabled":true,"jetpack_shortlink":"https:\/\/wp.me\/P5etIj-aH","jetpack-related-posts":[{"id":493,"url":"http:\/\/www.emslandkicker.de\/?page_id=493","url_meta":{"origin":663,"position":0},"title":"Kreisliga 1990-91","date":"10. November 2014","format":false,"excerpt":"Union Meppen am Ziel SV Holte wieder nur Zweiter - Nach dem 1:0-Erfolg in Erika-Altenberge Nach zweij\u00e4hriger Kreisligazugeh\u00f6rigkeit hat es Union Meppen geschafft. Durch verdienten 1:0-Ausw\u00e4rtserfolg beim SV Erika-Altenberge sicherte sich das Polke-Team die Meisterschaft und den Aufstieg in die Bezirksklasse V. Trotz des 5:2-Erfolges in Hesepe mu\u00dfte sich Verfolger\u2026","rel":"","context":"Similar post","img":{"alt_text":"","src":"","width":0,"height":0},"classes":[]},{"id":251,"url":"http:\/\/www.emslandkicker.de\/?page_id=251","url_meta":{"origin":663,"position":1},"title":"SV Meppen","date":"23. Oktober 2014","format":false,"excerpt":"","rel":"","context":"Similar post","img":{"alt_text":"","src":"","width":0,"height":0},"classes":[]},{"id":18,"url":"http:\/\/www.emslandkicker.de\/?page_id=18","url_meta":{"origin":663,"position":2},"title":"Tabellen\u00fcbersicht","date":"16. Oktober 2014","format":false,"excerpt":"Bundesliga 2. Liga 3. Liga Regionalliga Oberliga Landesliga Bezirksliga Kreisliga 1. Kreisklasse","rel":"","context":"Similar post","img":{"alt_text":"","src":"","width":0,"height":0},"classes":[]},{"id":76,"url":"http:\/\/www.emslandkicker.de\/?page_id=76","url_meta":{"origin":663,"position":3},"title":"Bundesliga 2015-16","date":"16. Oktober 2014","format":false,"excerpt":"","rel":"","context":"Similar post","img":{"alt_text":"","src":"","width":0,"height":0},"classes":[]},{"id":1564,"url":"http:\/\/www.emslandkicker.de\/?page_id=1564","url_meta":{"origin":663,"position":4},"title":"Bundesliga 2017-18","date":"1. Juli 2016","format":false,"excerpt":"","rel":"","context":"Similar post","img":{"alt_text":"","src":"","width":0,"height":0},"classes":[]},{"id":731,"url":"http:\/\/www.emslandkicker.de\/?page_id=731","url_meta":{"origin":663,"position":5},"title":"Tabelle Kreisliga Mitte 1984-85","date":"22. November 2014","format":false,"excerpt":"Kreisliga Mitte 1984-85 Pl. Teams Sp Tore Diff Pkt. 1. SV Meppen A. 30 77 : 32 45 46 : 14 2. VfL Herzlake 2 30 66 : 38 28 41 : 19 3. SV Holte 30 76 : 42 34 40 : 20 4. SV Teglingen 30 57 :\u2026","rel":"","context":"Similar post","img":{"alt_text":"","src":"","width":0,"height":0},"classes":[]}],"jetpack_likes_enabled":true,"_links":{"self":[{"href":"http:\/\/www.emslandkicker.de\/index.php?rest_route=\/wp\/v2\/pages\/663","targetHints":{"allow":["GET"]}}],"collection":[{"href":"http:\/\/www.emslandkicker.de\/index.php?rest_route=\/wp\/v2\/pages"}],"about":[{"href":"http:\/\/www.emslandkicker.de\/index.php?rest_route=\/wp\/v2\/types\/page"}],"author":[{"embeddable":true,"href":"http:\/\/www.emslandkicker.de\/index.php?rest_route=\/wp\/v2\/users\/1"}],"replies":[{"embeddable":true,"href":"http:\/\/www.emslandkicker.de\/index.php?rest_route=%2Fwp%2Fv2%2Fcomments&post=663"}],"version-history":[{"count":0,"href":"http:\/\/www.emslandkicker.de\/index.php?rest_route=\/wp\/v2\/pages\/663\/revisions"}],"up":[{"embeddable":true,"href":"http:\/\/www.emslandkicker.de\/index.php?rest_route=\/wp\/v2\/pages\/621"}],"wp:featuredmedia":[{"embeddable":true,"href":"http:\/\/www.emslandkicker.de\/index.php?rest_route=\/wp\/v2\/media\/203"}],"wp:attachment":[{"href":"http:\/\/www.emslandkicker.de\/index.php?rest_route=%2Fwp%2Fv2%2Fmedia&parent=663"}],"curies":[{"name":"wp","href":"https:\/\/api.w.org\/{rel}","templated":true}]}}