{"id":675,"date":"2014-11-14T13:55:52","date_gmt":"2014-11-14T11:55:52","guid":{"rendered":"http:\/\/www.emslandkicker.de\/?page_id=675"},"modified":"2014-11-14T14:10:07","modified_gmt":"2014-11-14T12:10:07","slug":"tabelle-kreisliga-meppen-1977-78","status":"publish","type":"page","link":"http:\/\/www.emslandkicker.de\/?page_id=675","title":{"rendered":"Tabelle Kreisliga Meppen 1977-78"},"content":{"rendered":"<div class=\"pdfprnt-buttons pdfprnt-buttons-page pdfprnt-top-right\"><a href=\"http:\/\/www.emslandkicker.de\/index.php?rest_route=%2Fwp%2Fv2%2Fpages%2F675&print=pdf\" class=\"pdfprnt-button pdfprnt-button-pdf\" target=\"_blank\"><img decoding=\"async\" src=\"https:\/\/i0.wp.com\/www.emslandkicker.de\/wp-content\/plugins\/pdf-print\/images\/pdf.png?w=610\" alt=\"image_pdf\" title=\"View PDF\" data-recalc-dims=\"1\" \/><\/a><a href=\"http:\/\/www.emslandkicker.de\/index.php?rest_route=%2Fwp%2Fv2%2Fpages%2F675&print=print\" class=\"pdfprnt-button pdfprnt-button-print\" target=\"_blank\"><img decoding=\"async\" src=\"https:\/\/i0.wp.com\/www.emslandkicker.de\/wp-content\/plugins\/pdf-print\/images\/print.png?w=610\" alt=\"image_print\" title=\"Print Content\" data-recalc-dims=\"1\" \/><\/a><\/div><table width=\"100%\" cellspacing=\"5\" cellpadding=\"0\">\n<tbody>\n<tr>\n<td colspan=\"13\"><strong>Kreisliga Meppen 1977-78<\/strong><\/td>\n<\/tr>\n<tr>\n<td bgcolor=\"#CCCCCC\"><strong>Pl.<\/strong><\/td>\n<td bgcolor=\"#CCCCCC\"><strong>Verein<\/strong><\/td>\n<td bgcolor=\"#CCCCCC\"><strong>Sp<\/strong><\/td>\n<td bgcolor=\"#CCCCCC\"><strong>S<\/strong><\/td>\n<td bgcolor=\"#CCCCCC\"><strong>U<\/strong><\/td>\n<td bgcolor=\"#CCCCCC\"><strong>N<\/strong><\/td>\n<td colspan=\"3\" bgcolor=\"#CCCCCC\"><strong>Tore<\/strong><\/td>\n<td bgcolor=\"#CCCCCC\"><strong>Diff<\/strong><\/td>\n<td colspan=\"3\" bgcolor=\"#CCCCCC\"><strong>Pkt.<\/strong><\/td>\n<\/tr>\n<tr>\n<td>1.<\/td>\n<td>SV Dalum<\/td>\n<td>30<\/td>\n<td>17<\/td>\n<td>9<\/td>\n<td>3<\/td>\n<td>63<\/td>\n<td>:<\/td>\n<td>32<\/td>\n<td align=\"right\">31<\/td>\n<td>44<\/td>\n<td>:<\/td>\n<td align=\"right\">16<\/td>\n<\/tr>\n<tr>\n<td>2.<\/td>\n<td>SV Holte<\/td>\n<td>30<\/td>\n<td>18<\/td>\n<td>7<\/td>\n<td>5<\/td>\n<td>62<\/td>\n<td>:<\/td>\n<td>27<\/td>\n<td align=\"right\">35<\/td>\n<td>43<\/td>\n<td>:<\/td>\n<td align=\"right\">17<\/td>\n<\/tr>\n<tr>\n<td>3.<\/td>\n<td>VfL Herzlake 2<\/td>\n<td>30<\/td>\n<td>15<\/td>\n<td>9<\/td>\n<td>6<\/td>\n<td>60<\/td>\n<td>:<\/td>\n<td>54<\/td>\n<td align=\"right\">6<\/td>\n<td>36<\/td>\n<td>:<\/td>\n<td align=\"right\">24<\/td>\n<\/tr>\n<tr>\n<td>4.<\/td>\n<td>Germ. Twist<\/td>\n<td>30<\/td>\n<td>14<\/td>\n<td>6<\/td>\n<td>10<\/td>\n<td>67<\/td>\n<td>:<\/td>\n<td>45<\/td>\n<td align=\"right\">22<\/td>\n<td>34<\/td>\n<td>:<\/td>\n<td align=\"right\">26<\/td>\n<\/tr>\n<tr>\n<td>5.<\/td>\n<td>SV Erika-A.<\/td>\n<td>30<\/td>\n<td>15<\/td>\n<td>4<\/td>\n<td>11<\/td>\n<td>61<\/td>\n<td>:<\/td>\n<td>43<\/td>\n<td align=\"right\">18<\/td>\n<td>34<\/td>\n<td>:<\/td>\n<td align=\"right\">26<\/td>\n<\/tr>\n<tr>\n<td>6.<\/td>\n<td>DJK Fehndorf<\/td>\n<td>30<\/td>\n<td>13<\/td>\n<td>8<\/td>\n<td>9<\/td>\n<td>52<\/td>\n<td>:<\/td>\n<td>44<\/td>\n<td align=\"right\">8<\/td>\n<td>34<\/td>\n<td>:<\/td>\n<td align=\"right\">26<\/td>\n<\/tr>\n<tr>\n<td>7.<\/td>\n<td>SV Dohren<\/td>\n<td>30<\/td>\n<td>13<\/td>\n<td>6<\/td>\n<td>11<\/td>\n<td>63<\/td>\n<td>:<\/td>\n<td>42<\/td>\n<td align=\"right\">21<\/td>\n<td>32<\/td>\n<td>:<\/td>\n<td align=\"right\">28<\/td>\n<\/tr>\n<tr>\n<td>8.<\/td>\n<td>Hasel\u00fcnner SV 2<\/td>\n<td>30<\/td>\n<td>13<\/td>\n<td>6<\/td>\n<td>11<\/td>\n<td>54<\/td>\n<td>:<\/td>\n<td>54<\/td>\n<td align=\"right\">0<\/td>\n<td>32<\/td>\n<td>:<\/td>\n<td align=\"right\">28<\/td>\n<\/tr>\n<tr>\n<td>9.<\/td>\n<td>SV Gr. Hesepe<\/td>\n<td>30<\/td>\n<td>13<\/td>\n<td>6<\/td>\n<td>11<\/td>\n<td>50<\/td>\n<td>:<\/td>\n<td>51<\/td>\n<td align=\"right\">-1<\/td>\n<td>32<\/td>\n<td>:<\/td>\n<td align=\"right\">28<\/td>\n<\/tr>\n<tr>\n<td>10.<\/td>\n<td>DJK Geeste<\/td>\n<td>30<\/td>\n<td>14<\/td>\n<td>1<\/td>\n<td>15<\/td>\n<td>53<\/td>\n<td>:<\/td>\n<td>47<\/td>\n<td align=\"right\">6<\/td>\n<td>29<\/td>\n<td>:<\/td>\n<td align=\"right\">31<\/td>\n<\/tr>\n<tr>\n<td>11.<\/td>\n<td>SV Bokeloh<\/td>\n<td>30<\/td>\n<td>13<\/td>\n<td>2<\/td>\n<td>15<\/td>\n<td>58<\/td>\n<td>:<\/td>\n<td>57<\/td>\n<td align=\"right\">1<\/td>\n<td>28<\/td>\n<td>:<\/td>\n<td align=\"right\">32<\/td>\n<\/tr>\n<tr>\n<td>12.<\/td>\n<td>Eintr. Emmeln<\/td>\n<td>30<\/td>\n<td>10<\/td>\n<td>5<\/td>\n<td>15<\/td>\n<td>45<\/td>\n<td>:<\/td>\n<td>58<\/td>\n<td align=\"right\">-13<\/td>\n<td>25<\/td>\n<td>:<\/td>\n<td align=\"right\">35<\/td>\n<\/tr>\n<tr>\n<td>13.<\/td>\n<td>Union Meppen 2<\/td>\n<td>30<\/td>\n<td>10<\/td>\n<td>3<\/td>\n<td>17<\/td>\n<td>50<\/td>\n<td>:<\/td>\n<td>65<\/td>\n<td align=\"right\">-15<\/td>\n<td>23<\/td>\n<td>:<\/td>\n<td align=\"right\">37<\/td>\n<\/tr>\n<tr>\n<td>14.<\/td>\n<td>SV Teglingen<\/td>\n<td>30<\/td>\n<td>7<\/td>\n<td>7<\/td>\n<td>16<\/td>\n<td>36<\/td>\n<td>:<\/td>\n<td>62<\/td>\n<td align=\"right\">-26<\/td>\n<td>21<\/td>\n<td>:<\/td>\n<td align=\"right\">39<\/td>\n<\/tr>\n<tr>\n<td>15.<\/td>\n<td>TuS Haren 2<\/td>\n<td>30<\/td>\n<td>7<\/td>\n<td>3<\/td>\n<td>20<\/td>\n<td>29<\/td>\n<td>:<\/td>\n<td>83<\/td>\n<td align=\"right\">-54<\/td>\n<td>17<\/td>\n<td>:<\/td>\n<td align=\"right\">43<\/td>\n<\/tr>\n<tr>\n<td>16.<\/td>\n<td>DJK Hebelermeer<\/td>\n<td>30<\/td>\n<td>6<\/td>\n<td>4<\/td>\n<td>20<\/td>\n<td>38<\/td>\n<td>:<\/td>\n<td>77<\/td>\n<td align=\"right\">-39<\/td>\n<td>16<\/td>\n<td>:<\/td>\n<td align=\"right\">44<\/td>\n<\/tr>\n<\/tbody>\n<\/table>\n<div class=\"sharedaddy sd-sharing-enabled\"><div class=\"robots-nocontent sd-block sd-social sd-social-official sd-sharing\"><h3 class=\"sd-title\">Teilen mit:<\/h3><div class=\"sd-content\"><ul><li class=\"share-facebook\"><div class=\"fb-share-button\" data-href=\"http:\/\/www.emslandkicker.de\/?page_id=675\" data-layout=\"button_count\"><\/div><\/li><li class=\"share-twitter\"><a href=\"https:\/\/twitter.com\/share\" class=\"twitter-share-button\" data-url=\"http:\/\/www.emslandkicker.de\/?page_id=675\" data-text=\"Tabelle Kreisliga Meppen 1977-78\" data-via=\"Emslandkicker\" >Tweet<\/a><\/li><li class=\"share-email\"><a rel=\"nofollow noopener noreferrer\" data-shared=\"\" class=\"share-email sd-button\" href=\"mailto:?subject=%5BGeteilter%20Beitrag%5D%20Tabelle%20Kreisliga%20Meppen%201977-78&body=http%3A%2F%2Fwww.emslandkicker.de%2F%3Fpage_id%3D675&share=email\" target=\"_blank\" title=\"Click to email a link to a friend\" data-email-share-error-title=\"Do you have email set up?\" data-email-share-error-text=\"If you&#039;re having problems sharing via email, you might not have email set up for your browser. You may need to create a new email yourself.\" data-email-share-nonce=\"2dc1e01fde\" data-email-share-track-url=\"http:\/\/www.emslandkicker.de\/?page_id=675&amp;share=email\"><span>E-Mail<\/span><\/a><\/li><li class=\"share-print\"><a rel=\"nofollow noopener noreferrer\" data-shared=\"\" class=\"share-print sd-button\" href=\"http:\/\/www.emslandkicker.de\/?page_id=675\" target=\"_blank\" title=\"Klicken zum Ausdrucken\" ><span>Drucken<\/span><\/a><\/li><li class=\"share-end\"><\/li><\/ul><\/div><\/div><\/div>","protected":false},"excerpt":{"rendered":"<p>Kreisliga Meppen 1977-78 Pl. Verein Sp S U N Tore Diff Pkt. 1. SV Dalum 30 17 9 3 63 : 32 31 44 : 16 2. SV Holte 30 18 7 5 62 : 27 35 43 : 17 3. VfL Herzlake 2 30 15 9 6 60 : 54 6 36 : 24 [&hellip;]<\/p>\n<div class=\"sharedaddy sd-sharing-enabled\"><div class=\"robots-nocontent sd-block sd-social sd-social-official sd-sharing\"><h3 class=\"sd-title\">Teilen mit:<\/h3><div class=\"sd-content\"><ul><li class=\"share-facebook\"><div class=\"fb-share-button\" data-href=\"http:\/\/www.emslandkicker.de\/?page_id=675\" data-layout=\"button_count\"><\/div><\/li><li class=\"share-twitter\"><a href=\"https:\/\/twitter.com\/share\" class=\"twitter-share-button\" data-url=\"http:\/\/www.emslandkicker.de\/?page_id=675\" data-text=\"Tabelle Kreisliga Meppen 1977-78\" data-via=\"Emslandkicker\" >Tweet<\/a><\/li><li class=\"share-email\"><a rel=\"nofollow noopener noreferrer\" data-shared=\"\" class=\"share-email sd-button\" href=\"mailto:?subject=%5BGeteilter%20Beitrag%5D%20Tabelle%20Kreisliga%20Meppen%201977-78&body=http%3A%2F%2Fwww.emslandkicker.de%2F%3Fpage_id%3D675&share=email\" target=\"_blank\" title=\"Click to email a link to a friend\" data-email-share-error-title=\"Do you have email set up?\" data-email-share-error-text=\"If you&#039;re having problems sharing via email, you might not have email set up for your browser. You may need to create a new email yourself.\" data-email-share-nonce=\"2dc1e01fde\" data-email-share-track-url=\"http:\/\/www.emslandkicker.de\/?page_id=675&amp;share=email\"><span>E-Mail<\/span><\/a><\/li><li class=\"share-print\"><a rel=\"nofollow noopener noreferrer\" data-shared=\"\" class=\"share-print sd-button\" href=\"http:\/\/www.emslandkicker.de\/?page_id=675\" target=\"_blank\" title=\"Klicken zum Ausdrucken\" ><span>Drucken<\/span><\/a><\/li><li class=\"share-end\"><\/li><\/ul><\/div><\/div><\/div>","protected":false},"author":1,"featured_media":203,"parent":453,"menu_order":30,"comment_status":"open","ping_status":"open","template":"","meta":{"footnotes":""},"class_list":["post-675","page","type-page","status-publish","has-post-thumbnail","hentry"],"jetpack_sharing_enabled":true,"jetpack_shortlink":"https:\/\/wp.me\/P5etIj-aT","jetpack-related-posts":[{"id":682,"url":"http:\/\/www.emslandkicker.de\/?page_id=682","url_meta":{"origin":675,"position":0},"title":"Tabelle Kreisliga Meppen 1980-81","date":"14. November 2014","format":false,"excerpt":"Kreisliga Meppen 1980-81 Pl. Verein Sp Tore Diff Pkt. 1. TuS Haren 30 97 : 33 64 49 : 11 2. VfL Herzlake 2 30 74 : 26 48 48 : 12 3. SF Schwefingen 30 74 : 32 42 43 : 17 4. SV Dohren 30 55 : 28\u2026","rel":"","context":"Similar post","img":{"alt_text":"","src":"","width":0,"height":0},"classes":[]},{"id":453,"url":"http:\/\/www.emslandkicker.de\/?page_id=453","url_meta":{"origin":675,"position":1},"title":"Kreisligameister bis 1995","date":"8. November 2014","format":false,"excerpt":"Kreisliga 1976-77 [Einf\u00fchrung der Kreisligen] Tab. Nord Mitte VfL Emslage S\u00fcd Kreisliga 1977-78 Nord Mitte SV Dalum S\u00fcd Kreisliga 1978-79 Nord Sigiltra S\u00f6gel Mitte DJK Fehndorf S\u00fcd Kreisliga 1979-80 Nord Germ. 08 Papenburg * Mitte SV Erika-A. S\u00fcd Germ. Thuine Kreisliga 1980-81 Nord FC Bockholte Mitte TuS Haren S\u00fcd SG\u2026","rel":"","context":"Similar post","img":{"alt_text":"","src":"","width":0,"height":0},"classes":[]},{"id":882,"url":"http:\/\/www.emslandkicker.de\/?page_id=882","url_meta":{"origin":675,"position":2},"title":"SV Dalum &#8211; Ligachronik","date":"3. Dezember 2014","format":false,"excerpt":"Verein Saison Liga Platz Tab. Info SV Dalum 1950-51 Kreisliga 3. SV Dalum 1951-52 Kreisliga 1. SV Dalum 1952-53 Bezirksklasse 6. SV Dalum 1953-54 Bezirksklasse 11. SV Dalum 1954-55 Bezirksklasse 5. SV Dalum 1955-56 Bezirksklasse 7. SV Dalum 1956-57 Bezirksklasse 10. SV Dalum 1957-58 Bezirksklasse 15. SV Dalum 1958-59 1.\u2026","rel":"","context":"Similar post","img":{"alt_text":"","src":"","width":0,"height":0},"classes":[]},{"id":471,"url":"http:\/\/www.emslandkicker.de\/?page_id=471","url_meta":{"origin":675,"position":3},"title":"Tabelle Kreisliga Mitte 1990-91","date":"8. November 2014","format":false,"excerpt":"Kreisliga Mitte 1990-91 Pl. Teams Sp Tore Diff Pkt. 1. Union Meppen 30 79 : 17 62 51 : 9 2. SV Holte 30 78 : 24 54 50 : 10 3. Conc. Schleper 30 77 : 47 30 42 : 18 4. SV Teglingen 30 42 : 37 5\u2026","rel":"","context":"Similar post","img":{"alt_text":"","src":"","width":0,"height":0},"classes":[]},{"id":673,"url":"http:\/\/www.emslandkicker.de\/?page_id=673","url_meta":{"origin":675,"position":4},"title":"Tabelle Kreisliga Meppen 1976-77","date":"14. November 2014","format":false,"excerpt":"Kreisliga Meppen 1976-77 Pl. Verein Sp S U N Tore Diff Pkt. 1. VfL Emslage 30 19 5 6 54 : 18 36 43 : 17 2. SV Teglingen 30 17 8 5 52 : 29 23 42 : 18 3. SV Dalum 30 12 10 8 61 : 48\u2026","rel":"","context":"Similar post","img":{"alt_text":"","src":"","width":0,"height":0},"classes":[]},{"id":678,"url":"http:\/\/www.emslandkicker.de\/?page_id=678","url_meta":{"origin":675,"position":5},"title":"Tabelle Kreisliga Meppen 1978-79","date":"14. November 2014","format":false,"excerpt":"Kreisliga Meppen 1978-79 Pl. Verein Sp Tore Diff Pkt. 1. DJK Fehndorf 30 66 : 34 32 45 : 15 2. Hasel\u00fcnner SV 2 30 66 : 30 36 44 : 16 3. SV Erika-A. 30 73 : 37 36 39 : 21 4. TuS Haren 30 61 : 47\u2026","rel":"","context":"Similar post","img":{"alt_text":"","src":"","width":0,"height":0},"classes":[]}],"jetpack_likes_enabled":true,"_links":{"self":[{"href":"http:\/\/www.emslandkicker.de\/index.php?rest_route=\/wp\/v2\/pages\/675","targetHints":{"allow":["GET"]}}],"collection":[{"href":"http:\/\/www.emslandkicker.de\/index.php?rest_route=\/wp\/v2\/pages"}],"about":[{"href":"http:\/\/www.emslandkicker.de\/index.php?rest_route=\/wp\/v2\/types\/page"}],"author":[{"embeddable":true,"href":"http:\/\/www.emslandkicker.de\/index.php?rest_route=\/wp\/v2\/users\/1"}],"replies":[{"embeddable":true,"href":"http:\/\/www.emslandkicker.de\/index.php?rest_route=%2Fwp%2Fv2%2Fcomments&post=675"}],"version-history":[{"count":0,"href":"http:\/\/www.emslandkicker.de\/index.php?rest_route=\/wp\/v2\/pages\/675\/revisions"}],"up":[{"embeddable":true,"href":"http:\/\/www.emslandkicker.de\/index.php?rest_route=\/wp\/v2\/pages\/453"}],"wp:featuredmedia":[{"embeddable":true,"href":"http:\/\/www.emslandkicker.de\/index.php?rest_route=\/wp\/v2\/media\/203"}],"wp:attachment":[{"href":"http:\/\/www.emslandkicker.de\/index.php?rest_route=%2Fwp%2Fv2%2Fmedia&parent=675"}],"curies":[{"name":"wp","href":"https:\/\/api.w.org\/{rel}","templated":true}]}}