{"id":678,"date":"2014-11-14T13:59:02","date_gmt":"2014-11-14T11:59:02","guid":{"rendered":"http:\/\/www.emslandkicker.de\/?page_id=678"},"modified":"2014-11-14T14:10:24","modified_gmt":"2014-11-14T12:10:24","slug":"tabelle-kreisliga-meppen-1978-79","status":"publish","type":"page","link":"http:\/\/www.emslandkicker.de\/?page_id=678","title":{"rendered":"Tabelle Kreisliga Meppen 1978-79"},"content":{"rendered":"<div class=\"pdfprnt-buttons pdfprnt-buttons-page pdfprnt-top-right\"><a href=\"http:\/\/www.emslandkicker.de\/index.php?rest_route=%2Fwp%2Fv2%2Fpages%2F678&print=pdf\" class=\"pdfprnt-button pdfprnt-button-pdf\" target=\"_blank\"><img decoding=\"async\" src=\"https:\/\/i0.wp.com\/www.emslandkicker.de\/wp-content\/plugins\/pdf-print\/images\/pdf.png?w=610\" alt=\"image_pdf\" title=\"View PDF\" data-recalc-dims=\"1\" \/><\/a><a href=\"http:\/\/www.emslandkicker.de\/index.php?rest_route=%2Fwp%2Fv2%2Fpages%2F678&print=print\" class=\"pdfprnt-button pdfprnt-button-print\" target=\"_blank\"><img decoding=\"async\" src=\"https:\/\/i0.wp.com\/www.emslandkicker.de\/wp-content\/plugins\/pdf-print\/images\/print.png?w=610\" alt=\"image_print\" title=\"Print Content\" data-recalc-dims=\"1\" \/><\/a><\/div><table width=\"100%\" cellspacing=\"5\" cellpadding=\"0\">\n<tbody>\n<tr>\n<td colspan=\"10\"><strong>Kreisliga Meppen 1978-79<\/strong><\/td>\n<\/tr>\n<tr>\n<td bgcolor=\"#CCCCCC\"><strong>Pl.<\/strong><\/td>\n<td bgcolor=\"#CCCCCC\"><strong>Verein<\/strong><\/td>\n<td bgcolor=\"#CCCCCC\"><strong>Sp<\/strong><\/td>\n<td colspan=\"3\" bgcolor=\"#CCCCCC\"><strong>Tore<\/strong><\/td>\n<td bgcolor=\"#CCCCCC\"><strong>Diff<\/strong><\/td>\n<td colspan=\"3\" bgcolor=\"#CCCCCC\"><strong>Pkt.<\/strong><\/td>\n<\/tr>\n<tr>\n<td>1.<\/td>\n<td>DJK Fehndorf<\/td>\n<td>30<\/td>\n<td>66<\/td>\n<td>:<\/td>\n<td>34<\/td>\n<td align=\"right\">32<\/td>\n<td>45<\/td>\n<td>:<\/td>\n<td align=\"right\">15<\/td>\n<\/tr>\n<tr>\n<td>2.<\/td>\n<td>Hasel\u00fcnner SV 2<\/td>\n<td>30<\/td>\n<td>66<\/td>\n<td>:<\/td>\n<td>30<\/td>\n<td align=\"right\">36<\/td>\n<td>44<\/td>\n<td>:<\/td>\n<td align=\"right\">16<\/td>\n<\/tr>\n<tr>\n<td>3.<\/td>\n<td>SV Erika-A.<\/td>\n<td>30<\/td>\n<td>73<\/td>\n<td>:<\/td>\n<td>37<\/td>\n<td align=\"right\">36<\/td>\n<td>39<\/td>\n<td>:<\/td>\n<td align=\"right\">21<\/td>\n<\/tr>\n<tr>\n<td>4.<\/td>\n<td>TuS Haren<\/td>\n<td>30<\/td>\n<td>61<\/td>\n<td>:<\/td>\n<td>47<\/td>\n<td align=\"right\">14<\/td>\n<td>35<\/td>\n<td>:<\/td>\n<td align=\"right\">25<\/td>\n<\/tr>\n<tr>\n<td>5.<\/td>\n<td>SV Holte<\/td>\n<td>30<\/td>\n<td>59<\/td>\n<td>:<\/td>\n<td>45<\/td>\n<td align=\"right\">14<\/td>\n<td>34<\/td>\n<td>:<\/td>\n<td align=\"right\">26<\/td>\n<\/tr>\n<tr>\n<td>6.<\/td>\n<td>SV Gr. Hesepe<\/td>\n<td>30<\/td>\n<td>44<\/td>\n<td>:<\/td>\n<td>44<\/td>\n<td align=\"right\">0<\/td>\n<td>31<\/td>\n<td>:<\/td>\n<td align=\"right\">29<\/td>\n<\/tr>\n<tr>\n<td>7.<\/td>\n<td>VfL Herzlake 2<\/td>\n<td>30<\/td>\n<td>56<\/td>\n<td>:<\/td>\n<td>49<\/td>\n<td align=\"right\">7<\/td>\n<td>30<\/td>\n<td>:<\/td>\n<td align=\"right\">30<\/td>\n<\/tr>\n<tr>\n<td>8.<\/td>\n<td>DJK Geeste<\/td>\n<td>30<\/td>\n<td>47<\/td>\n<td>:<\/td>\n<td>54<\/td>\n<td align=\"right\">-7<\/td>\n<td>30<\/td>\n<td>:<\/td>\n<td align=\"right\">30<\/td>\n<\/tr>\n<tr>\n<td>9.<\/td>\n<td>Eintr. Emmeln<\/td>\n<td>30<\/td>\n<td>57<\/td>\n<td>:<\/td>\n<td>51<\/td>\n<td align=\"right\">6<\/td>\n<td>29<\/td>\n<td>:<\/td>\n<td align=\"right\">31<\/td>\n<\/tr>\n<tr>\n<td>10.<\/td>\n<td>SV Hemsen<\/td>\n<td>30<\/td>\n<td>57<\/td>\n<td>:<\/td>\n<td>69<\/td>\n<td align=\"right\">-12<\/td>\n<td>28<\/td>\n<td>:<\/td>\n<td align=\"right\">32<\/td>\n<\/tr>\n<tr>\n<td>11.<\/td>\n<td>SV Teglingen<\/td>\n<td>30<\/td>\n<td>47<\/td>\n<td>:<\/td>\n<td>53<\/td>\n<td align=\"right\">-6<\/td>\n<td>26<\/td>\n<td>:<\/td>\n<td align=\"right\">34<\/td>\n<\/tr>\n<tr>\n<td>12.<\/td>\n<td>SV Bokeloh<\/td>\n<td>30<\/td>\n<td>68<\/td>\n<td>:<\/td>\n<td>76<\/td>\n<td align=\"right\">-8<\/td>\n<td>24<\/td>\n<td>:<\/td>\n<td align=\"right\">36<\/td>\n<\/tr>\n<tr>\n<td>13.<\/td>\n<td>SV Dohren<\/td>\n<td>30<\/td>\n<td>46<\/td>\n<td>:<\/td>\n<td>56<\/td>\n<td align=\"right\">-10<\/td>\n<td>24<\/td>\n<td>:<\/td>\n<td align=\"right\">36<\/td>\n<\/tr>\n<tr>\n<td>14.<\/td>\n<td>Germ. Twist<\/td>\n<td>30<\/td>\n<td>43<\/td>\n<td>:<\/td>\n<td>58<\/td>\n<td align=\"right\">-15<\/td>\n<td>26<\/td>\n<td>:<\/td>\n<td align=\"right\">34<\/td>\n<\/tr>\n<tr>\n<td>15.<\/td>\n<td>GW Lehrte<\/td>\n<td>30<\/td>\n<td>51<\/td>\n<td>:<\/td>\n<td>77<\/td>\n<td align=\"right\">-26<\/td>\n<td>24<\/td>\n<td>:<\/td>\n<td align=\"right\">36<\/td>\n<\/tr>\n<tr>\n<td>16.<\/td>\n<td>Union Meppen 2<\/td>\n<td>30<\/td>\n<td>29<\/td>\n<td>:<\/td>\n<td>94<\/td>\n<td align=\"right\">-65<\/td>\n<td>11<\/td>\n<td>:<\/td>\n<td align=\"right\">49<\/td>\n<\/tr>\n<\/tbody>\n<\/table>\n<div class=\"sharedaddy sd-sharing-enabled\"><div class=\"robots-nocontent sd-block sd-social sd-social-official sd-sharing\"><h3 class=\"sd-title\">Teilen mit:<\/h3><div class=\"sd-content\"><ul><li class=\"share-facebook\"><div class=\"fb-share-button\" data-href=\"http:\/\/www.emslandkicker.de\/?page_id=678\" data-layout=\"button_count\"><\/div><\/li><li class=\"share-twitter\"><a href=\"https:\/\/twitter.com\/share\" class=\"twitter-share-button\" data-url=\"http:\/\/www.emslandkicker.de\/?page_id=678\" data-text=\"Tabelle Kreisliga Meppen 1978-79\" data-via=\"Emslandkicker\" >Tweet<\/a><\/li><li class=\"share-email\"><a rel=\"nofollow noopener noreferrer\" data-shared=\"\" class=\"share-email sd-button\" href=\"mailto:?subject=%5BGeteilter%20Beitrag%5D%20Tabelle%20Kreisliga%20Meppen%201978-79&body=http%3A%2F%2Fwww.emslandkicker.de%2F%3Fpage_id%3D678&share=email\" target=\"_blank\" title=\"Click to email a link to a friend\" data-email-share-error-title=\"Do you have email set up?\" data-email-share-error-text=\"If you&#039;re having problems sharing via email, you might not have email set up for your browser. You may need to create a new email yourself.\" data-email-share-nonce=\"48592dab66\" data-email-share-track-url=\"http:\/\/www.emslandkicker.de\/?page_id=678&amp;share=email\"><span>E-Mail<\/span><\/a><\/li><li class=\"share-print\"><a rel=\"nofollow noopener noreferrer\" data-shared=\"\" class=\"share-print sd-button\" href=\"http:\/\/www.emslandkicker.de\/?page_id=678\" target=\"_blank\" title=\"Klicken zum Ausdrucken\" ><span>Drucken<\/span><\/a><\/li><li class=\"share-end\"><\/li><\/ul><\/div><\/div><\/div>","protected":false},"excerpt":{"rendered":"<p>Kreisliga Meppen 1978-79 Pl. Verein Sp Tore Diff Pkt. 1. DJK Fehndorf 30 66 : 34 32 45 : 15 2. Hasel\u00fcnner SV 2 30 66 : 30 36 44 : 16 3. SV Erika-A. 30 73 : 37 36 39 : 21 4. TuS Haren 30 61 : 47 14 35 : 25 5. [&hellip;]<\/p>\n<div class=\"sharedaddy sd-sharing-enabled\"><div class=\"robots-nocontent sd-block sd-social sd-social-official sd-sharing\"><h3 class=\"sd-title\">Teilen mit:<\/h3><div class=\"sd-content\"><ul><li class=\"share-facebook\"><div class=\"fb-share-button\" data-href=\"http:\/\/www.emslandkicker.de\/?page_id=678\" data-layout=\"button_count\"><\/div><\/li><li class=\"share-twitter\"><a href=\"https:\/\/twitter.com\/share\" class=\"twitter-share-button\" data-url=\"http:\/\/www.emslandkicker.de\/?page_id=678\" data-text=\"Tabelle Kreisliga Meppen 1978-79\" data-via=\"Emslandkicker\" >Tweet<\/a><\/li><li class=\"share-email\"><a rel=\"nofollow noopener noreferrer\" data-shared=\"\" class=\"share-email sd-button\" href=\"mailto:?subject=%5BGeteilter%20Beitrag%5D%20Tabelle%20Kreisliga%20Meppen%201978-79&body=http%3A%2F%2Fwww.emslandkicker.de%2F%3Fpage_id%3D678&share=email\" target=\"_blank\" title=\"Click to email a link to a friend\" data-email-share-error-title=\"Do you have email set up?\" data-email-share-error-text=\"If you&#039;re having problems sharing via email, you might not have email set up for your browser. You may need to create a new email yourself.\" data-email-share-nonce=\"48592dab66\" data-email-share-track-url=\"http:\/\/www.emslandkicker.de\/?page_id=678&amp;share=email\"><span>E-Mail<\/span><\/a><\/li><li class=\"share-print\"><a rel=\"nofollow noopener noreferrer\" data-shared=\"\" class=\"share-print sd-button\" href=\"http:\/\/www.emslandkicker.de\/?page_id=678\" target=\"_blank\" title=\"Klicken zum Ausdrucken\" ><span>Drucken<\/span><\/a><\/li><li class=\"share-end\"><\/li><\/ul><\/div><\/div><\/div>","protected":false},"author":1,"featured_media":203,"parent":453,"menu_order":42,"comment_status":"open","ping_status":"open","template":"","meta":{"footnotes":""},"class_list":["post-678","page","type-page","status-publish","has-post-thumbnail","hentry"],"jetpack_sharing_enabled":true,"jetpack_shortlink":"https:\/\/wp.me\/P5etIj-aW","jetpack-related-posts":[{"id":567,"url":"http:\/\/www.emslandkicker.de\/?page_id=567","url_meta":{"origin":678,"position":0},"title":"Tabelle Kreisliga Nord 1978-79","date":"11. November 2014","format":false,"excerpt":"Kreisliga Nord 1978-79 Pl Verein Sp Tore Diff. Pkt 1. Sigiltra S\u00f6gel 30 71 : 27 44 47 : 13 2. GW Spahnharrenst\u00e4tte 30 74 : 38 36 43 : 17 3. Germ. Papenburg 30 51 : 43 8 35 : 25 4. Raspo B\u00f6rgermoor 30 44 : 41 3\u2026","rel":"","context":"Similar post","img":{"alt_text":"","src":"","width":0,"height":0},"classes":[]},{"id":682,"url":"http:\/\/www.emslandkicker.de\/?page_id=682","url_meta":{"origin":678,"position":1},"title":"Tabelle Kreisliga Meppen 1980-81","date":"14. November 2014","format":false,"excerpt":"Kreisliga Meppen 1980-81 Pl. Verein Sp Tore Diff Pkt. 1. TuS Haren 30 97 : 33 64 49 : 11 2. VfL Herzlake 2 30 74 : 26 48 48 : 12 3. SF Schwefingen 30 74 : 32 42 43 : 17 4. SV Dohren 30 55 : 28\u2026","rel":"","context":"Similar post","img":{"alt_text":"","src":"","width":0,"height":0},"classes":[]},{"id":565,"url":"http:\/\/www.emslandkicker.de\/?page_id=565","url_meta":{"origin":678,"position":2},"title":"Tabelle Kreisliga Nord 1979-80","date":"11. November 2014","format":false,"excerpt":"Kreisliga Nord 1978-79 Pl Verein Sp Tore Diff. Pkt 1. Germ. Papenburg 30 99 : 48 51 45 : 15 2. FC Bockholte 30 82 : 44 38 43 : 17 3. SV B\u00f6rgerwald 30 72 : 49 23 37 : 23 4. Viktr. Ahlen-St. 30 69 : 51 18\u2026","rel":"","context":"Similar post","img":{"alt_text":"","src":"","width":0,"height":0},"classes":[]},{"id":739,"url":"http:\/\/www.emslandkicker.de\/?page_id=739","url_meta":{"origin":678,"position":3},"title":"Tabelle Kreisliga Mitte 1994-95","date":"22. November 2014","format":false,"excerpt":"Kreisliga Mitte 1994-95 Pl. Teams Sp Tore Diff Pkt. 1. VfL Emslage 30 76 : 26 50 50 : 10 2. SV Holte (A) 30 40 : 37 3 35 : 25 3. Union Meppen (A) 30 56 : 42 14 34 : 26 4. SC Adorf 30 57 :\u2026","rel":"","context":"Similar post","img":{"alt_text":"","src":"","width":0,"height":0},"classes":[]},{"id":731,"url":"http:\/\/www.emslandkicker.de\/?page_id=731","url_meta":{"origin":678,"position":4},"title":"Tabelle Kreisliga Mitte 1984-85","date":"22. November 2014","format":false,"excerpt":"Kreisliga Mitte 1984-85 Pl. Teams Sp Tore Diff Pkt. 1. SV Meppen A. 30 77 : 32 45 46 : 14 2. VfL Herzlake 2 30 66 : 38 28 41 : 19 3. SV Holte 30 76 : 42 34 40 : 20 4. SV Teglingen 30 57 :\u2026","rel":"","context":"Similar post","img":{"alt_text":"","src":"","width":0,"height":0},"classes":[]},{"id":626,"url":"http:\/\/www.emslandkicker.de\/?page_id=626","url_meta":{"origin":678,"position":5},"title":"Tabelle Kreisliga Mitte 1985-86","date":"13. November 2014","format":false,"excerpt":"Kreisliga Mitte 1985-86 Pl. Verein Sp Tore Diff. Pkt 1. SV Neuringe 30 70 : 36 34 46 : 14 2. SV Holte 30 66 : 30 36 44 : 16 3. Hasel\u00fcnner SV 2 30 66 : 35 31 40 : 20 4. SV Dalum 30 67 : 34\u2026","rel":"","context":"Similar post","img":{"alt_text":"","src":"","width":0,"height":0},"classes":[]}],"jetpack_likes_enabled":true,"_links":{"self":[{"href":"http:\/\/www.emslandkicker.de\/index.php?rest_route=\/wp\/v2\/pages\/678","targetHints":{"allow":["GET"]}}],"collection":[{"href":"http:\/\/www.emslandkicker.de\/index.php?rest_route=\/wp\/v2\/pages"}],"about":[{"href":"http:\/\/www.emslandkicker.de\/index.php?rest_route=\/wp\/v2\/types\/page"}],"author":[{"embeddable":true,"href":"http:\/\/www.emslandkicker.de\/index.php?rest_route=\/wp\/v2\/users\/1"}],"replies":[{"embeddable":true,"href":"http:\/\/www.emslandkicker.de\/index.php?rest_route=%2Fwp%2Fv2%2Fcomments&post=678"}],"version-history":[{"count":0,"href":"http:\/\/www.emslandkicker.de\/index.php?rest_route=\/wp\/v2\/pages\/678\/revisions"}],"up":[{"embeddable":true,"href":"http:\/\/www.emslandkicker.de\/index.php?rest_route=\/wp\/v2\/pages\/453"}],"wp:featuredmedia":[{"embeddable":true,"href":"http:\/\/www.emslandkicker.de\/index.php?rest_route=\/wp\/v2\/media\/203"}],"wp:attachment":[{"href":"http:\/\/www.emslandkicker.de\/index.php?rest_route=%2Fwp%2Fv2%2Fmedia&parent=678"}],"curies":[{"name":"wp","href":"https:\/\/api.w.org\/{rel}","templated":true}]}}