{"id":695,"date":"2014-11-14T15:10:30","date_gmt":"2014-11-14T13:10:30","guid":{"rendered":"http:\/\/www.emslandkicker.de\/?page_id=695"},"modified":"2014-11-14T15:11:58","modified_gmt":"2014-11-14T13:11:58","slug":"torjaeger-der-oberliga-1986-87","status":"publish","type":"page","link":"http:\/\/www.emslandkicker.de\/?page_id=695","title":{"rendered":"Torj\u00e4ger der Oberliga 1986-87"},"content":{"rendered":"<div class=\"pdfprnt-buttons pdfprnt-buttons-page pdfprnt-top-right\"><a href=\"http:\/\/www.emslandkicker.de\/index.php?rest_route=%2Fwp%2Fv2%2Fpages%2F695&print=pdf\" class=\"pdfprnt-button pdfprnt-button-pdf\" target=\"_blank\"><img decoding=\"async\" src=\"https:\/\/i0.wp.com\/www.emslandkicker.de\/wp-content\/plugins\/pdf-print\/images\/pdf.png?w=610\" alt=\"image_pdf\" title=\"View PDF\" data-recalc-dims=\"1\" \/><\/a><a href=\"http:\/\/www.emslandkicker.de\/index.php?rest_route=%2Fwp%2Fv2%2Fpages%2F695&print=print\" class=\"pdfprnt-button pdfprnt-button-print\" target=\"_blank\"><img decoding=\"async\" src=\"https:\/\/i0.wp.com\/www.emslandkicker.de\/wp-content\/plugins\/pdf-print\/images\/print.png?w=610\" alt=\"image_print\" title=\"Print Content\" data-recalc-dims=\"1\" \/><\/a><\/div><table width=\"50%\" cellspacing=\"5\" cellpadding=\"0\">\n<tbody>\n<tr>\n<td colspan=\"4\"><strong>Torj\u00e4ger der Oberliga<\/strong><\/td>\n<\/tr>\n<tr>\n<td bgcolor=\"#CCCCCC\"><\/td>\n<td bgcolor=\"#CCCCCC\"><strong>Spieler<\/strong><\/td>\n<td bgcolor=\"#CCCCCC\"><strong>Verein<\/strong><\/td>\n<td bgcolor=\"#CCCCCC\"><strong>Tore<\/strong><\/td>\n<\/tr>\n<tr>\n<td>1.<\/td>\n<td>Bernd Krech<\/td>\n<td>1. SC G\u00f6ttingen 05<\/td>\n<td align=\"right\">28<\/td>\n<\/tr>\n<tr>\n<td>2.<\/td>\n<td>Uwe Puppel<\/td>\n<td>TSV Havelse<\/td>\n<td align=\"right\">23<\/td>\n<\/tr>\n<tr>\n<td>3.<\/td>\n<td>Frank Plagge<\/td>\n<td>VfL Wolfsburg<\/td>\n<td align=\"right\">22<\/td>\n<\/tr>\n<tr>\n<td>4.<\/td>\n<td>Stefan K\u00f6ppe<\/td>\n<td>1. SC G\u00f6ttingen 05<\/td>\n<td align=\"right\">19<\/td>\n<\/tr>\n<tr>\n<td><\/td>\n<td>Karsten Wagner<\/td>\n<td>L\u00fcneburger SK<\/td>\n<td align=\"right\">19<\/td>\n<\/tr>\n<tr>\n<td>6.<\/td>\n<td>Thomas Oldenburg<\/td>\n<td>Altona 93<\/td>\n<td align=\"right\">17<\/td>\n<\/tr>\n<tr>\n<td>7.<\/td>\n<td>Carsten Nemitz<\/td>\n<td>Holstein Kiel<\/td>\n<td align=\"right\">16<\/td>\n<\/tr>\n<tr>\n<td>8.<\/td>\n<td>Uwe Rogowski<\/td>\n<td>SpVgg G\u00f6ttingen<\/td>\n<td align=\"right\">15<\/td>\n<\/tr>\n<tr>\n<td><\/td>\n<td><strong>Dietmar Sulmann<\/strong><\/td>\n<td><strong>SV Meppen<\/strong><\/td>\n<td align=\"right\"><strong>15<\/strong><\/td>\n<\/tr>\n<tr>\n<td>10.<\/td>\n<td>Lars-Peter Beike<\/td>\n<td>TSV Havelse<\/td>\n<td align=\"right\">14<\/td>\n<\/tr>\n<tr>\n<td><\/td>\n<td>Frank Zerr<\/td>\n<td>Wolfenb\u00fctteler SV<\/td>\n<td align=\"right\">14<\/td>\n<\/tr>\n<\/tbody>\n<\/table>\n<div class=\"sharedaddy sd-sharing-enabled\"><div class=\"robots-nocontent sd-block sd-social sd-social-official sd-sharing\"><h3 class=\"sd-title\">Teilen mit:<\/h3><div class=\"sd-content\"><ul><li class=\"share-facebook\"><div class=\"fb-share-button\" data-href=\"http:\/\/www.emslandkicker.de\/?page_id=695\" data-layout=\"button_count\"><\/div><\/li><li class=\"share-twitter\"><a href=\"https:\/\/twitter.com\/share\" class=\"twitter-share-button\" data-url=\"http:\/\/www.emslandkicker.de\/?page_id=695\" data-text=\"Torj\u00e4ger der Oberliga 1986-87\" data-via=\"Emslandkicker\" >Tweet<\/a><\/li><li class=\"share-email\"><a rel=\"nofollow noopener noreferrer\" data-shared=\"\" class=\"share-email sd-button\" href=\"mailto:?subject=%5BGeteilter%20Beitrag%5D%20Torj%C3%A4ger%20der%20Oberliga%201986-87&body=http%3A%2F%2Fwww.emslandkicker.de%2F%3Fpage_id%3D695&share=email\" target=\"_blank\" title=\"Click to email a link to a friend\" data-email-share-error-title=\"Do you have email set up?\" data-email-share-error-text=\"If you&#039;re having problems sharing via email, you might not have email set up for your browser. You may need to create a new email yourself.\" data-email-share-nonce=\"e49bfd04c6\" data-email-share-track-url=\"http:\/\/www.emslandkicker.de\/?page_id=695&amp;share=email\"><span>E-Mail<\/span><\/a><\/li><li class=\"share-print\"><a rel=\"nofollow noopener noreferrer\" data-shared=\"\" class=\"share-print sd-button\" href=\"http:\/\/www.emslandkicker.de\/?page_id=695\" target=\"_blank\" title=\"Klicken zum Ausdrucken\" ><span>Drucken<\/span><\/a><\/li><li class=\"share-end\"><\/li><\/ul><\/div><\/div><\/div>","protected":false},"excerpt":{"rendered":"<p>Torj\u00e4ger der Oberliga Spieler Verein Tore 1. Bernd Krech 1. SC G\u00f6ttingen 05 28 2. Uwe Puppel TSV Havelse 23 3. Frank Plagge VfL Wolfsburg 22 4. Stefan K\u00f6ppe 1. SC G\u00f6ttingen 05 19 Karsten Wagner L\u00fcneburger SK 19 6. Thomas Oldenburg Altona 93 17 7. Carsten Nemitz Holstein Kiel 16 8. Uwe Rogowski SpVgg [&hellip;]<\/p>\n<div class=\"sharedaddy sd-sharing-enabled\"><div class=\"robots-nocontent sd-block sd-social sd-social-official sd-sharing\"><h3 class=\"sd-title\">Teilen mit:<\/h3><div class=\"sd-content\"><ul><li class=\"share-facebook\"><div class=\"fb-share-button\" data-href=\"http:\/\/www.emslandkicker.de\/?page_id=695\" data-layout=\"button_count\"><\/div><\/li><li class=\"share-twitter\"><a href=\"https:\/\/twitter.com\/share\" class=\"twitter-share-button\" data-url=\"http:\/\/www.emslandkicker.de\/?page_id=695\" data-text=\"Torj\u00e4ger der Oberliga 1986-87\" data-via=\"Emslandkicker\" >Tweet<\/a><\/li><li class=\"share-email\"><a rel=\"nofollow noopener noreferrer\" data-shared=\"\" class=\"share-email sd-button\" href=\"mailto:?subject=%5BGeteilter%20Beitrag%5D%20Torj%C3%A4ger%20der%20Oberliga%201986-87&body=http%3A%2F%2Fwww.emslandkicker.de%2F%3Fpage_id%3D695&share=email\" target=\"_blank\" title=\"Click to email a link to a friend\" data-email-share-error-title=\"Do you have email set up?\" data-email-share-error-text=\"If you&#039;re having problems sharing via email, you might not have email set up for your browser. You may need to create a new email yourself.\" data-email-share-nonce=\"e49bfd04c6\" data-email-share-track-url=\"http:\/\/www.emslandkicker.de\/?page_id=695&amp;share=email\"><span>E-Mail<\/span><\/a><\/li><li class=\"share-print\"><a rel=\"nofollow noopener noreferrer\" data-shared=\"\" class=\"share-print sd-button\" href=\"http:\/\/www.emslandkicker.de\/?page_id=695\" target=\"_blank\" title=\"Klicken zum Ausdrucken\" ><span>Drucken<\/span><\/a><\/li><li class=\"share-end\"><\/li><\/ul><\/div><\/div><\/div>","protected":false},"author":1,"featured_media":203,"parent":621,"menu_order":20,"comment_status":"open","ping_status":"open","template":"","meta":{"footnotes":""},"class_list":["post-695","page","type-page","status-publish","has-post-thumbnail","hentry"],"jetpack_sharing_enabled":true,"jetpack_shortlink":"https:\/\/wp.me\/P5etIj-bd","jetpack-related-posts":[{"id":693,"url":"http:\/\/www.emslandkicker.de\/?page_id=693","url_meta":{"origin":695,"position":0},"title":"Zuschauer Oberliga 1986-87","date":"14. November 2014","format":false,"excerpt":"Zuschauerzahlen Verein Heim D.-Schnitt SV Meppen 42000 2625 VfB Oldenburg 34550 2159 1. SC G\u00f6ttingen 05 22137 1384 SV Arminia Hannover 17975 1123 VfL Wolfsburg 15059 941 Wolfenb\u00fctteler SV 14594 912 Holstein Kiel 14082 880 SpVgg G\u00f6ttingen 13267 829 TSV Havelse 12560 785 L\u00fcneburger SK 12422 776 SV Atlas Delmenhorst\u2026","rel":"","context":"Similar post","img":{"alt_text":"","src":"","width":0,"height":0},"classes":[]},{"id":621,"url":"http:\/\/www.emslandkicker.de\/?page_id=621","url_meta":{"origin":695,"position":1},"title":"Tabelle Oberliga 1986-87","date":"13. November 2014","format":false,"excerpt":"Kreisliga Mitte 1991-92 Pl. Verein Sp S U N Tore Diff. Punkte 1. SV Meppen 32 18 9 5 70 : 37 33 45 : 19 2. SV Arminia Hannover 32 17 10 5 57 : 41 16 44 : 20 3. G\u00f6ttingen 05 32 15 10 7 90 :\u2026","rel":"","context":"Similar post","img":{"alt_text":"","src":"","width":0,"height":0},"classes":[]},{"id":1170,"url":"http:\/\/www.emslandkicker.de\/?page_id=1170","url_meta":{"origin":695,"position":2},"title":"TuS","date":"14. August 2015","format":false,"excerpt":"","rel":"","context":"Similar post","img":{"alt_text":"","src":"","width":0,"height":0},"classes":[]},{"id":536,"url":"http:\/\/www.emslandkicker.de\/?page_id=536","url_meta":{"origin":695,"position":3},"title":"SV Meppen &#8211; Ligachronik","date":"10. November 2014","format":false,"excerpt":"Verein Saison Liga Platz Tab. SV Meppen 1947-48 Verbandsliga Weser-Ems 10. SV Meppen 1948-49 Verbandsliga Weser-Ems 12. SV Meppen 1949-50 Amateurliga 2 6. SV Meppen 1950-51 Amateurliga 2 4. SV Meppen 1951-52 Amateurliga 2 West 8. SV Meppen 1952-53 Amateurliga 2 9. SV Meppen 1953-54 Amateurliga 2 14. SV Meppen\u2026","rel":"","context":"Similar post","img":{"alt_text":"","src":"","width":0,"height":0},"classes":[]},{"id":489,"url":"http:\/\/www.emslandkicker.de\/?page_id=489","url_meta":{"origin":695,"position":4},"title":"Kreisliga 1991-92 Torj\u00e4ger","date":"9. November 2014","format":false,"excerpt":"Torj\u00e4ger der Kreisliga Mitte 1991-92 1. Die Ostermann (SV Holte) 26 2. Manfred K\u00f6hne (Conc. Schleper) 22 3. Norbert Bruns (DJK Geeste) 19 4. Ewald Pohlmann (SG L\u00e4hden) 18 5. Hans B\u00fcter (Eintr. Ber\u00dfen) 17 6. Hermann Backsmann (SV Holte) 15 Josef Gerdelmann (Conc. Schleper) 15 8. Niemann (DJK Geeste)\u2026","rel":"","context":"Similar post","img":{"alt_text":"","src":"","width":0,"height":0},"classes":[]},{"id":823,"url":"http:\/\/www.emslandkicker.de\/?page_id=823","url_meta":{"origin":695,"position":5},"title":"TuS Lingen &#8211; Ligachronik","date":"28. November 2014","format":false,"excerpt":"Verein Saison Liga Platz Tab. TuS Lingen 1950-51 Bezirksklasse EL 1. TuS Lingen 1951-52 Amateurliga 2 11. TuS Lingen 1952-53 Bezirksklasse EL 3. TuS Lingen 1953-54 Bezirksklasse EL 1. TuS Lingen 1954-55 Amateurliga 2 1. TuS Lingen 1955-56 Amateur-Oberliga W 15. TuS Lingen 1956-57 Amateurliga 8 2. TuS Lingen 1957-58\u2026","rel":"","context":"Similar post","img":{"alt_text":"","src":"","width":0,"height":0},"classes":[]}],"jetpack_likes_enabled":true,"_links":{"self":[{"href":"http:\/\/www.emslandkicker.de\/index.php?rest_route=\/wp\/v2\/pages\/695","targetHints":{"allow":["GET"]}}],"collection":[{"href":"http:\/\/www.emslandkicker.de\/index.php?rest_route=\/wp\/v2\/pages"}],"about":[{"href":"http:\/\/www.emslandkicker.de\/index.php?rest_route=\/wp\/v2\/types\/page"}],"author":[{"embeddable":true,"href":"http:\/\/www.emslandkicker.de\/index.php?rest_route=\/wp\/v2\/users\/1"}],"replies":[{"embeddable":true,"href":"http:\/\/www.emslandkicker.de\/index.php?rest_route=%2Fwp%2Fv2%2Fcomments&post=695"}],"version-history":[{"count":0,"href":"http:\/\/www.emslandkicker.de\/index.php?rest_route=\/wp\/v2\/pages\/695\/revisions"}],"up":[{"embeddable":true,"href":"http:\/\/www.emslandkicker.de\/index.php?rest_route=\/wp\/v2\/pages\/621"}],"wp:featuredmedia":[{"embeddable":true,"href":"http:\/\/www.emslandkicker.de\/index.php?rest_route=\/wp\/v2\/media\/203"}],"wp:attachment":[{"href":"http:\/\/www.emslandkicker.de\/index.php?rest_route=%2Fwp%2Fv2%2Fmedia&parent=695"}],"curies":[{"name":"wp","href":"https:\/\/api.w.org\/{rel}","templated":true}]}}