{"id":754,"date":"2014-11-24T23:51:17","date_gmt":"2014-11-24T21:51:17","guid":{"rendered":"http:\/\/www.emslandkicker.de\/?page_id=754"},"modified":"2014-11-25T10:07:21","modified_gmt":"2014-11-25T08:07:21","slug":"tabelle-bezirksklasse-el-1956-57","status":"publish","type":"page","link":"http:\/\/www.emslandkicker.de\/?page_id=754","title":{"rendered":"Tabelle Bezirksklasse EL 1956-57"},"content":{"rendered":"<div class=\"pdfprnt-buttons pdfprnt-buttons-page pdfprnt-top-right\"><a href=\"http:\/\/www.emslandkicker.de\/index.php?rest_route=%2Fwp%2Fv2%2Fpages%2F754&print=pdf\" class=\"pdfprnt-button pdfprnt-button-pdf\" target=\"_blank\"><img decoding=\"async\" src=\"https:\/\/i0.wp.com\/www.emslandkicker.de\/wp-content\/plugins\/pdf-print\/images\/pdf.png?w=610\" alt=\"image_pdf\" title=\"View PDF\" data-recalc-dims=\"1\" \/><\/a><a href=\"http:\/\/www.emslandkicker.de\/index.php?rest_route=%2Fwp%2Fv2%2Fpages%2F754&print=print\" class=\"pdfprnt-button pdfprnt-button-print\" target=\"_blank\"><img decoding=\"async\" src=\"https:\/\/i0.wp.com\/www.emslandkicker.de\/wp-content\/plugins\/pdf-print\/images\/print.png?w=610\" alt=\"image_print\" title=\"Print Content\" data-recalc-dims=\"1\" \/><\/a><\/div><table width=\"100%&quot;\" cellspacing=\"5\" cellpadding=\"0\">\n<tbody>\n<tr>\n<td colspan=\"10\"><strong>Bezirksklasse EL 1956-57<\/strong><\/td>\n<\/tr>\n<tr>\n<td bgcolor=\"#CCCCCC\"><strong>Pl.<\/strong><\/td>\n<td bgcolor=\"#CCCCCC\"><strong>Verein<\/strong><\/td>\n<td bgcolor=\"#CCCCCC\"><strong>Sp<\/strong><\/td>\n<td colspan=\"3\" bgcolor=\"#CCCCCC\"><strong>Tore<\/strong><\/td>\n<td bgcolor=\"#CCCCCC\"><strong>Diff.<\/strong><\/td>\n<td colspan=\"3\" bgcolor=\"#CCCCCC\"><strong>Pkt.<\/strong><\/td>\n<\/tr>\n<tr>\n<td>1.<\/td>\n<td>SV Meppen<\/td>\n<td align=\"right\">28<\/td>\n<td align=\"right\">103<\/td>\n<td>:<\/td>\n<td align=\"right\">38<\/td>\n<td align=\"right\">65<\/td>\n<td align=\"right\">46<\/td>\n<td>:<\/td>\n<td align=\"right\">10<\/td>\n<\/tr>\n<tr>\n<td>2.<\/td>\n<td>Germ. Papenburg<\/td>\n<td align=\"right\">28<\/td>\n<td align=\"right\">66<\/td>\n<td>:<\/td>\n<td align=\"right\">43<\/td>\n<td align=\"right\">23<\/td>\n<td align=\"right\">37<\/td>\n<td>:<\/td>\n<td align=\"right\">19<\/td>\n<\/tr>\n<tr>\n<td>3.<\/td>\n<td>TuS Haren<\/td>\n<td align=\"right\">28<\/td>\n<td align=\"right\">66<\/td>\n<td>:<\/td>\n<td align=\"right\">42<\/td>\n<td align=\"right\">24<\/td>\n<td align=\"right\">35<\/td>\n<td>:<\/td>\n<td align=\"right\">21<\/td>\n<\/tr>\n<tr>\n<td>4.<\/td>\n<td>Alem. Salzbergen<\/td>\n<td align=\"right\">28<\/td>\n<td align=\"right\">75<\/td>\n<td>:<\/td>\n<td align=\"right\">50<\/td>\n<td align=\"right\">25<\/td>\n<td align=\"right\">34<\/td>\n<td>:<\/td>\n<td align=\"right\">22<\/td>\n<\/tr>\n<tr>\n<td>5.<\/td>\n<td>Conc. Nordhorn<\/td>\n<td align=\"right\">28<\/td>\n<td align=\"right\">78<\/td>\n<td>:<\/td>\n<td align=\"right\">54<\/td>\n<td align=\"right\">24<\/td>\n<td align=\"right\">33<\/td>\n<td>:<\/td>\n<td align=\"right\">23<\/td>\n<\/tr>\n<tr>\n<td>6.<\/td>\n<td>SV Bad Bentheim<\/td>\n<td align=\"right\">28<\/td>\n<td align=\"right\">58<\/td>\n<td>:<\/td>\n<td align=\"right\">39<\/td>\n<td align=\"right\">19<\/td>\n<td align=\"right\">32<\/td>\n<td>:<\/td>\n<td align=\"right\">24<\/td>\n<\/tr>\n<tr>\n<td>7.<\/td>\n<td>Conc. Emsb\u00fcren<\/td>\n<td align=\"right\">28<\/td>\n<td align=\"right\">65<\/td>\n<td>:<\/td>\n<td align=\"right\">52<\/td>\n<td align=\"right\">13<\/td>\n<td align=\"right\">29<\/td>\n<td>:<\/td>\n<td align=\"right\">27<\/td>\n<\/tr>\n<tr>\n<td>8.<\/td>\n<td>Conc. Sch\u00f6ninghsdorf<\/td>\n<td align=\"right\">28<\/td>\n<td align=\"right\">52<\/td>\n<td>:<\/td>\n<td align=\"right\">65<\/td>\n<td align=\"right\">-13<\/td>\n<td align=\"right\">28<\/td>\n<td>:<\/td>\n<td align=\"right\">28<\/td>\n<\/tr>\n<tr>\n<td>9.<\/td>\n<td>Union Emlichheim<\/td>\n<td align=\"right\">28<\/td>\n<td align=\"right\">52<\/td>\n<td>:<\/td>\n<td align=\"right\">47<\/td>\n<td align=\"right\">5<\/td>\n<td align=\"right\">28<\/td>\n<td>:<\/td>\n<td align=\"right\">28<\/td>\n<\/tr>\n<tr>\n<td>10.<\/td>\n<td>SV Dalum<\/td>\n<td align=\"right\">28<\/td>\n<td align=\"right\">70<\/td>\n<td>:<\/td>\n<td align=\"right\">63<\/td>\n<td align=\"right\">7<\/td>\n<td align=\"right\">28<\/td>\n<td>:<\/td>\n<td align=\"right\">28<\/td>\n<\/tr>\n<tr>\n<td>11.<\/td>\n<td>Amisia Papenburg<\/td>\n<td align=\"right\">28<\/td>\n<td align=\"right\">47<\/td>\n<td>:<\/td>\n<td align=\"right\">68<\/td>\n<td align=\"right\">-21<\/td>\n<td align=\"right\">23<\/td>\n<td>:<\/td>\n<td align=\"right\">33<\/td>\n<\/tr>\n<tr>\n<td>12.<\/td>\n<td>TuS Gildehaus<\/td>\n<td align=\"right\">28<\/td>\n<td align=\"right\">47<\/td>\n<td>:<\/td>\n<td align=\"right\">86<\/td>\n<td align=\"right\">-39<\/td>\n<td align=\"right\">22<\/td>\n<td>:<\/td>\n<td align=\"right\">34<\/td>\n<\/tr>\n<tr>\n<td>13.<\/td>\n<td>BW L\u00fcnne<\/td>\n<td align=\"right\">28<\/td>\n<td align=\"right\">56<\/td>\n<td>:<\/td>\n<td align=\"right\">80<\/td>\n<td align=\"right\">-24<\/td>\n<td align=\"right\">18<\/td>\n<td>:<\/td>\n<td align=\"right\">38<\/td>\n<\/tr>\n<tr>\n<td>14.<\/td>\n<td>VfL R\u00fctenbrock<\/td>\n<td align=\"right\">28<\/td>\n<td align=\"right\">44<\/td>\n<td>:<\/td>\n<td align=\"right\">80<\/td>\n<td align=\"right\">-36<\/td>\n<td align=\"right\">18<\/td>\n<td>:<\/td>\n<td align=\"right\">38<\/td>\n<\/tr>\n<tr>\n<td>15.<\/td>\n<td>Oly. Laxten<\/td>\n<td align=\"right\">28<\/td>\n<td align=\"right\">32<\/td>\n<td>:<\/td>\n<td align=\"right\">105<\/td>\n<td align=\"right\">-73<\/td>\n<td align=\"right\">11<\/td>\n<td>:<\/td>\n<td align=\"right\">45<\/td>\n<\/tr>\n<\/tbody>\n<\/table>\n<div class=\"sharedaddy sd-sharing-enabled\"><div class=\"robots-nocontent sd-block sd-social sd-social-official sd-sharing\"><h3 class=\"sd-title\">Teilen mit:<\/h3><div class=\"sd-content\"><ul><li class=\"share-facebook\"><div class=\"fb-share-button\" data-href=\"http:\/\/www.emslandkicker.de\/?page_id=754\" data-layout=\"button_count\"><\/div><\/li><li class=\"share-twitter\"><a href=\"https:\/\/twitter.com\/share\" class=\"twitter-share-button\" data-url=\"http:\/\/www.emslandkicker.de\/?page_id=754\" data-text=\"Tabelle Bezirksklasse EL 1956-57\" data-via=\"Emslandkicker\" >Tweet<\/a><\/li><li class=\"share-email\"><a rel=\"nofollow noopener noreferrer\" data-shared=\"\" class=\"share-email sd-button\" href=\"mailto:?subject=%5BGeteilter%20Beitrag%5D%20Tabelle%20Bezirksklasse%20EL%201956-57&body=http%3A%2F%2Fwww.emslandkicker.de%2F%3Fpage_id%3D754&share=email\" target=\"_blank\" title=\"Click to email a link to a friend\" data-email-share-error-title=\"Do you have email set up?\" data-email-share-error-text=\"If you&#039;re having problems sharing via email, you might not have email set up for your browser. You may need to create a new email yourself.\" data-email-share-nonce=\"ed0ad6c745\" data-email-share-track-url=\"http:\/\/www.emslandkicker.de\/?page_id=754&amp;share=email\"><span>E-Mail<\/span><\/a><\/li><li class=\"share-print\"><a rel=\"nofollow noopener noreferrer\" data-shared=\"\" class=\"share-print sd-button\" href=\"http:\/\/www.emslandkicker.de\/?page_id=754\" target=\"_blank\" title=\"Klicken zum Ausdrucken\" ><span>Drucken<\/span><\/a><\/li><li class=\"share-end\"><\/li><\/ul><\/div><\/div><\/div>","protected":false},"excerpt":{"rendered":"<p>Bezirksklasse EL 1956-57 Pl. Verein Sp Tore Diff. Pkt. 1. SV Meppen 28 103 : 38 65 46 : 10 2. Germ. Papenburg 28 66 : 43 23 37 : 19 3. TuS Haren 28 66 : 42 24 35 : 21 4. Alem. Salzbergen 28 75 : 50 25 34 : 22 5. Conc. [&hellip;]<\/p>\n<div class=\"sharedaddy sd-sharing-enabled\"><div class=\"robots-nocontent sd-block sd-social sd-social-official sd-sharing\"><h3 class=\"sd-title\">Teilen mit:<\/h3><div class=\"sd-content\"><ul><li class=\"share-facebook\"><div class=\"fb-share-button\" data-href=\"http:\/\/www.emslandkicker.de\/?page_id=754\" data-layout=\"button_count\"><\/div><\/li><li class=\"share-twitter\"><a href=\"https:\/\/twitter.com\/share\" class=\"twitter-share-button\" data-url=\"http:\/\/www.emslandkicker.de\/?page_id=754\" data-text=\"Tabelle Bezirksklasse EL 1956-57\" data-via=\"Emslandkicker\" >Tweet<\/a><\/li><li class=\"share-email\"><a rel=\"nofollow noopener noreferrer\" data-shared=\"\" class=\"share-email sd-button\" href=\"mailto:?subject=%5BGeteilter%20Beitrag%5D%20Tabelle%20Bezirksklasse%20EL%201956-57&body=http%3A%2F%2Fwww.emslandkicker.de%2F%3Fpage_id%3D754&share=email\" target=\"_blank\" title=\"Click to email a link to a friend\" data-email-share-error-title=\"Do you have email set up?\" data-email-share-error-text=\"If you&#039;re having problems sharing via email, you might not have email set up for your browser. You may need to create a new email yourself.\" data-email-share-nonce=\"ed0ad6c745\" data-email-share-track-url=\"http:\/\/www.emslandkicker.de\/?page_id=754&amp;share=email\"><span>E-Mail<\/span><\/a><\/li><li class=\"share-print\"><a rel=\"nofollow noopener noreferrer\" data-shared=\"\" class=\"share-print sd-button\" href=\"http:\/\/www.emslandkicker.de\/?page_id=754\" target=\"_blank\" title=\"Klicken zum Ausdrucken\" ><span>Drucken<\/span><\/a><\/li><li class=\"share-end\"><\/li><\/ul><\/div><\/div><\/div>","protected":false},"author":1,"featured_media":203,"parent":614,"menu_order":36,"comment_status":"open","ping_status":"open","template":"","meta":{"footnotes":""},"class_list":["post-754","page","type-page","status-publish","has-post-thumbnail","hentry"],"jetpack_sharing_enabled":true,"jetpack_shortlink":"https:\/\/wp.me\/P5etIj-ca","jetpack-related-posts":[{"id":788,"url":"http:\/\/www.emslandkicker.de\/?page_id=788","url_meta":{"origin":754,"position":0},"title":"Tabelle Bezirksklasse EL 1965-66","date":"25. November 2014","format":false,"excerpt":"Bezirksklasse EL 1965-66 Pl. Verein Sp S U N Tore Diff. Pkt. 1. Union Meppen 30 21 4 5 100 : 41 59 46 : 14 2. SV Holte 30 17 5 8 71 : 59 12 39 : 21 3. SuS Rhede 30 16 4 10 74 : 51\u2026","rel":"","context":"Similar post","img":{"alt_text":"","src":"","width":0,"height":0},"classes":[]},{"id":749,"url":"http:\/\/www.emslandkicker.de\/?page_id=749","url_meta":{"origin":754,"position":1},"title":"Tabelle Bezirksklasse EL 1951-52","date":"24. November 2014","format":false,"excerpt":"Bezirksklasse EL 1951-52 Pl. Verein Sp Tore Diff. Pkt. 1. SV Dalum 28 83 : 48 35 42 : 14 2. Union Meppen 28 78 : 33 45 42 : 14 3. Amisia Papenburg 28 92 : 48 44 41 : 15 4. VfL Herzlake 28 99 : 57 42\u2026","rel":"","context":"Similar post","img":{"alt_text":"","src":"","width":0,"height":0},"classes":[]},{"id":553,"url":"http:\/\/www.emslandkicker.de\/?page_id=553","url_meta":{"origin":754,"position":2},"title":"Tabelle Bezirksklasse EL 1949-50","date":"11. November 2014","format":false,"excerpt":"Bezirksklasse EL 1949-50 Pl. Verein Sp Tore Diff. Pkt 1. Hasel\u00fcnner SV 22 43 : 22 21 35 : 9 2. Sparta Werlte 22 65 : 32 33 34 : 10 3. Amisia Papenburg 22 66 : 33 33 33 : 11 4. Germ. Papenburg 22 57 : 34 23\u2026","rel":"","context":"Similar post","img":{"alt_text":"","src":"","width":0,"height":0},"classes":[]},{"id":614,"url":"http:\/\/www.emslandkicker.de\/?page_id=614","url_meta":{"origin":754,"position":3},"title":"Meister Bezirksklasse seit 1949-50","date":"13. November 2014","format":false,"excerpt":"Saison Bezirksklasse EL Tab. 1949-50 Hasel\u00fcnner SV 1950-51 TuS Lingen 1951-52 SV Dalum 1952-53 Hasel\u00fcnner SV 1953-54 TuS Lingen 1954-55 Union Meppen 1955-56 1956-57 SV Meppen 1957-58 1958-59 1959-60 Conc. Emsb\u00fcrren 1960-61 1961-62 Alem. Salzbergen 1962-63 Eintr. Nordhorn 2 1963-64 Amisia Papenburg 1964-65 SF Schwefingen 1965-66 Union Meppen 1966-67 Sparta\u2026","rel":"","context":"Similar post","img":{"alt_text":"","src":"","width":0,"height":0},"classes":[]},{"id":747,"url":"http:\/\/www.emslandkicker.de\/?page_id=747","url_meta":{"origin":754,"position":4},"title":"Tabelle Bezirksklasse EL 1950-51","date":"24. November 2014","format":false,"excerpt":"Bezirksklasse EL 1950-51 Pl. Verein Sp Tore Diff. Pkt. 1. TuS Lingen 26 96 : 33 63 41 : 11 2. Union Meppen 26 75 : 47 28 38 : 14 3. Germ. Papenburg 26 71 : 43 28 38 : 14 4. Amisia Papenburg 26 71 : 27 44\u2026","rel":"","context":"Similar post","img":{"alt_text":"","src":"","width":0,"height":0},"classes":[]},{"id":760,"url":"http:\/\/www.emslandkicker.de\/?page_id=760","url_meta":{"origin":754,"position":5},"title":"Tabelle Bezirksklasse Mitte 1970-71","date":"25. November 2014","format":false,"excerpt":"Bezirksklasse Mitte 1970-71 Pl. Verein Sp Tore Diff. Pkt. 1. TuS Lingen 30 83 : 28 55 51 : 9 2. Conc. Belm-P. 30 77 : 36 41 44 : 16 3. FC Leschede 30 66 : 45 21 37 : 23 4. ASV Altenlingen 30 49 : 42 7\u2026","rel":"","context":"Similar post","img":{"alt_text":"","src":"","width":0,"height":0},"classes":[]}],"jetpack_likes_enabled":true,"_links":{"self":[{"href":"http:\/\/www.emslandkicker.de\/index.php?rest_route=\/wp\/v2\/pages\/754","targetHints":{"allow":["GET"]}}],"collection":[{"href":"http:\/\/www.emslandkicker.de\/index.php?rest_route=\/wp\/v2\/pages"}],"about":[{"href":"http:\/\/www.emslandkicker.de\/index.php?rest_route=\/wp\/v2\/types\/page"}],"author":[{"embeddable":true,"href":"http:\/\/www.emslandkicker.de\/index.php?rest_route=\/wp\/v2\/users\/1"}],"replies":[{"embeddable":true,"href":"http:\/\/www.emslandkicker.de\/index.php?rest_route=%2Fwp%2Fv2%2Fcomments&post=754"}],"version-history":[{"count":0,"href":"http:\/\/www.emslandkicker.de\/index.php?rest_route=\/wp\/v2\/pages\/754\/revisions"}],"up":[{"embeddable":true,"href":"http:\/\/www.emslandkicker.de\/index.php?rest_route=\/wp\/v2\/pages\/614"}],"wp:featuredmedia":[{"embeddable":true,"href":"http:\/\/www.emslandkicker.de\/index.php?rest_route=\/wp\/v2\/media\/203"}],"wp:attachment":[{"href":"http:\/\/www.emslandkicker.de\/index.php?rest_route=%2Fwp%2Fv2%2Fmedia&parent=754"}],"curies":[{"name":"wp","href":"https:\/\/api.w.org\/{rel}","templated":true}]}}