{"id":777,"date":"2014-11-25T10:01:14","date_gmt":"2014-11-25T08:01:14","guid":{"rendered":"http:\/\/www.emslandkicker.de\/?page_id=777"},"modified":"2014-11-25T10:08:57","modified_gmt":"2014-11-25T08:08:57","slug":"tabelle-bezirksklasse-nord-1975-76","status":"publish","type":"page","link":"http:\/\/www.emslandkicker.de\/?page_id=777","title":{"rendered":"Tabelle Bezirksklasse Nord 1975-76"},"content":{"rendered":"<div class=\"pdfprnt-buttons pdfprnt-buttons-page pdfprnt-top-right\"><a href=\"http:\/\/www.emslandkicker.de\/index.php?rest_route=%2Fwp%2Fv2%2Fpages%2F777&print=pdf\" class=\"pdfprnt-button pdfprnt-button-pdf\" target=\"_blank\"><img decoding=\"async\" src=\"https:\/\/i0.wp.com\/www.emslandkicker.de\/wp-content\/plugins\/pdf-print\/images\/pdf.png?w=610\" alt=\"image_pdf\" title=\"View PDF\" data-recalc-dims=\"1\" \/><\/a><a href=\"http:\/\/www.emslandkicker.de\/index.php?rest_route=%2Fwp%2Fv2%2Fpages%2F777&print=print\" class=\"pdfprnt-button pdfprnt-button-print\" target=\"_blank\"><img decoding=\"async\" src=\"https:\/\/i0.wp.com\/www.emslandkicker.de\/wp-content\/plugins\/pdf-print\/images\/print.png?w=610\" alt=\"image_print\" title=\"Print Content\" data-recalc-dims=\"1\" \/><\/a><\/div><table width=\"100%\" cellspacing=\"5\" cellpadding=\"0\">\n<tbody>\n<tr>\n<td colspan=\"10\"><strong>Bezirksklasse Nord 1975-76<\/strong><\/td>\n<\/tr>\n<tr>\n<td bgcolor=\"#CCCCCC\"><strong>Pl.<\/strong><\/td>\n<td bgcolor=\"#CCCCCC\"><strong>Verein<\/strong><\/td>\n<td bgcolor=\"#CCCCCC\"><strong>Sp<\/strong><\/td>\n<td colspan=\"3\" bgcolor=\"#CCCCCC\"><strong>Tore<\/strong><\/td>\n<td bgcolor=\"#CCCCCC\"><strong>Diff.<\/strong><\/td>\n<td colspan=\"3\" bgcolor=\"#CCCCCC\"><strong>Pkt.<\/strong><\/td>\n<\/tr>\n<tr>\n<td bgcolor=\"#66ff33\">1.<\/td>\n<td bgcolor=\"#66ff33\">Grenzl. Twist<\/td>\n<td align=\"right\" bgcolor=\"#66ff33\">30<\/td>\n<td align=\"right\" bgcolor=\"#66ff33\">95<\/td>\n<td bgcolor=\"#66ff33\">:<\/td>\n<td align=\"right\" bgcolor=\"#66ff33\">48<\/td>\n<td align=\"right\" bgcolor=\"#66ff33\">47<\/td>\n<td align=\"right\" bgcolor=\"#66ff33\">47<\/td>\n<td bgcolor=\"#66ff33\">:<\/td>\n<td align=\"right\" bgcolor=\"#66ff33\">13<\/td>\n<\/tr>\n<tr>\n<td>2.<\/td>\n<td>Union Emlichheim (A)<\/td>\n<td align=\"right\">30<\/td>\n<td align=\"right\">60<\/td>\n<td>:<\/td>\n<td align=\"right\">36<\/td>\n<td align=\"right\">24<\/td>\n<td align=\"right\">40<\/td>\n<td>:<\/td>\n<td align=\"right\">20<\/td>\n<\/tr>\n<tr>\n<td>3.<\/td>\n<td>TuS Haren<\/td>\n<td align=\"right\">30<\/td>\n<td align=\"right\">53<\/td>\n<td>:<\/td>\n<td align=\"right\">41<\/td>\n<td align=\"right\">12<\/td>\n<td align=\"right\">37<\/td>\n<td>:<\/td>\n<td align=\"right\">23<\/td>\n<\/tr>\n<tr>\n<td>4.<\/td>\n<td>Conc. Emsb\u00fcren (N)<\/td>\n<td align=\"right\">30<\/td>\n<td align=\"right\">64<\/td>\n<td>:<\/td>\n<td align=\"right\">44<\/td>\n<td align=\"right\">20<\/td>\n<td align=\"right\">36<\/td>\n<td>:<\/td>\n<td align=\"right\">24<\/td>\n<\/tr>\n<tr>\n<td>5.<\/td>\n<td>SV Meppen 2 (N)<\/td>\n<td align=\"right\">30<\/td>\n<td align=\"right\">66<\/td>\n<td>:<\/td>\n<td align=\"right\">44<\/td>\n<td align=\"right\">22<\/td>\n<td align=\"right\">34<\/td>\n<td>:<\/td>\n<td align=\"right\">26<\/td>\n<\/tr>\n<tr>\n<td>6.<\/td>\n<td>Conc. Sch\u00f6ninghsdorf<\/td>\n<td align=\"right\">30<\/td>\n<td align=\"right\">61<\/td>\n<td>:<\/td>\n<td align=\"right\">54<\/td>\n<td align=\"right\">7<\/td>\n<td align=\"right\">32<\/td>\n<td>:<\/td>\n<td align=\"right\">28<\/td>\n<\/tr>\n<tr>\n<td>7.<\/td>\n<td>Bor. Neuenhaus<\/td>\n<td align=\"right\">30<\/td>\n<td align=\"right\">51<\/td>\n<td>:<\/td>\n<td align=\"right\">47<\/td>\n<td align=\"right\">4<\/td>\n<td align=\"right\">32<\/td>\n<td>:<\/td>\n<td align=\"right\">28<\/td>\n<\/tr>\n<tr>\n<td>8.<\/td>\n<td>Union Lohne (?)<\/td>\n<td align=\"right\">30<\/td>\n<td align=\"right\">55<\/td>\n<td>:<\/td>\n<td align=\"right\">34<\/td>\n<td align=\"right\">21<\/td>\n<td align=\"right\">31<\/td>\n<td>:<\/td>\n<td align=\"right\">29<\/td>\n<\/tr>\n<tr>\n<td>9.<\/td>\n<td>SV B\u00f6rgerwald<\/td>\n<td align=\"right\">30<\/td>\n<td align=\"right\">45<\/td>\n<td>:<\/td>\n<td align=\"right\">51<\/td>\n<td align=\"right\">-6<\/td>\n<td align=\"right\">31<\/td>\n<td>:<\/td>\n<td align=\"right\">29<\/td>\n<\/tr>\n<tr>\n<td>10.<\/td>\n<td>SuS Rhede (N)<\/td>\n<td align=\"right\">30<\/td>\n<td align=\"right\">46<\/td>\n<td>:<\/td>\n<td align=\"right\">59<\/td>\n<td align=\"right\">-13<\/td>\n<td align=\"right\">29<\/td>\n<td>:<\/td>\n<td align=\"right\">31<\/td>\n<\/tr>\n<tr>\n<td>11.<\/td>\n<td>Raspo Lathen<\/td>\n<td align=\"right\">30<\/td>\n<td align=\"right\">63<\/td>\n<td>:<\/td>\n<td align=\"right\">57<\/td>\n<td align=\"right\">6<\/td>\n<td align=\"right\">27<\/td>\n<td>:<\/td>\n<td align=\"right\">33<\/td>\n<\/tr>\n<tr>\n<td>12.<\/td>\n<td>\u00a0SV Wietmarschen (N)<\/td>\n<td align=\"right\">30<\/td>\n<td align=\"right\">43<\/td>\n<td>:<\/td>\n<td align=\"right\">48<\/td>\n<td align=\"right\">-5<\/td>\n<td align=\"right\">27<\/td>\n<td>:<\/td>\n<td align=\"right\">33<\/td>\n<\/tr>\n<tr>\n<td>13.<\/td>\n<td>SV Holthausen-B. (N)<\/td>\n<td align=\"right\">30<\/td>\n<td align=\"right\">36<\/td>\n<td>:<\/td>\n<td align=\"right\">57<\/td>\n<td align=\"right\">-21<\/td>\n<td align=\"right\">24<\/td>\n<td>:<\/td>\n<td align=\"right\">36<\/td>\n<\/tr>\n<tr>\n<td bgcolor=\"#ff9999\">14.<\/td>\n<td bgcolor=\"#ff9999\">DJK Fehndorf<\/td>\n<td align=\"right\" bgcolor=\"#ff9999\">30<\/td>\n<td align=\"right\" bgcolor=\"#ff9999\">31<\/td>\n<td bgcolor=\"#ff9999\">:<\/td>\n<td align=\"right\" bgcolor=\"#ff9999\">64<\/td>\n<td align=\"right\" bgcolor=\"#ff9999\">-33<\/td>\n<td align=\"right\" bgcolor=\"#ff9999\">21<\/td>\n<td bgcolor=\"#ff9999\">:<\/td>\n<td align=\"right\" bgcolor=\"#ff9999\">39<\/td>\n<\/tr>\n<tr>\n<td bgcolor=\"#ff9999\">15.<\/td>\n<td bgcolor=\"#ff9999\">RW Heede<\/td>\n<td align=\"right\" bgcolor=\"#ff9999\">30<\/td>\n<td align=\"right\" bgcolor=\"#ff9999\">28<\/td>\n<td bgcolor=\"#ff9999\">:<\/td>\n<td align=\"right\" bgcolor=\"#ff9999\">65<\/td>\n<td align=\"right\" bgcolor=\"#ff9999\">-37<\/td>\n<td align=\"right\" bgcolor=\"#ff9999\">19<\/td>\n<td bgcolor=\"#ff9999\">:<\/td>\n<td align=\"right\" bgcolor=\"#ff9999\">41<\/td>\n<\/tr>\n<tr>\n<td bgcolor=\"#ff9999\">16.<\/td>\n<td bgcolor=\"#ff9999\">BW D\u00f6rpen<\/td>\n<td align=\"right\" bgcolor=\"#ff9999\">30<\/td>\n<td align=\"right\" bgcolor=\"#ff9999\">29<\/td>\n<td bgcolor=\"#ff9999\">:<\/td>\n<td align=\"right\" bgcolor=\"#ff9999\">77<\/td>\n<td align=\"right\" bgcolor=\"#ff9999\">-48<\/td>\n<td align=\"right\" bgcolor=\"#ff9999\">13<\/td>\n<td bgcolor=\"#ff9999\">:<\/td>\n<td align=\"right\" bgcolor=\"#ff9999\">47<\/td>\n<\/tr>\n<\/tbody>\n<\/table>\n<div class=\"sharedaddy sd-sharing-enabled\"><div class=\"robots-nocontent sd-block sd-social sd-social-official sd-sharing\"><h3 class=\"sd-title\">Teilen mit:<\/h3><div class=\"sd-content\"><ul><li class=\"share-facebook\"><div class=\"fb-share-button\" data-href=\"http:\/\/www.emslandkicker.de\/?page_id=777\" data-layout=\"button_count\"><\/div><\/li><li class=\"share-twitter\"><a href=\"https:\/\/twitter.com\/share\" class=\"twitter-share-button\" data-url=\"http:\/\/www.emslandkicker.de\/?page_id=777\" data-text=\"Tabelle Bezirksklasse Nord 1975-76\" data-via=\"Emslandkicker\" >Tweet<\/a><\/li><li class=\"share-email\"><a rel=\"nofollow noopener noreferrer\" data-shared=\"\" class=\"share-email sd-button\" href=\"mailto:?subject=%5BGeteilter%20Beitrag%5D%20Tabelle%20Bezirksklasse%20Nord%201975-76&body=http%3A%2F%2Fwww.emslandkicker.de%2F%3Fpage_id%3D777&share=email\" target=\"_blank\" title=\"Click to email a link to a friend\" data-email-share-error-title=\"Do you have email set up?\" data-email-share-error-text=\"If you&#039;re having problems sharing via email, you might not have email set up for your browser. You may need to create a new email yourself.\" data-email-share-nonce=\"1ea8706a87\" data-email-share-track-url=\"http:\/\/www.emslandkicker.de\/?page_id=777&amp;share=email\"><span>E-Mail<\/span><\/a><\/li><li class=\"share-print\"><a rel=\"nofollow noopener noreferrer\" data-shared=\"\" class=\"share-print sd-button\" href=\"http:\/\/www.emslandkicker.de\/?page_id=777\" target=\"_blank\" title=\"Klicken zum Ausdrucken\" ><span>Drucken<\/span><\/a><\/li><li class=\"share-end\"><\/li><\/ul><\/div><\/div><\/div>","protected":false},"excerpt":{"rendered":"<p>Bezirksklasse Nord 1975-76 Pl. Verein Sp Tore Diff. Pkt. 1. Grenzl. Twist 30 95 : 48 47 47 : 13 2. Union Emlichheim (A) 30 60 : 36 24 40 : 20 3. TuS Haren 30 53 : 41 12 37 : 23 4. Conc. Emsb\u00fcren (N) 30 64 : 44 20 36 : 24 [&hellip;]<\/p>\n<div class=\"sharedaddy sd-sharing-enabled\"><div class=\"robots-nocontent sd-block sd-social sd-social-official sd-sharing\"><h3 class=\"sd-title\">Teilen mit:<\/h3><div class=\"sd-content\"><ul><li class=\"share-facebook\"><div class=\"fb-share-button\" data-href=\"http:\/\/www.emslandkicker.de\/?page_id=777\" data-layout=\"button_count\"><\/div><\/li><li class=\"share-twitter\"><a href=\"https:\/\/twitter.com\/share\" class=\"twitter-share-button\" data-url=\"http:\/\/www.emslandkicker.de\/?page_id=777\" data-text=\"Tabelle Bezirksklasse Nord 1975-76\" data-via=\"Emslandkicker\" >Tweet<\/a><\/li><li class=\"share-email\"><a rel=\"nofollow noopener noreferrer\" data-shared=\"\" class=\"share-email sd-button\" href=\"mailto:?subject=%5BGeteilter%20Beitrag%5D%20Tabelle%20Bezirksklasse%20Nord%201975-76&body=http%3A%2F%2Fwww.emslandkicker.de%2F%3Fpage_id%3D777&share=email\" target=\"_blank\" title=\"Click to email a link to a friend\" data-email-share-error-title=\"Do you have email set up?\" data-email-share-error-text=\"If you&#039;re having problems sharing via email, you might not have email set up for your browser. You may need to create a new email yourself.\" data-email-share-nonce=\"1ea8706a87\" data-email-share-track-url=\"http:\/\/www.emslandkicker.de\/?page_id=777&amp;share=email\"><span>E-Mail<\/span><\/a><\/li><li class=\"share-print\"><a rel=\"nofollow noopener noreferrer\" data-shared=\"\" class=\"share-print sd-button\" href=\"http:\/\/www.emslandkicker.de\/?page_id=777\" target=\"_blank\" title=\"Klicken zum Ausdrucken\" ><span>Drucken<\/span><\/a><\/li><li class=\"share-end\"><\/li><\/ul><\/div><\/div><\/div>","protected":false},"author":1,"featured_media":203,"parent":614,"menu_order":53,"comment_status":"open","ping_status":"open","template":"","meta":{"footnotes":""},"class_list":["post-777","page","type-page","status-publish","has-post-thumbnail","hentry"],"jetpack_sharing_enabled":true,"jetpack_shortlink":"https:\/\/wp.me\/P5etIj-cx","jetpack-related-posts":[{"id":767,"url":"http:\/\/www.emslandkicker.de\/?page_id=767","url_meta":{"origin":777,"position":0},"title":"Tabelle Bezirksklasse Nord 1971-72","date":"25. November 2014","format":false,"excerpt":"Bezirksklasse Nord 1971-72 Pl. Verein Sp Tore Diff. Pkt. 1. TuS Aschendorf 30 76 : 44 32 40 : 20 2. WE Nordhorn 30 63 : 44 19 39 : 21 3. VfL Nordhorn 30 63 : 50 13 37 : 23 4. Raspo Lathen (N) 30 52 : 50\u2026","rel":"","context":"Similar post","img":{"alt_text":"","src":"","width":0,"height":0},"classes":[]},{"id":614,"url":"http:\/\/www.emslandkicker.de\/?page_id=614","url_meta":{"origin":777,"position":1},"title":"Meister Bezirksklasse seit 1949-50","date":"13. November 2014","format":false,"excerpt":"Saison Bezirksklasse EL Tab. 1949-50 Hasel\u00fcnner SV 1950-51 TuS Lingen 1951-52 SV Dalum 1952-53 Hasel\u00fcnner SV 1953-54 TuS Lingen 1954-55 Union Meppen 1955-56 1956-57 SV Meppen 1957-58 1958-59 1959-60 Conc. Emsb\u00fcrren 1960-61 1961-62 Alem. Salzbergen 1962-63 Eintr. Nordhorn 2 1963-64 Amisia Papenburg 1964-65 SF Schwefingen 1965-66 Union Meppen 1966-67 Sparta\u2026","rel":"","context":"Similar post","img":{"alt_text":"","src":"","width":0,"height":0},"classes":[]},{"id":751,"url":"http:\/\/www.emslandkicker.de\/?page_id=751","url_meta":{"origin":777,"position":2},"title":"Tabelle Bezirksklasse EL 1952-53","date":"24. November 2014","format":false,"excerpt":"Bezirksklasse EL 1952-53 Pl. Verein Sp Tore Diff. Pkt. 1. Hasel\u00fcnner SV 32 189 : 37 152 59 : 5 2. Eintr. Nordhorn 2 32 110 : 42 68 50 : 14 3. TuS Lingen 32 107 : 45 62 49 : 15 4. Vorw. Nordhorn 32 101 : 85\u2026","rel":"","context":"Similar post","img":{"alt_text":"","src":"","width":0,"height":0},"classes":[]},{"id":769,"url":"http:\/\/www.emslandkicker.de\/?page_id=769","url_meta":{"origin":777,"position":3},"title":"Tabelle Bezirksklasse Nord 1972-73","date":"25. November 2014","format":false,"excerpt":"Bezirksklasse Nord 1972-73 Pl. Verein Sp Tore Diff. Pkt. 1. WE Nordhorn 30 80 : 38 42 46 : 14 2. Vorw. Nordhorn (?) 30 72 : 28 44 44 : 16 3. VfL Nordhorn 30 60 : 51 9 34 : 26 4. Grenzl. Twist 30 51 : 47\u2026","rel":"","context":"Similar post","img":{"alt_text":"","src":"","width":0,"height":0},"classes":[]},{"id":774,"url":"http:\/\/www.emslandkicker.de\/?page_id=774","url_meta":{"origin":777,"position":4},"title":"Tabelle Bezirksklasse Nord 1974-75","date":"25. November 2014","format":false,"excerpt":"Bezirksklasse Nord 1974-75 Pl. Verein Sp Tore Diff. Pkt. 1. Union Meppen 30 61 : 33 28 44 : 16 2. TuS Haren (N) 30 64 : 29 35 43 : 17 3. Bor. Neuenhaus (N) 30 62 : 35 27 36 : 24 4. Sparta Nordhorn 30 60 :\u2026","rel":"","context":"Similar post","img":{"alt_text":"","src":"","width":0,"height":0},"classes":[]},{"id":788,"url":"http:\/\/www.emslandkicker.de\/?page_id=788","url_meta":{"origin":777,"position":5},"title":"Tabelle Bezirksklasse EL 1965-66","date":"25. November 2014","format":false,"excerpt":"Bezirksklasse EL 1965-66 Pl. Verein Sp S U N Tore Diff. Pkt. 1. Union Meppen 30 21 4 5 100 : 41 59 46 : 14 2. SV Holte 30 17 5 8 71 : 59 12 39 : 21 3. SuS Rhede 30 16 4 10 74 : 51\u2026","rel":"","context":"Similar post","img":{"alt_text":"","src":"","width":0,"height":0},"classes":[]}],"jetpack_likes_enabled":true,"_links":{"self":[{"href":"http:\/\/www.emslandkicker.de\/index.php?rest_route=\/wp\/v2\/pages\/777","targetHints":{"allow":["GET"]}}],"collection":[{"href":"http:\/\/www.emslandkicker.de\/index.php?rest_route=\/wp\/v2\/pages"}],"about":[{"href":"http:\/\/www.emslandkicker.de\/index.php?rest_route=\/wp\/v2\/types\/page"}],"author":[{"embeddable":true,"href":"http:\/\/www.emslandkicker.de\/index.php?rest_route=\/wp\/v2\/users\/1"}],"replies":[{"embeddable":true,"href":"http:\/\/www.emslandkicker.de\/index.php?rest_route=%2Fwp%2Fv2%2Fcomments&post=777"}],"version-history":[{"count":0,"href":"http:\/\/www.emslandkicker.de\/index.php?rest_route=\/wp\/v2\/pages\/777\/revisions"}],"up":[{"embeddable":true,"href":"http:\/\/www.emslandkicker.de\/index.php?rest_route=\/wp\/v2\/pages\/614"}],"wp:featuredmedia":[{"embeddable":true,"href":"http:\/\/www.emslandkicker.de\/index.php?rest_route=\/wp\/v2\/media\/203"}],"wp:attachment":[{"href":"http:\/\/www.emslandkicker.de\/index.php?rest_route=%2Fwp%2Fv2%2Fmedia&parent=777"}],"curies":[{"name":"wp","href":"https:\/\/api.w.org\/{rel}","templated":true}]}}