{"id":781,"date":"2014-11-25T16:33:12","date_gmt":"2014-11-25T14:33:12","guid":{"rendered":"http:\/\/www.emslandkicker.de\/?page_id=781"},"modified":"2014-11-25T16:50:28","modified_gmt":"2014-11-25T14:50:28","slug":"tabelle-bezirksklasse-nord-1968-69","status":"publish","type":"page","link":"http:\/\/www.emslandkicker.de\/?page_id=781","title":{"rendered":"Tabelle Bezirksklasse Nord 1968-69"},"content":{"rendered":"<div class=\"pdfprnt-buttons pdfprnt-buttons-page pdfprnt-top-right\"><a href=\"http:\/\/www.emslandkicker.de\/index.php?rest_route=%2Fwp%2Fv2%2Fpages%2F781&print=pdf\" class=\"pdfprnt-button pdfprnt-button-pdf\" target=\"_blank\"><img decoding=\"async\" src=\"https:\/\/i0.wp.com\/www.emslandkicker.de\/wp-content\/plugins\/pdf-print\/images\/pdf.png?w=610\" alt=\"image_pdf\" title=\"View PDF\" data-recalc-dims=\"1\" \/><\/a><a href=\"http:\/\/www.emslandkicker.de\/index.php?rest_route=%2Fwp%2Fv2%2Fpages%2F781&print=print\" class=\"pdfprnt-button pdfprnt-button-print\" target=\"_blank\"><img decoding=\"async\" src=\"https:\/\/i0.wp.com\/www.emslandkicker.de\/wp-content\/plugins\/pdf-print\/images\/print.png?w=610\" alt=\"image_print\" title=\"Print Content\" data-recalc-dims=\"1\" \/><\/a><\/div><table width=\"100%\" cellspacing=\"5\" cellpadding=\"0\">\n<tbody>\n<tr>\n<td colspan=\"10\"><strong>Bezirksklasse Nord 1968-69<\/strong><\/td>\n<\/tr>\n<tr>\n<td bgcolor=\"#CCCCCC\"><strong>Pl.<\/strong><\/td>\n<td bgcolor=\"#CCCCCC\"><strong>Verein<\/strong><\/td>\n<td bgcolor=\"#CCCCCC\"><strong>Sp<\/strong><\/td>\n<td colspan=\"3\" bgcolor=\"#CCCCCC\"><strong>Tore<\/strong><\/td>\n<td bgcolor=\"#CCCCCC\"><strong>Diff.<\/strong><\/td>\n<td colspan=\"3\" bgcolor=\"#CCCCCC\"><strong>Pkt.<\/strong><\/td>\n<\/tr>\n<tr>\n<td bgcolor=\"#66ff33\">1.<\/td>\n<td bgcolor=\"#66ff33\">SuS Rhede<\/td>\n<td align=\"right\" bgcolor=\"#66ff33\">26<\/td>\n<td align=\"right\" bgcolor=\"#66ff33\">57<\/td>\n<td bgcolor=\"#66ff33\">:<\/td>\n<td align=\"right\" bgcolor=\"#66ff33\">33<\/td>\n<td align=\"right\" bgcolor=\"#66ff33\">24<\/td>\n<td align=\"right\" bgcolor=\"#66ff33\">36<\/td>\n<td bgcolor=\"#66ff33\">:<\/td>\n<td align=\"right\" bgcolor=\"#66ff33\">16<\/td>\n<\/tr>\n<tr>\n<td>2.<\/td>\n<td>TuS Aschendorf<\/td>\n<td align=\"right\">26<\/td>\n<td align=\"right\">70<\/td>\n<td>:<\/td>\n<td align=\"right\">52<\/td>\n<td align=\"right\">18<\/td>\n<td align=\"right\">35<\/td>\n<td>:<\/td>\n<td align=\"right\">17<\/td>\n<\/tr>\n<tr>\n<td>3.<\/td>\n<td>U. Lohne<\/td>\n<td align=\"right\">26<\/td>\n<td align=\"right\">39<\/td>\n<td>:<\/td>\n<td align=\"right\">28<\/td>\n<td align=\"right\">11<\/td>\n<td align=\"right\">33<\/td>\n<td>:<\/td>\n<td align=\"right\">19<\/td>\n<\/tr>\n<tr>\n<td>4.<\/td>\n<td>DJK Fehndorf<\/td>\n<td align=\"right\">26<\/td>\n<td align=\"right\">48<\/td>\n<td>:<\/td>\n<td align=\"right\">41<\/td>\n<td align=\"right\">7<\/td>\n<td align=\"right\">30<\/td>\n<td>:<\/td>\n<td align=\"right\">22<\/td>\n<\/tr>\n<tr>\n<td>5.<\/td>\n<td>Conc. Sch\u00f6ninghsdorf<\/td>\n<td align=\"right\">26<\/td>\n<td align=\"right\">45<\/td>\n<td>:<\/td>\n<td align=\"right\">39<\/td>\n<td align=\"right\">6<\/td>\n<td align=\"right\">28<\/td>\n<td>:<\/td>\n<td align=\"right\">24<\/td>\n<\/tr>\n<tr>\n<td>6.<\/td>\n<td>SV B\u00f6rgerwald<\/td>\n<td align=\"right\">26<\/td>\n<td align=\"right\">52<\/td>\n<td>:<\/td>\n<td align=\"right\">39<\/td>\n<td align=\"right\">13<\/td>\n<td align=\"right\">27<\/td>\n<td>:<\/td>\n<td align=\"right\">25<\/td>\n<\/tr>\n<tr>\n<td>7.<\/td>\n<td>SV Rastorf-H.<\/td>\n<td align=\"right\">26<\/td>\n<td align=\"right\">54<\/td>\n<td>:<\/td>\n<td align=\"right\">52<\/td>\n<td align=\"right\">2<\/td>\n<td align=\"right\">27<\/td>\n<td>:<\/td>\n<td align=\"right\">25<\/td>\n<\/tr>\n<tr>\n<td>8.<\/td>\n<td>FC Leschede<\/td>\n<td align=\"right\">26<\/td>\n<td align=\"right\">61<\/td>\n<td>:<\/td>\n<td align=\"right\">43<\/td>\n<td align=\"right\">18<\/td>\n<td align=\"right\">26<\/td>\n<td>:<\/td>\n<td align=\"right\">26<\/td>\n<\/tr>\n<tr>\n<td>9.<\/td>\n<td>SV Bad Bentheim<\/td>\n<td align=\"right\">26<\/td>\n<td align=\"right\">35<\/td>\n<td>:<\/td>\n<td align=\"right\">39<\/td>\n<td align=\"right\">-4<\/td>\n<td align=\"right\">26<\/td>\n<td>:<\/td>\n<td align=\"right\">26<\/td>\n<\/tr>\n<tr>\n<td>10.<\/td>\n<td>BW L\u00fcnne<\/td>\n<td align=\"right\">26<\/td>\n<td align=\"right\">48<\/td>\n<td>:<\/td>\n<td align=\"right\">55<\/td>\n<td align=\"right\">-7<\/td>\n<td align=\"right\">24<\/td>\n<td>:<\/td>\n<td align=\"right\">28<\/td>\n<\/tr>\n<tr>\n<td>11.<\/td>\n<td>Alem.Salzbergen<\/td>\n<td align=\"right\">26<\/td>\n<td align=\"right\">25<\/td>\n<td>:<\/td>\n<td align=\"right\">52<\/td>\n<td align=\"right\">-27<\/td>\n<td align=\"right\">15<\/td>\n<td>:<\/td>\n<td align=\"right\">37<\/td>\n<\/tr>\n<tr>\n<td>12.<\/td>\n<td>FC Schapen<\/td>\n<td align=\"right\">26<\/td>\n<td align=\"right\">35<\/td>\n<td>:<\/td>\n<td align=\"right\">53<\/td>\n<td align=\"right\">-18<\/td>\n<td align=\"right\">21<\/td>\n<td>:<\/td>\n<td align=\"right\">31<\/td>\n<\/tr>\n<tr>\n<td bgcolor=\"#ff9999\">13.<\/td>\n<td bgcolor=\"#ff9999\">SV Holthausen-B.<\/td>\n<td align=\"right\" bgcolor=\"#ff9999\">26<\/td>\n<td align=\"right\" bgcolor=\"#ff9999\">36<\/td>\n<td bgcolor=\"#ff9999\">:<\/td>\n<td align=\"right\" bgcolor=\"#ff9999\">46<\/td>\n<td align=\"right\" bgcolor=\"#ff9999\">-10<\/td>\n<td align=\"right\" bgcolor=\"#ff9999\">22<\/td>\n<td bgcolor=\"#ff9999\">:<\/td>\n<td align=\"right\" bgcolor=\"#ff9999\">30<\/td>\n<\/tr>\n<tr>\n<td bgcolor=\"#ff9999\">14.<\/td>\n<td bgcolor=\"#ff9999\">SuS Darme<\/td>\n<td align=\"right\" bgcolor=\"#ff9999\">26<\/td>\n<td align=\"right\" bgcolor=\"#ff9999\">34<\/td>\n<td bgcolor=\"#ff9999\">:<\/td>\n<td align=\"right\" bgcolor=\"#ff9999\">67<\/td>\n<td align=\"right\" bgcolor=\"#ff9999\">-33<\/td>\n<td align=\"right\" bgcolor=\"#ff9999\">14<\/td>\n<td bgcolor=\"#ff9999\">:<\/td>\n<td align=\"right\" bgcolor=\"#ff9999\">38<\/td>\n<\/tr>\n<\/tbody>\n<\/table>\n<div class=\"sharedaddy sd-sharing-enabled\"><div class=\"robots-nocontent sd-block sd-social sd-social-official sd-sharing\"><h3 class=\"sd-title\">Teilen mit:<\/h3><div class=\"sd-content\"><ul><li class=\"share-facebook\"><div class=\"fb-share-button\" data-href=\"http:\/\/www.emslandkicker.de\/?page_id=781\" data-layout=\"button_count\"><\/div><\/li><li class=\"share-twitter\"><a href=\"https:\/\/twitter.com\/share\" class=\"twitter-share-button\" data-url=\"http:\/\/www.emslandkicker.de\/?page_id=781\" data-text=\"Tabelle Bezirksklasse Nord 1968-69\" data-via=\"Emslandkicker\" >Tweet<\/a><\/li><li class=\"share-email\"><a rel=\"nofollow noopener noreferrer\" data-shared=\"\" class=\"share-email sd-button\" href=\"mailto:?subject=%5BGeteilter%20Beitrag%5D%20Tabelle%20Bezirksklasse%20Nord%201968-69&body=http%3A%2F%2Fwww.emslandkicker.de%2F%3Fpage_id%3D781&share=email\" target=\"_blank\" title=\"Click to email a link to a friend\" data-email-share-error-title=\"Do you have email set up?\" data-email-share-error-text=\"If you&#039;re having problems sharing via email, you might not have email set up for your browser. You may need to create a new email yourself.\" data-email-share-nonce=\"2a2f4729d8\" data-email-share-track-url=\"http:\/\/www.emslandkicker.de\/?page_id=781&amp;share=email\"><span>E-Mail<\/span><\/a><\/li><li class=\"share-print\"><a rel=\"nofollow noopener noreferrer\" data-shared=\"\" class=\"share-print sd-button\" href=\"http:\/\/www.emslandkicker.de\/?page_id=781\" target=\"_blank\" title=\"Klicken zum Ausdrucken\" ><span>Drucken<\/span><\/a><\/li><li class=\"share-end\"><\/li><\/ul><\/div><\/div><\/div>","protected":false},"excerpt":{"rendered":"<p>Bezirksklasse Nord 1968-69 Pl. Verein Sp Tore Diff. Pkt. 1. SuS Rhede 26 57 : 33 24 36 : 16 2. TuS Aschendorf 26 70 : 52 18 35 : 17 3. U. Lohne 26 39 : 28 11 33 : 19 4. DJK Fehndorf 26 48 : 41 7 30 : 22 5. Conc. [&hellip;]<\/p>\n<div class=\"sharedaddy sd-sharing-enabled\"><div class=\"robots-nocontent sd-block sd-social sd-social-official sd-sharing\"><h3 class=\"sd-title\">Teilen mit:<\/h3><div class=\"sd-content\"><ul><li class=\"share-facebook\"><div class=\"fb-share-button\" data-href=\"http:\/\/www.emslandkicker.de\/?page_id=781\" data-layout=\"button_count\"><\/div><\/li><li class=\"share-twitter\"><a href=\"https:\/\/twitter.com\/share\" class=\"twitter-share-button\" data-url=\"http:\/\/www.emslandkicker.de\/?page_id=781\" data-text=\"Tabelle Bezirksklasse Nord 1968-69\" data-via=\"Emslandkicker\" >Tweet<\/a><\/li><li class=\"share-email\"><a rel=\"nofollow noopener noreferrer\" data-shared=\"\" class=\"share-email sd-button\" href=\"mailto:?subject=%5BGeteilter%20Beitrag%5D%20Tabelle%20Bezirksklasse%20Nord%201968-69&body=http%3A%2F%2Fwww.emslandkicker.de%2F%3Fpage_id%3D781&share=email\" target=\"_blank\" title=\"Click to email a link to a friend\" data-email-share-error-title=\"Do you have email set up?\" data-email-share-error-text=\"If you&#039;re having problems sharing via email, you might not have email set up for your browser. You may need to create a new email yourself.\" data-email-share-nonce=\"2a2f4729d8\" data-email-share-track-url=\"http:\/\/www.emslandkicker.de\/?page_id=781&amp;share=email\"><span>E-Mail<\/span><\/a><\/li><li class=\"share-print\"><a rel=\"nofollow noopener noreferrer\" data-shared=\"\" class=\"share-print sd-button\" href=\"http:\/\/www.emslandkicker.de\/?page_id=781\" target=\"_blank\" title=\"Klicken zum Ausdrucken\" ><span>Drucken<\/span><\/a><\/li><li class=\"share-end\"><\/li><\/ul><\/div><\/div><\/div>","protected":false},"author":1,"featured_media":203,"parent":614,"menu_order":41,"comment_status":"open","ping_status":"open","template":"","meta":{"footnotes":""},"class_list":["post-781","page","type-page","status-publish","has-post-thumbnail","hentry"],"jetpack_sharing_enabled":true,"jetpack_shortlink":"https:\/\/wp.me\/P5etIj-cB","jetpack-related-posts":[{"id":614,"url":"http:\/\/www.emslandkicker.de\/?page_id=614","url_meta":{"origin":781,"position":0},"title":"Meister Bezirksklasse seit 1949-50","date":"13. November 2014","format":false,"excerpt":"Saison Bezirksklasse EL Tab. 1949-50 Hasel\u00fcnner SV 1950-51 TuS Lingen 1951-52 SV Dalum 1952-53 Hasel\u00fcnner SV 1953-54 TuS Lingen 1954-55 Union Meppen 1955-56 1956-57 SV Meppen 1957-58 1958-59 1959-60 Conc. Emsb\u00fcrren 1960-61 1961-62 Alem. Salzbergen 1962-63 Eintr. Nordhorn 2 1963-64 Amisia Papenburg 1964-65 SF Schwefingen 1965-66 Union Meppen 1966-67 Sparta\u2026","rel":"","context":"Similar post","img":{"alt_text":"","src":"","width":0,"height":0},"classes":[]},{"id":790,"url":"http:\/\/www.emslandkicker.de\/?page_id=790","url_meta":{"origin":781,"position":1},"title":"Tabelle Bezirksklasse Nord 1967-68","date":"25. November 2014","format":false,"excerpt":"Bezirksklasse Nord 1967-68 Pl. Verein Sp S U N Tore Diff. Pkt. 1. VfL R\u00fctenbrock 26 18 4 4 61 : 31 30 40 : 12 2. SuS Rhede 26 16 7 3 79 : 42 37 39 : 13 3. Vorw. Nordhorn 26 18 3 5 : 0 39\u2026","rel":"","context":"Similar post","img":{"alt_text":"","src":"","width":0,"height":0},"classes":[]},{"id":751,"url":"http:\/\/www.emslandkicker.de\/?page_id=751","url_meta":{"origin":781,"position":2},"title":"Tabelle Bezirksklasse EL 1952-53","date":"24. November 2014","format":false,"excerpt":"Bezirksklasse EL 1952-53 Pl. Verein Sp Tore Diff. Pkt. 1. Hasel\u00fcnner SV 32 189 : 37 152 59 : 5 2. Eintr. Nordhorn 2 32 110 : 42 68 50 : 14 3. TuS Lingen 32 107 : 45 62 49 : 15 4. Vorw. Nordhorn 32 101 : 85\u2026","rel":"","context":"Similar post","img":{"alt_text":"","src":"","width":0,"height":0},"classes":[]},{"id":767,"url":"http:\/\/www.emslandkicker.de\/?page_id=767","url_meta":{"origin":781,"position":3},"title":"Tabelle Bezirksklasse Nord 1971-72","date":"25. November 2014","format":false,"excerpt":"Bezirksklasse Nord 1971-72 Pl. Verein Sp Tore Diff. Pkt. 1. TuS Aschendorf 30 76 : 44 32 40 : 20 2. WE Nordhorn 30 63 : 44 19 39 : 21 3. VfL Nordhorn 30 63 : 50 13 37 : 23 4. Raspo Lathen (N) 30 52 : 50\u2026","rel":"","context":"Similar post","img":{"alt_text":"","src":"","width":0,"height":0},"classes":[]},{"id":637,"url":"http:\/\/www.emslandkicker.de\/?page_id=637","url_meta":{"origin":781,"position":4},"title":"Tabelle Bezirksklasse 5 1986-87","date":"13. November 2014","format":false,"excerpt":"Bezirksklasse 5 1986-87 Pl. Verein Sp Tore Diff. Pkt. 1. SV Meppen 2 32 80 : 40 40 44 : 20 2. Union Meppen 32 67 : 29 38 44 : 20 3. FC Leschede 32 72 : 48 24 42 : 22 4. VfL Herzlake 2 32 68 :\u2026","rel":"","context":"Similar post","img":{"alt_text":"","src":"","width":0,"height":0},"classes":[]},{"id":635,"url":"http:\/\/www.emslandkicker.de\/?page_id=635","url_meta":{"origin":781,"position":5},"title":"Tabelle Bezirksklasse 5 1985-86","date":"13. November 2014","format":false,"excerpt":"Bezirksklasse 5 1985-86 Pl. Verein Sp Tore Diff. Pkt. 1. ASC GW Wielen 30 74 : 40 34 41 : 19 2. VfL Herzlake 2 30 77 : 46 31 41 : 19 3. SV Meppen 2 30 65 : 27 38 40 : 20 4. Union Meppen 30 62\u2026","rel":"","context":"Similar post","img":{"alt_text":"","src":"","width":0,"height":0},"classes":[]}],"jetpack_likes_enabled":true,"_links":{"self":[{"href":"http:\/\/www.emslandkicker.de\/index.php?rest_route=\/wp\/v2\/pages\/781","targetHints":{"allow":["GET"]}}],"collection":[{"href":"http:\/\/www.emslandkicker.de\/index.php?rest_route=\/wp\/v2\/pages"}],"about":[{"href":"http:\/\/www.emslandkicker.de\/index.php?rest_route=\/wp\/v2\/types\/page"}],"author":[{"embeddable":true,"href":"http:\/\/www.emslandkicker.de\/index.php?rest_route=\/wp\/v2\/users\/1"}],"replies":[{"embeddable":true,"href":"http:\/\/www.emslandkicker.de\/index.php?rest_route=%2Fwp%2Fv2%2Fcomments&post=781"}],"version-history":[{"count":0,"href":"http:\/\/www.emslandkicker.de\/index.php?rest_route=\/wp\/v2\/pages\/781\/revisions"}],"up":[{"embeddable":true,"href":"http:\/\/www.emslandkicker.de\/index.php?rest_route=\/wp\/v2\/pages\/614"}],"wp:featuredmedia":[{"embeddable":true,"href":"http:\/\/www.emslandkicker.de\/index.php?rest_route=\/wp\/v2\/media\/203"}],"wp:attachment":[{"href":"http:\/\/www.emslandkicker.de\/index.php?rest_route=%2Fwp%2Fv2%2Fmedia&parent=781"}],"curies":[{"name":"wp","href":"https:\/\/api.w.org\/{rel}","templated":true}]}}