{"id":823,"date":"2014-11-28T15:38:11","date_gmt":"2014-11-28T13:38:11","guid":{"rendered":"http:\/\/www.emslandkicker.de\/?page_id=823"},"modified":"2016-06-26T10:44:35","modified_gmt":"2016-06-26T08:44:35","slug":"tus-lingen-ligachronik","status":"publish","type":"page","link":"http:\/\/www.emslandkicker.de\/?page_id=823","title":{"rendered":"TuS Lingen &#8211; Ligachronik"},"content":{"rendered":"<div class=\"pdfprnt-buttons pdfprnt-buttons-page pdfprnt-top-right\"><a href=\"http:\/\/www.emslandkicker.de\/index.php?rest_route=%2Fwp%2Fv2%2Fpages%2F823&print=pdf\" class=\"pdfprnt-button pdfprnt-button-pdf\" target=\"_blank\"><img decoding=\"async\" src=\"https:\/\/i0.wp.com\/www.emslandkicker.de\/wp-content\/plugins\/pdf-print\/images\/pdf.png?w=610\" alt=\"image_pdf\" title=\"View PDF\" data-recalc-dims=\"1\" \/><\/a><a href=\"http:\/\/www.emslandkicker.de\/index.php?rest_route=%2Fwp%2Fv2%2Fpages%2F823&print=print\" class=\"pdfprnt-button pdfprnt-button-print\" target=\"_blank\"><img decoding=\"async\" src=\"https:\/\/i0.wp.com\/www.emslandkicker.de\/wp-content\/plugins\/pdf-print\/images\/print.png?w=610\" alt=\"image_print\" title=\"Print Content\" data-recalc-dims=\"1\" \/><\/a><\/div><table width=\"100%\" cellspacing=\"4\" cellpadding=\"2\">\n<tbody>\n<tr>\n<td width=\"80\"><strong>Verein<\/strong><\/td>\n<td width=\"80\"><strong>Saison<\/strong><\/td>\n<td width=\"175\"><strong>Liga<\/strong><\/td>\n<td width=\"37\"><strong>Platz<\/strong><\/td>\n<td width=\"37\"><strong>Tab.<\/strong><\/td>\n<\/tr>\n<tr>\n<td bgcolor=\"#99FFCC\" width=\"80\">TuS Lingen<\/td>\n<td bgcolor=\"#99FFCC\" width=\"80\">1950-51<\/td>\n<td bgcolor=\"#99FFCC\" width=\"175\">Bezirksklasse EL<\/td>\n<td bgcolor=\"#99FFCC\" width=\"37\">1.<\/td>\n<td bgcolor=\"#99FFCC\">\n<div align=\"center\"><a title=\"Tabelle BKl 1950-51\" href=\"http:\/\/www.emslandkicker.de\/?page_id=747\"><img decoding=\"async\" src=\"https:\/\/i0.wp.com\/www.emslandkicker.de\/wp-content\/uploads\/nostalgie\/icons\/tab24.png?w=610\" alt=\"Tabelle Bezirksklasse EL\" data-recalc-dims=\"1\" \/><\/a><\/div>\n<\/td>\n<\/tr>\n<tr>\n<td>TuS Lingen<\/td>\n<td>1951-52<\/td>\n<td>Amateurliga 2<\/td>\n<td>11.<\/td>\n<td><\/td>\n<\/tr>\n<tr>\n<td bgcolor=\"#cccccc\">TuS Lingen<\/td>\n<td bgcolor=\"#cccccc\">1952-53<\/td>\n<td bgcolor=\"#cccccc\">Bezirksklasse EL<\/td>\n<td bgcolor=\"#cccccc\">3.<\/td>\n<td bgcolor=\"#cccccc\">\n<div align=\"center\"><a title=\"Tabelle BKl 1952-53\" href=\"http:\/\/www.emslandkicker.de\/?page_id=751\"><img decoding=\"async\" src=\"https:\/\/i0.wp.com\/www.emslandkicker.de\/wp-content\/uploads\/nostalgie\/icons\/tab24.png?w=610\" alt=\"Tabelle Bezirksklasse EL\" data-recalc-dims=\"1\" \/><\/a><\/div>\n<\/td>\n<\/tr>\n<tr>\n<td bgcolor=\"#99FFCC\">TuS Lingen<\/td>\n<td bgcolor=\"#99FFCC\">1953-54<\/td>\n<td bgcolor=\"#99FFCC\">Bezirksklasse EL<\/td>\n<td bgcolor=\"#99FFCC\">1.<\/td>\n<td bgcolor=\"#99FFCC\"><\/td>\n<\/tr>\n<tr>\n<td bgcolor=\"#99FFCC\">TuS Lingen<\/td>\n<td bgcolor=\"#99FFCC\">1954-55<\/td>\n<td bgcolor=\"#99FFCC\">Amateurliga 2<\/td>\n<td bgcolor=\"#99FFCC\">1.<\/td>\n<td bgcolor=\"#99FFCC\"><\/td>\n<\/tr>\n<tr>\n<td bgcolor=\"#cccccc\">TuS Lingen<\/td>\n<td bgcolor=\"#cccccc\">1955-56<\/td>\n<td bgcolor=\"#cccccc\">Amateur-Oberliga W<\/td>\n<td bgcolor=\"#cccccc\">15.<\/td>\n<td bgcolor=\"#cccccc\"><\/td>\n<\/tr>\n<tr>\n<td>TuS Lingen<\/td>\n<td>1956-57<\/td>\n<td>Amateurliga 8<\/td>\n<td>2.<\/td>\n<td><\/td>\n<\/tr>\n<tr>\n<td>TuS Lingen<\/td>\n<td>1957-58<\/td>\n<td>Amateurliga 8<\/td>\n<td>4.<\/td>\n<td><\/td>\n<\/tr>\n<tr>\n<td>TuS Lingen<\/td>\n<td>1958-59<\/td>\n<td>Amateurliga 8<\/td>\n<td>5.<\/td>\n<td><\/td>\n<\/tr>\n<tr>\n<td>TuS Lingen<\/td>\n<td>1959-60<\/td>\n<td>Amateurliga 8<\/td>\n<td>2.<\/td>\n<td><\/td>\n<\/tr>\n<tr>\n<td>TuS Lingen<\/td>\n<td>1960-61<\/td>\n<td>Amateurliga 8<\/td>\n<td>2.<\/td>\n<td>\n<div align=\"center\"><a title=\"Tabelle Amateurliga 8\" href=\"http:\/\/www.emslandkicker.de\/?page_id=751\"><img decoding=\"async\" src=\"https:\/\/i0.wp.com\/www.emslandkicker.de\/wp-content\/uploads\/nostalgie\/icons\/tab24.png?w=610\" alt=\"Tabelle Amateurliga 8\" data-recalc-dims=\"1\" \/><\/a><\/div>\n<\/td>\n<\/tr>\n<tr>\n<td>TuS Lingen<\/td>\n<td>1961-62<\/td>\n<td>Amateurliga 8<\/td>\n<td>9.<\/td>\n<td><\/td>\n<\/tr>\n<tr>\n<td>TuS Lingen<\/td>\n<td>1962-63<\/td>\n<td>Amateurliga 8<\/td>\n<td>10.<\/td>\n<td><\/td>\n<\/tr>\n<tr>\n<td bgcolor=\"#cccccc\">TuS Lingen<\/td>\n<td bgcolor=\"#cccccc\">1963-64<\/td>\n<td bgcolor=\"#cccccc\">Amateurliga 8<\/td>\n<td bgcolor=\"#cccccc\">14.<\/td>\n<td bgcolor=\"#cccccc\"><\/td>\n<\/tr>\n<tr>\n<td>TuS Lingen<\/td>\n<td>1964-65<\/td>\n<td>Bezirkliga<\/td>\n<td>12.<\/td>\n<td><\/td>\n<\/tr>\n<tr>\n<td>TuS Lingen<\/td>\n<td>1965-66<\/td>\n<td>Bezirkliga<\/td>\n<td>10.<\/td>\n<td><\/td>\n<\/tr>\n<tr>\n<td>TuS Lingen<\/td>\n<td>1966-67<\/td>\n<td>Bezirkliga<\/td>\n<td>3.<\/td>\n<td><\/td>\n<\/tr>\n<tr>\n<td>TuS Lingen<\/td>\n<td>1967-68<\/td>\n<td>Bezirkliga N<\/td>\n<td>4.<\/td>\n<td><\/td>\n<\/tr>\n<tr>\n<td>TuS Lingen<\/td>\n<td>1968-69<\/td>\n<td>Bezirkliga N<\/td>\n<td>13.<\/td>\n<td><\/td>\n<\/tr>\n<tr>\n<td bgcolor=\"#cccccc\">TuS Lingen<\/td>\n<td bgcolor=\"#cccccc\">1969-70<\/td>\n<td bgcolor=\"#cccccc\">Bezirksklasse N<\/td>\n<td bgcolor=\"#cccccc\">2.<\/td>\n<td bgcolor=\"#cccccc\">\n<div align=\"center\"><a title=\"Tabelle BKl 1969-70\" href=\"http:\/\/www.emslandkicker.de\/?page_id=783\"><img decoding=\"async\" src=\"https:\/\/i0.wp.com\/www.emslandkicker.de\/wp-content\/uploads\/nostalgie\/icons\/tab24.png?w=610\" alt=\"Tabelle Bezirksklasse Nord\" data-recalc-dims=\"1\" \/><\/a><\/div>\n<\/td>\n<\/tr>\n<tr>\n<td bgcolor=\"#99FFCC\">TuS Lingen<\/td>\n<td bgcolor=\"#99FFCC\">1970-71<\/td>\n<td bgcolor=\"#99FFCC\">Bezirksklasse M<\/td>\n<td bgcolor=\"#99FFCC\">1.<\/td>\n<td bgcolor=\"#99FFCC\">\n<div align=\"center\"><a title=\"Tabelle BKl 1969-70\" href=\"http:\/\/www.emslandkicker.de\/?page_id=783\"><img decoding=\"async\" src=\"https:\/\/i0.wp.com\/www.emslandkicker.de\/wp-content\/uploads\/nostalgie\/icons\/tab24.png?w=610\" alt=\"Tabelle Bezirksklasse Nord\" data-recalc-dims=\"1\" \/><\/a><\/div>\n<\/td>\n<\/tr>\n<tr>\n<td bgcolor=\"#99FFCC\">TuS Lingen<\/td>\n<td bgcolor=\"#99FFCC\">1971-72<\/td>\n<td bgcolor=\"#99FFCC\">Bezirksliga<\/td>\n<td bgcolor=\"#99FFCC\">1.<\/td>\n<td bgcolor=\"#99FFCC\"><\/td>\n<\/tr>\n<tr>\n<td>TuS Lingen<\/td>\n<td>1972-73<\/td>\n<td>Verbandsliga W<\/td>\n<td>1.<\/td>\n<td><\/td>\n<\/tr>\n<tr>\n<td bgcolor=\"#99FFCC\">TuS Lingen<\/td>\n<td bgcolor=\"#99FFCC\">1973-74<\/td>\n<td bgcolor=\"#99FFCC\">Verbandsliga W<\/td>\n<td bgcolor=\"#99FFCC\">1.<\/td>\n<td bgcolor=\"#99FFCC\"><\/td>\n<\/tr>\n<tr>\n<td>TuS Lingen<\/td>\n<td>1974-75<\/td>\n<td>Landesliga<\/td>\n<td>10.<\/td>\n<td><\/td>\n<\/tr>\n<tr>\n<td>TuS Lingen<\/td>\n<td>1975-76<\/td>\n<td>Landesliga<\/td>\n<td>3.<\/td>\n<td><\/td>\n<\/tr>\n<tr>\n<td>TuS Lingen<\/td>\n<td>1976-77<\/td>\n<td>Landesliga<\/td>\n<td>4.<\/td>\n<td><\/td>\n<\/tr>\n<tr>\n<td>TuS Lingen<\/td>\n<td>1977-78<\/td>\n<td>Landesliga<\/td>\n<td>7.<\/td>\n<td><\/td>\n<\/tr>\n<tr>\n<td>TuS Lingen<\/td>\n<td>1978-79<\/td>\n<td>Landesliga<\/td>\n<td>13.<\/td>\n<td><\/td>\n<\/tr>\n<tr>\n<td>TuS Lingen<\/td>\n<td>1979-80<\/td>\n<td>Verbandsliga<\/td>\n<td>2.<\/td>\n<td><\/td>\n<\/tr>\n<tr>\n<td>TuS Lingen<\/td>\n<td>1980-81<\/td>\n<td>Verbandsliga<\/td>\n<td>11.<\/td>\n<td><\/td>\n<\/tr>\n<tr>\n<td bgcolor=\"#cccccc\">TuS Lingen<\/td>\n<td bgcolor=\"#cccccc\">1981-82<\/td>\n<td bgcolor=\"#cccccc\">Verbandsliga<\/td>\n<td bgcolor=\"#cccccc\">16.<\/td>\n<td bgcolor=\"#cccccc\"><\/td>\n<\/tr>\n<tr>\n<td>TuS Lingen<\/td>\n<td>1982-83<\/td>\n<td>Landesliga W<\/td>\n<td>2.<\/td>\n<td><\/td>\n<\/tr>\n<tr>\n<td bgcolor=\"#99FFCC\">TuS Lingen<\/td>\n<td bgcolor=\"#99FFCC\">1983-84<\/td>\n<td bgcolor=\"#99FFCC\">Landesliga W<\/td>\n<td bgcolor=\"#99FFCC\">1.<\/td>\n<td bgcolor=\"#99FFCC\"><\/td>\n<\/tr>\n<tr>\n<td>TuS Lingen<\/td>\n<td>1984-85<\/td>\n<td>Verbandsliga<\/td>\n<td>7.<\/td>\n<td><\/td>\n<\/tr>\n<tr>\n<td>TuS Lingen<\/td>\n<td>1985-86<\/td>\n<td>Verbandsliga<\/td>\n<td>10.<\/td>\n<td><\/td>\n<\/tr>\n<tr>\n<td>TuS Lingen<\/td>\n<td>1986-87<\/td>\n<td>Verbandsliga<\/td>\n<td>11.<\/td>\n<td><\/td>\n<\/tr>\n<tr>\n<td bgcolor=\"#cccccc\">TuS Lingen<\/td>\n<td bgcolor=\"#cccccc\">1987-88<\/td>\n<td bgcolor=\"#cccccc\">Verbandsliga<\/td>\n<td bgcolor=\"#cccccc\">16.<\/td>\n<td bgcolor=\"#cccccc\"><\/td>\n<\/tr>\n<tr>\n<td>TuS Lingen<\/td>\n<td>1988-89<\/td>\n<td>Landesliga W<\/td>\n<td>4.<\/td>\n<td><\/td>\n<\/tr>\n<tr>\n<td bgcolor=\"#99FFCC\">TuS Lingen<\/td>\n<td bgcolor=\"#99FFCC\">1989-90<\/td>\n<td bgcolor=\"#99FFCC\">Landesliga W<\/td>\n<td bgcolor=\"#99FFCC\">1.<\/td>\n<td bgcolor=\"#99FFCC\"><\/td>\n<\/tr>\n<tr>\n<td>TuS Lingen<\/td>\n<td>1990-91<\/td>\n<td>Verbandsliga<\/td>\n<td>2.<\/td>\n<td><\/td>\n<\/tr>\n<tr>\n<td bgcolor=\"#99FFCC\">TuS Lingen<\/td>\n<td bgcolor=\"#99FFCC\">1991-92<\/td>\n<td bgcolor=\"#99FFCC\">Verbandsliga<\/td>\n<td bgcolor=\"#99FFCC\">1.<\/td>\n<td bgcolor=\"#99FFCC\"><\/td>\n<\/tr>\n<tr>\n<td>TuS Lingen<\/td>\n<td>1992-93<\/td>\n<td>Oberliga Nord<\/td>\n<td>12.<\/td>\n<td><\/td>\n<\/tr>\n<tr>\n<td bgcolor=\"#cccccc\">TuS Lingen<\/td>\n<td bgcolor=\"#cccccc\">1993-94<\/td>\n<td bgcolor=\"#cccccc\">Oberliga Nord<\/td>\n<td bgcolor=\"#cccccc\">10.<\/td>\n<td bgcolor=\"#cccccc\"><\/td>\n<\/tr>\n<tr>\n<td>TuS Lingen<\/td>\n<td>1994-95<\/td>\n<td>Oberliga Nds.HB<\/td>\n<td>7.<\/td>\n<td><\/td>\n<\/tr>\n<tr>\n<td>TuS Lingen<\/td>\n<td>1995-96<\/td>\n<td>Oberliga Nds.HB<\/td>\n<td>10.<\/td>\n<td><\/td>\n<\/tr>\n<tr>\n<td>TuS Lingen<\/td>\n<td>1996-97<\/td>\n<td>Oberliga Nds.HB<\/td>\n<td>5.<\/td>\n<td><\/td>\n<\/tr>\n<tr>\n<td>TuS Lingen<\/td>\n<td>1997-98<\/td>\n<td>Oberliga Nds.-HB<\/td>\n<td>6.<\/td>\n<td><\/td>\n<\/tr>\n<tr>\n<td>TuS Lingen<\/td>\n<td>1998-99<\/td>\n<td>Oberliga Nds.-HB<\/td>\n<td>5.<\/td>\n<td><\/td>\n<\/tr>\n<tr>\n<td>TuS Lingen<\/td>\n<td>1999-00<\/td>\n<td>Oberliga Nds.-HB<\/td>\n<td>8.<\/td>\n<td><\/td>\n<\/tr>\n<tr>\n<td bgcolor=\"#cccccc\">TuS Lingen<\/td>\n<td bgcolor=\"#cccccc\">2000-01<\/td>\n<td bgcolor=\"#cccccc\">Oberliga Nds.-HB<\/td>\n<td bgcolor=\"#cccccc\">18.<\/td>\n<td bgcolor=\"#cccccc\"><\/td>\n<\/tr>\n<tr>\n<td>TuS Lingen<\/td>\n<td>2001-02<\/td>\n<td>Niedersachsenliga W<\/td>\n<td>7.<\/td>\n<td><\/td>\n<\/tr>\n<tr>\n<td>TuS Lingen<\/td>\n<td>2002-03<\/td>\n<td>Niedersachsenliga W<\/td>\n<td>2.<\/td>\n<td><\/td>\n<\/tr>\n<tr>\n<td>TuS Lingen<\/td>\n<td>2003-04<\/td>\n<td>Niedersachsenliga W<\/td>\n<td>3.<\/td>\n<td><\/td>\n<\/tr>\n<tr>\n<td>TuS Lingen<\/td>\n<td>2004-05<\/td>\n<td>Niedersachsenliga W<\/td>\n<td>9.<\/td>\n<td><\/td>\n<\/tr>\n<tr>\n<td>TuS Lingen<\/td>\n<td>2005-06<\/td>\n<td>Niedersachsenliga W<\/td>\n<td>4.<\/td>\n<td><\/td>\n<\/tr>\n<tr>\n<td>TuS Lingen<\/td>\n<td>2006-07<\/td>\n<td>Niedersachsenliga W<\/td>\n<td>10.<\/td>\n<td><\/td>\n<\/tr>\n<tr>\n<td>TuS Lingen<\/td>\n<td>2007-08<\/td>\n<td>Niedersachsenliga W<\/td>\n<td>9.<\/td>\n<td><\/td>\n<\/tr>\n<tr>\n<td bgcolor=\"#cccccc\">TuS Lingen<\/td>\n<td bgcolor=\"#cccccc\">2008-09<\/td>\n<td bgcolor=\"#cccccc\">Niedersachsenliga W<\/td>\n<td bgcolor=\"#cccccc\">17.<\/td>\n<td bgcolor=\"#cccccc\"><\/td>\n<\/tr>\n<tr>\n<td bgcolor=\"#cccccc\">TuS Lingen<\/td>\n<td bgcolor=\"#cccccc\">2009-10<\/td>\n<td bgcolor=\"#cccccc\">Bezirksoberliga WE<\/td>\n<td bgcolor=\"#cccccc\">14.<\/td>\n<td bgcolor=\"#cccccc\"><\/td>\n<\/tr>\n<tr>\n<td>TuS Lingen<\/td>\n<td>2010-11<\/td>\n<td>Bezirksliga 3<\/td>\n<td>5.<\/td>\n<td><\/td>\n<\/tr>\n<tr>\n<td>TuS Lingen<\/td>\n<td>2011-12<\/td>\n<td>Bezirksliga 3<\/td>\n<td>2.<\/td>\n<td><\/td>\n<\/tr>\n<tr>\n<td>TuS Lingen<\/td>\n<td>2012-13<\/td>\n<td>Bezirksliga 3<\/td>\n<td>3.<\/td>\n<td><\/td>\n<\/tr>\n<tr>\n<td bgcolor=\"#99FFCC\">TuS Lingen<\/td>\n<td bgcolor=\"#99FFCC\">2013-14<\/td>\n<td bgcolor=\"#99FFCC\">Bezirksliga 3<\/td>\n<td bgcolor=\"#99FFCC\">1.<\/td>\n<td bgcolor=\"#99FFCC\"><\/td>\n<\/tr>\n<tr>\n<td bgcolor=\"#99FFCC\">TuS Lingen<\/td>\n<td bgcolor=\"#99FFCC\">2014-15<\/td>\n<td bgcolor=\"#99FFCC\">Landesliga Weser-Ems<\/td>\n<td bgcolor=\"#99FFCC\">1.<\/td>\n<td bgcolor=\"#99FFCC\"><\/td>\n<\/tr>\n<tr>\n<td>TuS Lingen<\/td>\n<td>2015-16<\/td>\n<td>Oberliga Nds.<\/td>\n<td>11.<\/td>\n<td><\/td>\n<\/tr>\n<tr>\n<td>TuS Lingen<\/td>\n<td>2016-17<\/td>\n<td>2. Kreisklasse<\/td>\n<td><\/td>\n<td><\/td>\n<\/tr>\n<\/tbody>\n<\/table>\n<div class=\"sharedaddy sd-sharing-enabled\"><div class=\"robots-nocontent sd-block sd-social sd-social-official sd-sharing\"><h3 class=\"sd-title\">Teilen mit:<\/h3><div class=\"sd-content\"><ul><li class=\"share-facebook\"><div class=\"fb-share-button\" data-href=\"http:\/\/www.emslandkicker.de\/?page_id=823\" data-layout=\"button_count\"><\/div><\/li><li class=\"share-twitter\"><a href=\"https:\/\/twitter.com\/share\" class=\"twitter-share-button\" data-url=\"http:\/\/www.emslandkicker.de\/?page_id=823\" data-text=\"TuS Lingen - Ligachronik\" data-via=\"Emslandkicker\" >Tweet<\/a><\/li><li class=\"share-email\"><a rel=\"nofollow noopener noreferrer\" data-shared=\"\" class=\"share-email sd-button\" href=\"mailto:?subject=%5BGeteilter%20Beitrag%5D%20TuS%20Lingen%20-%20Ligachronik&body=http%3A%2F%2Fwww.emslandkicker.de%2F%3Fpage_id%3D823&share=email\" target=\"_blank\" title=\"Click to email a link to a friend\" data-email-share-error-title=\"Do you have email set up?\" data-email-share-error-text=\"If you&#039;re having problems sharing via email, you might not have email set up for your browser. You may need to create a new email yourself.\" data-email-share-nonce=\"98353f7394\" data-email-share-track-url=\"http:\/\/www.emslandkicker.de\/?page_id=823&amp;share=email\"><span>E-Mail<\/span><\/a><\/li><li class=\"share-print\"><a rel=\"nofollow noopener noreferrer\" data-shared=\"\" class=\"share-print sd-button\" href=\"http:\/\/www.emslandkicker.de\/?page_id=823\" target=\"_blank\" title=\"Klicken zum Ausdrucken\" ><span>Drucken<\/span><\/a><\/li><li class=\"share-end\"><\/li><\/ul><\/div><\/div><\/div>","protected":false},"excerpt":{"rendered":"<p>Verein Saison Liga Platz Tab. TuS Lingen 1950-51 Bezirksklasse EL 1. TuS Lingen 1951-52 Amateurliga 2 11. TuS Lingen 1952-53 Bezirksklasse EL 3. TuS Lingen 1953-54 Bezirksklasse EL 1. TuS Lingen 1954-55 Amateurliga 2 1. TuS Lingen 1955-56 Amateur-Oberliga W 15. TuS Lingen 1956-57 Amateurliga 8 2. TuS Lingen 1957-58 Amateurliga 8 4. TuS Lingen [&hellip;]<\/p>\n<div class=\"sharedaddy sd-sharing-enabled\"><div class=\"robots-nocontent sd-block sd-social sd-social-official sd-sharing\"><h3 class=\"sd-title\">Teilen mit:<\/h3><div class=\"sd-content\"><ul><li class=\"share-facebook\"><div class=\"fb-share-button\" data-href=\"http:\/\/www.emslandkicker.de\/?page_id=823\" data-layout=\"button_count\"><\/div><\/li><li class=\"share-twitter\"><a href=\"https:\/\/twitter.com\/share\" class=\"twitter-share-button\" data-url=\"http:\/\/www.emslandkicker.de\/?page_id=823\" data-text=\"TuS Lingen - Ligachronik\" data-via=\"Emslandkicker\" >Tweet<\/a><\/li><li class=\"share-email\"><a rel=\"nofollow noopener noreferrer\" data-shared=\"\" class=\"share-email sd-button\" href=\"mailto:?subject=%5BGeteilter%20Beitrag%5D%20TuS%20Lingen%20-%20Ligachronik&body=http%3A%2F%2Fwww.emslandkicker.de%2F%3Fpage_id%3D823&share=email\" target=\"_blank\" title=\"Click to email a link to a friend\" data-email-share-error-title=\"Do you have email set up?\" data-email-share-error-text=\"If you&#039;re having problems sharing via email, you might not have email set up for your browser. You may need to create a new email yourself.\" data-email-share-nonce=\"98353f7394\" data-email-share-track-url=\"http:\/\/www.emslandkicker.de\/?page_id=823&amp;share=email\"><span>E-Mail<\/span><\/a><\/li><li class=\"share-print\"><a rel=\"nofollow noopener noreferrer\" data-shared=\"\" class=\"share-print sd-button\" href=\"http:\/\/www.emslandkicker.de\/?page_id=823\" target=\"_blank\" title=\"Klicken zum Ausdrucken\" ><span>Drucken<\/span><\/a><\/li><li class=\"share-end\"><\/li><\/ul><\/div><\/div><\/div>","protected":false},"author":1,"featured_media":203,"parent":420,"menu_order":0,"comment_status":"open","ping_status":"open","template":"","meta":{"footnotes":""},"class_list":["post-823","page","type-page","status-publish","has-post-thumbnail","hentry"],"jetpack_sharing_enabled":true,"jetpack_shortlink":"https:\/\/wp.me\/P5etIj-dh","jetpack-related-posts":[{"id":614,"url":"http:\/\/www.emslandkicker.de\/?page_id=614","url_meta":{"origin":823,"position":0},"title":"Meister Bezirksklasse seit 1949-50","date":"13. November 2014","format":false,"excerpt":"Saison Bezirksklasse EL Tab. 1949-50 Hasel\u00fcnner SV 1950-51 TuS Lingen 1951-52 SV Dalum 1952-53 Hasel\u00fcnner SV 1953-54 TuS Lingen 1954-55 Union Meppen 1955-56 1956-57 SV Meppen 1957-58 1958-59 1959-60 Conc. Emsb\u00fcrren 1960-61 1961-62 Alem. Salzbergen 1962-63 Eintr. Nordhorn 2 1963-64 Amisia Papenburg 1964-65 SF Schwefingen 1965-66 Union Meppen 1966-67 Sparta\u2026","rel":"","context":"Similar post","img":{"alt_text":"","src":"","width":0,"height":0},"classes":[]},{"id":747,"url":"http:\/\/www.emslandkicker.de\/?page_id=747","url_meta":{"origin":823,"position":1},"title":"Tabelle Bezirksklasse EL 1950-51","date":"24. November 2014","format":false,"excerpt":"Bezirksklasse EL 1950-51 Pl. Verein Sp Tore Diff. Pkt. 1. TuS Lingen 26 96 : 33 63 41 : 11 2. Union Meppen 26 75 : 47 28 38 : 14 3. Germ. Papenburg 26 71 : 43 28 38 : 14 4. Amisia Papenburg 26 71 : 27 44\u2026","rel":"","context":"Similar post","img":{"alt_text":"","src":"","width":0,"height":0},"classes":[]},{"id":751,"url":"http:\/\/www.emslandkicker.de\/?page_id=751","url_meta":{"origin":823,"position":2},"title":"Tabelle Bezirksklasse EL 1952-53","date":"24. November 2014","format":false,"excerpt":"Bezirksklasse EL 1952-53 Pl. Verein Sp Tore Diff. Pkt. 1. Hasel\u00fcnner SV 32 189 : 37 152 59 : 5 2. Eintr. Nordhorn 2 32 110 : 42 68 50 : 14 3. TuS Lingen 32 107 : 45 62 49 : 15 4. Vorw. Nordhorn 32 101 : 85\u2026","rel":"","context":"Similar post","img":{"alt_text":"","src":"","width":0,"height":0},"classes":[]},{"id":1170,"url":"http:\/\/www.emslandkicker.de\/?page_id=1170","url_meta":{"origin":823,"position":3},"title":"TuS","date":"14. August 2015","format":false,"excerpt":"","rel":"","context":"Similar post","img":{"alt_text":"","src":"","width":0,"height":0},"classes":[]},{"id":760,"url":"http:\/\/www.emslandkicker.de\/?page_id=760","url_meta":{"origin":823,"position":4},"title":"Tabelle Bezirksklasse Mitte 1970-71","date":"25. November 2014","format":false,"excerpt":"Bezirksklasse Mitte 1970-71 Pl. Verein Sp Tore Diff. Pkt. 1. TuS Lingen 30 83 : 28 55 51 : 9 2. Conc. Belm-P. 30 77 : 36 41 44 : 16 3. FC Leschede 30 66 : 45 21 37 : 23 4. ASV Altenlingen 30 49 : 42 7\u2026","rel":"","context":"Similar post","img":{"alt_text":"","src":"","width":0,"height":0},"classes":[]},{"id":783,"url":"http:\/\/www.emslandkicker.de\/?page_id=783","url_meta":{"origin":823,"position":5},"title":"Tabelle Bezirksklasse Nord 1969-70","date":"25. November 2014","format":false,"excerpt":"Bezirksklasse Nord 1969-70 Pl. Verein Sp S U N Tore Diff. Pkt. 1. Hasel\u00fcnner SV 30 21 4 5 70 : 28 42 46 : 14 2. TuS Lingen 30 21 2 7 97 : 32 65 44 : 16 3. SV Meppen 2 30 18 4 8 68 :\u2026","rel":"","context":"Similar post","img":{"alt_text":"","src":"","width":0,"height":0},"classes":[]}],"jetpack_likes_enabled":true,"_links":{"self":[{"href":"http:\/\/www.emslandkicker.de\/index.php?rest_route=\/wp\/v2\/pages\/823","targetHints":{"allow":["GET"]}}],"collection":[{"href":"http:\/\/www.emslandkicker.de\/index.php?rest_route=\/wp\/v2\/pages"}],"about":[{"href":"http:\/\/www.emslandkicker.de\/index.php?rest_route=\/wp\/v2\/types\/page"}],"author":[{"embeddable":true,"href":"http:\/\/www.emslandkicker.de\/index.php?rest_route=\/wp\/v2\/users\/1"}],"replies":[{"embeddable":true,"href":"http:\/\/www.emslandkicker.de\/index.php?rest_route=%2Fwp%2Fv2%2Fcomments&post=823"}],"version-history":[{"count":0,"href":"http:\/\/www.emslandkicker.de\/index.php?rest_route=\/wp\/v2\/pages\/823\/revisions"}],"up":[{"embeddable":true,"href":"http:\/\/www.emslandkicker.de\/index.php?rest_route=\/wp\/v2\/pages\/420"}],"wp:featuredmedia":[{"embeddable":true,"href":"http:\/\/www.emslandkicker.de\/index.php?rest_route=\/wp\/v2\/media\/203"}],"wp:attachment":[{"href":"http:\/\/www.emslandkicker.de\/index.php?rest_route=%2Fwp%2Fv2%2Fmedia&parent=823"}],"curies":[{"name":"wp","href":"https:\/\/api.w.org\/{rel}","templated":true}]}}