{"id":946,"date":"2014-12-07T18:05:23","date_gmt":"2014-12-07T16:05:23","guid":{"rendered":"http:\/\/www.emslandkicker.de\/?page_id=946"},"modified":"2014-12-07T18:38:00","modified_gmt":"2014-12-07T16:38:00","slug":"tabelle-bezirksliga-west-1984-85","status":"publish","type":"page","link":"http:\/\/www.emslandkicker.de\/?page_id=946","title":{"rendered":"Tabelle Bezirksliga West 1984-85"},"content":{"rendered":"<div class=\"pdfprnt-buttons pdfprnt-buttons-page pdfprnt-top-right\"><a href=\"http:\/\/www.emslandkicker.de\/index.php?rest_route=%2Fwp%2Fv2%2Fpages%2F946&print=pdf\" class=\"pdfprnt-button pdfprnt-button-pdf\" target=\"_blank\"><img decoding=\"async\" src=\"https:\/\/i0.wp.com\/www.emslandkicker.de\/wp-content\/plugins\/pdf-print\/images\/pdf.png?w=610\" alt=\"image_pdf\" title=\"View PDF\" data-recalc-dims=\"1\" \/><\/a><a href=\"http:\/\/www.emslandkicker.de\/index.php?rest_route=%2Fwp%2Fv2%2Fpages%2F946&print=print\" class=\"pdfprnt-button pdfprnt-button-print\" target=\"_blank\"><img decoding=\"async\" src=\"https:\/\/i0.wp.com\/www.emslandkicker.de\/wp-content\/plugins\/pdf-print\/images\/print.png?w=610\" alt=\"image_print\" title=\"Print Content\" data-recalc-dims=\"1\" \/><\/a><\/div><table width=\"100%&quot;\" cellspacing=\"5\" cellpadding=\"0\">\n<tbody>\n<tr>\n<td colspan=\"10\"><strong>Bezirksliga West 1984-85<\/strong><\/td>\n<\/tr>\n<tr>\n<td bgcolor=\"#CCCCCC\"><strong>Pl.<\/strong><\/td>\n<td bgcolor=\"#CCCCCC\"><strong>Verein<\/strong><\/td>\n<td bgcolor=\"#CCCCCC\"><strong>Sp<\/strong><\/td>\n<td colspan=\"3\" bgcolor=\"#CCCCCC\"><strong>Tore<\/strong><\/td>\n<td bgcolor=\"#CCCCCC\"><strong>Diff.<\/strong><\/td>\n<td colspan=\"3\" bgcolor=\"#CCCCCC\"><strong>Pkt<\/strong><\/td>\n<\/tr>\n<tr>\n<td bgcolor=\"#99ffcc\">1.<\/td>\n<td bgcolor=\"#99ffcc\">Oly. Laxten<\/td>\n<td align=\"right\" bgcolor=\"#99ffcc\">30<\/td>\n<td align=\"right\" bgcolor=\"#99ffcc\">75<\/td>\n<td bgcolor=\"#99ffcc\">:<\/td>\n<td align=\"right\" bgcolor=\"#99ffcc\">22<\/td>\n<td align=\"right\" bgcolor=\"#99ffcc\">53<\/td>\n<td align=\"right\" bgcolor=\"#99ffcc\">48<\/td>\n<td bgcolor=\"#99ffcc\">:<\/td>\n<td align=\"right\" bgcolor=\"#99ffcc\">12<\/td>\n<\/tr>\n<tr>\n<td>2.<\/td>\n<td>Eintr. Neulangen<\/td>\n<td align=\"right\">30<\/td>\n<td align=\"right\">58<\/td>\n<td>:<\/td>\n<td align=\"right\">29<\/td>\n<td align=\"right\">29<\/td>\n<td align=\"right\">42<\/td>\n<td>:<\/td>\n<td align=\"right\">18<\/td>\n<\/tr>\n<tr>\n<td>3.<\/td>\n<td>Voran Br\u00f6gbern (N)<\/td>\n<td align=\"right\">30<\/td>\n<td align=\"right\">64<\/td>\n<td>:<\/td>\n<td align=\"right\">41<\/td>\n<td align=\"right\">23<\/td>\n<td align=\"right\">39<\/td>\n<td>:<\/td>\n<td align=\"right\">21<\/td>\n<\/tr>\n<tr>\n<td>4.<\/td>\n<td>Amisia Papenburg<\/td>\n<td align=\"right\">30<\/td>\n<td align=\"right\">55<\/td>\n<td>:<\/td>\n<td align=\"right\">41<\/td>\n<td align=\"right\">14<\/td>\n<td align=\"right\">39<\/td>\n<td>:<\/td>\n<td align=\"right\">21<\/td>\n<\/tr>\n<tr>\n<td>5.<\/td>\n<td>Hasel\u00fcnner SV<\/td>\n<td align=\"right\">30<\/td>\n<td align=\"right\">55<\/td>\n<td>:<\/td>\n<td align=\"right\">37<\/td>\n<td align=\"right\">18<\/td>\n<td align=\"right\">38<\/td>\n<td>:<\/td>\n<td align=\"right\">22<\/td>\n<\/tr>\n<tr>\n<td>6.<\/td>\n<td>SC Spelle-V.<\/td>\n<td align=\"right\">30<\/td>\n<td align=\"right\">55<\/td>\n<td>:<\/td>\n<td align=\"right\">56<\/td>\n<td align=\"right\">-1<\/td>\n<td align=\"right\">33<\/td>\n<td>:<\/td>\n<td align=\"right\">27<\/td>\n<\/tr>\n<tr>\n<td>7.<\/td>\n<td>Raspo Lathen<\/td>\n<td align=\"right\">30<\/td>\n<td align=\"right\">62<\/td>\n<td>:<\/td>\n<td align=\"right\">66<\/td>\n<td align=\"right\">-4<\/td>\n<td align=\"right\">31<\/td>\n<td>:<\/td>\n<td align=\"right\">29<\/td>\n<\/tr>\n<tr>\n<td>8.<\/td>\n<td>Sparta Werlte<\/td>\n<td align=\"right\">30<\/td>\n<td align=\"right\">43<\/td>\n<td>:<\/td>\n<td align=\"right\">44<\/td>\n<td align=\"right\">-1<\/td>\n<td align=\"right\">29<\/td>\n<td>:<\/td>\n<td align=\"right\">31<\/td>\n<\/tr>\n<tr>\n<td>9.<\/td>\n<td>BV Garrel (N)<\/td>\n<td align=\"right\">30<\/td>\n<td align=\"right\">48<\/td>\n<td>:<\/td>\n<td align=\"right\">56<\/td>\n<td align=\"right\">-8<\/td>\n<td align=\"right\">28<\/td>\n<td>:<\/td>\n<td align=\"right\">32<\/td>\n<\/tr>\n<tr>\n<td>10.<\/td>\n<td>SG Freren<\/td>\n<td align=\"right\">30<\/td>\n<td align=\"right\">57<\/td>\n<td>:<\/td>\n<td align=\"right\">72<\/td>\n<td align=\"right\">-15<\/td>\n<td align=\"right\">25<\/td>\n<td>:<\/td>\n<td align=\"right\">35<\/td>\n<\/tr>\n<tr>\n<td>11.<\/td>\n<td>TuS Gildehaus<\/td>\n<td align=\"right\">30<\/td>\n<td align=\"right\">55<\/td>\n<td>:<\/td>\n<td align=\"right\">71<\/td>\n<td align=\"right\">-16<\/td>\n<td align=\"right\">24<\/td>\n<td>:<\/td>\n<td align=\"right\">36<\/td>\n<\/tr>\n<tr>\n<td>12.<\/td>\n<td>Bor. Neuenhaus<\/td>\n<td align=\"right\">30<\/td>\n<td align=\"right\">40<\/td>\n<td>:<\/td>\n<td align=\"right\">67<\/td>\n<td align=\"right\">-27<\/td>\n<td align=\"right\">23<\/td>\n<td>:<\/td>\n<td align=\"right\">37<\/td>\n<\/tr>\n<tr>\n<td>13.<\/td>\n<td>Vorw. Nordhorn<\/td>\n<td align=\"right\">30<\/td>\n<td align=\"right\">31<\/td>\n<td>:<\/td>\n<td align=\"right\">43<\/td>\n<td align=\"right\">-12<\/td>\n<td align=\"right\">22<\/td>\n<td>:<\/td>\n<td align=\"right\">38<\/td>\n<\/tr>\n<tr>\n<td>14.<\/td>\n<td>VfL L\u00f6ningen<\/td>\n<td align=\"right\">30<\/td>\n<td align=\"right\">36<\/td>\n<td>:<\/td>\n<td align=\"right\">52<\/td>\n<td align=\"right\">-16<\/td>\n<td align=\"right\">22<\/td>\n<td>:<\/td>\n<td align=\"right\">38<\/td>\n<\/tr>\n<tr>\n<td bgcolor=\"#cccccc\">15.<\/td>\n<td bgcolor=\"#cccccc\">VfL Emslage<\/td>\n<td align=\"right\" bgcolor=\"#cccccc\">30<\/td>\n<td align=\"right\" bgcolor=\"#cccccc\">32<\/td>\n<td bgcolor=\"#cccccc\">:<\/td>\n<td align=\"right\" bgcolor=\"#cccccc\">51<\/td>\n<td align=\"right\" bgcolor=\"#cccccc\">-19<\/td>\n<td align=\"right\" bgcolor=\"#cccccc\">19<\/td>\n<td bgcolor=\"#cccccc\">:<\/td>\n<td align=\"right\" bgcolor=\"#cccccc\">41<\/td>\n<\/tr>\n<tr>\n<td bgcolor=\"#cccccc\">16.<\/td>\n<td bgcolor=\"#cccccc\">Germ.Papenburg (N)<\/td>\n<td align=\"right\" bgcolor=\"#cccccc\">30<\/td>\n<td align=\"right\" bgcolor=\"#cccccc\">35<\/td>\n<td bgcolor=\"#cccccc\">:<\/td>\n<td align=\"right\" bgcolor=\"#cccccc\">53<\/td>\n<td align=\"right\" bgcolor=\"#cccccc\">-18<\/td>\n<td align=\"right\" bgcolor=\"#cccccc\">18<\/td>\n<td bgcolor=\"#cccccc\">:<\/td>\n<td align=\"right\" bgcolor=\"#cccccc\">42<\/td>\n<\/tr>\n<\/tbody>\n<\/table>\n<div class=\"sharedaddy sd-sharing-enabled\"><div class=\"robots-nocontent sd-block sd-social sd-social-official sd-sharing\"><h3 class=\"sd-title\">Teilen mit:<\/h3><div class=\"sd-content\"><ul><li class=\"share-facebook\"><div class=\"fb-share-button\" data-href=\"http:\/\/www.emslandkicker.de\/?page_id=946\" data-layout=\"button_count\"><\/div><\/li><li class=\"share-twitter\"><a href=\"https:\/\/twitter.com\/share\" class=\"twitter-share-button\" data-url=\"http:\/\/www.emslandkicker.de\/?page_id=946\" data-text=\"Tabelle Bezirksliga West 1984-85\" data-via=\"Emslandkicker\" >Tweet<\/a><\/li><li class=\"share-email\"><a rel=\"nofollow noopener noreferrer\" data-shared=\"\" class=\"share-email sd-button\" href=\"mailto:?subject=%5BGeteilter%20Beitrag%5D%20Tabelle%20Bezirksliga%20West%201984-85&body=http%3A%2F%2Fwww.emslandkicker.de%2F%3Fpage_id%3D946&share=email\" target=\"_blank\" title=\"Click to email a link to a friend\" data-email-share-error-title=\"Do you have email set up?\" data-email-share-error-text=\"If you&#039;re having problems sharing via email, you might not have email set up for your browser. You may need to create a new email yourself.\" data-email-share-nonce=\"8e6f21d5a6\" data-email-share-track-url=\"http:\/\/www.emslandkicker.de\/?page_id=946&amp;share=email\"><span>E-Mail<\/span><\/a><\/li><li class=\"share-print\"><a rel=\"nofollow noopener noreferrer\" data-shared=\"\" class=\"share-print sd-button\" href=\"http:\/\/www.emslandkicker.de\/?page_id=946\" target=\"_blank\" title=\"Klicken zum Ausdrucken\" ><span>Drucken<\/span><\/a><\/li><li class=\"share-end\"><\/li><\/ul><\/div><\/div><\/div>","protected":false},"excerpt":{"rendered":"<p>Bezirksliga West 1984-85 Pl. Verein Sp Tore Diff. Pkt 1. Oly. Laxten 30 75 : 22 53 48 : 12 2. Eintr. Neulangen 30 58 : 29 29 42 : 18 3. Voran Br\u00f6gbern (N) 30 64 : 41 23 39 : 21 4. Amisia Papenburg 30 55 : 41 14 39 : 21 5. [&hellip;]<\/p>\n<div class=\"sharedaddy sd-sharing-enabled\"><div class=\"robots-nocontent sd-block sd-social sd-social-official sd-sharing\"><h3 class=\"sd-title\">Teilen mit:<\/h3><div class=\"sd-content\"><ul><li class=\"share-facebook\"><div class=\"fb-share-button\" data-href=\"http:\/\/www.emslandkicker.de\/?page_id=946\" data-layout=\"button_count\"><\/div><\/li><li class=\"share-twitter\"><a href=\"https:\/\/twitter.com\/share\" class=\"twitter-share-button\" data-url=\"http:\/\/www.emslandkicker.de\/?page_id=946\" data-text=\"Tabelle Bezirksliga West 1984-85\" data-via=\"Emslandkicker\" >Tweet<\/a><\/li><li class=\"share-email\"><a rel=\"nofollow noopener noreferrer\" data-shared=\"\" class=\"share-email sd-button\" href=\"mailto:?subject=%5BGeteilter%20Beitrag%5D%20Tabelle%20Bezirksliga%20West%201984-85&body=http%3A%2F%2Fwww.emslandkicker.de%2F%3Fpage_id%3D946&share=email\" target=\"_blank\" title=\"Click to email a link to a friend\" data-email-share-error-title=\"Do you have email set up?\" data-email-share-error-text=\"If you&#039;re having problems sharing via email, you might not have email set up for your browser. You may need to create a new email yourself.\" data-email-share-nonce=\"8e6f21d5a6\" data-email-share-track-url=\"http:\/\/www.emslandkicker.de\/?page_id=946&amp;share=email\"><span>E-Mail<\/span><\/a><\/li><li class=\"share-print\"><a rel=\"nofollow noopener noreferrer\" data-shared=\"\" class=\"share-print sd-button\" href=\"http:\/\/www.emslandkicker.de\/?page_id=946\" target=\"_blank\" title=\"Klicken zum Ausdrucken\" ><span>Drucken<\/span><\/a><\/li><li class=\"share-end\"><\/li><\/ul><\/div><\/div><\/div>","protected":false},"author":1,"featured_media":203,"parent":607,"menu_order":3,"comment_status":"open","ping_status":"open","template":"","meta":{"footnotes":""},"class_list":["post-946","page","type-page","status-publish","has-post-thumbnail","hentry"],"jetpack_sharing_enabled":true,"jetpack_shortlink":"https:\/\/wp.me\/P5etIj-fg","jetpack-related-posts":[{"id":639,"url":"http:\/\/www.emslandkicker.de\/?page_id=639","url_meta":{"origin":946,"position":0},"title":"Tabelle Bezirksliga West 1985-86","date":"13. November 2014","format":false,"excerpt":"Bezirksliga West 1985-86 Pl. Verein Sp Tore Diff. Pkt 1. Hasel\u00fcnner SV 30 76 : 29 47 46 : 14 2. SC Spelle-V. 30 70 : 26 44 46 : 14 3. SG Freren 30 83 : 48 35 42 : 18 4. SF Schwefingen 30 47 : 31 16\u2026","rel":"","context":"Similar post","img":{"alt_text":"","src":"","width":0,"height":0},"classes":[]},{"id":948,"url":"http:\/\/www.emslandkicker.de\/?page_id=948","url_meta":{"origin":946,"position":1},"title":"Tabelle Bezirksliga West 1986-87","date":"7. Dezember 2014","format":false,"excerpt":"Bezirksliga West 1986-87 Pl. Verein Sp Tore Diff. Pkt 1. SC Spelle-V. 30 70 : 32 38 44 : 16 2. SF Schwefingen 30 49 : 34 15 37 : 23 3. Eintr. Neulangen 30 44 : 38 6 35 : 25 4. SV H\u00f6ltinghausen (N) 30 46 : 54\u2026","rel":"","context":"Similar post","img":{"alt_text":"","src":"","width":0,"height":0},"classes":[]},{"id":952,"url":"http:\/\/www.emslandkicker.de\/?page_id=952","url_meta":{"origin":946,"position":2},"title":"Tabelle Bezirksliga West 1988-89","date":"7. Dezember 2014","format":false,"excerpt":"Bezirksliga West 1988-89 Pl. Verein Sp Tore Diff. Pkt 1. Sparta Werlte 30 57 : 37 20 40 : 20 2. Voran Br\u00f6gbern 30 42 : 33 9 35 : 25 3. BV Garrel 30 60 : 41 19 34 : 26 4. SF Schwefingen 30 34 : 26 8\u2026","rel":"","context":"Similar post","img":{"alt_text":"","src":"","width":0,"height":0},"classes":[]},{"id":954,"url":"http:\/\/www.emslandkicker.de\/?page_id=954","url_meta":{"origin":946,"position":3},"title":"Tabelle Bezirksliga West 1989-90","date":"7. Dezember 2014","format":false,"excerpt":"Bezirksliga West 1989-90 Pl. Verein Sp Tore Diff. Pkt 1. SF Schwefingen 34 48 : 26 22 50 : 18 2. BV Essen (N) 34 44 : 30 14 43 : 25 3. SV Molbergen 34 59 : 36 23 42 : 26 4. FC Sch\u00fcttorf 34 68 : 52\u2026","rel":"","context":"Similar post","img":{"alt_text":"","src":"","width":0,"height":0},"classes":[]},{"id":607,"url":"http:\/\/www.emslandkicker.de\/?page_id=607","url_meta":{"origin":946,"position":4},"title":"Meister Bezirksliga seit 1984-85","date":"13. November 2014","format":false,"excerpt":"Saison Bezirksliga West Tab. 1976-77 VfL R\u00fctenbrock 1977-78 1978-79 VfL Osnabr\u00fcck A. Saison Bezirksliga Mitte Tab. Bezirksliga S\u00fcd Tab. 1979-80 SV Molbergen SV Bad Bentheim 1980-81 Hasel\u00fcnner SV FC Sch\u00fcttorf 1981-82 Frisa Goldenstedt Eintr. Osnabr\u00fcck 1982-83 1983-84 STV Bar\u00dfel Union Lohne Saison Bezirksliga West Tab. 1984-85 Oly. Laxten 1985-86 Hasel\u00fcnner\u2026","rel":"","context":"Similar post","img":{"alt_text":"","src":"","width":0,"height":0},"classes":[]},{"id":956,"url":"http:\/\/www.emslandkicker.de\/?page_id=956","url_meta":{"origin":946,"position":5},"title":"Tabelle Bezirksliga West 1990-91","date":"7. Dezember 2014","format":false,"excerpt":"Bezirksliga West 1990-91 Pl. Verein Sp Tore Diff. Pkt 1. TuS Aschendorf (N) 28 70 : 48 22 40 : 16 2. FC Sch\u00fcttorf 28 56 : 37 19 36 : 20 3. SG Freren 28 64 : 50 14 34 : 22 4. SV Meppen A 28 48 :\u2026","rel":"","context":"Similar post","img":{"alt_text":"","src":"","width":0,"height":0},"classes":[]}],"jetpack_likes_enabled":true,"_links":{"self":[{"href":"http:\/\/www.emslandkicker.de\/index.php?rest_route=\/wp\/v2\/pages\/946","targetHints":{"allow":["GET"]}}],"collection":[{"href":"http:\/\/www.emslandkicker.de\/index.php?rest_route=\/wp\/v2\/pages"}],"about":[{"href":"http:\/\/www.emslandkicker.de\/index.php?rest_route=\/wp\/v2\/types\/page"}],"author":[{"embeddable":true,"href":"http:\/\/www.emslandkicker.de\/index.php?rest_route=\/wp\/v2\/users\/1"}],"replies":[{"embeddable":true,"href":"http:\/\/www.emslandkicker.de\/index.php?rest_route=%2Fwp%2Fv2%2Fcomments&post=946"}],"version-history":[{"count":0,"href":"http:\/\/www.emslandkicker.de\/index.php?rest_route=\/wp\/v2\/pages\/946\/revisions"}],"up":[{"embeddable":true,"href":"http:\/\/www.emslandkicker.de\/index.php?rest_route=\/wp\/v2\/pages\/607"}],"wp:featuredmedia":[{"embeddable":true,"href":"http:\/\/www.emslandkicker.de\/index.php?rest_route=\/wp\/v2\/media\/203"}],"wp:attachment":[{"href":"http:\/\/www.emslandkicker.de\/index.php?rest_route=%2Fwp%2Fv2%2Fmedia&parent=946"}],"curies":[{"name":"wp","href":"https:\/\/api.w.org\/{rel}","templated":true}]}}