{"id":962,"date":"2014-12-09T20:11:55","date_gmt":"2014-12-09T18:11:55","guid":{"rendered":"http:\/\/www.emslandkicker.de\/?page_id=962"},"modified":"2014-12-09T20:43:09","modified_gmt":"2014-12-09T18:43:09","slug":"tabelle-1-kreisklasse-mitte-1971-72","status":"publish","type":"page","link":"http:\/\/www.emslandkicker.de\/?page_id=962","title":{"rendered":"Tabelle &#8211; 1. Kreisklasse Mitte 1971-72"},"content":{"rendered":"<div class=\"pdfprnt-buttons pdfprnt-buttons-page pdfprnt-top-right\"><a href=\"http:\/\/www.emslandkicker.de\/index.php?rest_route=%2Fwp%2Fv2%2Fpages%2F962&print=pdf\" class=\"pdfprnt-button pdfprnt-button-pdf\" target=\"_blank\"><img decoding=\"async\" src=\"https:\/\/i0.wp.com\/www.emslandkicker.de\/wp-content\/plugins\/pdf-print\/images\/pdf.png?w=610\" alt=\"image_pdf\" title=\"View PDF\" data-recalc-dims=\"1\" \/><\/a><a href=\"http:\/\/www.emslandkicker.de\/index.php?rest_route=%2Fwp%2Fv2%2Fpages%2F962&print=print\" class=\"pdfprnt-button pdfprnt-button-print\" target=\"_blank\"><img decoding=\"async\" src=\"https:\/\/i0.wp.com\/www.emslandkicker.de\/wp-content\/plugins\/pdf-print\/images\/print.png?w=610\" alt=\"image_print\" title=\"Print Content\" data-recalc-dims=\"1\" \/><\/a><\/div><table cellspacing=\"5\" cellpadding=\"0\">\n<tbody>\n<tr>\n<td colspan=\"13\" width=\"397\"><strong>1. Kreisklasse Mitte 1971-72 (Tabelle unvollst\u00e4ndig)<\/strong><\/td>\n<\/tr>\n<tr>\n<td><strong>Pl.<\/strong><\/td>\n<td><strong>Verein<\/strong><\/td>\n<td><strong>Sp<\/strong><\/td>\n<td><strong>S<\/strong><\/td>\n<td><strong>U<\/strong><\/td>\n<td><strong>N<\/strong><\/td>\n<td colspan=\"3\"><strong>Tore<\/strong><\/td>\n<td><strong>Diff<\/strong><\/td>\n<td colspan=\"3\"><strong>Pkt.<\/strong><\/td>\n<\/tr>\n<tr>\n<td bgcolor=\"#66ff33\">1.<\/td>\n<td bgcolor=\"#66ff33\">FC Wesuwe<\/td>\n<td bgcolor=\"#66ff33\">29<\/td>\n<td bgcolor=\"#66ff33\">22<\/td>\n<td bgcolor=\"#66ff33\">6<\/td>\n<td bgcolor=\"#66ff33\">1<\/td>\n<td align=\"right\" bgcolor=\"#66ff33\">82<\/td>\n<td bgcolor=\"#66ff33\">:<\/td>\n<td align=\"right\" bgcolor=\"#66ff33\">18<\/td>\n<td align=\"right\" bgcolor=\"#66ff33\">64<\/td>\n<td align=\"right\" bgcolor=\"#66ff33\">50<\/td>\n<td bgcolor=\"#66ff33\">:<\/td>\n<td align=\"right\" bgcolor=\"#66ff33\">8<\/td>\n<\/tr>\n<tr>\n<td>2.<\/td>\n<td>TuS Haren<\/td>\n<td>30<\/td>\n<td>22<\/td>\n<td>5<\/td>\n<td>3<\/td>\n<td align=\"right\">83<\/td>\n<td>:<\/td>\n<td align=\"right\">30<\/td>\n<td align=\"right\">53<\/td>\n<td align=\"right\">49<\/td>\n<td>:<\/td>\n<td align=\"right\">11<\/td>\n<\/tr>\n<tr>\n<td>3.<\/td>\n<td>SV Holte<\/td>\n<td>29<\/td>\n<td>14<\/td>\n<td>6<\/td>\n<td>9<\/td>\n<td align=\"right\">63<\/td>\n<td>:<\/td>\n<td align=\"right\">40<\/td>\n<td align=\"right\">23<\/td>\n<td align=\"right\">34<\/td>\n<td>:<\/td>\n<td align=\"right\">24<\/td>\n<\/tr>\n<tr>\n<td>4.<\/td>\n<td>VfL Emslage (A)<\/td>\n<td>30<\/td>\n<td>14<\/td>\n<td>6<\/td>\n<td>10<\/td>\n<td align=\"right\">66<\/td>\n<td>:<\/td>\n<td align=\"right\">55<\/td>\n<td align=\"right\">11<\/td>\n<td align=\"right\">34<\/td>\n<td>:<\/td>\n<td align=\"right\">26<\/td>\n<\/tr>\n<tr>\n<td>5.<\/td>\n<td>SV Dalum<\/td>\n<td>30<\/td>\n<td>12<\/td>\n<td>7<\/td>\n<td>11<\/td>\n<td align=\"right\">75<\/td>\n<td>:<\/td>\n<td align=\"right\">61<\/td>\n<td align=\"right\">14<\/td>\n<td align=\"right\">31<\/td>\n<td>:<\/td>\n<td align=\"right\">29<\/td>\n<\/tr>\n<tr>\n<td>6.<\/td>\n<td>SV Dohren<\/td>\n<td>30<\/td>\n<td>10<\/td>\n<td>11<\/td>\n<td>9<\/td>\n<td align=\"right\">40<\/td>\n<td>:<\/td>\n<td align=\"right\">37<\/td>\n<td align=\"right\">3<\/td>\n<td align=\"right\">31<\/td>\n<td>:<\/td>\n<td align=\"right\">29<\/td>\n<\/tr>\n<tr>\n<td>7.<\/td>\n<td>Eintr. Emmeln<\/td>\n<td>30<\/td>\n<td>12<\/td>\n<td>5<\/td>\n<td>13<\/td>\n<td align=\"right\">49<\/td>\n<td>:<\/td>\n<td align=\"right\">51<\/td>\n<td align=\"right\">-2<\/td>\n<td align=\"right\">29<\/td>\n<td>:<\/td>\n<td align=\"right\">31<\/td>\n<\/tr>\n<tr>\n<td>8.<\/td>\n<td>VfL R\u00fctenbrock 2<\/td>\n<td>30<\/td>\n<td>11<\/td>\n<td>7<\/td>\n<td>12<\/td>\n<td align=\"right\">48<\/td>\n<td>:<\/td>\n<td align=\"right\">61<\/td>\n<td align=\"right\">-13<\/td>\n<td align=\"right\">29<\/td>\n<td>:<\/td>\n<td align=\"right\">31<\/td>\n<\/tr>\n<tr>\n<td>9.<\/td>\n<td>SG L\u00e4hden<\/td>\n<td>30<\/td>\n<td>11<\/td>\n<td>6<\/td>\n<td>13<\/td>\n<td align=\"right\">46<\/td>\n<td>:<\/td>\n<td align=\"right\">57<\/td>\n<td align=\"right\">-11<\/td>\n<td align=\"right\">28<\/td>\n<td>:<\/td>\n<td align=\"right\">32<\/td>\n<\/tr>\n<tr>\n<td>10.<\/td>\n<td>Eintr. Ber\u00dfen<\/td>\n<td>30<\/td>\n<td>11<\/td>\n<td>6<\/td>\n<td>13<\/td>\n<td align=\"right\">38<\/td>\n<td>:<\/td>\n<td align=\"right\">54<\/td>\n<td align=\"right\">-16<\/td>\n<td align=\"right\">28<\/td>\n<td>:<\/td>\n<td align=\"right\">32<\/td>\n<\/tr>\n<tr>\n<td>11.<\/td>\n<td>GW Lehrte<\/td>\n<td>30<\/td>\n<td>10<\/td>\n<td>6<\/td>\n<td>14<\/td>\n<td align=\"right\">50<\/td>\n<td>:<\/td>\n<td align=\"right\">66<\/td>\n<td align=\"right\">-16<\/td>\n<td align=\"right\">26<\/td>\n<td>:<\/td>\n<td align=\"right\">34<\/td>\n<\/tr>\n<tr>\n<td>12.<\/td>\n<td>Spvg. Ahmsen-V. (N)<\/td>\n<td>30<\/td>\n<td>11<\/td>\n<td>3<\/td>\n<td>16<\/td>\n<td align=\"right\">45<\/td>\n<td>:<\/td>\n<td align=\"right\">53<\/td>\n<td align=\"right\">-8<\/td>\n<td align=\"right\">25<\/td>\n<td>:<\/td>\n<td align=\"right\">35<\/td>\n<\/tr>\n<tr>\n<td>13.<\/td>\n<td>SV Teglingen (N)<\/td>\n<td>30<\/td>\n<td>10<\/td>\n<td>5<\/td>\n<td>15<\/td>\n<td align=\"right\">50<\/td>\n<td>:<\/td>\n<td align=\"right\">61<\/td>\n<td align=\"right\">-11<\/td>\n<td align=\"right\">25<\/td>\n<td>:<\/td>\n<td align=\"right\">35<\/td>\n<\/tr>\n<tr>\n<td>14.<\/td>\n<td>SC Osterbrock<\/td>\n<td>30<\/td>\n<td>9<\/td>\n<td>7<\/td>\n<td>14<\/td>\n<td align=\"right\">41<\/td>\n<td>:<\/td>\n<td align=\"right\">62<\/td>\n<td align=\"right\">-21<\/td>\n<td align=\"right\">25<\/td>\n<td>:<\/td>\n<td align=\"right\">35<\/td>\n<\/tr>\n<tr>\n<td bgcolor=\"#ff9999\">15.<\/td>\n<td bgcolor=\"#ff9999\">SV Stavern<\/td>\n<td bgcolor=\"#ff9999\">30<\/td>\n<td bgcolor=\"#ff9999\">5<\/td>\n<td bgcolor=\"#ff9999\">8<\/td>\n<td bgcolor=\"#ff9999\">17<\/td>\n<td align=\"right\" bgcolor=\"#ff9999\">31<\/td>\n<td bgcolor=\"#ff9999\">:<\/td>\n<td align=\"right\" bgcolor=\"#ff9999\">66<\/td>\n<td align=\"right\" bgcolor=\"#ff9999\">-35<\/td>\n<td align=\"right\" bgcolor=\"#ff9999\">18<\/td>\n<td bgcolor=\"#ff9999\">:<\/td>\n<td align=\"right\" bgcolor=\"#ff9999\">42<\/td>\n<\/tr>\n<tr>\n<td bgcolor=\"#ff9999\">16.<\/td>\n<td bgcolor=\"#ff9999\">SV Gr. Hesepe<\/td>\n<td bgcolor=\"#ff9999\">30<\/td>\n<td bgcolor=\"#ff9999\">7<\/td>\n<td bgcolor=\"#ff9999\">2<\/td>\n<td bgcolor=\"#ff9999\">21<\/td>\n<td align=\"right\" bgcolor=\"#ff9999\">8<\/td>\n<td bgcolor=\"#ff9999\">:<\/td>\n<td align=\"right\" bgcolor=\"#ff9999\">62<\/td>\n<td align=\"right\" bgcolor=\"#ff9999\">-54<\/td>\n<td align=\"right\" bgcolor=\"#ff9999\">16<\/td>\n<td bgcolor=\"#ff9999\">:<\/td>\n<td align=\"right\" bgcolor=\"#ff9999\">44<\/td>\n<\/tr>\n<\/tbody>\n<\/table>\n<p>&nbsp;<\/p>\n<div class=\"sharedaddy sd-sharing-enabled\"><div class=\"robots-nocontent sd-block sd-social sd-social-official sd-sharing\"><h3 class=\"sd-title\">Teilen mit:<\/h3><div class=\"sd-content\"><ul><li class=\"share-facebook\"><div class=\"fb-share-button\" data-href=\"http:\/\/www.emslandkicker.de\/?page_id=962\" data-layout=\"button_count\"><\/div><\/li><li class=\"share-twitter\"><a href=\"https:\/\/twitter.com\/share\" class=\"twitter-share-button\" data-url=\"http:\/\/www.emslandkicker.de\/?page_id=962\" data-text=\"Tabelle - 1. Kreisklasse Mitte 1971-72\" data-via=\"Emslandkicker\" >Tweet<\/a><\/li><li class=\"share-email\"><a rel=\"nofollow noopener noreferrer\" data-shared=\"\" class=\"share-email sd-button\" href=\"mailto:?subject=%5BGeteilter%20Beitrag%5D%20Tabelle%20-%201.%20Kreisklasse%20Mitte%201971-72&body=http%3A%2F%2Fwww.emslandkicker.de%2F%3Fpage_id%3D962&share=email\" target=\"_blank\" title=\"Click to email a link to a friend\" data-email-share-error-title=\"Do you have email set up?\" data-email-share-error-text=\"If you&#039;re having problems sharing via email, you might not have email set up for your browser. You may need to create a new email yourself.\" data-email-share-nonce=\"6c6f9fbc2a\" data-email-share-track-url=\"http:\/\/www.emslandkicker.de\/?page_id=962&amp;share=email\"><span>E-Mail<\/span><\/a><\/li><li class=\"share-print\"><a rel=\"nofollow noopener noreferrer\" data-shared=\"\" class=\"share-print sd-button\" href=\"http:\/\/www.emslandkicker.de\/?page_id=962\" target=\"_blank\" title=\"Klicken zum Ausdrucken\" ><span>Drucken<\/span><\/a><\/li><li class=\"share-end\"><\/li><\/ul><\/div><\/div><\/div>","protected":false},"excerpt":{"rendered":"<p>1. Kreisklasse Mitte 1971-72 (Tabelle unvollst\u00e4ndig) Pl. Verein Sp S U N Tore Diff Pkt. 1. FC Wesuwe 29 22 6 1 82 : 18 64 50 : 8 2. TuS Haren 30 22 5 3 83 : 30 53 49 : 11 3. SV Holte 29 14 6 9 63 : 40 23 34 [&hellip;]<\/p>\n<div class=\"sharedaddy sd-sharing-enabled\"><div class=\"robots-nocontent sd-block sd-social sd-social-official sd-sharing\"><h3 class=\"sd-title\">Teilen mit:<\/h3><div class=\"sd-content\"><ul><li class=\"share-facebook\"><div class=\"fb-share-button\" data-href=\"http:\/\/www.emslandkicker.de\/?page_id=962\" data-layout=\"button_count\"><\/div><\/li><li class=\"share-twitter\"><a href=\"https:\/\/twitter.com\/share\" class=\"twitter-share-button\" data-url=\"http:\/\/www.emslandkicker.de\/?page_id=962\" data-text=\"Tabelle - 1. Kreisklasse Mitte 1971-72\" data-via=\"Emslandkicker\" >Tweet<\/a><\/li><li class=\"share-email\"><a rel=\"nofollow noopener noreferrer\" data-shared=\"\" class=\"share-email sd-button\" href=\"mailto:?subject=%5BGeteilter%20Beitrag%5D%20Tabelle%20-%201.%20Kreisklasse%20Mitte%201971-72&body=http%3A%2F%2Fwww.emslandkicker.de%2F%3Fpage_id%3D962&share=email\" target=\"_blank\" title=\"Click to email a link to a friend\" data-email-share-error-title=\"Do you have email set up?\" data-email-share-error-text=\"If you&#039;re having problems sharing via email, you might not have email set up for your browser. You may need to create a new email yourself.\" data-email-share-nonce=\"6c6f9fbc2a\" data-email-share-track-url=\"http:\/\/www.emslandkicker.de\/?page_id=962&amp;share=email\"><span>E-Mail<\/span><\/a><\/li><li class=\"share-print\"><a rel=\"nofollow noopener noreferrer\" data-shared=\"\" class=\"share-print sd-button\" href=\"http:\/\/www.emslandkicker.de\/?page_id=962\" target=\"_blank\" title=\"Klicken zum Ausdrucken\" ><span>Drucken<\/span><\/a><\/li><li class=\"share-end\"><\/li><\/ul><\/div><\/div><\/div>","protected":false},"author":1,"featured_media":203,"parent":592,"menu_order":0,"comment_status":"open","ping_status":"open","template":"","meta":{"footnotes":""},"class_list":["post-962","page","type-page","status-publish","has-post-thumbnail","hentry"],"jetpack_sharing_enabled":true,"jetpack_shortlink":"https:\/\/wp.me\/P5etIj-fw","jetpack-related-posts":[{"id":558,"url":"http:\/\/www.emslandkicker.de\/?page_id=558","url_meta":{"origin":962,"position":0},"title":"Tabelle 3. Kreisklasse Meppen Ost 1971-72","date":"11. November 2014","format":false,"excerpt":"3. Kreisklasse Meppen Ost 1971-72 Pl. Verein Sp S U N Tore Diff Pkt. 1. SC Apeldorn 24 15 3 6 67 : 28 39 36 : 12 2. Conc. Schleper 24 16 3 5 58 : 35 23 35 : 13 3. Hasel\u00fcnenr SV 3 24 13 5 6\u2026","rel":"","context":"Similar post","img":{"alt_text":"","src":"","width":0,"height":0},"classes":[]},{"id":500,"url":"http:\/\/www.emslandkicker.de\/?page_id=500","url_meta":{"origin":962,"position":1},"title":"Tabelle 1. Kreisklasse Mitte 1979-80","date":"10. November 2014","format":false,"excerpt":"1. Kreisklasse Mitte 1979-80 Pl. Verein Sp Tore Diff Pkt. 1. Spvg. Ahmsen-V. 30 102 : 58 44 41 : 19 2. SG L\u00e4hden 30 80 : 46 34 38 : 22 3. Union Meppen 2 30 53 : 46 7 38 : 22 4. Grenzl. Twist 2 30 54\u2026","rel":"","context":"Similar post","img":{"alt_text":"","src":"","width":0,"height":0},"classes":[]},{"id":592,"url":"http:\/\/www.emslandkicker.de\/?page_id=592","url_meta":{"origin":962,"position":2},"title":"Meister 1. Kreisklasse bis 1995","date":"12. November 2014","format":false,"excerpt":"1.KK 1968-69 Tab. Info Nord Mitte VfL Herzlake S\u00fcd 1.KK 1969-70 Tab. Info Nord Mitte Germ. Twist S\u00fcd 1.KK 1970-71 Tab. Info Nord Mitte Grenzl. Twist S\u00fcd 1.KK 1971-72 Tab. Info Nord Mitte FC Wesuwe S\u00fcd 1.KK 1972-73 Tab. Info Nord Mitte Conc Sch\u00f6ninghsdorf S\u00fcd 1.KK 1973-74 Tab. Info Nord\u2026","rel":"","context":"Similar post","img":{"alt_text":"","src":"","width":0,"height":0},"classes":[]},{"id":965,"url":"http:\/\/www.emslandkicker.de\/?page_id=965","url_meta":{"origin":962,"position":3},"title":"Tabelle 1. Kreisklasse Mitte 1970-71","date":"9. Dezember 2014","format":false,"excerpt":"1. Kreisklasse Mitte 1970-71 Pl. Verein Sp S U N Tore Diff Pkt. 1. Grenzl. Twist 30 24 2 4 99 : 27 72 50 : 10 2. TuS Haren 30 18 5 7 64 : 39 25 41 : 19 3. SG L\u00e4hden (N) 30 16 8 6 58\u2026","rel":"","context":"Similar post","img":{"alt_text":"","src":"","width":0,"height":0},"classes":[]},{"id":815,"url":"http:\/\/www.emslandkicker.de\/?page_id=815","url_meta":{"origin":962,"position":4},"title":"Tabelle 1. Kreisklasse Mitte 1975-76","date":"28. November 2014","format":false,"excerpt":"1. Kreisklasse Mitte 1975-76 Pl. Verein Sp Tore Diff Pkt. 1. FC Wesuwe 32 99 : 33 66 52 : 12 2. VfL Emslage 32 63 : 28 35 43 : 21 3. Germ. Twist 32 59 : 47 12 42 : 22 4. SV Dalum 32 72 : 41\u2026","rel":"","context":"Similar post","img":{"alt_text":"","src":"","width":0,"height":0},"classes":[]},{"id":445,"url":"http:\/\/www.emslandkicker.de\/?page_id=445","url_meta":{"origin":962,"position":5},"title":"Tabellen 2. Kreisklassen 1960-61","date":"7. November 2014","format":false,"excerpt":"2. Kreisklasse Meppen Ost 1960-61 Pl. Verein Tore Diff Pkt. 1. SV Stavern * 71 : 19 52 35 : 5 2. SV Dohren 56 : 47 9 35 : 6 3. SV Wachtum 59 : 67 -8 28 : 12 4. Conc.\u00a0Schleper 27 69 -42 21 19 5. SV\u2026","rel":"","context":"Similar post","img":{"alt_text":"","src":"","width":0,"height":0},"classes":[]}],"jetpack_likes_enabled":true,"_links":{"self":[{"href":"http:\/\/www.emslandkicker.de\/index.php?rest_route=\/wp\/v2\/pages\/962","targetHints":{"allow":["GET"]}}],"collection":[{"href":"http:\/\/www.emslandkicker.de\/index.php?rest_route=\/wp\/v2\/pages"}],"about":[{"href":"http:\/\/www.emslandkicker.de\/index.php?rest_route=\/wp\/v2\/types\/page"}],"author":[{"embeddable":true,"href":"http:\/\/www.emslandkicker.de\/index.php?rest_route=\/wp\/v2\/users\/1"}],"replies":[{"embeddable":true,"href":"http:\/\/www.emslandkicker.de\/index.php?rest_route=%2Fwp%2Fv2%2Fcomments&post=962"}],"version-history":[{"count":0,"href":"http:\/\/www.emslandkicker.de\/index.php?rest_route=\/wp\/v2\/pages\/962\/revisions"}],"up":[{"embeddable":true,"href":"http:\/\/www.emslandkicker.de\/index.php?rest_route=\/wp\/v2\/pages\/592"}],"wp:featuredmedia":[{"embeddable":true,"href":"http:\/\/www.emslandkicker.de\/index.php?rest_route=\/wp\/v2\/media\/203"}],"wp:attachment":[{"href":"http:\/\/www.emslandkicker.de\/index.php?rest_route=%2Fwp%2Fv2%2Fmedia&parent=962"}],"curies":[{"name":"wp","href":"https:\/\/api.w.org\/{rel}","templated":true}]}}