{"id":965,"date":"2014-12-09T20:14:58","date_gmt":"2014-12-09T18:14:58","guid":{"rendered":"http:\/\/www.emslandkicker.de\/?page_id=965"},"modified":"2014-12-09T20:43:22","modified_gmt":"2014-12-09T18:43:22","slug":"tabelle-1-kreisklasse-mitte-1970-71","status":"publish","type":"page","link":"http:\/\/www.emslandkicker.de\/?page_id=965","title":{"rendered":"Tabelle 1. Kreisklasse Mitte 1970-71"},"content":{"rendered":"<div class=\"pdfprnt-buttons pdfprnt-buttons-page pdfprnt-top-right\"><a href=\"http:\/\/www.emslandkicker.de\/index.php?rest_route=%2Fwp%2Fv2%2Fpages%2F965&print=pdf\" class=\"pdfprnt-button pdfprnt-button-pdf\" target=\"_blank\"><img decoding=\"async\" src=\"https:\/\/i0.wp.com\/www.emslandkicker.de\/wp-content\/plugins\/pdf-print\/images\/pdf.png?w=610\" alt=\"image_pdf\" title=\"View PDF\" data-recalc-dims=\"1\" \/><\/a><a href=\"http:\/\/www.emslandkicker.de\/index.php?rest_route=%2Fwp%2Fv2%2Fpages%2F965&print=print\" class=\"pdfprnt-button pdfprnt-button-print\" target=\"_blank\"><img decoding=\"async\" src=\"https:\/\/i0.wp.com\/www.emslandkicker.de\/wp-content\/plugins\/pdf-print\/images\/print.png?w=610\" alt=\"image_print\" title=\"Print Content\" data-recalc-dims=\"1\" \/><\/a><\/div><table cellspacing=\"5\" cellpadding=\"0\">\n<tbody>\n<tr>\n<td colspan=\"13\" width=\"397\"><strong>1. Kreisklasse Mitte 1970-71<\/strong><\/td>\n<\/tr>\n<tr>\n<td><strong>Pl.<\/strong><\/td>\n<td><strong>Verein<\/strong><\/td>\n<td><strong>Sp<\/strong><\/td>\n<td><strong>S<\/strong><\/td>\n<td><strong>U<\/strong><\/td>\n<td><strong>N<\/strong><\/td>\n<td colspan=\"3\"><strong>Tore<\/strong><\/td>\n<td><strong>Diff<\/strong><\/td>\n<td colspan=\"3\"><strong>Pkt.<\/strong><\/td>\n<\/tr>\n<tr>\n<td bgcolor=\"#66ff33\">1.<\/td>\n<td bgcolor=\"#66ff33\">Grenzl. Twist<\/td>\n<td bgcolor=\"#66ff33\">30<\/td>\n<td bgcolor=\"#66ff33\">24<\/td>\n<td bgcolor=\"#66ff33\">2<\/td>\n<td bgcolor=\"#66ff33\">4<\/td>\n<td align=\"right\" bgcolor=\"#66ff33\">99<\/td>\n<td bgcolor=\"#66ff33\">:<\/td>\n<td align=\"right\" bgcolor=\"#66ff33\">27<\/td>\n<td align=\"right\" bgcolor=\"#66ff33\">72<\/td>\n<td align=\"right\" bgcolor=\"#66ff33\">50<\/td>\n<td bgcolor=\"#66ff33\">:<\/td>\n<td align=\"right\" bgcolor=\"#66ff33\">10<\/td>\n<\/tr>\n<tr>\n<td>2.<\/td>\n<td>TuS Haren<\/td>\n<td>30<\/td>\n<td>18<\/td>\n<td>5<\/td>\n<td>7<\/td>\n<td align=\"right\">64<\/td>\n<td>:<\/td>\n<td align=\"right\">39<\/td>\n<td align=\"right\">25<\/td>\n<td align=\"right\">41<\/td>\n<td>:<\/td>\n<td align=\"right\">19<\/td>\n<\/tr>\n<tr>\n<td>3.<\/td>\n<td>SG L\u00e4hden (N)<\/td>\n<td>30<\/td>\n<td>16<\/td>\n<td>8<\/td>\n<td>6<\/td>\n<td align=\"right\">58<\/td>\n<td>:<\/td>\n<td align=\"right\">33<\/td>\n<td align=\"right\">25<\/td>\n<td align=\"right\">40<\/td>\n<td>:<\/td>\n<td align=\"right\">20<\/td>\n<\/tr>\n<tr>\n<td>4.<\/td>\n<td>GW Lehrte<\/td>\n<td>30<\/td>\n<td>16<\/td>\n<td>4<\/td>\n<td>10<\/td>\n<td align=\"right\">62<\/td>\n<td>:<\/td>\n<td align=\"right\">49<\/td>\n<td align=\"right\">13<\/td>\n<td align=\"right\">36<\/td>\n<td>:<\/td>\n<td align=\"right\">24<\/td>\n<\/tr>\n<tr>\n<td>5.<\/td>\n<td>Eintr. Emmeln<\/td>\n<td>30<\/td>\n<td>14<\/td>\n<td>6<\/td>\n<td>10<\/td>\n<td align=\"right\">60<\/td>\n<td>:<\/td>\n<td align=\"right\">55<\/td>\n<td align=\"right\">5<\/td>\n<td align=\"right\">34<\/td>\n<td>:<\/td>\n<td align=\"right\">26<\/td>\n<\/tr>\n<tr>\n<td>6.<\/td>\n<td>Eintr. Ber\u00dfen<\/td>\n<td>30<\/td>\n<td>14<\/td>\n<td>5<\/td>\n<td>11<\/td>\n<td align=\"right\">58<\/td>\n<td>:<\/td>\n<td align=\"right\">46<\/td>\n<td align=\"right\">12<\/td>\n<td align=\"right\">33<\/td>\n<td>:<\/td>\n<td align=\"right\">27<\/td>\n<\/tr>\n<tr>\n<td>7.<\/td>\n<td>SV Stavern (N)<\/td>\n<td>30<\/td>\n<td>13<\/td>\n<td>6<\/td>\n<td>11<\/td>\n<td align=\"right\">49<\/td>\n<td>:<\/td>\n<td align=\"right\">41<\/td>\n<td align=\"right\">8<\/td>\n<td align=\"right\">32<\/td>\n<td>:<\/td>\n<td align=\"right\">28<\/td>\n<\/tr>\n<tr>\n<td>8.<\/td>\n<td>FC Wesuwe<\/td>\n<td>30<\/td>\n<td>11<\/td>\n<td>8<\/td>\n<td>11<\/td>\n<td align=\"right\">62<\/td>\n<td>:<\/td>\n<td align=\"right\">61<\/td>\n<td align=\"right\">1<\/td>\n<td align=\"right\">30<\/td>\n<td>:<\/td>\n<td align=\"right\">30<\/td>\n<\/tr>\n<tr>\n<td>9.<\/td>\n<td>SV Dalum<\/td>\n<td>30<\/td>\n<td>12<\/td>\n<td>5<\/td>\n<td>13<\/td>\n<td align=\"right\">66<\/td>\n<td>:<\/td>\n<td align=\"right\">47<\/td>\n<td align=\"right\">19<\/td>\n<td align=\"right\">29<\/td>\n<td>:<\/td>\n<td align=\"right\">31<\/td>\n<\/tr>\n<tr>\n<td>10.<\/td>\n<td>SV Holte<\/td>\n<td>30<\/td>\n<td>9<\/td>\n<td>10<\/td>\n<td>11<\/td>\n<td align=\"right\">55<\/td>\n<td>:<\/td>\n<td align=\"right\">59<\/td>\n<td align=\"right\">-4<\/td>\n<td align=\"right\">28<\/td>\n<td>:<\/td>\n<td align=\"right\">32<\/td>\n<\/tr>\n<tr>\n<td>11.<\/td>\n<td>SC Osterbrock<\/td>\n<td>30<\/td>\n<td>11<\/td>\n<td>6<\/td>\n<td>13<\/td>\n<td align=\"right\">40<\/td>\n<td>:<\/td>\n<td align=\"right\">42<\/td>\n<td align=\"right\">-2<\/td>\n<td align=\"right\">28<\/td>\n<td>:<\/td>\n<td align=\"right\">32<\/td>\n<\/tr>\n<tr>\n<td>12.<\/td>\n<td>VfL R\u00fctenbrock 2<\/td>\n<td>30<\/td>\n<td>9<\/td>\n<td>8<\/td>\n<td>13<\/td>\n<td align=\"right\">45<\/td>\n<td>:<\/td>\n<td align=\"right\">67<\/td>\n<td align=\"right\">-22<\/td>\n<td align=\"right\">26<\/td>\n<td>:<\/td>\n<td align=\"right\">34<\/td>\n<\/tr>\n<tr>\n<td>13.<\/td>\n<td>SV Gr. Hesepe<\/td>\n<td>30<\/td>\n<td>10<\/td>\n<td>3<\/td>\n<td>17<\/td>\n<td align=\"right\">61<\/td>\n<td>:<\/td>\n<td align=\"right\">61<\/td>\n<td align=\"right\">0<\/td>\n<td align=\"right\">23<\/td>\n<td>:<\/td>\n<td align=\"right\">37<\/td>\n<\/tr>\n<tr>\n<td bgcolor=\"#ff9999\">14.<\/td>\n<td bgcolor=\"#ff9999\">FC Fullen<\/td>\n<td bgcolor=\"#ff9999\">30<\/td>\n<td bgcolor=\"#ff9999\">10<\/td>\n<td bgcolor=\"#ff9999\">2<\/td>\n<td bgcolor=\"#ff9999\">18<\/td>\n<td align=\"right\" bgcolor=\"#ff9999\">50<\/td>\n<td bgcolor=\"#ff9999\">:<\/td>\n<td align=\"right\" bgcolor=\"#ff9999\">72<\/td>\n<td align=\"right\" bgcolor=\"#ff9999\">-22<\/td>\n<td align=\"right\" bgcolor=\"#ff9999\">22<\/td>\n<td bgcolor=\"#ff9999\">:<\/td>\n<td align=\"right\" bgcolor=\"#ff9999\">38<\/td>\n<\/tr>\n<tr>\n<td>15.<\/td>\n<td>SV Dohren<\/td>\n<td>30<\/td>\n<td>6<\/td>\n<td>5<\/td>\n<td>19<\/td>\n<td align=\"right\">43<\/td>\n<td>:<\/td>\n<td align=\"right\">84<\/td>\n<td align=\"right\">-41<\/td>\n<td align=\"right\">17<\/td>\n<td>:<\/td>\n<td align=\"right\">43<\/td>\n<\/tr>\n<tr>\n<td bgcolor=\"#ff9999\">16.<\/td>\n<td bgcolor=\"#ff9999\">SV R\u00fchle<\/td>\n<td bgcolor=\"#ff9999\">30<\/td>\n<td bgcolor=\"#ff9999\">4<\/td>\n<td bgcolor=\"#ff9999\">3<\/td>\n<td bgcolor=\"#ff9999\">23<\/td>\n<td align=\"right\" bgcolor=\"#ff9999\">35<\/td>\n<td bgcolor=\"#ff9999\">:<\/td>\n<td align=\"right\" bgcolor=\"#ff9999\">114<\/td>\n<td align=\"right\" bgcolor=\"#ff9999\">-79<\/td>\n<td align=\"right\" bgcolor=\"#ff9999\">11<\/td>\n<td bgcolor=\"#ff9999\">:<\/td>\n<td align=\"right\" bgcolor=\"#ff9999\">49<\/td>\n<\/tr>\n<\/tbody>\n<\/table>\n<p>&nbsp;<\/p>\n<div class=\"sharedaddy sd-sharing-enabled\"><div class=\"robots-nocontent sd-block sd-social sd-social-official sd-sharing\"><h3 class=\"sd-title\">Teilen mit:<\/h3><div class=\"sd-content\"><ul><li class=\"share-facebook\"><div class=\"fb-share-button\" data-href=\"http:\/\/www.emslandkicker.de\/?page_id=965\" data-layout=\"button_count\"><\/div><\/li><li class=\"share-twitter\"><a href=\"https:\/\/twitter.com\/share\" class=\"twitter-share-button\" data-url=\"http:\/\/www.emslandkicker.de\/?page_id=965\" data-text=\"Tabelle 1. Kreisklasse Mitte 1970-71\" data-via=\"Emslandkicker\" >Tweet<\/a><\/li><li class=\"share-email\"><a rel=\"nofollow noopener noreferrer\" data-shared=\"\" class=\"share-email sd-button\" href=\"mailto:?subject=%5BGeteilter%20Beitrag%5D%20Tabelle%201.%20Kreisklasse%20Mitte%201970-71&body=http%3A%2F%2Fwww.emslandkicker.de%2F%3Fpage_id%3D965&share=email\" target=\"_blank\" title=\"Click to email a link to a friend\" data-email-share-error-title=\"Do you have email set up?\" data-email-share-error-text=\"If you&#039;re having problems sharing via email, you might not have email set up for your browser. You may need to create a new email yourself.\" data-email-share-nonce=\"100cc108d6\" data-email-share-track-url=\"http:\/\/www.emslandkicker.de\/?page_id=965&amp;share=email\"><span>E-Mail<\/span><\/a><\/li><li class=\"share-print\"><a rel=\"nofollow noopener noreferrer\" data-shared=\"\" class=\"share-print sd-button\" href=\"http:\/\/www.emslandkicker.de\/?page_id=965\" target=\"_blank\" title=\"Klicken zum Ausdrucken\" ><span>Drucken<\/span><\/a><\/li><li class=\"share-end\"><\/li><\/ul><\/div><\/div><\/div>","protected":false},"excerpt":{"rendered":"<p>1. Kreisklasse Mitte 1970-71 Pl. Verein Sp S U N Tore Diff Pkt. 1. Grenzl. Twist 30 24 2 4 99 : 27 72 50 : 10 2. TuS Haren 30 18 5 7 64 : 39 25 41 : 19 3. SG L\u00e4hden (N) 30 16 8 6 58 : 33 25 40 : [&hellip;]<\/p>\n<div class=\"sharedaddy sd-sharing-enabled\"><div class=\"robots-nocontent sd-block sd-social sd-social-official sd-sharing\"><h3 class=\"sd-title\">Teilen mit:<\/h3><div class=\"sd-content\"><ul><li class=\"share-facebook\"><div class=\"fb-share-button\" data-href=\"http:\/\/www.emslandkicker.de\/?page_id=965\" data-layout=\"button_count\"><\/div><\/li><li class=\"share-twitter\"><a href=\"https:\/\/twitter.com\/share\" class=\"twitter-share-button\" data-url=\"http:\/\/www.emslandkicker.de\/?page_id=965\" data-text=\"Tabelle 1. Kreisklasse Mitte 1970-71\" data-via=\"Emslandkicker\" >Tweet<\/a><\/li><li class=\"share-email\"><a rel=\"nofollow noopener noreferrer\" data-shared=\"\" class=\"share-email sd-button\" href=\"mailto:?subject=%5BGeteilter%20Beitrag%5D%20Tabelle%201.%20Kreisklasse%20Mitte%201970-71&body=http%3A%2F%2Fwww.emslandkicker.de%2F%3Fpage_id%3D965&share=email\" target=\"_blank\" title=\"Click to email a link to a friend\" data-email-share-error-title=\"Do you have email set up?\" data-email-share-error-text=\"If you&#039;re having problems sharing via email, you might not have email set up for your browser. You may need to create a new email yourself.\" data-email-share-nonce=\"100cc108d6\" data-email-share-track-url=\"http:\/\/www.emslandkicker.de\/?page_id=965&amp;share=email\"><span>E-Mail<\/span><\/a><\/li><li class=\"share-print\"><a rel=\"nofollow noopener noreferrer\" data-shared=\"\" class=\"share-print sd-button\" href=\"http:\/\/www.emslandkicker.de\/?page_id=965\" target=\"_blank\" title=\"Klicken zum Ausdrucken\" ><span>Drucken<\/span><\/a><\/li><li class=\"share-end\"><\/li><\/ul><\/div><\/div><\/div>","protected":false},"author":1,"featured_media":203,"parent":592,"menu_order":0,"comment_status":"open","ping_status":"open","template":"","meta":{"footnotes":""},"class_list":["post-965","page","type-page","status-publish","has-post-thumbnail","hentry"],"jetpack_sharing_enabled":true,"jetpack_shortlink":"https:\/\/wp.me\/P5etIj-fz","jetpack-related-posts":[{"id":592,"url":"http:\/\/www.emslandkicker.de\/?page_id=592","url_meta":{"origin":965,"position":0},"title":"Meister 1. Kreisklasse bis 1995","date":"12. November 2014","format":false,"excerpt":"1.KK 1968-69 Tab. Info Nord Mitte VfL Herzlake S\u00fcd 1.KK 1969-70 Tab. Info Nord Mitte Germ. Twist S\u00fcd 1.KK 1970-71 Tab. Info Nord Mitte Grenzl. Twist S\u00fcd 1.KK 1971-72 Tab. Info Nord Mitte FC Wesuwe S\u00fcd 1.KK 1972-73 Tab. Info Nord Mitte Conc Sch\u00f6ninghsdorf S\u00fcd 1.KK 1973-74 Tab. Info Nord\u2026","rel":"","context":"Similar post","img":{"alt_text":"","src":"","width":0,"height":0},"classes":[]},{"id":516,"url":"http:\/\/www.emslandkicker.de\/?page_id=516","url_meta":{"origin":965,"position":1},"title":"Tabelle 2. Kreisklasse Mitte 1982-83","date":"10. November 2014","format":false,"excerpt":"2. Kreisklasse Mitte 1982-83 Pl. Verein Sp Tore Diff Pkt. 1. Sigiltra S\u00f6gel 2 30 94 : 40 54 46 : 14 2. SV Lotten 30 97 : 52 45 44 : 16 3. FC Bockholte 2 30 80 : 39 41 41 : 19 4. Eintr. B\u00f6rger 30 86\u2026","rel":"","context":"Similar post","img":{"alt_text":"","src":"","width":0,"height":0},"classes":[]},{"id":969,"url":"http:\/\/www.emslandkicker.de\/?page_id=969","url_meta":{"origin":965,"position":2},"title":"Tabelle 1. Kreisklasse Mitte 1968-69","date":"9. Dezember 2014","format":false,"excerpt":"1. Kreisklasse Mitte 1968-69 Pl. Verein Sp S U N Tore Diff Pkt. 1. VfL Herzlake 30 25 2 3 95 : 26 69 52 : 8 2. SV Dalum 30 24 3 3 108 : 36 72 51 : 9 3. Grenzl. Twist 30 19 6 5 91 :\u2026","rel":"","context":"Similar post","img":{"alt_text":"","src":"","width":0,"height":0},"classes":[]},{"id":882,"url":"http:\/\/www.emslandkicker.de\/?page_id=882","url_meta":{"origin":965,"position":3},"title":"SV Dalum &#8211; Ligachronik","date":"3. Dezember 2014","format":false,"excerpt":"Verein Saison Liga Platz Tab. Info SV Dalum 1950-51 Kreisliga 3. SV Dalum 1951-52 Kreisliga 1. SV Dalum 1952-53 Bezirksklasse 6. SV Dalum 1953-54 Bezirksklasse 11. SV Dalum 1954-55 Bezirksklasse 5. SV Dalum 1955-56 Bezirksklasse 7. SV Dalum 1956-57 Bezirksklasse 10. SV Dalum 1957-58 Bezirksklasse 15. SV Dalum 1958-59 1.\u2026","rel":"","context":"Similar post","img":{"alt_text":"","src":"","width":0,"height":0},"classes":[]},{"id":505,"url":"http:\/\/www.emslandkicker.de\/?page_id=505","url_meta":{"origin":965,"position":4},"title":"Tabelle 2. Kreisklasse Mitte B 1979-80","date":"10. November 2014","format":false,"excerpt":"2. Kreisklasse Mitte B 1979-80 Pl. Verein Sp Tore Diff Pkt. 1. Conc. Schleper 24 98 : 27 71 41 : 7 2. SC Apeldorn * 24 87 : 24 63 36 : 12 3. SV Teglingen 2 24 80 : 37 43 34 : 14 4. SC Osterbrock 2\u2026","rel":"","context":"Similar post","img":{"alt_text":"","src":"","width":0,"height":0},"classes":[]},{"id":760,"url":"http:\/\/www.emslandkicker.de\/?page_id=760","url_meta":{"origin":965,"position":5},"title":"Tabelle Bezirksklasse Mitte 1970-71","date":"25. November 2014","format":false,"excerpt":"Bezirksklasse Mitte 1970-71 Pl. Verein Sp Tore Diff. Pkt. 1. TuS Lingen 30 83 : 28 55 51 : 9 2. Conc. Belm-P. 30 77 : 36 41 44 : 16 3. FC Leschede 30 66 : 45 21 37 : 23 4. ASV Altenlingen 30 49 : 42 7\u2026","rel":"","context":"Similar post","img":{"alt_text":"","src":"","width":0,"height":0},"classes":[]}],"jetpack_likes_enabled":true,"_links":{"self":[{"href":"http:\/\/www.emslandkicker.de\/index.php?rest_route=\/wp\/v2\/pages\/965","targetHints":{"allow":["GET"]}}],"collection":[{"href":"http:\/\/www.emslandkicker.de\/index.php?rest_route=\/wp\/v2\/pages"}],"about":[{"href":"http:\/\/www.emslandkicker.de\/index.php?rest_route=\/wp\/v2\/types\/page"}],"author":[{"embeddable":true,"href":"http:\/\/www.emslandkicker.de\/index.php?rest_route=\/wp\/v2\/users\/1"}],"replies":[{"embeddable":true,"href":"http:\/\/www.emslandkicker.de\/index.php?rest_route=%2Fwp%2Fv2%2Fcomments&post=965"}],"version-history":[{"count":0,"href":"http:\/\/www.emslandkicker.de\/index.php?rest_route=\/wp\/v2\/pages\/965\/revisions"}],"up":[{"embeddable":true,"href":"http:\/\/www.emslandkicker.de\/index.php?rest_route=\/wp\/v2\/pages\/592"}],"wp:featuredmedia":[{"embeddable":true,"href":"http:\/\/www.emslandkicker.de\/index.php?rest_route=\/wp\/v2\/media\/203"}],"wp:attachment":[{"href":"http:\/\/www.emslandkicker.de\/index.php?rest_route=%2Fwp%2Fv2%2Fmedia&parent=965"}],"curies":[{"name":"wp","href":"https:\/\/api.w.org\/{rel}","templated":true}]}}