{"id":969,"date":"2014-12-09T20:32:24","date_gmt":"2014-12-09T18:32:24","guid":{"rendered":"http:\/\/www.emslandkicker.de\/?page_id=969"},"modified":"2014-12-09T20:43:14","modified_gmt":"2014-12-09T18:43:14","slug":"tabelle-1-kreisklasse-mitte-1968-69","status":"publish","type":"page","link":"http:\/\/www.emslandkicker.de\/?page_id=969","title":{"rendered":"Tabelle 1. Kreisklasse Mitte 1968-69"},"content":{"rendered":"<div class=\"pdfprnt-buttons pdfprnt-buttons-page pdfprnt-top-right\"><a href=\"http:\/\/www.emslandkicker.de\/index.php?rest_route=%2Fwp%2Fv2%2Fpages%2F969&print=pdf\" class=\"pdfprnt-button pdfprnt-button-pdf\" target=\"_blank\"><img decoding=\"async\" src=\"https:\/\/i0.wp.com\/www.emslandkicker.de\/wp-content\/plugins\/pdf-print\/images\/pdf.png?w=610\" alt=\"image_pdf\" title=\"View PDF\" data-recalc-dims=\"1\" \/><\/a><a href=\"http:\/\/www.emslandkicker.de\/index.php?rest_route=%2Fwp%2Fv2%2Fpages%2F969&print=print\" class=\"pdfprnt-button pdfprnt-button-print\" target=\"_blank\"><img decoding=\"async\" src=\"https:\/\/i0.wp.com\/www.emslandkicker.de\/wp-content\/plugins\/pdf-print\/images\/print.png?w=610\" alt=\"image_print\" title=\"Print Content\" data-recalc-dims=\"1\" \/><\/a><\/div><table cellspacing=\"5\" cellpadding=\"0\">\n<tbody>\n<tr>\n<td colspan=\"13\" width=\"397\"><strong>1. Kreisklasse Mitte 1968-69<\/strong><\/td>\n<\/tr>\n<tr>\n<td><strong>Pl.<\/strong><\/td>\n<td><strong>Verein<\/strong><\/td>\n<td><strong>Sp<\/strong><\/td>\n<td><strong>S<\/strong><\/td>\n<td><strong>U<\/strong><\/td>\n<td><strong>N<\/strong><\/td>\n<td colspan=\"3\"><strong>Tore<\/strong><\/td>\n<td><strong>Diff<\/strong><\/td>\n<td colspan=\"3\"><strong>Pkt.<\/strong><\/td>\n<\/tr>\n<tr>\n<td bgcolor=\"#66ff33\">1.<\/td>\n<td bgcolor=\"#66ff33\">VfL Herzlake<\/td>\n<td bgcolor=\"#66ff33\">30<\/td>\n<td bgcolor=\"#66ff33\">25<\/td>\n<td bgcolor=\"#66ff33\">2<\/td>\n<td bgcolor=\"#66ff33\">3<\/td>\n<td align=\"right\" bgcolor=\"#66ff33\">95<\/td>\n<td bgcolor=\"#66ff33\">:<\/td>\n<td align=\"right\" bgcolor=\"#66ff33\">26<\/td>\n<td align=\"right\" bgcolor=\"#66ff33\">69<\/td>\n<td align=\"right\" bgcolor=\"#66ff33\">52<\/td>\n<td bgcolor=\"#66ff33\">:<\/td>\n<td align=\"right\" bgcolor=\"#66ff33\">8<\/td>\n<\/tr>\n<tr>\n<td>2.<\/td>\n<td>SV Dalum<\/td>\n<td>30<\/td>\n<td>24<\/td>\n<td>3<\/td>\n<td>3<\/td>\n<td align=\"right\">108<\/td>\n<td>:<\/td>\n<td align=\"right\">36<\/td>\n<td align=\"right\">72<\/td>\n<td align=\"right\">51<\/td>\n<td>:<\/td>\n<td align=\"right\">9<\/td>\n<\/tr>\n<tr>\n<td>3.<\/td>\n<td>Grenzl. Twist<\/td>\n<td>30<\/td>\n<td>19<\/td>\n<td>6<\/td>\n<td>5<\/td>\n<td align=\"right\">91<\/td>\n<td>:<\/td>\n<td align=\"right\">44<\/td>\n<td align=\"right\">47<\/td>\n<td align=\"right\">44<\/td>\n<td>:<\/td>\n<td align=\"right\">16<\/td>\n<\/tr>\n<tr>\n<td>4.<\/td>\n<td>Eintr. Ber\u00dfen<\/td>\n<td>30<\/td>\n<td>19<\/td>\n<td>4<\/td>\n<td>7<\/td>\n<td align=\"right\">88<\/td>\n<td>:<\/td>\n<td align=\"right\">62<\/td>\n<td align=\"right\">26<\/td>\n<td align=\"right\">42<\/td>\n<td>:<\/td>\n<td align=\"right\">18<\/td>\n<\/tr>\n<tr>\n<td>5.<\/td>\n<td>TuS Haren<\/td>\n<td>30<\/td>\n<td>17<\/td>\n<td>5<\/td>\n<td>8<\/td>\n<td align=\"right\">67<\/td>\n<td>:<\/td>\n<td align=\"right\">35<\/td>\n<td align=\"right\">32<\/td>\n<td align=\"right\">39<\/td>\n<td>:<\/td>\n<td align=\"right\">21<\/td>\n<\/tr>\n<tr>\n<td>6.<\/td>\n<td>Germ. Twist (N)<\/td>\n<td>30<\/td>\n<td>14<\/td>\n<td>7<\/td>\n<td>9<\/td>\n<td align=\"right\">61<\/td>\n<td>:<\/td>\n<td align=\"right\">66<\/td>\n<td align=\"right\">-5<\/td>\n<td align=\"right\">35<\/td>\n<td>:<\/td>\n<td align=\"right\">25<\/td>\n<\/tr>\n<tr>\n<td>7.<\/td>\n<td>FC Fullen<\/td>\n<td>30<\/td>\n<td>15<\/td>\n<td>3<\/td>\n<td>12<\/td>\n<td align=\"right\">87<\/td>\n<td>:<\/td>\n<td align=\"right\">71<\/td>\n<td align=\"right\">16<\/td>\n<td align=\"right\">33<\/td>\n<td>:<\/td>\n<td align=\"right\">27<\/td>\n<\/tr>\n<tr>\n<td>8.<\/td>\n<td>GW Lehrte<\/td>\n<td>30<\/td>\n<td>12<\/td>\n<td>6<\/td>\n<td>12<\/td>\n<td align=\"right\">54<\/td>\n<td>:<\/td>\n<td align=\"right\">61<\/td>\n<td align=\"right\">-7<\/td>\n<td align=\"right\">30<\/td>\n<td>:<\/td>\n<td align=\"right\">30<\/td>\n<\/tr>\n<tr>\n<td>9.<\/td>\n<td>FC Wesuwe<\/td>\n<td>30<\/td>\n<td>9<\/td>\n<td>7<\/td>\n<td>14<\/td>\n<td align=\"right\">65<\/td>\n<td>:<\/td>\n<td align=\"right\">88<\/td>\n<td align=\"right\">-23<\/td>\n<td align=\"right\">25<\/td>\n<td>:<\/td>\n<td align=\"right\">35<\/td>\n<\/tr>\n<tr>\n<td>10.<\/td>\n<td>Eintr. Emmeln<\/td>\n<td>30<\/td>\n<td>9<\/td>\n<td>7<\/td>\n<td>14<\/td>\n<td align=\"right\">48<\/td>\n<td>:<\/td>\n<td align=\"right\">74<\/td>\n<td align=\"right\">-26<\/td>\n<td align=\"right\">25<\/td>\n<td>:<\/td>\n<td align=\"right\">35<\/td>\n<\/tr>\n<tr>\n<td>11.<\/td>\n<td>SV Gr. Hesepe<\/td>\n<td>30<\/td>\n<td>8<\/td>\n<td>6<\/td>\n<td>16<\/td>\n<td align=\"right\">48<\/td>\n<td>:<\/td>\n<td align=\"right\">69<\/td>\n<td align=\"right\">-21<\/td>\n<td align=\"right\">22<\/td>\n<td>:<\/td>\n<td align=\"right\">38<\/td>\n<\/tr>\n<tr>\n<td>12.<\/td>\n<td>SV Dohren<\/td>\n<td>30<\/td>\n<td>8<\/td>\n<td>5<\/td>\n<td>17<\/td>\n<td align=\"right\">68<\/td>\n<td>:<\/td>\n<td align=\"right\">86<\/td>\n<td align=\"right\">-18<\/td>\n<td align=\"right\">21<\/td>\n<td>:<\/td>\n<td align=\"right\">39<\/td>\n<\/tr>\n<tr>\n<td>13.<\/td>\n<td>SC Osterbrock<\/td>\n<td>30<\/td>\n<td>8<\/td>\n<td>3<\/td>\n<td>19<\/td>\n<td align=\"right\">39<\/td>\n<td>:<\/td>\n<td align=\"right\">78<\/td>\n<td align=\"right\">-39<\/td>\n<td align=\"right\">19<\/td>\n<td>:<\/td>\n<td align=\"right\">41<\/td>\n<\/tr>\n<tr>\n<td>14.<\/td>\n<td>SV Holte (A)<\/td>\n<td>30<\/td>\n<td>7<\/td>\n<td>4<\/td>\n<td>19<\/td>\n<td align=\"right\">41<\/td>\n<td>:<\/td>\n<td align=\"right\">64<\/td>\n<td align=\"right\">-23<\/td>\n<td align=\"right\">18<\/td>\n<td>:<\/td>\n<td align=\"right\">42<\/td>\n<\/tr>\n<tr>\n<td>15.<\/td>\n<td>Hasel\u00fcnner SV 2<\/td>\n<td>30<\/td>\n<td>5<\/td>\n<td>4<\/td>\n<td>21<\/td>\n<td align=\"right\">34<\/td>\n<td>:<\/td>\n<td align=\"right\">86<\/td>\n<td align=\"right\">-52<\/td>\n<td align=\"right\">14<\/td>\n<td>:<\/td>\n<td align=\"right\">46<\/td>\n<\/tr>\n<tr>\n<td bgcolor=\"#ff9999\">16.<\/td>\n<td bgcolor=\"#ff9999\">DJK Tinnen (N)<\/td>\n<td bgcolor=\"#ff9999\">30<\/td>\n<td bgcolor=\"#ff9999\">2<\/td>\n<td bgcolor=\"#ff9999\">6<\/td>\n<td bgcolor=\"#ff9999\">22<\/td>\n<td align=\"right\" bgcolor=\"#ff9999\">54<\/td>\n<td bgcolor=\"#ff9999\">:<\/td>\n<td align=\"right\" bgcolor=\"#ff9999\">98<\/td>\n<td align=\"right\" bgcolor=\"#ff9999\">-44<\/td>\n<td align=\"right\" bgcolor=\"#ff9999\">10<\/td>\n<td bgcolor=\"#ff9999\">:<\/td>\n<td align=\"right\" bgcolor=\"#ff9999\">50<\/td>\n<\/tr>\n<\/tbody>\n<\/table>\n<p>&nbsp;<\/p>\n<div class=\"sharedaddy sd-sharing-enabled\"><div class=\"robots-nocontent sd-block sd-social sd-social-official sd-sharing\"><h3 class=\"sd-title\">Teilen mit:<\/h3><div class=\"sd-content\"><ul><li class=\"share-facebook\"><div class=\"fb-share-button\" data-href=\"http:\/\/www.emslandkicker.de\/?page_id=969\" data-layout=\"button_count\"><\/div><\/li><li class=\"share-twitter\"><a href=\"https:\/\/twitter.com\/share\" class=\"twitter-share-button\" data-url=\"http:\/\/www.emslandkicker.de\/?page_id=969\" data-text=\"Tabelle 1. Kreisklasse Mitte 1968-69\" data-via=\"Emslandkicker\" >Tweet<\/a><\/li><li class=\"share-email\"><a rel=\"nofollow noopener noreferrer\" data-shared=\"\" class=\"share-email sd-button\" href=\"mailto:?subject=%5BGeteilter%20Beitrag%5D%20Tabelle%201.%20Kreisklasse%20Mitte%201968-69&body=http%3A%2F%2Fwww.emslandkicker.de%2F%3Fpage_id%3D969&share=email\" target=\"_blank\" title=\"Click to email a link to a friend\" data-email-share-error-title=\"Do you have email set up?\" data-email-share-error-text=\"If you&#039;re having problems sharing via email, you might not have email set up for your browser. You may need to create a new email yourself.\" data-email-share-nonce=\"550d56b656\" data-email-share-track-url=\"http:\/\/www.emslandkicker.de\/?page_id=969&amp;share=email\"><span>E-Mail<\/span><\/a><\/li><li class=\"share-print\"><a rel=\"nofollow noopener noreferrer\" data-shared=\"\" class=\"share-print sd-button\" href=\"http:\/\/www.emslandkicker.de\/?page_id=969\" target=\"_blank\" title=\"Klicken zum Ausdrucken\" ><span>Drucken<\/span><\/a><\/li><li class=\"share-end\"><\/li><\/ul><\/div><\/div><\/div>","protected":false},"excerpt":{"rendered":"<p>1. Kreisklasse Mitte 1968-69 Pl. Verein Sp S U N Tore Diff Pkt. 1. VfL Herzlake 30 25 2 3 95 : 26 69 52 : 8 2. SV Dalum 30 24 3 3 108 : 36 72 51 : 9 3. Grenzl. Twist 30 19 6 5 91 : 44 47 44 : 16 [&hellip;]<\/p>\n<div class=\"sharedaddy sd-sharing-enabled\"><div class=\"robots-nocontent sd-block sd-social sd-social-official sd-sharing\"><h3 class=\"sd-title\">Teilen mit:<\/h3><div class=\"sd-content\"><ul><li class=\"share-facebook\"><div class=\"fb-share-button\" data-href=\"http:\/\/www.emslandkicker.de\/?page_id=969\" data-layout=\"button_count\"><\/div><\/li><li class=\"share-twitter\"><a href=\"https:\/\/twitter.com\/share\" class=\"twitter-share-button\" data-url=\"http:\/\/www.emslandkicker.de\/?page_id=969\" data-text=\"Tabelle 1. Kreisklasse Mitte 1968-69\" data-via=\"Emslandkicker\" >Tweet<\/a><\/li><li class=\"share-email\"><a rel=\"nofollow noopener noreferrer\" data-shared=\"\" class=\"share-email sd-button\" href=\"mailto:?subject=%5BGeteilter%20Beitrag%5D%20Tabelle%201.%20Kreisklasse%20Mitte%201968-69&body=http%3A%2F%2Fwww.emslandkicker.de%2F%3Fpage_id%3D969&share=email\" target=\"_blank\" title=\"Click to email a link to a friend\" data-email-share-error-title=\"Do you have email set up?\" data-email-share-error-text=\"If you&#039;re having problems sharing via email, you might not have email set up for your browser. You may need to create a new email yourself.\" data-email-share-nonce=\"550d56b656\" data-email-share-track-url=\"http:\/\/www.emslandkicker.de\/?page_id=969&amp;share=email\"><span>E-Mail<\/span><\/a><\/li><li class=\"share-print\"><a rel=\"nofollow noopener noreferrer\" data-shared=\"\" class=\"share-print sd-button\" href=\"http:\/\/www.emslandkicker.de\/?page_id=969\" target=\"_blank\" title=\"Klicken zum Ausdrucken\" ><span>Drucken<\/span><\/a><\/li><li class=\"share-end\"><\/li><\/ul><\/div><\/div><\/div>","protected":false},"author":1,"featured_media":203,"parent":592,"menu_order":0,"comment_status":"open","ping_status":"open","template":"","meta":{"footnotes":""},"class_list":["post-969","page","type-page","status-publish","has-post-thumbnail","hentry"],"jetpack_sharing_enabled":true,"jetpack_shortlink":"https:\/\/wp.me\/P5etIj-fD","jetpack-related-posts":[{"id":812,"url":"http:\/\/www.emslandkicker.de\/?page_id=812","url_meta":{"origin":969,"position":0},"title":"Tabelle 1. Kreisklasse Mitte 1972-73","date":"28. November 2014","format":false,"excerpt":"1. Kreisklasse Mitte 1972-73 - Die Tabelle ist leider unvollst\u00e4ndig... Pl. Verein Sp Tore Diff Pkt. 1. Conc. Sch\u00f6ninghsdorf 27 19 5 3 73 : 25 48 43 : 11 2. Spvg. Ahmsen-V. 24 16 3 5 69 : 29 40 35 : 13 3. VfL Emslage 27 13 9\u2026","rel":"","context":"Similar post","img":{"alt_text":"","src":"","width":0,"height":0},"classes":[]},{"id":500,"url":"http:\/\/www.emslandkicker.de\/?page_id=500","url_meta":{"origin":969,"position":1},"title":"Tabelle 1. Kreisklasse Mitte 1979-80","date":"10. November 2014","format":false,"excerpt":"1. Kreisklasse Mitte 1979-80 Pl. Verein Sp Tore Diff Pkt. 1. Spvg. Ahmsen-V. 30 102 : 58 44 41 : 19 2. SG L\u00e4hden 30 80 : 46 34 38 : 22 3. Union Meppen 2 30 53 : 46 7 38 : 22 4. Grenzl. Twist 2 30 54\u2026","rel":"","context":"Similar post","img":{"alt_text":"","src":"","width":0,"height":0},"classes":[]},{"id":445,"url":"http:\/\/www.emslandkicker.de\/?page_id=445","url_meta":{"origin":969,"position":2},"title":"Tabellen 2. Kreisklassen 1960-61","date":"7. November 2014","format":false,"excerpt":"2. Kreisklasse Meppen Ost 1960-61 Pl. Verein Tore Diff Pkt. 1. SV Stavern * 71 : 19 52 35 : 5 2. SV Dohren 56 : 47 9 35 : 6 3. SV Wachtum 59 : 67 -8 28 : 12 4. Conc.\u00a0Schleper 27 69 -42 21 19 5. SV\u2026","rel":"","context":"Similar post","img":{"alt_text":"","src":"","width":0,"height":0},"classes":[]},{"id":815,"url":"http:\/\/www.emslandkicker.de\/?page_id=815","url_meta":{"origin":969,"position":3},"title":"Tabelle 1. Kreisklasse Mitte 1975-76","date":"28. November 2014","format":false,"excerpt":"1. Kreisklasse Mitte 1975-76 Pl. Verein Sp Tore Diff Pkt. 1. FC Wesuwe 32 99 : 33 66 52 : 12 2. VfL Emslage 32 63 : 28 35 43 : 21 3. Germ. Twist 32 59 : 47 12 42 : 22 4. SV Dalum 32 72 : 41\u2026","rel":"","context":"Similar post","img":{"alt_text":"","src":"","width":0,"height":0},"classes":[]},{"id":505,"url":"http:\/\/www.emslandkicker.de\/?page_id=505","url_meta":{"origin":969,"position":4},"title":"Tabelle 2. Kreisklasse Mitte B 1979-80","date":"10. November 2014","format":false,"excerpt":"2. Kreisklasse Mitte B 1979-80 Pl. Verein Sp Tore Diff Pkt. 1. Conc. Schleper 24 98 : 27 71 41 : 7 2. SC Apeldorn * 24 87 : 24 63 36 : 12 3. SV Teglingen 2 24 80 : 37 43 34 : 14 4. SC Osterbrock 2\u2026","rel":"","context":"Similar post","img":{"alt_text":"","src":"","width":0,"height":0},"classes":[]},{"id":592,"url":"http:\/\/www.emslandkicker.de\/?page_id=592","url_meta":{"origin":969,"position":5},"title":"Meister 1. Kreisklasse bis 1995","date":"12. November 2014","format":false,"excerpt":"1.KK 1968-69 Tab. Info Nord Mitte VfL Herzlake S\u00fcd 1.KK 1969-70 Tab. Info Nord Mitte Germ. Twist S\u00fcd 1.KK 1970-71 Tab. Info Nord Mitte Grenzl. Twist S\u00fcd 1.KK 1971-72 Tab. Info Nord Mitte FC Wesuwe S\u00fcd 1.KK 1972-73 Tab. Info Nord Mitte Conc Sch\u00f6ninghsdorf S\u00fcd 1.KK 1973-74 Tab. Info Nord\u2026","rel":"","context":"Similar post","img":{"alt_text":"","src":"","width":0,"height":0},"classes":[]}],"jetpack_likes_enabled":true,"_links":{"self":[{"href":"http:\/\/www.emslandkicker.de\/index.php?rest_route=\/wp\/v2\/pages\/969","targetHints":{"allow":["GET"]}}],"collection":[{"href":"http:\/\/www.emslandkicker.de\/index.php?rest_route=\/wp\/v2\/pages"}],"about":[{"href":"http:\/\/www.emslandkicker.de\/index.php?rest_route=\/wp\/v2\/types\/page"}],"author":[{"embeddable":true,"href":"http:\/\/www.emslandkicker.de\/index.php?rest_route=\/wp\/v2\/users\/1"}],"replies":[{"embeddable":true,"href":"http:\/\/www.emslandkicker.de\/index.php?rest_route=%2Fwp%2Fv2%2Fcomments&post=969"}],"version-history":[{"count":0,"href":"http:\/\/www.emslandkicker.de\/index.php?rest_route=\/wp\/v2\/pages\/969\/revisions"}],"up":[{"embeddable":true,"href":"http:\/\/www.emslandkicker.de\/index.php?rest_route=\/wp\/v2\/pages\/592"}],"wp:featuredmedia":[{"embeddable":true,"href":"http:\/\/www.emslandkicker.de\/index.php?rest_route=\/wp\/v2\/media\/203"}],"wp:attachment":[{"href":"http:\/\/www.emslandkicker.de\/index.php?rest_route=%2Fwp%2Fv2%2Fmedia&parent=969"}],"curies":[{"name":"wp","href":"https:\/\/api.w.org\/{rel}","templated":true}]}}